{"id":99881,"date":"2025-02-15T16:13:12","date_gmt":"2025-02-15T14:13:12","guid":{"rendered":"https:\/\/www.outdoors.ee\/?post_type=product&#038;p=99881"},"modified":"2025-10-09T16:43:17","modified_gmt":"2025-10-09T13:43:17","slug":"talvejope-stryker-waterproof-winter-jacket","status":"publish","type":"product","link":"https:\/\/www.outdoors.ee\/et\/toode\/talvejope-stryker-waterproof-winter-jacket\/","title":{"rendered":"Highlander\u00ae talvejope STRYKER Waterproof Winter Jacket"},"content":{"rendered":"<p data-start=\"0\" data-end=\"244\">Stryker on erakordne vetth\u00fclgav, tuulekindel ja soojustatud taktikaline jope. Valmistatud veekindla ja hingavast AB-Tex membraaniga, t\u00e4ielikult teibitud \u00f5mbluste ja veekindlate lukkudega, pakub see jakk suurep\u00e4rast kaitset v\u00e4litingimustes. See sobib ka k\u00fclma ilma tingimustesse, kuna Strykeril on soojustatud vooder, fliisvoodriga reguleeritav krae ning venivad mansetid, mis aitavad soojust s\u00e4ilitada. Mitmek\u00fclgse ning samas diskreetse disainiga, sobib see jope kasutamiseks linna tingimustes.<\/p>\n<p>P\u00dcSI KUIV &#8211; Veekindel (kuni 8000mm) kangas, veekindel t\u00f5mblukk ning reguleeritav kapuuts hoiavad niiskuse eemal<\/p>\n<p>S\u00c4ILITA SOOJUST &#8211; Soojustatud vooder s\u00e4ilitab kehasoojuse, sellele aitavad kaasa venivad mansetid ning all\u00e4\u00e4r<\/p>\n<p>MITMEK\u00dcLGSUS &#8211; Palju erineva suurusega taskuid, takjapaneel ning diskreetne v\u00e4ljan\u00e4gemine annavad v\u00f5imaluse kasutada jopet nii v\u00e4li- kui tsiviiltingimustes<\/p>\n<p><strong>Omadused:<\/strong><\/p>\n<ul>\n<li>palju erinevaid taskuid<\/li>\n<li>kerge ning kompaktne<\/li>\n<li>kraesse peidetav, soojustatud kapuuts<\/li>\n<li>vastupidav tuulekindel nailonist pealne<\/li>\n<li>tugevdused k\u00f5rge kulumisastmega kohtades<\/li>\n<li>soe, termofliisist sisevooder<\/li>\n<li>takjapaelaga reguleeritavad mansetid<\/li>\n<li>veekindel, kahesuunaline t\u00f5mblukk tormklapi ning l\u00f5uakaitsmega<\/li>\n<li>kaal ca 1000g<\/li>\n<li>materjal: Sise: 290T Taffeta 100% pol\u00fcester, v\u00e4lis: Nylon taslon \/ TPU film<\/li>\n<\/ul>\n<p><strong>Seisukord:<\/strong> uus<\/p>\n","protected":false},"excerpt":{"rendered":"<p>Stryker on erakordne vetth\u00fclgav, tuulekindel ja soojustatud taktikaline jope. Valmistatud veekindla ja hingavast AB-Tex membraaniga, t\u00e4ielikult teibitud \u00f5mbluste ja veekindlate<\/p>\n","protected":false},"featured_media":99870,"template":"","meta":[],"product_brand":[],"product_cat":[101],"product_tag":[],"class_list":{"0":"post-99881","1":"product","2":"type-product","3":"status-publish","4":"has-post-thumbnail","6":"product_cat-joped-parkad","7":"pa_brand-highlander-2","8":"pa_color-coyote-2","9":"pa_color-olive-2","10":"pa_color-ranger-green-2","11":"pa_size-l-2","12":"pa_size-m-2","13":"pa_size-xl-2","15":"first","16":"instock","17":"taxable","18":"shipping-taxable","19":"purchasable","20":"product-type-variable"},"yoast_head":"<!-- This site is optimized with the Yoast SEO plugin v27.2 - https:\/\/yoast.com\/product\/yoast-seo-wordpress\/ -->\n<title>Highlander\u00ae talvejope STRYKER Waterproof Winter Jacket - Outdoors<\/title>\n<meta name=\"robots\" content=\"index, follow, max-snippet:-1, max-image-preview:large, max-video-preview:-1\" \/>\n<link rel=\"canonical\" href=\"https:\/\/www.outdoors.ee\/et\/toode\/talvejope-stryker-waterproof-winter-jacket\/\" \/>\n<meta property=\"og:locale\" content=\"et_EE\" \/>\n<meta property=\"og:type\" content=\"article\" \/>\n<meta property=\"og:title\" content=\"Highlander\u00ae talvejope STRYKER Waterproof Winter Jacket - Outdoors\" \/>\n<meta property=\"og:description\" content=\"Stryker on erakordne vetth\u00fclgav, tuulekindel ja soojustatud taktikaline jope. Valmistatud veekindla ja hingavast AB-Tex membraaniga, t\u00e4ielikult teibitud \u00f5mbluste ja veekindlate\" \/>\n<meta property=\"og:url\" content=\"https:\/\/www.outdoors.ee\/et\/toode\/talvejope-stryker-waterproof-winter-jacket\/\" \/>\n<meta property=\"og:site_name\" content=\"Outdoors\" \/>\n<meta property=\"article:modified_time\" content=\"2025-10-09T13:43:17+00:00\" \/>\n<meta property=\"og:image\" content=\"https:\/\/www.outdoors.ee\/wp-content\/uploads\/2025\/02\/Highlander\u00ae-Stryker-Waterproof-Winter-Jacket-1.jpg\" \/>\n\t<meta property=\"og:image:width\" content=\"2500\" \/>\n\t<meta property=\"og:image:height\" content=\"2500\" \/>\n\t<meta property=\"og:image:type\" content=\"image\/jpeg\" \/>\n<meta name=\"twitter:card\" content=\"summary_large_image\" \/>\n<meta name=\"twitter:label1\" content=\"Est. reading time\" \/>\n\t<meta name=\"twitter:data1\" content=\"1 minut\" \/>\n<script type=\"application\/ld+json\" class=\"yoast-schema-graph\">{\"@context\":\"https:\/\/schema.org\",\"@graph\":[{\"@type\":\"WebPage\",\"@id\":\"https:\/\/www.outdoors.ee\/et\/toode\/talvejope-stryker-waterproof-winter-jacket\/\",\"url\":\"https:\/\/www.outdoors.ee\/et\/toode\/talvejope-stryker-waterproof-winter-jacket\/\",\"name\":\"Highlander\u00ae talvejope STRYKER Waterproof Winter Jacket - Outdoors\",\"isPartOf\":{\"@id\":\"https:\/\/www.outdoors.ee\/#website\"},\"primaryImageOfPage\":{\"@id\":\"https:\/\/www.outdoors.ee\/et\/toode\/talvejope-stryker-waterproof-winter-jacket\/#primaryimage\"},\"image\":{\"@id\":\"https:\/\/www.outdoors.ee\/et\/toode\/talvejope-stryker-waterproof-winter-jacket\/#primaryimage\"},\"thumbnailUrl\":\"https:\/\/www.outdoors.ee\/wp-content\/uploads\/2025\/02\/Highlander\u00ae-Stryker-Waterproof-Winter-Jacket-1.jpg\",\"datePublished\":\"2025-02-15T14:13:12+00:00\",\"dateModified\":\"2025-10-09T13:43:17+00:00\",\"breadcrumb\":{\"@id\":\"https:\/\/www.outdoors.ee\/et\/toode\/talvejope-stryker-waterproof-winter-jacket\/#breadcrumb\"},\"inLanguage\":\"et\",\"potentialAction\":[{\"@type\":\"ReadAction\",\"target\":[\"https:\/\/www.outdoors.ee\/et\/toode\/talvejope-stryker-waterproof-winter-jacket\/\"]}]},{\"@type\":\"ImageObject\",\"inLanguage\":\"et\",\"@id\":\"https:\/\/www.outdoors.ee\/et\/toode\/talvejope-stryker-waterproof-winter-jacket\/#primaryimage\",\"url\":\"https:\/\/www.outdoors.ee\/wp-content\/uploads\/2025\/02\/Highlander\u00ae-Stryker-Waterproof-Winter-Jacket-1.jpg\",\"contentUrl\":\"https:\/\/www.outdoors.ee\/wp-content\/uploads\/2025\/02\/Highlander\u00ae-Stryker-Waterproof-Winter-Jacket-1.jpg\",\"width\":2500,\"height\":2500},{\"@type\":\"BreadcrumbList\",\"@id\":\"https:\/\/www.outdoors.ee\/et\/toode\/talvejope-stryker-waterproof-winter-jacket\/#breadcrumb\",\"itemListElement\":[{\"@type\":\"ListItem\",\"position\":1,\"name\":\"Home\",\"item\":\"https:\/\/www.outdoors.ee\/et\/\"},{\"@type\":\"ListItem\",\"position\":2,\"name\":\"Tooted\",\"item\":\"https:\/\/www.outdoors.ee\/products\/\"},{\"@type\":\"ListItem\",\"position\":3,\"name\":\"Highlander\u00ae talvejope STRYKER Waterproof Winter Jacket\"}]},{\"@type\":\"WebSite\",\"@id\":\"https:\/\/www.outdoors.ee\/#website\",\"url\":\"https:\/\/www.outdoors.ee\/\",\"name\":\"Outdoors\",\"description\":\"Genuine military surplus and not only!\",\"potentialAction\":[{\"@type\":\"SearchAction\",\"target\":{\"@type\":\"EntryPoint\",\"urlTemplate\":\"https:\/\/www.outdoors.ee\/?s={search_term_string}\"},\"query-input\":{\"@type\":\"PropertyValueSpecification\",\"valueRequired\":true,\"valueName\":\"search_term_string\"}}],\"inLanguage\":\"et\"}]}<\/script>\n<!-- \/ Yoast SEO plugin. -->","yoast_head_json":{"title":"Highlander\u00ae talvejope STRYKER Waterproof Winter Jacket - Outdoors","robots":{"index":"index","follow":"follow","max-snippet":"max-snippet:-1","max-image-preview":"max-image-preview:large","max-video-preview":"max-video-preview:-1"},"canonical":"https:\/\/www.outdoors.ee\/et\/toode\/talvejope-stryker-waterproof-winter-jacket\/","og_locale":"et_EE","og_type":"article","og_title":"Highlander\u00ae talvejope STRYKER Waterproof Winter Jacket - Outdoors","og_description":"Stryker on erakordne vetth\u00fclgav, tuulekindel ja soojustatud taktikaline jope. Valmistatud veekindla ja hingavast AB-Tex membraaniga, t\u00e4ielikult teibitud \u00f5mbluste ja veekindlate","og_url":"https:\/\/www.outdoors.ee\/et\/toode\/talvejope-stryker-waterproof-winter-jacket\/","og_site_name":"Outdoors","article_modified_time":"2025-10-09T13:43:17+00:00","og_image":[{"width":2500,"height":2500,"url":"https:\/\/www.outdoors.ee\/wp-content\/uploads\/2025\/02\/Highlander\u00ae-Stryker-Waterproof-Winter-Jacket-1.jpg","type":"image\/jpeg"}],"twitter_card":"summary_large_image","twitter_misc":{"Est. reading time":"1 minut"},"schema":{"@context":"https:\/\/schema.org","@graph":[{"@type":"WebPage","@id":"https:\/\/www.outdoors.ee\/et\/toode\/talvejope-stryker-waterproof-winter-jacket\/","url":"https:\/\/www.outdoors.ee\/et\/toode\/talvejope-stryker-waterproof-winter-jacket\/","name":"Highlander\u00ae talvejope STRYKER Waterproof Winter Jacket - Outdoors","isPartOf":{"@id":"https:\/\/www.outdoors.ee\/#website"},"primaryImageOfPage":{"@id":"https:\/\/www.outdoors.ee\/et\/toode\/talvejope-stryker-waterproof-winter-jacket\/#primaryimage"},"image":{"@id":"https:\/\/www.outdoors.ee\/et\/toode\/talvejope-stryker-waterproof-winter-jacket\/#primaryimage"},"thumbnailUrl":"https:\/\/www.outdoors.ee\/wp-content\/uploads\/2025\/02\/Highlander\u00ae-Stryker-Waterproof-Winter-Jacket-1.jpg","datePublished":"2025-02-15T14:13:12+00:00","dateModified":"2025-10-09T13:43:17+00:00","breadcrumb":{"@id":"https:\/\/www.outdoors.ee\/et\/toode\/talvejope-stryker-waterproof-winter-jacket\/#breadcrumb"},"inLanguage":"et","potentialAction":[{"@type":"ReadAction","target":["https:\/\/www.outdoors.ee\/et\/toode\/talvejope-stryker-waterproof-winter-jacket\/"]}]},{"@type":"ImageObject","inLanguage":"et","@id":"https:\/\/www.outdoors.ee\/et\/toode\/talvejope-stryker-waterproof-winter-jacket\/#primaryimage","url":"https:\/\/www.outdoors.ee\/wp-content\/uploads\/2025\/02\/Highlander\u00ae-Stryker-Waterproof-Winter-Jacket-1.jpg","contentUrl":"https:\/\/www.outdoors.ee\/wp-content\/uploads\/2025\/02\/Highlander\u00ae-Stryker-Waterproof-Winter-Jacket-1.jpg","width":2500,"height":2500},{"@type":"BreadcrumbList","@id":"https:\/\/www.outdoors.ee\/et\/toode\/talvejope-stryker-waterproof-winter-jacket\/#breadcrumb","itemListElement":[{"@type":"ListItem","position":1,"name":"Home","item":"https:\/\/www.outdoors.ee\/et\/"},{"@type":"ListItem","position":2,"name":"Tooted","item":"https:\/\/www.outdoors.ee\/products\/"},{"@type":"ListItem","position":3,"name":"Highlander\u00ae talvejope STRYKER Waterproof Winter Jacket"}]},{"@type":"WebSite","@id":"https:\/\/www.outdoors.ee\/#website","url":"https:\/\/www.outdoors.ee\/","name":"Outdoors","description":"Genuine military surplus and not only!","potentialAction":[{"@type":"SearchAction","target":{"@type":"EntryPoint","urlTemplate":"https:\/\/www.outdoors.ee\/?s={search_term_string}"},"query-input":{"@type":"PropertyValueSpecification","valueRequired":true,"valueName":"search_term_string"}}],"inLanguage":"et"}]}},"_links":{"self":[{"href":"https:\/\/www.outdoors.ee\/et\/wp-json\/wp\/v2\/product\/99881","targetHints":{"allow":["GET"]}}],"collection":[{"href":"https:\/\/www.outdoors.ee\/et\/wp-json\/wp\/v2\/product"}],"about":[{"href":"https:\/\/www.outdoors.ee\/et\/wp-json\/wp\/v2\/types\/product"}],"wp:featuredmedia":[{"embeddable":true,"href":"https:\/\/www.outdoors.ee\/et\/wp-json\/wp\/v2\/media\/99870"}],"wp:attachment":[{"href":"https:\/\/www.outdoors.ee\/et\/wp-json\/wp\/v2\/media?parent=99881"}],"wp:term":[{"taxonomy":"product_brand","embeddable":true,"href":"https:\/\/www.outdoors.ee\/et\/wp-json\/wp\/v2\/product_brand?post=99881"},{"taxonomy":"product_cat","embeddable":true,"href":"https:\/\/www.outdoors.ee\/et\/wp-json\/wp\/v2\/product_cat?post=99881"},{"taxonomy":"product_tag","embeddable":true,"href":"https:\/\/www.outdoors.ee\/et\/wp-json\/wp\/v2\/product_tag?post=99881"}],"curies":[{"name":"wp","href":"https:\/\/api.w.org\/{rel}","templated":true}]}}