{"id":99833,"date":"2025-02-15T16:10:52","date_gmt":"2025-02-15T14:10:52","guid":{"rendered":"https:\/\/www.outdoors.ee\/?post_type=product&#038;p=99833"},"modified":"2025-10-09T16:32:17","modified_gmt":"2025-10-09T13:32:17","slug":"termojope-rayder-tactical-lightweight-insulated-jacket","status":"publish","type":"product","link":"https:\/\/www.outdoors.ee\/et\/toode\/termojope-rayder-tactical-lightweight-insulated-jacket\/","title":{"rendered":"Highlander\u00ae termojope RAYDER Tactical Lightweight Insulated Jacket"},"content":{"rendered":"<p>Rayder on kerge ning kompaktne soojapidav pealiskiht v\u00f5i talvine vahekiht Tecloft\u00ae soojustusega. Elastne kangas mansettides, kaenlaalustes ja all\u00e4\u00e4res tagab parema soojapidavuse, hingavuse ja liikumisvabaduse. Kaks trikotaa\u017evoodriga k\u00e4etaskut on varustatud YKK\u00ae t\u00f5mblukkudega, et tagada kiire ja turvaline juurdep\u00e4\u00e4s varustusele.<\/p>\n<p><strong>Omadused:<\/strong><\/p>\n<ul>\n<li>Ripstop nailonist pealiskangas ja vooder<\/li>\n<li>veniv Performance-Stretch kangas mansettides, kaenlaalustes ja all\u00e4\u00e4res parema soojapidavuse, hingavuse ja liikumisvabaduse tagamiseks<\/li>\n<li>venivast Performance-Stretch kangast kaenlaalused paneelid parandavad liikuvust ja hingavust<\/li>\n<li>kahesuunaline YKK\u00ae t\u00f5mblukk ees<\/li>\n<li>sisemine rinnatasku t\u00f5mblukuga<\/li>\n<li>trikotaa\u017evoodriga v\u00e4limised taskud<\/li>\n<li>kaal 560g<\/li>\n<li>materjal: 100% Ripstop nailonist pealiskangas ning sisevooder, Tecloft\u00ae soojustus<\/li>\n<\/ul>\n<p><strong>Seisukord:<\/strong> uus<\/p>\n","protected":false},"excerpt":{"rendered":"<p>Rayder on kerge ning kompaktne soojapidav pealiskiht v\u00f5i talvine vahekiht Tecloft\u00ae soojustusega. Elastne kangas mansettides, kaenlaalustes ja all\u00e4\u00e4res tagab parema<\/p>\n","protected":false},"featured_media":99814,"template":"","meta":[],"product_brand":[],"product_cat":[101],"product_tag":[],"class_list":{"0":"post-99833","1":"product","2":"type-product","3":"status-publish","4":"has-post-thumbnail","6":"product_cat-joped-parkad","7":"pa_brand-highlander-2","8":"pa_color-black-2","9":"pa_color-ranger-green-2","10":"pa_size-l-2","11":"pa_size-m-2","12":"pa_size-xl-2","14":"first","15":"instock","16":"taxable","17":"shipping-taxable","18":"purchasable","19":"product-type-variable"},"yoast_head":"<!-- This site is optimized with the Yoast SEO plugin v27.2 - https:\/\/yoast.com\/product\/yoast-seo-wordpress\/ -->\n<title>Highlander\u00ae termojope RAYDER Tactical Lightweight Insulated Jacket - Outdoors<\/title>\n<meta name=\"robots\" content=\"index, follow, max-snippet:-1, max-image-preview:large, max-video-preview:-1\" \/>\n<link rel=\"canonical\" href=\"https:\/\/www.outdoors.ee\/et\/toode\/termojope-rayder-tactical-lightweight-insulated-jacket\/\" \/>\n<meta property=\"og:locale\" content=\"et_EE\" \/>\n<meta property=\"og:type\" content=\"article\" \/>\n<meta property=\"og:title\" content=\"Highlander\u00ae termojope RAYDER Tactical Lightweight Insulated Jacket - Outdoors\" \/>\n<meta property=\"og:description\" content=\"Rayder on kerge ning kompaktne soojapidav pealiskiht v\u00f5i talvine vahekiht Tecloft\u00ae soojustusega. Elastne kangas mansettides, kaenlaalustes ja all\u00e4\u00e4res tagab parema\" \/>\n<meta property=\"og:url\" content=\"https:\/\/www.outdoors.ee\/et\/toode\/termojope-rayder-tactical-lightweight-insulated-jacket\/\" \/>\n<meta property=\"og:site_name\" content=\"Outdoors\" \/>\n<meta property=\"article:modified_time\" content=\"2025-10-09T13:32:17+00:00\" \/>\n<meta property=\"og:image\" content=\"https:\/\/www.outdoors.ee\/wp-content\/uploads\/2025\/02\/Highlander\u00ae-Rayder-Tactical-Lightweight-Insulated-Jacket-1.jpg\" \/>\n\t<meta property=\"og:image:width\" content=\"1500\" \/>\n\t<meta property=\"og:image:height\" content=\"1499\" \/>\n\t<meta property=\"og:image:type\" content=\"image\/jpeg\" \/>\n<meta name=\"twitter:card\" content=\"summary_large_image\" \/>\n<meta name=\"twitter:label1\" content=\"Est. reading time\" \/>\n\t<meta name=\"twitter:data1\" content=\"1 minut\" \/>\n<script type=\"application\/ld+json\" class=\"yoast-schema-graph\">{\"@context\":\"https:\/\/schema.org\",\"@graph\":[{\"@type\":\"WebPage\",\"@id\":\"https:\/\/www.outdoors.ee\/et\/toode\/termojope-rayder-tactical-lightweight-insulated-jacket\/\",\"url\":\"https:\/\/www.outdoors.ee\/et\/toode\/termojope-rayder-tactical-lightweight-insulated-jacket\/\",\"name\":\"Highlander\u00ae termojope RAYDER Tactical Lightweight Insulated Jacket - Outdoors\",\"isPartOf\":{\"@id\":\"https:\/\/www.outdoors.ee\/#website\"},\"primaryImageOfPage\":{\"@id\":\"https:\/\/www.outdoors.ee\/et\/toode\/termojope-rayder-tactical-lightweight-insulated-jacket\/#primaryimage\"},\"image\":{\"@id\":\"https:\/\/www.outdoors.ee\/et\/toode\/termojope-rayder-tactical-lightweight-insulated-jacket\/#primaryimage\"},\"thumbnailUrl\":\"https:\/\/www.outdoors.ee\/wp-content\/uploads\/2025\/02\/Highlander\u00ae-Rayder-Tactical-Lightweight-Insulated-Jacket-1.jpg\",\"datePublished\":\"2025-02-15T14:10:52+00:00\",\"dateModified\":\"2025-10-09T13:32:17+00:00\",\"breadcrumb\":{\"@id\":\"https:\/\/www.outdoors.ee\/et\/toode\/termojope-rayder-tactical-lightweight-insulated-jacket\/#breadcrumb\"},\"inLanguage\":\"et\",\"potentialAction\":[{\"@type\":\"ReadAction\",\"target\":[\"https:\/\/www.outdoors.ee\/et\/toode\/termojope-rayder-tactical-lightweight-insulated-jacket\/\"]}]},{\"@type\":\"ImageObject\",\"inLanguage\":\"et\",\"@id\":\"https:\/\/www.outdoors.ee\/et\/toode\/termojope-rayder-tactical-lightweight-insulated-jacket\/#primaryimage\",\"url\":\"https:\/\/www.outdoors.ee\/wp-content\/uploads\/2025\/02\/Highlander\u00ae-Rayder-Tactical-Lightweight-Insulated-Jacket-1.jpg\",\"contentUrl\":\"https:\/\/www.outdoors.ee\/wp-content\/uploads\/2025\/02\/Highlander\u00ae-Rayder-Tactical-Lightweight-Insulated-Jacket-1.jpg\",\"width\":1500,\"height\":1499},{\"@type\":\"BreadcrumbList\",\"@id\":\"https:\/\/www.outdoors.ee\/et\/toode\/termojope-rayder-tactical-lightweight-insulated-jacket\/#breadcrumb\",\"itemListElement\":[{\"@type\":\"ListItem\",\"position\":1,\"name\":\"Home\",\"item\":\"https:\/\/www.outdoors.ee\/et\/\"},{\"@type\":\"ListItem\",\"position\":2,\"name\":\"Tooted\",\"item\":\"https:\/\/www.outdoors.ee\/products\/\"},{\"@type\":\"ListItem\",\"position\":3,\"name\":\"Highlander\u00ae termojope RAYDER Tactical Lightweight Insulated Jacket\"}]},{\"@type\":\"WebSite\",\"@id\":\"https:\/\/www.outdoors.ee\/#website\",\"url\":\"https:\/\/www.outdoors.ee\/\",\"name\":\"Outdoors\",\"description\":\"Genuine military surplus and not only!\",\"potentialAction\":[{\"@type\":\"SearchAction\",\"target\":{\"@type\":\"EntryPoint\",\"urlTemplate\":\"https:\/\/www.outdoors.ee\/?s={search_term_string}\"},\"query-input\":{\"@type\":\"PropertyValueSpecification\",\"valueRequired\":true,\"valueName\":\"search_term_string\"}}],\"inLanguage\":\"et\"}]}<\/script>\n<!-- \/ Yoast SEO plugin. -->","yoast_head_json":{"title":"Highlander\u00ae termojope RAYDER Tactical Lightweight Insulated Jacket - Outdoors","robots":{"index":"index","follow":"follow","max-snippet":"max-snippet:-1","max-image-preview":"max-image-preview:large","max-video-preview":"max-video-preview:-1"},"canonical":"https:\/\/www.outdoors.ee\/et\/toode\/termojope-rayder-tactical-lightweight-insulated-jacket\/","og_locale":"et_EE","og_type":"article","og_title":"Highlander\u00ae termojope RAYDER Tactical Lightweight Insulated Jacket - Outdoors","og_description":"Rayder on kerge ning kompaktne soojapidav pealiskiht v\u00f5i talvine vahekiht Tecloft\u00ae soojustusega. Elastne kangas mansettides, kaenlaalustes ja all\u00e4\u00e4res tagab parema","og_url":"https:\/\/www.outdoors.ee\/et\/toode\/termojope-rayder-tactical-lightweight-insulated-jacket\/","og_site_name":"Outdoors","article_modified_time":"2025-10-09T13:32:17+00:00","og_image":[{"width":1500,"height":1499,"url":"https:\/\/www.outdoors.ee\/wp-content\/uploads\/2025\/02\/Highlander\u00ae-Rayder-Tactical-Lightweight-Insulated-Jacket-1.jpg","type":"image\/jpeg"}],"twitter_card":"summary_large_image","twitter_misc":{"Est. reading time":"1 minut"},"schema":{"@context":"https:\/\/schema.org","@graph":[{"@type":"WebPage","@id":"https:\/\/www.outdoors.ee\/et\/toode\/termojope-rayder-tactical-lightweight-insulated-jacket\/","url":"https:\/\/www.outdoors.ee\/et\/toode\/termojope-rayder-tactical-lightweight-insulated-jacket\/","name":"Highlander\u00ae termojope RAYDER Tactical Lightweight Insulated Jacket - Outdoors","isPartOf":{"@id":"https:\/\/www.outdoors.ee\/#website"},"primaryImageOfPage":{"@id":"https:\/\/www.outdoors.ee\/et\/toode\/termojope-rayder-tactical-lightweight-insulated-jacket\/#primaryimage"},"image":{"@id":"https:\/\/www.outdoors.ee\/et\/toode\/termojope-rayder-tactical-lightweight-insulated-jacket\/#primaryimage"},"thumbnailUrl":"https:\/\/www.outdoors.ee\/wp-content\/uploads\/2025\/02\/Highlander\u00ae-Rayder-Tactical-Lightweight-Insulated-Jacket-1.jpg","datePublished":"2025-02-15T14:10:52+00:00","dateModified":"2025-10-09T13:32:17+00:00","breadcrumb":{"@id":"https:\/\/www.outdoors.ee\/et\/toode\/termojope-rayder-tactical-lightweight-insulated-jacket\/#breadcrumb"},"inLanguage":"et","potentialAction":[{"@type":"ReadAction","target":["https:\/\/www.outdoors.ee\/et\/toode\/termojope-rayder-tactical-lightweight-insulated-jacket\/"]}]},{"@type":"ImageObject","inLanguage":"et","@id":"https:\/\/www.outdoors.ee\/et\/toode\/termojope-rayder-tactical-lightweight-insulated-jacket\/#primaryimage","url":"https:\/\/www.outdoors.ee\/wp-content\/uploads\/2025\/02\/Highlander\u00ae-Rayder-Tactical-Lightweight-Insulated-Jacket-1.jpg","contentUrl":"https:\/\/www.outdoors.ee\/wp-content\/uploads\/2025\/02\/Highlander\u00ae-Rayder-Tactical-Lightweight-Insulated-Jacket-1.jpg","width":1500,"height":1499},{"@type":"BreadcrumbList","@id":"https:\/\/www.outdoors.ee\/et\/toode\/termojope-rayder-tactical-lightweight-insulated-jacket\/#breadcrumb","itemListElement":[{"@type":"ListItem","position":1,"name":"Home","item":"https:\/\/www.outdoors.ee\/et\/"},{"@type":"ListItem","position":2,"name":"Tooted","item":"https:\/\/www.outdoors.ee\/products\/"},{"@type":"ListItem","position":3,"name":"Highlander\u00ae termojope RAYDER Tactical Lightweight Insulated Jacket"}]},{"@type":"WebSite","@id":"https:\/\/www.outdoors.ee\/#website","url":"https:\/\/www.outdoors.ee\/","name":"Outdoors","description":"Genuine military surplus and not only!","potentialAction":[{"@type":"SearchAction","target":{"@type":"EntryPoint","urlTemplate":"https:\/\/www.outdoors.ee\/?s={search_term_string}"},"query-input":{"@type":"PropertyValueSpecification","valueRequired":true,"valueName":"search_term_string"}}],"inLanguage":"et"}]}},"_links":{"self":[{"href":"https:\/\/www.outdoors.ee\/et\/wp-json\/wp\/v2\/product\/99833","targetHints":{"allow":["GET"]}}],"collection":[{"href":"https:\/\/www.outdoors.ee\/et\/wp-json\/wp\/v2\/product"}],"about":[{"href":"https:\/\/www.outdoors.ee\/et\/wp-json\/wp\/v2\/types\/product"}],"wp:featuredmedia":[{"embeddable":true,"href":"https:\/\/www.outdoors.ee\/et\/wp-json\/wp\/v2\/media\/99814"}],"wp:attachment":[{"href":"https:\/\/www.outdoors.ee\/et\/wp-json\/wp\/v2\/media?parent=99833"}],"wp:term":[{"taxonomy":"product_brand","embeddable":true,"href":"https:\/\/www.outdoors.ee\/et\/wp-json\/wp\/v2\/product_brand?post=99833"},{"taxonomy":"product_cat","embeddable":true,"href":"https:\/\/www.outdoors.ee\/et\/wp-json\/wp\/v2\/product_cat?post=99833"},{"taxonomy":"product_tag","embeddable":true,"href":"https:\/\/www.outdoors.ee\/et\/wp-json\/wp\/v2\/product_tag?post=99833"}],"curies":[{"name":"wp","href":"https:\/\/api.w.org\/{rel}","templated":true}]}}