{"id":99792,"date":"2025-02-15T16:09:18","date_gmt":"2025-02-15T14:09:18","guid":{"rendered":"https:\/\/www.outdoors.ee\/?post_type=product&#038;p=99792"},"modified":"2025-10-09T15:47:34","modified_gmt":"2025-10-09T12:47:34","slug":"vihmajope-tempest-waterproof-jacket-hmtc","status":"publish","type":"product","link":"https:\/\/www.outdoors.ee\/et\/toode\/vihmajope-tempest-waterproof-jacket-hmtc\/","title":{"rendered":"Highlander\u00ae vihmajope TEMPEST Waterproof Jacket HMTC"},"content":{"rendered":"<p>Vastupidav ja tormikindel: Tempest on ideaalne kaaslane v\u00e4li\u00fcritusteks ettearvamatu ilmaga. Veekindel ja hingav AB-TEX Tri-Max pealne ning teibitud \u00f5mblused kaitsevad sind ka k\u00f5ige tugevamate vihmahoogude eest. Kaenlaalused t\u00f5mblukud h\u00f5lbustavad keha jahutamist f\u00fc\u00fcsilise aktiivsuse ajal.<\/p>\n<p><strong>Omadused:<\/strong><\/p>\n<ul>\n<li>3-kihiline veekindel ning hingav AB-TEX tri-laminate kangas<\/li>\n<li>teibitud \u00f5mblused<\/li>\n<li>kahesuunaline t\u00f5mblukk-kinnis tormklapiga<\/li>\n<li>kraesse kokkupandav, pingutusn\u00f6\u00f6riga kapuuts<\/li>\n<li>selja \u00f5hutusava<\/li>\n<li>kahesuunalised kaenlaalused t\u00f5mblukud<\/li>\n<li>venivad, takjapaela abil reguleeritavad mansetid<\/li>\n<li>veniv alumine \u00e4\u00e4r pingutusn\u00f6\u00f6riga<\/li>\n<li>klapiga suletavad k\u00fcljetaskud<\/li>\n<li>kaal 800g<\/li>\n<li>materjal: AB-TEX Tri-Max<\/li>\n<\/ul>\n<p><strong>Seisukord:<\/strong> uus<\/p>\n","protected":false},"excerpt":{"rendered":"<p>Vastupidav ja tormikindel: Tempest on ideaalne kaaslane v\u00e4li\u00fcritusteks ettearvamatu ilmaga. Veekindel ja hingav AB-TEX Tri-Max pealne ning teibitud \u00f5mblused kaitsevad<\/p>\n","protected":false},"featured_media":99791,"template":"","meta":[],"product_brand":[],"product_cat":[101],"product_tag":[3143],"class_list":{"0":"post-99792","1":"product","2":"type-product","3":"status-publish","4":"has-post-thumbnail","6":"product_cat-joped-parkad","7":"product_tag-vihmariided","8":"pa_brand-highlander-2","9":"pa_size-l-2","10":"pa_size-m-2","11":"pa_size-xl-2","13":"first","14":"instock","15":"taxable","16":"shipping-taxable","17":"purchasable","18":"product-type-variable"},"yoast_head":"<!-- This site is optimized with the Yoast SEO plugin v27.2 - https:\/\/yoast.com\/product\/yoast-seo-wordpress\/ -->\n<title>Highlander\u00ae vihmajope TEMPEST Waterproof Jacket HMTC - Outdoors<\/title>\n<meta name=\"robots\" content=\"index, follow, max-snippet:-1, max-image-preview:large, max-video-preview:-1\" \/>\n<link rel=\"canonical\" href=\"https:\/\/www.outdoors.ee\/et\/toode\/vihmajope-tempest-waterproof-jacket-hmtc\/\" \/>\n<meta property=\"og:locale\" content=\"et_EE\" \/>\n<meta property=\"og:type\" content=\"article\" \/>\n<meta property=\"og:title\" content=\"Highlander\u00ae vihmajope TEMPEST Waterproof Jacket HMTC - Outdoors\" \/>\n<meta property=\"og:description\" content=\"Vastupidav ja tormikindel: Tempest on ideaalne kaaslane v\u00e4li\u00fcritusteks ettearvamatu ilmaga. Veekindel ja hingav AB-TEX Tri-Max pealne ning teibitud \u00f5mblused kaitsevad\" \/>\n<meta property=\"og:url\" content=\"https:\/\/www.outdoors.ee\/et\/toode\/vihmajope-tempest-waterproof-jacket-hmtc\/\" \/>\n<meta property=\"og:site_name\" content=\"Outdoors\" \/>\n<meta property=\"article:modified_time\" content=\"2025-10-09T12:47:34+00:00\" \/>\n<meta property=\"og:image\" content=\"https:\/\/www.outdoors.ee\/wp-content\/uploads\/2025\/02\/Highlander\u00ae-Tempest-Mens-Waterproof-Jacket-HMTC-10.jpg\" \/>\n\t<meta property=\"og:image:width\" content=\"2500\" \/>\n\t<meta property=\"og:image:height\" content=\"2500\" \/>\n\t<meta property=\"og:image:type\" content=\"image\/jpeg\" \/>\n<meta name=\"twitter:card\" content=\"summary_large_image\" \/>\n<meta name=\"twitter:label1\" content=\"Est. reading time\" \/>\n\t<meta name=\"twitter:data1\" content=\"1 minut\" \/>\n<script type=\"application\/ld+json\" class=\"yoast-schema-graph\">{\"@context\":\"https:\/\/schema.org\",\"@graph\":[{\"@type\":\"WebPage\",\"@id\":\"https:\/\/www.outdoors.ee\/et\/toode\/vihmajope-tempest-waterproof-jacket-hmtc\/\",\"url\":\"https:\/\/www.outdoors.ee\/et\/toode\/vihmajope-tempest-waterproof-jacket-hmtc\/\",\"name\":\"Highlander\u00ae vihmajope TEMPEST Waterproof Jacket HMTC - Outdoors\",\"isPartOf\":{\"@id\":\"https:\/\/www.outdoors.ee\/#website\"},\"primaryImageOfPage\":{\"@id\":\"https:\/\/www.outdoors.ee\/et\/toode\/vihmajope-tempest-waterproof-jacket-hmtc\/#primaryimage\"},\"image\":{\"@id\":\"https:\/\/www.outdoors.ee\/et\/toode\/vihmajope-tempest-waterproof-jacket-hmtc\/#primaryimage\"},\"thumbnailUrl\":\"https:\/\/www.outdoors.ee\/wp-content\/uploads\/2025\/02\/Highlander\u00ae-Tempest-Mens-Waterproof-Jacket-HMTC-10.jpg\",\"datePublished\":\"2025-02-15T14:09:18+00:00\",\"dateModified\":\"2025-10-09T12:47:34+00:00\",\"breadcrumb\":{\"@id\":\"https:\/\/www.outdoors.ee\/et\/toode\/vihmajope-tempest-waterproof-jacket-hmtc\/#breadcrumb\"},\"inLanguage\":\"et\",\"potentialAction\":[{\"@type\":\"ReadAction\",\"target\":[\"https:\/\/www.outdoors.ee\/et\/toode\/vihmajope-tempest-waterproof-jacket-hmtc\/\"]}]},{\"@type\":\"ImageObject\",\"inLanguage\":\"et\",\"@id\":\"https:\/\/www.outdoors.ee\/et\/toode\/vihmajope-tempest-waterproof-jacket-hmtc\/#primaryimage\",\"url\":\"https:\/\/www.outdoors.ee\/wp-content\/uploads\/2025\/02\/Highlander\u00ae-Tempest-Mens-Waterproof-Jacket-HMTC-10.jpg\",\"contentUrl\":\"https:\/\/www.outdoors.ee\/wp-content\/uploads\/2025\/02\/Highlander\u00ae-Tempest-Mens-Waterproof-Jacket-HMTC-10.jpg\",\"width\":2500,\"height\":2500},{\"@type\":\"BreadcrumbList\",\"@id\":\"https:\/\/www.outdoors.ee\/et\/toode\/vihmajope-tempest-waterproof-jacket-hmtc\/#breadcrumb\",\"itemListElement\":[{\"@type\":\"ListItem\",\"position\":1,\"name\":\"Home\",\"item\":\"https:\/\/www.outdoors.ee\/et\/\"},{\"@type\":\"ListItem\",\"position\":2,\"name\":\"Tooted\",\"item\":\"https:\/\/www.outdoors.ee\/products\/\"},{\"@type\":\"ListItem\",\"position\":3,\"name\":\"Highlander\u00ae vihmajope TEMPEST Waterproof Jacket HMTC\"}]},{\"@type\":\"WebSite\",\"@id\":\"https:\/\/www.outdoors.ee\/#website\",\"url\":\"https:\/\/www.outdoors.ee\/\",\"name\":\"Outdoors\",\"description\":\"Genuine military surplus and not only!\",\"potentialAction\":[{\"@type\":\"SearchAction\",\"target\":{\"@type\":\"EntryPoint\",\"urlTemplate\":\"https:\/\/www.outdoors.ee\/?s={search_term_string}\"},\"query-input\":{\"@type\":\"PropertyValueSpecification\",\"valueRequired\":true,\"valueName\":\"search_term_string\"}}],\"inLanguage\":\"et\"}]}<\/script>\n<!-- \/ Yoast SEO plugin. -->","yoast_head_json":{"title":"Highlander\u00ae vihmajope TEMPEST Waterproof Jacket HMTC - Outdoors","robots":{"index":"index","follow":"follow","max-snippet":"max-snippet:-1","max-image-preview":"max-image-preview:large","max-video-preview":"max-video-preview:-1"},"canonical":"https:\/\/www.outdoors.ee\/et\/toode\/vihmajope-tempest-waterproof-jacket-hmtc\/","og_locale":"et_EE","og_type":"article","og_title":"Highlander\u00ae vihmajope TEMPEST Waterproof Jacket HMTC - Outdoors","og_description":"Vastupidav ja tormikindel: Tempest on ideaalne kaaslane v\u00e4li\u00fcritusteks ettearvamatu ilmaga. Veekindel ja hingav AB-TEX Tri-Max pealne ning teibitud \u00f5mblused kaitsevad","og_url":"https:\/\/www.outdoors.ee\/et\/toode\/vihmajope-tempest-waterproof-jacket-hmtc\/","og_site_name":"Outdoors","article_modified_time":"2025-10-09T12:47:34+00:00","og_image":[{"width":2500,"height":2500,"url":"https:\/\/www.outdoors.ee\/wp-content\/uploads\/2025\/02\/Highlander\u00ae-Tempest-Mens-Waterproof-Jacket-HMTC-10.jpg","type":"image\/jpeg"}],"twitter_card":"summary_large_image","twitter_misc":{"Est. reading time":"1 minut"},"schema":{"@context":"https:\/\/schema.org","@graph":[{"@type":"WebPage","@id":"https:\/\/www.outdoors.ee\/et\/toode\/vihmajope-tempest-waterproof-jacket-hmtc\/","url":"https:\/\/www.outdoors.ee\/et\/toode\/vihmajope-tempest-waterproof-jacket-hmtc\/","name":"Highlander\u00ae vihmajope TEMPEST Waterproof Jacket HMTC - Outdoors","isPartOf":{"@id":"https:\/\/www.outdoors.ee\/#website"},"primaryImageOfPage":{"@id":"https:\/\/www.outdoors.ee\/et\/toode\/vihmajope-tempest-waterproof-jacket-hmtc\/#primaryimage"},"image":{"@id":"https:\/\/www.outdoors.ee\/et\/toode\/vihmajope-tempest-waterproof-jacket-hmtc\/#primaryimage"},"thumbnailUrl":"https:\/\/www.outdoors.ee\/wp-content\/uploads\/2025\/02\/Highlander\u00ae-Tempest-Mens-Waterproof-Jacket-HMTC-10.jpg","datePublished":"2025-02-15T14:09:18+00:00","dateModified":"2025-10-09T12:47:34+00:00","breadcrumb":{"@id":"https:\/\/www.outdoors.ee\/et\/toode\/vihmajope-tempest-waterproof-jacket-hmtc\/#breadcrumb"},"inLanguage":"et","potentialAction":[{"@type":"ReadAction","target":["https:\/\/www.outdoors.ee\/et\/toode\/vihmajope-tempest-waterproof-jacket-hmtc\/"]}]},{"@type":"ImageObject","inLanguage":"et","@id":"https:\/\/www.outdoors.ee\/et\/toode\/vihmajope-tempest-waterproof-jacket-hmtc\/#primaryimage","url":"https:\/\/www.outdoors.ee\/wp-content\/uploads\/2025\/02\/Highlander\u00ae-Tempest-Mens-Waterproof-Jacket-HMTC-10.jpg","contentUrl":"https:\/\/www.outdoors.ee\/wp-content\/uploads\/2025\/02\/Highlander\u00ae-Tempest-Mens-Waterproof-Jacket-HMTC-10.jpg","width":2500,"height":2500},{"@type":"BreadcrumbList","@id":"https:\/\/www.outdoors.ee\/et\/toode\/vihmajope-tempest-waterproof-jacket-hmtc\/#breadcrumb","itemListElement":[{"@type":"ListItem","position":1,"name":"Home","item":"https:\/\/www.outdoors.ee\/et\/"},{"@type":"ListItem","position":2,"name":"Tooted","item":"https:\/\/www.outdoors.ee\/products\/"},{"@type":"ListItem","position":3,"name":"Highlander\u00ae vihmajope TEMPEST Waterproof Jacket HMTC"}]},{"@type":"WebSite","@id":"https:\/\/www.outdoors.ee\/#website","url":"https:\/\/www.outdoors.ee\/","name":"Outdoors","description":"Genuine military surplus and not only!","potentialAction":[{"@type":"SearchAction","target":{"@type":"EntryPoint","urlTemplate":"https:\/\/www.outdoors.ee\/?s={search_term_string}"},"query-input":{"@type":"PropertyValueSpecification","valueRequired":true,"valueName":"search_term_string"}}],"inLanguage":"et"}]}},"_links":{"self":[{"href":"https:\/\/www.outdoors.ee\/et\/wp-json\/wp\/v2\/product\/99792","targetHints":{"allow":["GET"]}}],"collection":[{"href":"https:\/\/www.outdoors.ee\/et\/wp-json\/wp\/v2\/product"}],"about":[{"href":"https:\/\/www.outdoors.ee\/et\/wp-json\/wp\/v2\/types\/product"}],"wp:featuredmedia":[{"embeddable":true,"href":"https:\/\/www.outdoors.ee\/et\/wp-json\/wp\/v2\/media\/99791"}],"wp:attachment":[{"href":"https:\/\/www.outdoors.ee\/et\/wp-json\/wp\/v2\/media?parent=99792"}],"wp:term":[{"taxonomy":"product_brand","embeddable":true,"href":"https:\/\/www.outdoors.ee\/et\/wp-json\/wp\/v2\/product_brand?post=99792"},{"taxonomy":"product_cat","embeddable":true,"href":"https:\/\/www.outdoors.ee\/et\/wp-json\/wp\/v2\/product_cat?post=99792"},{"taxonomy":"product_tag","embeddable":true,"href":"https:\/\/www.outdoors.ee\/et\/wp-json\/wp\/v2\/product_tag?post=99792"}],"curies":[{"name":"wp","href":"https:\/\/api.w.org\/{rel}","templated":true}]}}