{"id":99756,"date":"2025-02-15T15:58:31","date_gmt":"2025-02-15T13:58:31","guid":{"rendered":"https:\/\/www.outdoors.ee\/?post_type=product&#038;p=99756"},"modified":"2025-08-22T09:12:44","modified_gmt":"2025-08-22T06:12:44","slug":"valipuksid-magnum-trousers","status":"publish","type":"product","link":"https:\/\/www.outdoors.ee\/et\/toode\/valipuksid-magnum-trousers\/","title":{"rendered":"Highlander\u00ae v\u00e4lip\u00fcksid MAGNUM Trousers"},"content":{"rendered":"<p>Magnum v\u00e4lip\u00fcksid on vastupidavuse ning mugavuse kooslus. Valmistatud kvaliteetsest puuvilla\/elastaanisegust, need pakuvad kerget venivust, tagades maksimaalse liikuvuse ja mugavuse kogu p\u00e4eva v\u00e4ltel. Praktilisust silmas pidades on need p\u00fcksid varustatud mitmete funktsionaalsete taskutega lihtsaks hoiustamiseks ning venivate paneelidega puusadel, et tagada ideaalne ja kohanduv istuvus.<\/p>\n<p><strong>Omadused:<\/strong><\/p>\n<ul>\n<li>Teflon-kattega, veniv, Ripstop kangas<\/li>\n<li>venivad paneelid puusadel<\/li>\n<li>tugevdatud tasku\u00e4\u00e4red<\/li>\n<li>tugevdused h\u00fcppeliigeste piirkonnas<\/li>\n<li>2 noataskut<\/li>\n<li>2 suurt reietaskut<\/li>\n<li>2 klapiga suletavad tagataskut<\/li>\n<li>kaal 650g (size 36)<\/li>\n<li>materjal: 98% puuvill 2% elastaan<\/li>\n<\/ul>\n<p><strong>Seisukord:<\/strong> uus<\/p>\n","protected":false},"excerpt":{"rendered":"<p>Magnum v\u00e4lip\u00fcksid on vastupidavuse ning mugavuse kooslus. Valmistatud kvaliteetsest puuvilla\/elastaanisegust, need pakuvad kerget venivust, tagades maksimaalse liikuvuse ja mugavuse kogu<\/p>\n","protected":false},"featured_media":100338,"template":"","meta":[],"product_brand":[],"product_cat":[111],"product_tag":[],"class_list":{"0":"post-99756","1":"product","2":"type-product","3":"status-publish","4":"has-post-thumbnail","6":"product_cat-puksid","7":"pa_brand-highlander-2","8":"pa_color-black-2","9":"pa_color-ranger-green-2","10":"pa_size-large-long-2","11":"pa_size-large-long-34-34-2","12":"pa_size-large-regular-2","13":"pa_size-large-regular-34-32-2","14":"pa_size-medium-long-32-34-2","15":"pa_size-medium-regular-2","16":"pa_size-medium-regular-32-32-2","17":"pa_size-xlarge-long-2","18":"pa_size-xlarge-long-36-34-2","19":"pa_size-xlarge-regular-3","20":"pa_size-xlarge-regular-36-32-2","22":"first","23":"instock","24":"taxable","25":"shipping-taxable","26":"purchasable","27":"product-type-variable"},"yoast_head":"<!-- This site is optimized with the Yoast SEO plugin v27.2 - https:\/\/yoast.com\/product\/yoast-seo-wordpress\/ -->\n<title>Highlander\u00ae v\u00e4lip\u00fcksid MAGNUM Trousers - Outdoors<\/title>\n<meta name=\"robots\" content=\"index, follow, max-snippet:-1, max-image-preview:large, max-video-preview:-1\" \/>\n<link rel=\"canonical\" href=\"https:\/\/www.outdoors.ee\/et\/toode\/valipuksid-magnum-trousers\/\" \/>\n<meta property=\"og:locale\" content=\"et_EE\" \/>\n<meta property=\"og:type\" content=\"article\" \/>\n<meta property=\"og:title\" content=\"Highlander\u00ae v\u00e4lip\u00fcksid MAGNUM Trousers - Outdoors\" \/>\n<meta property=\"og:description\" content=\"Magnum v\u00e4lip\u00fcksid on vastupidavuse ning mugavuse kooslus. Valmistatud kvaliteetsest puuvilla\/elastaanisegust, need pakuvad kerget venivust, tagades maksimaalse liikuvuse ja mugavuse kogu\" \/>\n<meta property=\"og:url\" content=\"https:\/\/www.outdoors.ee\/et\/toode\/valipuksid-magnum-trousers\/\" \/>\n<meta property=\"og:site_name\" content=\"Outdoors\" \/>\n<meta property=\"article:modified_time\" content=\"2025-08-22T06:12:44+00:00\" \/>\n<meta property=\"og:image\" content=\"https:\/\/www.outdoors.ee\/wp-content\/uploads\/2025\/02\/Highlander\u00ae-Magnum-Trousers-Ranger-Green.jpg\" \/>\n\t<meta property=\"og:image:width\" content=\"2000\" \/>\n\t<meta property=\"og:image:height\" content=\"2000\" \/>\n\t<meta property=\"og:image:type\" content=\"image\/jpeg\" \/>\n<meta name=\"twitter:card\" content=\"summary_large_image\" \/>\n<meta name=\"twitter:label1\" content=\"Est. reading time\" \/>\n\t<meta name=\"twitter:data1\" content=\"1 minut\" \/>\n<script type=\"application\/ld+json\" class=\"yoast-schema-graph\">{\"@context\":\"https:\/\/schema.org\",\"@graph\":[{\"@type\":\"WebPage\",\"@id\":\"https:\/\/www.outdoors.ee\/et\/toode\/valipuksid-magnum-trousers\/\",\"url\":\"https:\/\/www.outdoors.ee\/et\/toode\/valipuksid-magnum-trousers\/\",\"name\":\"Highlander\u00ae v\u00e4lip\u00fcksid MAGNUM Trousers - Outdoors\",\"isPartOf\":{\"@id\":\"https:\/\/www.outdoors.ee\/#website\"},\"primaryImageOfPage\":{\"@id\":\"https:\/\/www.outdoors.ee\/et\/toode\/valipuksid-magnum-trousers\/#primaryimage\"},\"image\":{\"@id\":\"https:\/\/www.outdoors.ee\/et\/toode\/valipuksid-magnum-trousers\/#primaryimage\"},\"thumbnailUrl\":\"https:\/\/www.outdoors.ee\/wp-content\/uploads\/2025\/02\/Highlander\u00ae-Magnum-Trousers-Ranger-Green.jpg\",\"datePublished\":\"2025-02-15T13:58:31+00:00\",\"dateModified\":\"2025-08-22T06:12:44+00:00\",\"breadcrumb\":{\"@id\":\"https:\/\/www.outdoors.ee\/et\/toode\/valipuksid-magnum-trousers\/#breadcrumb\"},\"inLanguage\":\"et\",\"potentialAction\":[{\"@type\":\"ReadAction\",\"target\":[\"https:\/\/www.outdoors.ee\/et\/toode\/valipuksid-magnum-trousers\/\"]}]},{\"@type\":\"ImageObject\",\"inLanguage\":\"et\",\"@id\":\"https:\/\/www.outdoors.ee\/et\/toode\/valipuksid-magnum-trousers\/#primaryimage\",\"url\":\"https:\/\/www.outdoors.ee\/wp-content\/uploads\/2025\/02\/Highlander\u00ae-Magnum-Trousers-Ranger-Green.jpg\",\"contentUrl\":\"https:\/\/www.outdoors.ee\/wp-content\/uploads\/2025\/02\/Highlander\u00ae-Magnum-Trousers-Ranger-Green.jpg\",\"width\":2000,\"height\":2000},{\"@type\":\"BreadcrumbList\",\"@id\":\"https:\/\/www.outdoors.ee\/et\/toode\/valipuksid-magnum-trousers\/#breadcrumb\",\"itemListElement\":[{\"@type\":\"ListItem\",\"position\":1,\"name\":\"Home\",\"item\":\"https:\/\/www.outdoors.ee\/et\/\"},{\"@type\":\"ListItem\",\"position\":2,\"name\":\"Tooted\",\"item\":\"https:\/\/www.outdoors.ee\/products\/\"},{\"@type\":\"ListItem\",\"position\":3,\"name\":\"Highlander\u00ae v\u00e4lip\u00fcksid MAGNUM Trousers\"}]},{\"@type\":\"WebSite\",\"@id\":\"https:\/\/www.outdoors.ee\/#website\",\"url\":\"https:\/\/www.outdoors.ee\/\",\"name\":\"Outdoors\",\"description\":\"Genuine military surplus and not only!\",\"potentialAction\":[{\"@type\":\"SearchAction\",\"target\":{\"@type\":\"EntryPoint\",\"urlTemplate\":\"https:\/\/www.outdoors.ee\/?s={search_term_string}\"},\"query-input\":{\"@type\":\"PropertyValueSpecification\",\"valueRequired\":true,\"valueName\":\"search_term_string\"}}],\"inLanguage\":\"et\"}]}<\/script>\n<!-- \/ Yoast SEO plugin. -->","yoast_head_json":{"title":"Highlander\u00ae v\u00e4lip\u00fcksid MAGNUM Trousers - Outdoors","robots":{"index":"index","follow":"follow","max-snippet":"max-snippet:-1","max-image-preview":"max-image-preview:large","max-video-preview":"max-video-preview:-1"},"canonical":"https:\/\/www.outdoors.ee\/et\/toode\/valipuksid-magnum-trousers\/","og_locale":"et_EE","og_type":"article","og_title":"Highlander\u00ae v\u00e4lip\u00fcksid MAGNUM Trousers - Outdoors","og_description":"Magnum v\u00e4lip\u00fcksid on vastupidavuse ning mugavuse kooslus. Valmistatud kvaliteetsest puuvilla\/elastaanisegust, need pakuvad kerget venivust, tagades maksimaalse liikuvuse ja mugavuse kogu","og_url":"https:\/\/www.outdoors.ee\/et\/toode\/valipuksid-magnum-trousers\/","og_site_name":"Outdoors","article_modified_time":"2025-08-22T06:12:44+00:00","og_image":[{"width":2000,"height":2000,"url":"https:\/\/www.outdoors.ee\/wp-content\/uploads\/2025\/02\/Highlander\u00ae-Magnum-Trousers-Ranger-Green.jpg","type":"image\/jpeg"}],"twitter_card":"summary_large_image","twitter_misc":{"Est. reading time":"1 minut"},"schema":{"@context":"https:\/\/schema.org","@graph":[{"@type":"WebPage","@id":"https:\/\/www.outdoors.ee\/et\/toode\/valipuksid-magnum-trousers\/","url":"https:\/\/www.outdoors.ee\/et\/toode\/valipuksid-magnum-trousers\/","name":"Highlander\u00ae v\u00e4lip\u00fcksid MAGNUM Trousers - Outdoors","isPartOf":{"@id":"https:\/\/www.outdoors.ee\/#website"},"primaryImageOfPage":{"@id":"https:\/\/www.outdoors.ee\/et\/toode\/valipuksid-magnum-trousers\/#primaryimage"},"image":{"@id":"https:\/\/www.outdoors.ee\/et\/toode\/valipuksid-magnum-trousers\/#primaryimage"},"thumbnailUrl":"https:\/\/www.outdoors.ee\/wp-content\/uploads\/2025\/02\/Highlander\u00ae-Magnum-Trousers-Ranger-Green.jpg","datePublished":"2025-02-15T13:58:31+00:00","dateModified":"2025-08-22T06:12:44+00:00","breadcrumb":{"@id":"https:\/\/www.outdoors.ee\/et\/toode\/valipuksid-magnum-trousers\/#breadcrumb"},"inLanguage":"et","potentialAction":[{"@type":"ReadAction","target":["https:\/\/www.outdoors.ee\/et\/toode\/valipuksid-magnum-trousers\/"]}]},{"@type":"ImageObject","inLanguage":"et","@id":"https:\/\/www.outdoors.ee\/et\/toode\/valipuksid-magnum-trousers\/#primaryimage","url":"https:\/\/www.outdoors.ee\/wp-content\/uploads\/2025\/02\/Highlander\u00ae-Magnum-Trousers-Ranger-Green.jpg","contentUrl":"https:\/\/www.outdoors.ee\/wp-content\/uploads\/2025\/02\/Highlander\u00ae-Magnum-Trousers-Ranger-Green.jpg","width":2000,"height":2000},{"@type":"BreadcrumbList","@id":"https:\/\/www.outdoors.ee\/et\/toode\/valipuksid-magnum-trousers\/#breadcrumb","itemListElement":[{"@type":"ListItem","position":1,"name":"Home","item":"https:\/\/www.outdoors.ee\/et\/"},{"@type":"ListItem","position":2,"name":"Tooted","item":"https:\/\/www.outdoors.ee\/products\/"},{"@type":"ListItem","position":3,"name":"Highlander\u00ae v\u00e4lip\u00fcksid MAGNUM Trousers"}]},{"@type":"WebSite","@id":"https:\/\/www.outdoors.ee\/#website","url":"https:\/\/www.outdoors.ee\/","name":"Outdoors","description":"Genuine military surplus and not only!","potentialAction":[{"@type":"SearchAction","target":{"@type":"EntryPoint","urlTemplate":"https:\/\/www.outdoors.ee\/?s={search_term_string}"},"query-input":{"@type":"PropertyValueSpecification","valueRequired":true,"valueName":"search_term_string"}}],"inLanguage":"et"}]}},"_links":{"self":[{"href":"https:\/\/www.outdoors.ee\/et\/wp-json\/wp\/v2\/product\/99756","targetHints":{"allow":["GET"]}}],"collection":[{"href":"https:\/\/www.outdoors.ee\/et\/wp-json\/wp\/v2\/product"}],"about":[{"href":"https:\/\/www.outdoors.ee\/et\/wp-json\/wp\/v2\/types\/product"}],"wp:featuredmedia":[{"embeddable":true,"href":"https:\/\/www.outdoors.ee\/et\/wp-json\/wp\/v2\/media\/100338"}],"wp:attachment":[{"href":"https:\/\/www.outdoors.ee\/et\/wp-json\/wp\/v2\/media?parent=99756"}],"wp:term":[{"taxonomy":"product_brand","embeddable":true,"href":"https:\/\/www.outdoors.ee\/et\/wp-json\/wp\/v2\/product_brand?post=99756"},{"taxonomy":"product_cat","embeddable":true,"href":"https:\/\/www.outdoors.ee\/et\/wp-json\/wp\/v2\/product_cat?post=99756"},{"taxonomy":"product_tag","embeddable":true,"href":"https:\/\/www.outdoors.ee\/et\/wp-json\/wp\/v2\/product_tag?post=99756"}],"curies":[{"name":"wp","href":"https:\/\/api.w.org\/{rel}","templated":true}]}}