{"id":99601,"date":"2025-02-05T14:15:18","date_gmt":"2025-02-05T12:15:18","guid":{"rendered":"https:\/\/www.outdoors.ee\/?post_type=product&#038;p=99601"},"modified":"2025-02-05T14:19:22","modified_gmt":"2025-02-05T12:19:22","slug":"scubapro-synergy-twin-sukeldumismask","status":"publish","type":"product","link":"https:\/\/www.outdoors.ee\/et\/toode\/scubapro-synergy-twin-sukeldumismask\/","title":{"rendered":"SCUBAPRO Synergy Twin sukeldumismask"},"content":{"rendered":"<p>Scubapro Synergy Twin sukeldumismaskil on \u00fclipehme TruFit maski\u00e4\u00e4r, mis on tehniliselt v\u00e4lja t\u00f6\u00f6tatud nii, et see sobiks igale n\u00e4okujule ning samal ajal s\u00e4ilitaks ainulaadse j\u00e4ikuse, tagades t\u00e4iusliku tihenduse ja mugavuse. Erinevalt kahest eraldi materjalist on TruFit \u00e4\u00e4r saavutatud, kasutades sama k\u00f5rgekvaliteedilise silikooni kahte erineva paksusega kihti \u00fches \u00e4\u00e4res, mis tagab maksimaalse mugavuse ja elegantse lihtsuse. Silikoon on raami l\u00e4hedal paksem ja tugevam, mati viimistlusega, pakkudes vajalikku tuge ja j\u00e4ikust. N\u00e4o kontuure j\u00e4rgiva osa silikoon on \u00f5hem, andes pehmema tunde, et tagada t\u00f5eliselt unikaalne sobivus ja tihendus. TruFit tehnoloogia on \u00e4ratuntav oma ainulaadse soonilise tekstuuri j\u00e4rgi.<\/p>\n<p>V\u00e4rv: must \/ h\u00f5bedane<\/p>\n<p><strong>Seisukord:<\/strong> Uus, originaalkarbis (p\u00e4rineb Hollandi s\u00f5jav\u00e4e varudest)<\/p>\n","protected":false},"excerpt":{"rendered":"<p>Scubapro Synergy Twin sukeldumismaskil on \u00fclipehme TruFit maski\u00e4\u00e4r, mis on tehniliselt v\u00e4lja t\u00f6\u00f6tatud nii, et see sobiks igale n\u00e4okujule ning<\/p>\n","protected":false},"featured_media":99592,"template":"","meta":[],"product_brand":[],"product_cat":[149,223],"product_tag":[],"class_list":{"0":"post-99601","1":"product","2":"type-product","3":"status-publish","4":"has-post-thumbnail","6":"product_cat-taktikaline-varustus","7":"product_cat-varia","8":"pa_brand-dutch-military-surplus","9":"pa_brand-scubapro-et","11":"first","12":"instock","13":"taxable","14":"shipping-taxable","15":"purchasable","16":"product-type-simple"},"yoast_head":"<!-- This site is optimized with the Yoast SEO plugin v27.2 - https:\/\/yoast.com\/product\/yoast-seo-wordpress\/ -->\n<title>SCUBAPRO Synergy Twin sukeldumismask - Outdoors<\/title>\n<meta name=\"robots\" content=\"index, follow, max-snippet:-1, max-image-preview:large, max-video-preview:-1\" \/>\n<link rel=\"canonical\" href=\"https:\/\/www.outdoors.ee\/toode\/scubapro-synergy-twin-dive-mask\/\" \/>\n<meta property=\"og:locale\" content=\"et_EE\" \/>\n<meta property=\"og:type\" content=\"article\" \/>\n<meta property=\"og:title\" content=\"SCUBAPRO Synergy Twin sukeldumismask - Outdoors\" \/>\n<meta property=\"og:description\" content=\"Scubapro Synergy Twin sukeldumismaskil on \u00fclipehme TruFit maski\u00e4\u00e4r, mis on tehniliselt v\u00e4lja t\u00f6\u00f6tatud nii, et see sobiks igale n\u00e4okujule ning\" \/>\n<meta property=\"og:url\" content=\"https:\/\/www.outdoors.ee\/toode\/scubapro-synergy-twin-dive-mask\/\" \/>\n<meta property=\"og:site_name\" content=\"Outdoors\" \/>\n<meta property=\"article:modified_time\" content=\"2025-02-05T12:19:22+00:00\" \/>\n<meta property=\"og:image\" content=\"https:\/\/www.outdoors.ee\/wp-content\/uploads\/2025\/02\/0372-SCUBAPRO-Synergy-Twin-Dive-Mask-1.jpg\" \/>\n\t<meta property=\"og:image:width\" content=\"992\" \/>\n\t<meta property=\"og:image:height\" content=\"992\" \/>\n\t<meta property=\"og:image:type\" content=\"image\/jpeg\" \/>\n<meta name=\"twitter:card\" content=\"summary_large_image\" \/>\n<meta name=\"twitter:label1\" content=\"Est. reading time\" \/>\n\t<meta name=\"twitter:data1\" content=\"1 minut\" \/>\n<script type=\"application\/ld+json\" class=\"yoast-schema-graph\">{\"@context\":\"https:\/\/schema.org\",\"@graph\":[{\"@type\":\"WebPage\",\"@id\":\"https:\/\/www.outdoors.ee\/toode\/scubapro-synergy-twin-dive-mask\/\",\"url\":\"https:\/\/www.outdoors.ee\/toode\/scubapro-synergy-twin-dive-mask\/\",\"name\":\"SCUBAPRO Synergy Twin sukeldumismask - Outdoors\",\"isPartOf\":{\"@id\":\"https:\/\/www.outdoors.ee\/#website\"},\"primaryImageOfPage\":{\"@id\":\"https:\/\/www.outdoors.ee\/toode\/scubapro-synergy-twin-dive-mask\/#primaryimage\"},\"image\":{\"@id\":\"https:\/\/www.outdoors.ee\/toode\/scubapro-synergy-twin-dive-mask\/#primaryimage\"},\"thumbnailUrl\":\"https:\/\/www.outdoors.ee\/wp-content\/uploads\/2025\/02\/0372-SCUBAPRO-Synergy-Twin-Dive-Mask-1.jpg\",\"datePublished\":\"2025-02-05T12:15:18+00:00\",\"dateModified\":\"2025-02-05T12:19:22+00:00\",\"breadcrumb\":{\"@id\":\"https:\/\/www.outdoors.ee\/toode\/scubapro-synergy-twin-dive-mask\/#breadcrumb\"},\"inLanguage\":\"et\",\"potentialAction\":[{\"@type\":\"ReadAction\",\"target\":[\"https:\/\/www.outdoors.ee\/toode\/scubapro-synergy-twin-dive-mask\/\"]}]},{\"@type\":\"ImageObject\",\"inLanguage\":\"et\",\"@id\":\"https:\/\/www.outdoors.ee\/toode\/scubapro-synergy-twin-dive-mask\/#primaryimage\",\"url\":\"https:\/\/www.outdoors.ee\/wp-content\/uploads\/2025\/02\/0372-SCUBAPRO-Synergy-Twin-Dive-Mask-1.jpg\",\"contentUrl\":\"https:\/\/www.outdoors.ee\/wp-content\/uploads\/2025\/02\/0372-SCUBAPRO-Synergy-Twin-Dive-Mask-1.jpg\",\"width\":992,\"height\":992},{\"@type\":\"BreadcrumbList\",\"@id\":\"https:\/\/www.outdoors.ee\/toode\/scubapro-synergy-twin-dive-mask\/#breadcrumb\",\"itemListElement\":[{\"@type\":\"ListItem\",\"position\":1,\"name\":\"Home\",\"item\":\"https:\/\/www.outdoors.ee\/et\/\"},{\"@type\":\"ListItem\",\"position\":2,\"name\":\"Tooted\",\"item\":\"https:\/\/www.outdoors.ee\/products\/\"},{\"@type\":\"ListItem\",\"position\":3,\"name\":\"SCUBAPRO Synergy Twin sukeldumismask\"}]},{\"@type\":\"WebSite\",\"@id\":\"https:\/\/www.outdoors.ee\/#website\",\"url\":\"https:\/\/www.outdoors.ee\/\",\"name\":\"Outdoors\",\"description\":\"Genuine military surplus and not only!\",\"potentialAction\":[{\"@type\":\"SearchAction\",\"target\":{\"@type\":\"EntryPoint\",\"urlTemplate\":\"https:\/\/www.outdoors.ee\/?s={search_term_string}\"},\"query-input\":{\"@type\":\"PropertyValueSpecification\",\"valueRequired\":true,\"valueName\":\"search_term_string\"}}],\"inLanguage\":\"et\"}]}<\/script>\n<!-- \/ Yoast SEO plugin. -->","yoast_head_json":{"title":"SCUBAPRO Synergy Twin sukeldumismask - Outdoors","robots":{"index":"index","follow":"follow","max-snippet":"max-snippet:-1","max-image-preview":"max-image-preview:large","max-video-preview":"max-video-preview:-1"},"canonical":"https:\/\/www.outdoors.ee\/toode\/scubapro-synergy-twin-dive-mask\/","og_locale":"et_EE","og_type":"article","og_title":"SCUBAPRO Synergy Twin sukeldumismask - Outdoors","og_description":"Scubapro Synergy Twin sukeldumismaskil on \u00fclipehme TruFit maski\u00e4\u00e4r, mis on tehniliselt v\u00e4lja t\u00f6\u00f6tatud nii, et see sobiks igale n\u00e4okujule ning","og_url":"https:\/\/www.outdoors.ee\/toode\/scubapro-synergy-twin-dive-mask\/","og_site_name":"Outdoors","article_modified_time":"2025-02-05T12:19:22+00:00","og_image":[{"width":992,"height":992,"url":"https:\/\/www.outdoors.ee\/wp-content\/uploads\/2025\/02\/0372-SCUBAPRO-Synergy-Twin-Dive-Mask-1.jpg","type":"image\/jpeg"}],"twitter_card":"summary_large_image","twitter_misc":{"Est. reading time":"1 minut"},"schema":{"@context":"https:\/\/schema.org","@graph":[{"@type":"WebPage","@id":"https:\/\/www.outdoors.ee\/toode\/scubapro-synergy-twin-dive-mask\/","url":"https:\/\/www.outdoors.ee\/toode\/scubapro-synergy-twin-dive-mask\/","name":"SCUBAPRO Synergy Twin sukeldumismask - Outdoors","isPartOf":{"@id":"https:\/\/www.outdoors.ee\/#website"},"primaryImageOfPage":{"@id":"https:\/\/www.outdoors.ee\/toode\/scubapro-synergy-twin-dive-mask\/#primaryimage"},"image":{"@id":"https:\/\/www.outdoors.ee\/toode\/scubapro-synergy-twin-dive-mask\/#primaryimage"},"thumbnailUrl":"https:\/\/www.outdoors.ee\/wp-content\/uploads\/2025\/02\/0372-SCUBAPRO-Synergy-Twin-Dive-Mask-1.jpg","datePublished":"2025-02-05T12:15:18+00:00","dateModified":"2025-02-05T12:19:22+00:00","breadcrumb":{"@id":"https:\/\/www.outdoors.ee\/toode\/scubapro-synergy-twin-dive-mask\/#breadcrumb"},"inLanguage":"et","potentialAction":[{"@type":"ReadAction","target":["https:\/\/www.outdoors.ee\/toode\/scubapro-synergy-twin-dive-mask\/"]}]},{"@type":"ImageObject","inLanguage":"et","@id":"https:\/\/www.outdoors.ee\/toode\/scubapro-synergy-twin-dive-mask\/#primaryimage","url":"https:\/\/www.outdoors.ee\/wp-content\/uploads\/2025\/02\/0372-SCUBAPRO-Synergy-Twin-Dive-Mask-1.jpg","contentUrl":"https:\/\/www.outdoors.ee\/wp-content\/uploads\/2025\/02\/0372-SCUBAPRO-Synergy-Twin-Dive-Mask-1.jpg","width":992,"height":992},{"@type":"BreadcrumbList","@id":"https:\/\/www.outdoors.ee\/toode\/scubapro-synergy-twin-dive-mask\/#breadcrumb","itemListElement":[{"@type":"ListItem","position":1,"name":"Home","item":"https:\/\/www.outdoors.ee\/et\/"},{"@type":"ListItem","position":2,"name":"Tooted","item":"https:\/\/www.outdoors.ee\/products\/"},{"@type":"ListItem","position":3,"name":"SCUBAPRO Synergy Twin sukeldumismask"}]},{"@type":"WebSite","@id":"https:\/\/www.outdoors.ee\/#website","url":"https:\/\/www.outdoors.ee\/","name":"Outdoors","description":"Genuine military surplus and not only!","potentialAction":[{"@type":"SearchAction","target":{"@type":"EntryPoint","urlTemplate":"https:\/\/www.outdoors.ee\/?s={search_term_string}"},"query-input":{"@type":"PropertyValueSpecification","valueRequired":true,"valueName":"search_term_string"}}],"inLanguage":"et"}]}},"_links":{"self":[{"href":"https:\/\/www.outdoors.ee\/et\/wp-json\/wp\/v2\/product\/99601","targetHints":{"allow":["GET"]}}],"collection":[{"href":"https:\/\/www.outdoors.ee\/et\/wp-json\/wp\/v2\/product"}],"about":[{"href":"https:\/\/www.outdoors.ee\/et\/wp-json\/wp\/v2\/types\/product"}],"wp:featuredmedia":[{"embeddable":true,"href":"https:\/\/www.outdoors.ee\/et\/wp-json\/wp\/v2\/media\/99592"}],"wp:attachment":[{"href":"https:\/\/www.outdoors.ee\/et\/wp-json\/wp\/v2\/media?parent=99601"}],"wp:term":[{"taxonomy":"product_brand","embeddable":true,"href":"https:\/\/www.outdoors.ee\/et\/wp-json\/wp\/v2\/product_brand?post=99601"},{"taxonomy":"product_cat","embeddable":true,"href":"https:\/\/www.outdoors.ee\/et\/wp-json\/wp\/v2\/product_cat?post=99601"},{"taxonomy":"product_tag","embeddable":true,"href":"https:\/\/www.outdoors.ee\/et\/wp-json\/wp\/v2\/product_tag?post=99601"}],"curies":[{"name":"wp","href":"https:\/\/api.w.org\/{rel}","templated":true}]}}