{"id":99286,"date":"2025-01-20T19:41:43","date_gmt":"2025-01-20T17:41:43","guid":{"rendered":"https:\/\/www.outdoors.ee\/?post_type=product&#038;p=99286"},"modified":"2025-10-20T17:01:39","modified_gmt":"2025-10-20T14:01:39","slug":"sokid-unisex-merino-performance-snow-socks","status":"publish","type":"product","link":"https:\/\/www.outdoors.ee\/et\/toode\/sokid-unisex-merino-performance-snow-socks\/","title":{"rendered":"Thermowave\u00ae sokid Unisex Merino Performance Snow Socks"},"content":{"rendered":"<p>Thermowave Merino Performance Snow sokid on kujundatud vastupidavust ja mugavust silmas pidades. Need k\u00f5rgtehnoloogiliste kiudude ja meriinovilla unikaalse seguga sokid tagavad soojusisolatsiooni, antibakteriaalsed omadused ja loodusliku kehatemperatuuri kontrolli koos kehaniiskuse kontrolli all hoidmisega. Loodud kestma, jalad p\u00fcsivad l\u00f5hnavabad, kuivad ja mugavad, \u00fcksk\u00f5ik millistel seikluslikel radadel, kolgastes v\u00f5i m\u00e4giradadel te liigute.<\/p>\n<p><strong>Omadused:<\/strong><\/p>\n<ul>\n<li>unikaalne silmkoeline struktuur muudab need samaaegselt paremini hingavateks ja kehaniiskust eemale hoidvateks ning tagatud on parem soojuse ja kaalu suhe<\/li>\n<li>PrimaLofti\u00ae s\u00fcnteetiline isolatsioon pakub silmapaistvat soojust suurep\u00e4rase kehaniiskuse kontrolli all hoidmisega, kuid ei lisa jalgadele raskust<\/li>\n<li>nahal\u00e4hedane pehmus<\/li>\n<li>looduslik antibakteriaalne kaitse<\/li>\n<li>meriinovilla ja mitmeniidilise pol\u00fcamiidi kombinatsioon tallaosas selle tugevdamiseks<\/li>\n<li>mugava manseti tugev riba takistab soki rullumist v\u00f5i libisemist<\/li>\n<li>veniv silmkoeline konstruktsioon parema ventilatsiooni tagamiseks<\/li>\n<li>froteepehmendus tallaosas maksimaalseks niiskuse imamiseks<\/li>\n<li>funktsionaalne silmkoeline padi talla keskosas stabiilse sobivuse tagamiseks<\/li>\n<li>vasaku ja parema jala m\u00e4rgistus optimaalse sobivuse tagamiseks<\/li>\n<li>keskmine pehmendus \u2013 tasakaalustab soojust ja pakub kaitset k\u00fclmema ilma korral<\/li>\n<li>katab s\u00e4\u00e4re<\/li>\n<li>koostis: 54% meriinovill, 31% pol\u00fcamiid, 13% Primaloft<sup>\u00ae<\/sup> pol\u00fcester, 2% elastaan<\/li>\n<\/ul>\n<p><strong>Seisukord:<\/strong> uus<\/p>\n","protected":false},"excerpt":{"rendered":"<p>Thermowave Merino Performance Snow sokid on kujundatud vastupidavust ja mugavust silmas pidades. Need k\u00f5rgtehnoloogiliste kiudude ja meriinovilla unikaalse seguga sokid<\/p>\n","protected":false},"featured_media":99277,"template":"","meta":[],"product_brand":[],"product_cat":[197],"product_tag":[],"class_list":{"0":"post-99286","1":"product","2":"type-product","3":"status-publish","4":"has-post-thumbnail","6":"product_cat-sokid-saarised","7":"pa_brand-thermowave-2","8":"pa_size-l-uk95-12-eu44-47-2","9":"pa_size-m-uk65-9-eu40-43-2","11":"first","12":"instock","13":"taxable","14":"shipping-taxable","15":"purchasable","16":"product-type-variable"},"yoast_head":"<!-- This site is optimized with the Yoast SEO plugin v27.2 - https:\/\/yoast.com\/product\/yoast-seo-wordpress\/ -->\n<title>Thermowave\u00ae sokid Unisex Merino Performance Snow Socks - Outdoors<\/title>\n<meta name=\"robots\" content=\"index, follow, max-snippet:-1, max-image-preview:large, max-video-preview:-1\" \/>\n<link rel=\"canonical\" href=\"https:\/\/www.outdoors.ee\/et\/toode\/sokid-unisex-merino-performance-snow-socks\/\" \/>\n<meta property=\"og:locale\" content=\"et_EE\" \/>\n<meta property=\"og:type\" content=\"article\" \/>\n<meta property=\"og:title\" content=\"Thermowave\u00ae sokid Unisex Merino Performance Snow Socks - Outdoors\" \/>\n<meta property=\"og:description\" content=\"Thermowave Merino Performance Snow sokid on kujundatud vastupidavust ja mugavust silmas pidades. Need k\u00f5rgtehnoloogiliste kiudude ja meriinovilla unikaalse seguga sokid\" \/>\n<meta property=\"og:url\" content=\"https:\/\/www.outdoors.ee\/et\/toode\/sokid-unisex-merino-performance-snow-socks\/\" \/>\n<meta property=\"og:site_name\" content=\"Outdoors\" \/>\n<meta property=\"article:modified_time\" content=\"2025-10-20T14:01:39+00:00\" \/>\n<meta property=\"og:image\" content=\"https:\/\/www.outdoors.ee\/wp-content\/uploads\/2025\/01\/12KOJA111-991-Thermowave\u00ae-Unisex-Merino-Performance-Snow-Socks-1.jpg\" \/>\n\t<meta property=\"og:image:width\" content=\"1100\" \/>\n\t<meta property=\"og:image:height\" content=\"1283\" \/>\n\t<meta property=\"og:image:type\" content=\"image\/jpeg\" \/>\n<meta name=\"twitter:card\" content=\"summary_large_image\" \/>\n<meta name=\"twitter:label1\" content=\"Est. reading time\" \/>\n\t<meta name=\"twitter:data1\" content=\"1 minut\" \/>\n<script type=\"application\/ld+json\" class=\"yoast-schema-graph\">{\"@context\":\"https:\/\/schema.org\",\"@graph\":[{\"@type\":\"WebPage\",\"@id\":\"https:\/\/www.outdoors.ee\/et\/toode\/sokid-unisex-merino-performance-snow-socks\/\",\"url\":\"https:\/\/www.outdoors.ee\/et\/toode\/sokid-unisex-merino-performance-snow-socks\/\",\"name\":\"Thermowave\u00ae sokid Unisex Merino Performance Snow Socks - Outdoors\",\"isPartOf\":{\"@id\":\"https:\/\/www.outdoors.ee\/#website\"},\"primaryImageOfPage\":{\"@id\":\"https:\/\/www.outdoors.ee\/et\/toode\/sokid-unisex-merino-performance-snow-socks\/#primaryimage\"},\"image\":{\"@id\":\"https:\/\/www.outdoors.ee\/et\/toode\/sokid-unisex-merino-performance-snow-socks\/#primaryimage\"},\"thumbnailUrl\":\"https:\/\/www.outdoors.ee\/wp-content\/uploads\/2025\/01\/12KOJA111-991-Thermowave\u00ae-Unisex-Merino-Performance-Snow-Socks-1.jpg\",\"datePublished\":\"2025-01-20T17:41:43+00:00\",\"dateModified\":\"2025-10-20T14:01:39+00:00\",\"breadcrumb\":{\"@id\":\"https:\/\/www.outdoors.ee\/et\/toode\/sokid-unisex-merino-performance-snow-socks\/#breadcrumb\"},\"inLanguage\":\"et\",\"potentialAction\":[{\"@type\":\"ReadAction\",\"target\":[\"https:\/\/www.outdoors.ee\/et\/toode\/sokid-unisex-merino-performance-snow-socks\/\"]}]},{\"@type\":\"ImageObject\",\"inLanguage\":\"et\",\"@id\":\"https:\/\/www.outdoors.ee\/et\/toode\/sokid-unisex-merino-performance-snow-socks\/#primaryimage\",\"url\":\"https:\/\/www.outdoors.ee\/wp-content\/uploads\/2025\/01\/12KOJA111-991-Thermowave\u00ae-Unisex-Merino-Performance-Snow-Socks-1.jpg\",\"contentUrl\":\"https:\/\/www.outdoors.ee\/wp-content\/uploads\/2025\/01\/12KOJA111-991-Thermowave\u00ae-Unisex-Merino-Performance-Snow-Socks-1.jpg\",\"width\":1100,\"height\":1283},{\"@type\":\"BreadcrumbList\",\"@id\":\"https:\/\/www.outdoors.ee\/et\/toode\/sokid-unisex-merino-performance-snow-socks\/#breadcrumb\",\"itemListElement\":[{\"@type\":\"ListItem\",\"position\":1,\"name\":\"Home\",\"item\":\"https:\/\/www.outdoors.ee\/et\/\"},{\"@type\":\"ListItem\",\"position\":2,\"name\":\"Tooted\",\"item\":\"https:\/\/www.outdoors.ee\/products\/\"},{\"@type\":\"ListItem\",\"position\":3,\"name\":\"Thermowave\u00ae sokid Unisex Merino Performance Snow Socks\"}]},{\"@type\":\"WebSite\",\"@id\":\"https:\/\/www.outdoors.ee\/#website\",\"url\":\"https:\/\/www.outdoors.ee\/\",\"name\":\"Outdoors\",\"description\":\"Genuine military surplus and not only!\",\"potentialAction\":[{\"@type\":\"SearchAction\",\"target\":{\"@type\":\"EntryPoint\",\"urlTemplate\":\"https:\/\/www.outdoors.ee\/?s={search_term_string}\"},\"query-input\":{\"@type\":\"PropertyValueSpecification\",\"valueRequired\":true,\"valueName\":\"search_term_string\"}}],\"inLanguage\":\"et\"}]}<\/script>\n<!-- \/ Yoast SEO plugin. -->","yoast_head_json":{"title":"Thermowave\u00ae sokid Unisex Merino Performance Snow Socks - Outdoors","robots":{"index":"index","follow":"follow","max-snippet":"max-snippet:-1","max-image-preview":"max-image-preview:large","max-video-preview":"max-video-preview:-1"},"canonical":"https:\/\/www.outdoors.ee\/et\/toode\/sokid-unisex-merino-performance-snow-socks\/","og_locale":"et_EE","og_type":"article","og_title":"Thermowave\u00ae sokid Unisex Merino Performance Snow Socks - Outdoors","og_description":"Thermowave Merino Performance Snow sokid on kujundatud vastupidavust ja mugavust silmas pidades. Need k\u00f5rgtehnoloogiliste kiudude ja meriinovilla unikaalse seguga sokid","og_url":"https:\/\/www.outdoors.ee\/et\/toode\/sokid-unisex-merino-performance-snow-socks\/","og_site_name":"Outdoors","article_modified_time":"2025-10-20T14:01:39+00:00","og_image":[{"width":1100,"height":1283,"url":"https:\/\/www.outdoors.ee\/wp-content\/uploads\/2025\/01\/12KOJA111-991-Thermowave\u00ae-Unisex-Merino-Performance-Snow-Socks-1.jpg","type":"image\/jpeg"}],"twitter_card":"summary_large_image","twitter_misc":{"Est. reading time":"1 minut"},"schema":{"@context":"https:\/\/schema.org","@graph":[{"@type":"WebPage","@id":"https:\/\/www.outdoors.ee\/et\/toode\/sokid-unisex-merino-performance-snow-socks\/","url":"https:\/\/www.outdoors.ee\/et\/toode\/sokid-unisex-merino-performance-snow-socks\/","name":"Thermowave\u00ae sokid Unisex Merino Performance Snow Socks - Outdoors","isPartOf":{"@id":"https:\/\/www.outdoors.ee\/#website"},"primaryImageOfPage":{"@id":"https:\/\/www.outdoors.ee\/et\/toode\/sokid-unisex-merino-performance-snow-socks\/#primaryimage"},"image":{"@id":"https:\/\/www.outdoors.ee\/et\/toode\/sokid-unisex-merino-performance-snow-socks\/#primaryimage"},"thumbnailUrl":"https:\/\/www.outdoors.ee\/wp-content\/uploads\/2025\/01\/12KOJA111-991-Thermowave\u00ae-Unisex-Merino-Performance-Snow-Socks-1.jpg","datePublished":"2025-01-20T17:41:43+00:00","dateModified":"2025-10-20T14:01:39+00:00","breadcrumb":{"@id":"https:\/\/www.outdoors.ee\/et\/toode\/sokid-unisex-merino-performance-snow-socks\/#breadcrumb"},"inLanguage":"et","potentialAction":[{"@type":"ReadAction","target":["https:\/\/www.outdoors.ee\/et\/toode\/sokid-unisex-merino-performance-snow-socks\/"]}]},{"@type":"ImageObject","inLanguage":"et","@id":"https:\/\/www.outdoors.ee\/et\/toode\/sokid-unisex-merino-performance-snow-socks\/#primaryimage","url":"https:\/\/www.outdoors.ee\/wp-content\/uploads\/2025\/01\/12KOJA111-991-Thermowave\u00ae-Unisex-Merino-Performance-Snow-Socks-1.jpg","contentUrl":"https:\/\/www.outdoors.ee\/wp-content\/uploads\/2025\/01\/12KOJA111-991-Thermowave\u00ae-Unisex-Merino-Performance-Snow-Socks-1.jpg","width":1100,"height":1283},{"@type":"BreadcrumbList","@id":"https:\/\/www.outdoors.ee\/et\/toode\/sokid-unisex-merino-performance-snow-socks\/#breadcrumb","itemListElement":[{"@type":"ListItem","position":1,"name":"Home","item":"https:\/\/www.outdoors.ee\/et\/"},{"@type":"ListItem","position":2,"name":"Tooted","item":"https:\/\/www.outdoors.ee\/products\/"},{"@type":"ListItem","position":3,"name":"Thermowave\u00ae sokid Unisex Merino Performance Snow Socks"}]},{"@type":"WebSite","@id":"https:\/\/www.outdoors.ee\/#website","url":"https:\/\/www.outdoors.ee\/","name":"Outdoors","description":"Genuine military surplus and not only!","potentialAction":[{"@type":"SearchAction","target":{"@type":"EntryPoint","urlTemplate":"https:\/\/www.outdoors.ee\/?s={search_term_string}"},"query-input":{"@type":"PropertyValueSpecification","valueRequired":true,"valueName":"search_term_string"}}],"inLanguage":"et"}]}},"_links":{"self":[{"href":"https:\/\/www.outdoors.ee\/et\/wp-json\/wp\/v2\/product\/99286","targetHints":{"allow":["GET"]}}],"collection":[{"href":"https:\/\/www.outdoors.ee\/et\/wp-json\/wp\/v2\/product"}],"about":[{"href":"https:\/\/www.outdoors.ee\/et\/wp-json\/wp\/v2\/types\/product"}],"wp:featuredmedia":[{"embeddable":true,"href":"https:\/\/www.outdoors.ee\/et\/wp-json\/wp\/v2\/media\/99277"}],"wp:attachment":[{"href":"https:\/\/www.outdoors.ee\/et\/wp-json\/wp\/v2\/media?parent=99286"}],"wp:term":[{"taxonomy":"product_brand","embeddable":true,"href":"https:\/\/www.outdoors.ee\/et\/wp-json\/wp\/v2\/product_brand?post=99286"},{"taxonomy":"product_cat","embeddable":true,"href":"https:\/\/www.outdoors.ee\/et\/wp-json\/wp\/v2\/product_cat?post=99286"},{"taxonomy":"product_tag","embeddable":true,"href":"https:\/\/www.outdoors.ee\/et\/wp-json\/wp\/v2\/product_tag?post=99286"}],"curies":[{"name":"wp","href":"https:\/\/api.w.org\/{rel}","templated":true}]}}