{"id":99159,"date":"2025-01-17T19:30:36","date_gmt":"2025-01-17T17:30:36","guid":{"rendered":"https:\/\/www.outdoors.ee\/?post_type=product&#038;p=99159"},"modified":"2025-08-08T21:40:15","modified_gmt":"2025-08-08T18:40:15","slug":"austria-armee-muts-boonie-hat-olive","status":"publish","type":"product","link":"https:\/\/www.outdoors.ee\/et\/toode\/austria-armee-muts-boonie-hat-olive\/","title":{"rendered":"Austria Armee m\u00fcts Boonie Hat Olive"},"content":{"rendered":"<p><strong>Omadused:<\/strong><\/p>\n<ul>\n<li>Austria s\u00f5jav\u00e4e originaal<\/li>\n<li>hingav ning kerge materjal<\/li>\n<li>pakub kaitset p\u00e4ikese ning kerge vihma vastu<\/li>\n<li>paelaga \u00fcmber<\/li>\n<li>reguleeritav pingutusn\u00f6\u00f6r<\/li>\n<li>materjal. V\u00e4lis: 65% pol\u00fcester, 35% puuvill. Sisevooder: 50% pol\u00fcester, 50% puuvill<\/li>\n<\/ul>\n<p><strong>Seisukord: <\/strong>Uus (ilma j\u00e4em\u00fc\u00fcgipakendita, v\u00f5ib sisaldada hulgiladustamise j\u00e4lgi)<\/p>\n","protected":false},"excerpt":{"rendered":"<p>Omadused: Austria s\u00f5jav\u00e4e originaal hingav ning kerge materjal pakub kaitset p\u00e4ikese ning kerge vihma vastu paelaga \u00fcmber reguleeritav pingutusn\u00f6\u00f6r materjal.<\/p>\n","protected":false},"featured_media":99165,"template":"","meta":[],"product_brand":[],"product_cat":[128],"product_tag":[],"class_list":{"0":"post-99159","1":"product","2":"type-product","3":"status-publish","4":"has-post-thumbnail","6":"product_cat-peakatted","7":"pa_brand-austrian-military-surplus","8":"pa_size-55-56-et","9":"pa_size-57-58-2","10":"pa_size-59-60-2","12":"first","13":"instock","14":"taxable","15":"shipping-taxable","16":"purchasable","17":"product-type-variable"},"yoast_head":"<!-- This site is optimized with the Yoast SEO plugin v27.2 - https:\/\/yoast.com\/product\/yoast-seo-wordpress\/ -->\n<title>Austria Armee m\u00fcts Boonie Hat Olive - Outdoors<\/title>\n<meta name=\"robots\" content=\"index, follow, max-snippet:-1, max-image-preview:large, max-video-preview:-1\" \/>\n<link rel=\"canonical\" href=\"https:\/\/www.outdoors.ee\/toode\/austrian-army-boonie-hat-olive\/\" \/>\n<meta property=\"og:locale\" content=\"et_EE\" \/>\n<meta property=\"og:type\" content=\"article\" \/>\n<meta property=\"og:title\" content=\"Austria Armee m\u00fcts Boonie Hat Olive - Outdoors\" \/>\n<meta property=\"og:description\" content=\"Omadused: Austria s\u00f5jav\u00e4e originaal hingav ning kerge materjal pakub kaitset p\u00e4ikese ning kerge vihma vastu paelaga \u00fcmber reguleeritav pingutusn\u00f6\u00f6r materjal.\" \/>\n<meta property=\"og:url\" content=\"https:\/\/www.outdoors.ee\/toode\/austrian-army-boonie-hat-olive\/\" \/>\n<meta property=\"og:site_name\" content=\"Outdoors\" \/>\n<meta property=\"article:modified_time\" content=\"2025-08-08T18:40:15+00:00\" \/>\n<meta property=\"og:image\" content=\"https:\/\/www.outdoors.ee\/wp-content\/uploads\/2025\/01\/1427-Austrian-Army-Boonie-Hat-Olive-3.png\" \/>\n\t<meta property=\"og:image:width\" content=\"940\" \/>\n\t<meta property=\"og:image:height\" content=\"1010\" \/>\n\t<meta property=\"og:image:type\" content=\"image\/png\" \/>\n<meta name=\"twitter:card\" content=\"summary_large_image\" \/>\n<meta name=\"twitter:label1\" content=\"Est. reading time\" \/>\n\t<meta name=\"twitter:data1\" content=\"1 minut\" \/>\n<script type=\"application\/ld+json\" class=\"yoast-schema-graph\">{\"@context\":\"https:\/\/schema.org\",\"@graph\":[{\"@type\":\"WebPage\",\"@id\":\"https:\/\/www.outdoors.ee\/toode\/austrian-army-boonie-hat-olive\/\",\"url\":\"https:\/\/www.outdoors.ee\/toode\/austrian-army-boonie-hat-olive\/\",\"name\":\"Austria Armee m\u00fcts Boonie Hat Olive - Outdoors\",\"isPartOf\":{\"@id\":\"https:\/\/www.outdoors.ee\/#website\"},\"primaryImageOfPage\":{\"@id\":\"https:\/\/www.outdoors.ee\/toode\/austrian-army-boonie-hat-olive\/#primaryimage\"},\"image\":{\"@id\":\"https:\/\/www.outdoors.ee\/toode\/austrian-army-boonie-hat-olive\/#primaryimage\"},\"thumbnailUrl\":\"https:\/\/www.outdoors.ee\/wp-content\/uploads\/2025\/01\/1427-Austrian-Army-Boonie-Hat-Olive-3.png\",\"datePublished\":\"2025-01-17T17:30:36+00:00\",\"dateModified\":\"2025-08-08T18:40:15+00:00\",\"breadcrumb\":{\"@id\":\"https:\/\/www.outdoors.ee\/toode\/austrian-army-boonie-hat-olive\/#breadcrumb\"},\"inLanguage\":\"et\",\"potentialAction\":[{\"@type\":\"ReadAction\",\"target\":[\"https:\/\/www.outdoors.ee\/toode\/austrian-army-boonie-hat-olive\/\"]}]},{\"@type\":\"ImageObject\",\"inLanguage\":\"et\",\"@id\":\"https:\/\/www.outdoors.ee\/toode\/austrian-army-boonie-hat-olive\/#primaryimage\",\"url\":\"https:\/\/www.outdoors.ee\/wp-content\/uploads\/2025\/01\/1427-Austrian-Army-Boonie-Hat-Olive-3.png\",\"contentUrl\":\"https:\/\/www.outdoors.ee\/wp-content\/uploads\/2025\/01\/1427-Austrian-Army-Boonie-Hat-Olive-3.png\",\"width\":940,\"height\":1010},{\"@type\":\"BreadcrumbList\",\"@id\":\"https:\/\/www.outdoors.ee\/toode\/austrian-army-boonie-hat-olive\/#breadcrumb\",\"itemListElement\":[{\"@type\":\"ListItem\",\"position\":1,\"name\":\"Home\",\"item\":\"https:\/\/www.outdoors.ee\/et\/\"},{\"@type\":\"ListItem\",\"position\":2,\"name\":\"Tooted\",\"item\":\"https:\/\/www.outdoors.ee\/products\/\"},{\"@type\":\"ListItem\",\"position\":3,\"name\":\"Austria Armee m\u00fcts Boonie Hat Olive\"}]},{\"@type\":\"WebSite\",\"@id\":\"https:\/\/www.outdoors.ee\/#website\",\"url\":\"https:\/\/www.outdoors.ee\/\",\"name\":\"Outdoors\",\"description\":\"Genuine military surplus and not only!\",\"potentialAction\":[{\"@type\":\"SearchAction\",\"target\":{\"@type\":\"EntryPoint\",\"urlTemplate\":\"https:\/\/www.outdoors.ee\/?s={search_term_string}\"},\"query-input\":{\"@type\":\"PropertyValueSpecification\",\"valueRequired\":true,\"valueName\":\"search_term_string\"}}],\"inLanguage\":\"et\"}]}<\/script>\n<!-- \/ Yoast SEO plugin. -->","yoast_head_json":{"title":"Austria Armee m\u00fcts Boonie Hat Olive - Outdoors","robots":{"index":"index","follow":"follow","max-snippet":"max-snippet:-1","max-image-preview":"max-image-preview:large","max-video-preview":"max-video-preview:-1"},"canonical":"https:\/\/www.outdoors.ee\/toode\/austrian-army-boonie-hat-olive\/","og_locale":"et_EE","og_type":"article","og_title":"Austria Armee m\u00fcts Boonie Hat Olive - Outdoors","og_description":"Omadused: Austria s\u00f5jav\u00e4e originaal hingav ning kerge materjal pakub kaitset p\u00e4ikese ning kerge vihma vastu paelaga \u00fcmber reguleeritav pingutusn\u00f6\u00f6r materjal.","og_url":"https:\/\/www.outdoors.ee\/toode\/austrian-army-boonie-hat-olive\/","og_site_name":"Outdoors","article_modified_time":"2025-08-08T18:40:15+00:00","og_image":[{"width":940,"height":1010,"url":"https:\/\/www.outdoors.ee\/wp-content\/uploads\/2025\/01\/1427-Austrian-Army-Boonie-Hat-Olive-3.png","type":"image\/png"}],"twitter_card":"summary_large_image","twitter_misc":{"Est. reading time":"1 minut"},"schema":{"@context":"https:\/\/schema.org","@graph":[{"@type":"WebPage","@id":"https:\/\/www.outdoors.ee\/toode\/austrian-army-boonie-hat-olive\/","url":"https:\/\/www.outdoors.ee\/toode\/austrian-army-boonie-hat-olive\/","name":"Austria Armee m\u00fcts Boonie Hat Olive - Outdoors","isPartOf":{"@id":"https:\/\/www.outdoors.ee\/#website"},"primaryImageOfPage":{"@id":"https:\/\/www.outdoors.ee\/toode\/austrian-army-boonie-hat-olive\/#primaryimage"},"image":{"@id":"https:\/\/www.outdoors.ee\/toode\/austrian-army-boonie-hat-olive\/#primaryimage"},"thumbnailUrl":"https:\/\/www.outdoors.ee\/wp-content\/uploads\/2025\/01\/1427-Austrian-Army-Boonie-Hat-Olive-3.png","datePublished":"2025-01-17T17:30:36+00:00","dateModified":"2025-08-08T18:40:15+00:00","breadcrumb":{"@id":"https:\/\/www.outdoors.ee\/toode\/austrian-army-boonie-hat-olive\/#breadcrumb"},"inLanguage":"et","potentialAction":[{"@type":"ReadAction","target":["https:\/\/www.outdoors.ee\/toode\/austrian-army-boonie-hat-olive\/"]}]},{"@type":"ImageObject","inLanguage":"et","@id":"https:\/\/www.outdoors.ee\/toode\/austrian-army-boonie-hat-olive\/#primaryimage","url":"https:\/\/www.outdoors.ee\/wp-content\/uploads\/2025\/01\/1427-Austrian-Army-Boonie-Hat-Olive-3.png","contentUrl":"https:\/\/www.outdoors.ee\/wp-content\/uploads\/2025\/01\/1427-Austrian-Army-Boonie-Hat-Olive-3.png","width":940,"height":1010},{"@type":"BreadcrumbList","@id":"https:\/\/www.outdoors.ee\/toode\/austrian-army-boonie-hat-olive\/#breadcrumb","itemListElement":[{"@type":"ListItem","position":1,"name":"Home","item":"https:\/\/www.outdoors.ee\/et\/"},{"@type":"ListItem","position":2,"name":"Tooted","item":"https:\/\/www.outdoors.ee\/products\/"},{"@type":"ListItem","position":3,"name":"Austria Armee m\u00fcts Boonie Hat Olive"}]},{"@type":"WebSite","@id":"https:\/\/www.outdoors.ee\/#website","url":"https:\/\/www.outdoors.ee\/","name":"Outdoors","description":"Genuine military surplus and not only!","potentialAction":[{"@type":"SearchAction","target":{"@type":"EntryPoint","urlTemplate":"https:\/\/www.outdoors.ee\/?s={search_term_string}"},"query-input":{"@type":"PropertyValueSpecification","valueRequired":true,"valueName":"search_term_string"}}],"inLanguage":"et"}]}},"_links":{"self":[{"href":"https:\/\/www.outdoors.ee\/et\/wp-json\/wp\/v2\/product\/99159","targetHints":{"allow":["GET"]}}],"collection":[{"href":"https:\/\/www.outdoors.ee\/et\/wp-json\/wp\/v2\/product"}],"about":[{"href":"https:\/\/www.outdoors.ee\/et\/wp-json\/wp\/v2\/types\/product"}],"wp:featuredmedia":[{"embeddable":true,"href":"https:\/\/www.outdoors.ee\/et\/wp-json\/wp\/v2\/media\/99165"}],"wp:attachment":[{"href":"https:\/\/www.outdoors.ee\/et\/wp-json\/wp\/v2\/media?parent=99159"}],"wp:term":[{"taxonomy":"product_brand","embeddable":true,"href":"https:\/\/www.outdoors.ee\/et\/wp-json\/wp\/v2\/product_brand?post=99159"},{"taxonomy":"product_cat","embeddable":true,"href":"https:\/\/www.outdoors.ee\/et\/wp-json\/wp\/v2\/product_cat?post=99159"},{"taxonomy":"product_tag","embeddable":true,"href":"https:\/\/www.outdoors.ee\/et\/wp-json\/wp\/v2\/product_tag?post=99159"}],"curies":[{"name":"wp","href":"https:\/\/api.w.org\/{rel}","templated":true}]}}