{"id":98801,"date":"2024-12-30T12:05:35","date_gmt":"2024-12-30T10:05:35","guid":{"rendered":"https:\/\/www.outdoors.ee\/?post_type=product&#038;p=98801"},"modified":"2026-04-23T19:23:02","modified_gmt":"2026-04-23T16:23:02","slug":"sveitsi-armee-ks-leicht-gtx-saapad","status":"publish","type":"product","link":"https:\/\/www.outdoors.ee\/et\/toode\/sveitsi-armee-ks-leicht-gtx-saapad\/","title":{"rendered":"\u0160veitsi Armee KS Leicht GTX saapad"},"content":{"rendered":"<p>Uus (kerge) \u0160veitsi s\u00f5jav\u00e4e saabas, mis on tunnistatud sobilikuks lahing\u00fclesannete t\u00e4itmiseks nii asustatud piirkonna kui raskendatud v\u00e4litingimustes Kesk-Euroopa kliimas.<\/p>\n<p><strong>Omadused:<\/strong><\/p>\n<ul>\n<li>\u0160veitsi s\u00f5jav\u00e4e originaal<\/li>\n<li>pealne: 2.0 &#8211; 2.2mm paks, vetth\u00fclgava t\u00f6\u00f6tlusega, hingav (5.0 mg\/cm2\/h) nubuknahk<\/li>\n<li>sisevooder: Gore-Tex\u00ae Performance laminaat, kulumiskindel, vetth\u00fclgav ning h\u00e4sti hingav<\/li>\n<li>sisetald: s\u00fcnteetiline, eemaldatav<\/li>\n<li>vahetald: torkekindel (teravad kivid jmt), p\u00f5rutustneelav<\/li>\n<li>v\u00e4listald: Vibram\u00ae patenteeritud mustriga, kulumiskindel, libisemisvastane, \u00f5li- ning k\u00fctusekindel<\/li>\n<li>kahetsooniline, kinnise r\u00f5ngaga paelas\u00fcsteem liikuva fiksaatoriga<\/li>\n<li>tugev kummirant nina- ning kannapiirkonnas<\/li>\n<li>h\u00fcppeliigese kaitse<\/li>\n<li>paelatasku<\/li>\n<li>riputusaas<\/li>\n<li>k\u00f5rgus: ca 17cm (suurus 270)<\/li>\n<li>hooaeg: kevad, suvi, s\u00fcgis<\/li>\n<li>toodetud \u0160veitsi s\u00f5jav\u00e4e tarbeks v\u00e4hemalt 4 erineva tarnija poolt: Haix, Lowa, Meindl and Minerva<\/li>\n<li>originaal suurus Mondopoint s\u00fcsteemis ning 2 laiuse variandis: N \u2013 tavaline, B \u2013 lai<\/li>\n<\/ul>\n<p><strong>Seisukord:<\/strong><\/p>\n<ul>\n<li>uus (ilma originaalkarbita, v\u00f5ivad sisaldada hulgiladustamise j\u00e4lgi)<\/li>\n<li>uuev\u00e4\u00e4rne (sisaldavad kergeid kulumisj\u00e4lgi)<\/li>\n<li>kasutatud, Grade 1 (sisaldavad m\u00f5\u00f5dukaid kulumisj\u00e4lgi, v\u00f5ivad sisaldada v\u00e4ikseid vigastusi, sisetallad v\u00f5ivad olla eemaldatud)<\/li>\n<\/ul>\n","protected":false},"excerpt":{"rendered":"<p>\u0160veitsi Armee Kampfstiefel Leicht GTX saapad, pruun<\/p>\n","protected":false},"featured_media":98789,"template":"","meta":[],"product_brand":[],"product_cat":[70],"product_tag":[],"class_list":{"0":"post-98801","1":"product","2":"type-product","3":"status-publish","4":"has-post-thumbnail","6":"product_cat-jalanoud","7":"pa_brand-swiss-military-surplus","8":"pa_condition-kasutatud-grade-1","9":"pa_condition-uuevaarne","10":"pa_size-240b-2","11":"pa_size-240n-2","12":"pa_size-245b-2","13":"pa_size-245n-2","14":"pa_size-250b-3","15":"pa_size-250n-2","16":"pa_size-255b-2","17":"pa_size-255n-2","18":"pa_size-260b-2","19":"pa_size-260n-2","20":"pa_size-265b-2","21":"pa_size-265n-2","22":"pa_size-270b-2","23":"pa_size-270n-2","24":"pa_size-275b-3","25":"pa_size-275n-2","26":"pa_size-280b-3","27":"pa_size-280n-2","28":"pa_size-285b-2","29":"pa_size-285n-2","30":"pa_size-290b-2-2","31":"pa_size-290n-2","32":"pa_size-295b-2","33":"pa_size-295n-2","34":"pa_size-300b-2","35":"pa_size-300n-2","36":"pa_size-305b-2","37":"pa_size-305n-2","38":"pa_size-310b-2","39":"pa_size-310n-2","41":"first","42":"instock","43":"taxable","44":"shipping-taxable","45":"purchasable","46":"product-type-variable"},"yoast_head":"<!-- This site is optimized with the Yoast SEO plugin v27.2 - https:\/\/yoast.com\/product\/yoast-seo-wordpress\/ -->\n<title>\u0160veitsi Armee KS Leicht GTX saapad - Outdoors<\/title>\n<meta name=\"robots\" content=\"index, follow, max-snippet:-1, max-image-preview:large, max-video-preview:-1\" \/>\n<link rel=\"canonical\" href=\"https:\/\/www.outdoors.ee\/et\/toode\/sveitsi-armee-ks-leicht-gtx-saapad\/\" \/>\n<meta property=\"og:locale\" content=\"et_EE\" \/>\n<meta property=\"og:type\" content=\"article\" \/>\n<meta property=\"og:title\" content=\"\u0160veitsi Armee KS Leicht GTX saapad - Outdoors\" \/>\n<meta property=\"og:description\" content=\"\u0160veitsi Armee Kampfstiefel Leicht GTX saapad, pruun\" \/>\n<meta property=\"og:url\" content=\"https:\/\/www.outdoors.ee\/et\/toode\/sveitsi-armee-ks-leicht-gtx-saapad\/\" \/>\n<meta property=\"og:site_name\" content=\"Outdoors\" \/>\n<meta property=\"article:modified_time\" content=\"2026-04-23T16:23:02+00:00\" \/>\n<meta property=\"og:image\" content=\"https:\/\/www.outdoors.ee\/wp-content\/uploads\/2024\/12\/2835-Swiss-Army-KS-Leicht-GTX-Boots-1.png\" \/>\n\t<meta property=\"og:image:width\" content=\"800\" \/>\n\t<meta property=\"og:image:height\" content=\"857\" \/>\n\t<meta property=\"og:image:type\" content=\"image\/png\" \/>\n<meta name=\"twitter:card\" content=\"summary_large_image\" \/>\n<meta name=\"twitter:label1\" content=\"Est. reading time\" \/>\n\t<meta name=\"twitter:data1\" content=\"1 minut\" \/>\n<script type=\"application\/ld+json\" class=\"yoast-schema-graph\">{\"@context\":\"https:\/\/schema.org\",\"@graph\":[{\"@type\":\"WebPage\",\"@id\":\"https:\/\/www.outdoors.ee\/et\/toode\/sveitsi-armee-ks-leicht-gtx-saapad\/\",\"url\":\"https:\/\/www.outdoors.ee\/et\/toode\/sveitsi-armee-ks-leicht-gtx-saapad\/\",\"name\":\"\u0160veitsi Armee KS Leicht GTX saapad - Outdoors\",\"isPartOf\":{\"@id\":\"https:\/\/www.outdoors.ee\/#website\"},\"primaryImageOfPage\":{\"@id\":\"https:\/\/www.outdoors.ee\/et\/toode\/sveitsi-armee-ks-leicht-gtx-saapad\/#primaryimage\"},\"image\":{\"@id\":\"https:\/\/www.outdoors.ee\/et\/toode\/sveitsi-armee-ks-leicht-gtx-saapad\/#primaryimage\"},\"thumbnailUrl\":\"https:\/\/www.outdoors.ee\/wp-content\/uploads\/2024\/12\/2835-Swiss-Army-KS-Leicht-GTX-Boots-1.png\",\"datePublished\":\"2024-12-30T10:05:35+00:00\",\"dateModified\":\"2026-04-23T16:23:02+00:00\",\"breadcrumb\":{\"@id\":\"https:\/\/www.outdoors.ee\/et\/toode\/sveitsi-armee-ks-leicht-gtx-saapad\/#breadcrumb\"},\"inLanguage\":\"et\",\"potentialAction\":[{\"@type\":\"ReadAction\",\"target\":[\"https:\/\/www.outdoors.ee\/et\/toode\/sveitsi-armee-ks-leicht-gtx-saapad\/\"]}]},{\"@type\":\"ImageObject\",\"inLanguage\":\"et\",\"@id\":\"https:\/\/www.outdoors.ee\/et\/toode\/sveitsi-armee-ks-leicht-gtx-saapad\/#primaryimage\",\"url\":\"https:\/\/www.outdoors.ee\/wp-content\/uploads\/2024\/12\/2835-Swiss-Army-KS-Leicht-GTX-Boots-1.png\",\"contentUrl\":\"https:\/\/www.outdoors.ee\/wp-content\/uploads\/2024\/12\/2835-Swiss-Army-KS-Leicht-GTX-Boots-1.png\",\"width\":800,\"height\":857},{\"@type\":\"BreadcrumbList\",\"@id\":\"https:\/\/www.outdoors.ee\/et\/toode\/sveitsi-armee-ks-leicht-gtx-saapad\/#breadcrumb\",\"itemListElement\":[{\"@type\":\"ListItem\",\"position\":1,\"name\":\"Home\",\"item\":\"https:\/\/www.outdoors.ee\/et\/\"},{\"@type\":\"ListItem\",\"position\":2,\"name\":\"Tooted\",\"item\":\"https:\/\/www.outdoors.ee\/products\/\"},{\"@type\":\"ListItem\",\"position\":3,\"name\":\"\u0160veitsi Armee KS Leicht GTX saapad\"}]},{\"@type\":\"WebSite\",\"@id\":\"https:\/\/www.outdoors.ee\/#website\",\"url\":\"https:\/\/www.outdoors.ee\/\",\"name\":\"Outdoors\",\"description\":\"Genuine military surplus and not only!\",\"potentialAction\":[{\"@type\":\"SearchAction\",\"target\":{\"@type\":\"EntryPoint\",\"urlTemplate\":\"https:\/\/www.outdoors.ee\/?s={search_term_string}\"},\"query-input\":{\"@type\":\"PropertyValueSpecification\",\"valueRequired\":true,\"valueName\":\"search_term_string\"}}],\"inLanguage\":\"et\"}]}<\/script>\n<!-- \/ Yoast SEO plugin. -->","yoast_head_json":{"title":"\u0160veitsi Armee KS Leicht GTX saapad - Outdoors","robots":{"index":"index","follow":"follow","max-snippet":"max-snippet:-1","max-image-preview":"max-image-preview:large","max-video-preview":"max-video-preview:-1"},"canonical":"https:\/\/www.outdoors.ee\/et\/toode\/sveitsi-armee-ks-leicht-gtx-saapad\/","og_locale":"et_EE","og_type":"article","og_title":"\u0160veitsi Armee KS Leicht GTX saapad - Outdoors","og_description":"\u0160veitsi Armee Kampfstiefel Leicht GTX saapad, pruun","og_url":"https:\/\/www.outdoors.ee\/et\/toode\/sveitsi-armee-ks-leicht-gtx-saapad\/","og_site_name":"Outdoors","article_modified_time":"2026-04-23T16:23:02+00:00","og_image":[{"width":800,"height":857,"url":"https:\/\/www.outdoors.ee\/wp-content\/uploads\/2024\/12\/2835-Swiss-Army-KS-Leicht-GTX-Boots-1.png","type":"image\/png"}],"twitter_card":"summary_large_image","twitter_misc":{"Est. reading time":"1 minut"},"schema":{"@context":"https:\/\/schema.org","@graph":[{"@type":"WebPage","@id":"https:\/\/www.outdoors.ee\/et\/toode\/sveitsi-armee-ks-leicht-gtx-saapad\/","url":"https:\/\/www.outdoors.ee\/et\/toode\/sveitsi-armee-ks-leicht-gtx-saapad\/","name":"\u0160veitsi Armee KS Leicht GTX saapad - Outdoors","isPartOf":{"@id":"https:\/\/www.outdoors.ee\/#website"},"primaryImageOfPage":{"@id":"https:\/\/www.outdoors.ee\/et\/toode\/sveitsi-armee-ks-leicht-gtx-saapad\/#primaryimage"},"image":{"@id":"https:\/\/www.outdoors.ee\/et\/toode\/sveitsi-armee-ks-leicht-gtx-saapad\/#primaryimage"},"thumbnailUrl":"https:\/\/www.outdoors.ee\/wp-content\/uploads\/2024\/12\/2835-Swiss-Army-KS-Leicht-GTX-Boots-1.png","datePublished":"2024-12-30T10:05:35+00:00","dateModified":"2026-04-23T16:23:02+00:00","breadcrumb":{"@id":"https:\/\/www.outdoors.ee\/et\/toode\/sveitsi-armee-ks-leicht-gtx-saapad\/#breadcrumb"},"inLanguage":"et","potentialAction":[{"@type":"ReadAction","target":["https:\/\/www.outdoors.ee\/et\/toode\/sveitsi-armee-ks-leicht-gtx-saapad\/"]}]},{"@type":"ImageObject","inLanguage":"et","@id":"https:\/\/www.outdoors.ee\/et\/toode\/sveitsi-armee-ks-leicht-gtx-saapad\/#primaryimage","url":"https:\/\/www.outdoors.ee\/wp-content\/uploads\/2024\/12\/2835-Swiss-Army-KS-Leicht-GTX-Boots-1.png","contentUrl":"https:\/\/www.outdoors.ee\/wp-content\/uploads\/2024\/12\/2835-Swiss-Army-KS-Leicht-GTX-Boots-1.png","width":800,"height":857},{"@type":"BreadcrumbList","@id":"https:\/\/www.outdoors.ee\/et\/toode\/sveitsi-armee-ks-leicht-gtx-saapad\/#breadcrumb","itemListElement":[{"@type":"ListItem","position":1,"name":"Home","item":"https:\/\/www.outdoors.ee\/et\/"},{"@type":"ListItem","position":2,"name":"Tooted","item":"https:\/\/www.outdoors.ee\/products\/"},{"@type":"ListItem","position":3,"name":"\u0160veitsi Armee KS Leicht GTX saapad"}]},{"@type":"WebSite","@id":"https:\/\/www.outdoors.ee\/#website","url":"https:\/\/www.outdoors.ee\/","name":"Outdoors","description":"Genuine military surplus and not only!","potentialAction":[{"@type":"SearchAction","target":{"@type":"EntryPoint","urlTemplate":"https:\/\/www.outdoors.ee\/?s={search_term_string}"},"query-input":{"@type":"PropertyValueSpecification","valueRequired":true,"valueName":"search_term_string"}}],"inLanguage":"et"}]}},"_links":{"self":[{"href":"https:\/\/www.outdoors.ee\/et\/wp-json\/wp\/v2\/product\/98801","targetHints":{"allow":["GET"]}}],"collection":[{"href":"https:\/\/www.outdoors.ee\/et\/wp-json\/wp\/v2\/product"}],"about":[{"href":"https:\/\/www.outdoors.ee\/et\/wp-json\/wp\/v2\/types\/product"}],"wp:featuredmedia":[{"embeddable":true,"href":"https:\/\/www.outdoors.ee\/et\/wp-json\/wp\/v2\/media\/98789"}],"wp:attachment":[{"href":"https:\/\/www.outdoors.ee\/et\/wp-json\/wp\/v2\/media?parent=98801"}],"wp:term":[{"taxonomy":"product_brand","embeddable":true,"href":"https:\/\/www.outdoors.ee\/et\/wp-json\/wp\/v2\/product_brand?post=98801"},{"taxonomy":"product_cat","embeddable":true,"href":"https:\/\/www.outdoors.ee\/et\/wp-json\/wp\/v2\/product_cat?post=98801"},{"taxonomy":"product_tag","embeddable":true,"href":"https:\/\/www.outdoors.ee\/et\/wp-json\/wp\/v2\/product_tag?post=98801"}],"curies":[{"name":"wp","href":"https:\/\/api.w.org\/{rel}","templated":true}]}}