{"id":98438,"date":"2024-12-18T16:03:43","date_gmt":"2024-12-18T14:03:43","guid":{"rendered":"https:\/\/www.outdoors.ee\/?post_type=product&#038;p=98438"},"modified":"2026-04-11T13:27:45","modified_gmt":"2026-04-11T10:27:45","slug":"aku-ks-schwer-14-gtx-n-saapad","status":"publish","type":"product","link":"https:\/\/www.outdoors.ee\/et\/toode\/aku-ks-schwer-14-gtx-n-saapad\/","title":{"rendered":"Aku\u00ae KS Schwer 14 GTX N saapad"},"content":{"rendered":"<p><strong>Omadused:<\/strong><\/p>\n<ul>\n<li>\u0160veitsi s\u00f5jav\u00e4e originaal<\/li>\n<li>robustne ja vastupidav, m\u00e4gisele maastikule sobiv jalats<\/li>\n<li>pakub rohkelt tuge ka raskelt koormatud kandja jalale<\/li>\n<li>2.6mm Perlwanger seemisnahk<\/li>\n<li>Gore-Tex\u00ae Insulated Comfort membraan<\/li>\n<li>k\u00f5rge kummirant suurendatud kulumiskindluse ning pikema eluea tagamiseks<\/li>\n<li>suletud r\u00f5ngaga paelas\u00fcsteem<\/li>\n<li>pehmendatud kaelus<\/li>\n<li>eemaldatav sisetald: Custom Fit Pro Alum footbed<\/li>\n<li>tugevdatud vahetald (klaaskiud)<\/li>\n<li>antistaatiline, kuumuse ning \u00f5likindelVibram\u00ae Four\u00e0 v\u00e4listald<\/li>\n<li>t\u00e4ispikkuses saapa k\u00fclge \u00f5mmeldud, pehmendatud saapakeel aasaga, mis teeb jalgapanemise mugavaks<\/li>\n<li>kaal ca. 2000g\/paar (suurus UK9\/EU43)<\/li>\n<li>toodetud kahes erinevas laiuses: N &#8211; tavaline, B &#8211; lai.<\/li>\n<\/ul>\n<p><strong>Seisukord<\/strong>:<\/p>\n<ul>\n<li>uued (ilma originaalkarbita, v\u00f5ivad sisaldada hulgiladustamise j\u00e4lgi)<\/li>\n<li>uuev\u00e4\u00e4rsed (sisaldavad kergeid kulumisj\u00e4lgi, sisetallad v\u00f5ivad olla eemaldatud)<\/li>\n<li>kasutatud, Grade 1 (sisaldavad m\u00f5\u00f5dukaid kulumisj\u00e4lgi, v\u00f5ivad sisaldada v\u00e4iksemaid vigastusi, sisetallad v\u00f5ivad olla eemaldatud)<\/li>\n<\/ul>\n","protected":false},"excerpt":{"rendered":"<p>\u0160veitsi Armee saapad AKU\u00ae Kampfstiefel Schwer 14 GTX N, oliivroheline\/must<\/p>\n","protected":false},"featured_media":98422,"template":"","meta":[],"product_brand":[],"product_cat":[70],"product_tag":[],"class_list":{"0":"post-98438","1":"product","2":"type-product","3":"status-publish","4":"has-post-thumbnail","6":"product_cat-jalanoud","7":"pa_brand-aku-2","8":"pa_brand-swiss-military-surplus","9":"pa_condition-kasutatud-grade-1","10":"pa_condition-uuevaarne","11":"pa_condition-uus","12":"pa_size-uk105b-eu45-2","13":"pa_size-uk105n-eu45-2","14":"pa_size-uk10b-eu445-2","15":"pa_size-uk10n-eu445-2","16":"pa_size-uk115b-eu465-2","17":"pa_size-uk115n-eu465-2","18":"pa_size-uk11b-eu46-2","19":"pa_size-uk11n-eu46-2","20":"pa_size-uk125b-eu475-2","21":"pa_size-uk125n-eu475-2","22":"pa_size-uk12b-eu47-2","23":"pa_size-uk12n-eu47-2","24":"pa_size-uk55b-eu39-2","25":"pa_size-uk55n-eu39-2","26":"pa_size-uk65b-eu40-2","27":"pa_size-uk65n-eu40-2","28":"pa_size-uk6b-eu395-2","29":"pa_size-uk6n-eu395-2","30":"pa_size-uk75b-eu415-2","31":"pa_size-uk75n-eu415-2","32":"pa_size-uk7b-eu41-2","33":"pa_size-uk7n-eu41-2","34":"pa_size-uk85b-eu425-2","35":"pa_size-uk85n-eu425-2","36":"pa_size-uk8b-eu42-2","37":"pa_size-uk8n-eu42-2","38":"pa_size-uk95b-eu44-2","39":"pa_size-uk95n-eu44-2","40":"pa_size-uk9b-eu43-2","41":"pa_size-uk9n-eu43-2","43":"first","44":"instock","45":"taxable","46":"shipping-taxable","47":"purchasable","48":"product-type-variable"},"yoast_head":"<!-- This site is optimized with the Yoast SEO plugin v27.2 - https:\/\/yoast.com\/product\/yoast-seo-wordpress\/ -->\n<title>Aku\u00ae KS Schwer 14 GTX N saapad - Outdoors<\/title>\n<meta name=\"robots\" content=\"index, follow, max-snippet:-1, max-image-preview:large, max-video-preview:-1\" \/>\n<link rel=\"canonical\" href=\"https:\/\/www.outdoors.ee\/et\/toode\/aku-ks-schwer-14-gtx-n-saapad\/\" \/>\n<meta property=\"og:locale\" content=\"et_EE\" \/>\n<meta property=\"og:type\" content=\"article\" \/>\n<meta property=\"og:title\" content=\"Aku\u00ae KS Schwer 14 GTX N saapad - Outdoors\" \/>\n<meta property=\"og:description\" content=\"\u0160veitsi Armee saapad AKU\u00ae Kampfstiefel Schwer 14 GTX N, oliivroheline\/must\" \/>\n<meta property=\"og:url\" content=\"https:\/\/www.outdoors.ee\/et\/toode\/aku-ks-schwer-14-gtx-n-saapad\/\" \/>\n<meta property=\"og:site_name\" content=\"Outdoors\" \/>\n<meta property=\"article:modified_time\" content=\"2026-04-11T10:27:45+00:00\" \/>\n<meta property=\"og:image\" content=\"https:\/\/www.outdoors.ee\/wp-content\/uploads\/2024\/12\/1834-Swiss-Army-AKU\u00ae-Kampfstiefel-Schwer-14-GTX-N-Boots-olive-black-1.jpg\" \/>\n\t<meta property=\"og:image:width\" content=\"700\" \/>\n\t<meta property=\"og:image:height\" content=\"741\" \/>\n\t<meta property=\"og:image:type\" content=\"image\/jpeg\" \/>\n<meta name=\"twitter:card\" content=\"summary_large_image\" \/>\n<meta name=\"twitter:label1\" content=\"Est. reading time\" \/>\n\t<meta name=\"twitter:data1\" content=\"1 minut\" \/>\n<script type=\"application\/ld+json\" class=\"yoast-schema-graph\">{\"@context\":\"https:\/\/schema.org\",\"@graph\":[{\"@type\":\"WebPage\",\"@id\":\"https:\/\/www.outdoors.ee\/et\/toode\/aku-ks-schwer-14-gtx-n-saapad\/\",\"url\":\"https:\/\/www.outdoors.ee\/et\/toode\/aku-ks-schwer-14-gtx-n-saapad\/\",\"name\":\"Aku\u00ae KS Schwer 14 GTX N saapad - Outdoors\",\"isPartOf\":{\"@id\":\"https:\/\/www.outdoors.ee\/#website\"},\"primaryImageOfPage\":{\"@id\":\"https:\/\/www.outdoors.ee\/et\/toode\/aku-ks-schwer-14-gtx-n-saapad\/#primaryimage\"},\"image\":{\"@id\":\"https:\/\/www.outdoors.ee\/et\/toode\/aku-ks-schwer-14-gtx-n-saapad\/#primaryimage\"},\"thumbnailUrl\":\"https:\/\/www.outdoors.ee\/wp-content\/uploads\/2024\/12\/1834-Swiss-Army-AKU\u00ae-Kampfstiefel-Schwer-14-GTX-N-Boots-olive-black-1.jpg\",\"datePublished\":\"2024-12-18T14:03:43+00:00\",\"dateModified\":\"2026-04-11T10:27:45+00:00\",\"breadcrumb\":{\"@id\":\"https:\/\/www.outdoors.ee\/et\/toode\/aku-ks-schwer-14-gtx-n-saapad\/#breadcrumb\"},\"inLanguage\":\"et\",\"potentialAction\":[{\"@type\":\"ReadAction\",\"target\":[\"https:\/\/www.outdoors.ee\/et\/toode\/aku-ks-schwer-14-gtx-n-saapad\/\"]}]},{\"@type\":\"ImageObject\",\"inLanguage\":\"et\",\"@id\":\"https:\/\/www.outdoors.ee\/et\/toode\/aku-ks-schwer-14-gtx-n-saapad\/#primaryimage\",\"url\":\"https:\/\/www.outdoors.ee\/wp-content\/uploads\/2024\/12\/1834-Swiss-Army-AKU\u00ae-Kampfstiefel-Schwer-14-GTX-N-Boots-olive-black-1.jpg\",\"contentUrl\":\"https:\/\/www.outdoors.ee\/wp-content\/uploads\/2024\/12\/1834-Swiss-Army-AKU\u00ae-Kampfstiefel-Schwer-14-GTX-N-Boots-olive-black-1.jpg\",\"width\":700,\"height\":741},{\"@type\":\"BreadcrumbList\",\"@id\":\"https:\/\/www.outdoors.ee\/et\/toode\/aku-ks-schwer-14-gtx-n-saapad\/#breadcrumb\",\"itemListElement\":[{\"@type\":\"ListItem\",\"position\":1,\"name\":\"Home\",\"item\":\"https:\/\/www.outdoors.ee\/et\/\"},{\"@type\":\"ListItem\",\"position\":2,\"name\":\"Tooted\",\"item\":\"https:\/\/www.outdoors.ee\/products\/\"},{\"@type\":\"ListItem\",\"position\":3,\"name\":\"Aku\u00ae KS Schwer 14 GTX N saapad\"}]},{\"@type\":\"WebSite\",\"@id\":\"https:\/\/www.outdoors.ee\/#website\",\"url\":\"https:\/\/www.outdoors.ee\/\",\"name\":\"Outdoors\",\"description\":\"Genuine military surplus and not only!\",\"potentialAction\":[{\"@type\":\"SearchAction\",\"target\":{\"@type\":\"EntryPoint\",\"urlTemplate\":\"https:\/\/www.outdoors.ee\/?s={search_term_string}\"},\"query-input\":{\"@type\":\"PropertyValueSpecification\",\"valueRequired\":true,\"valueName\":\"search_term_string\"}}],\"inLanguage\":\"et\"}]}<\/script>\n<!-- \/ Yoast SEO plugin. -->","yoast_head_json":{"title":"Aku\u00ae KS Schwer 14 GTX N saapad - Outdoors","robots":{"index":"index","follow":"follow","max-snippet":"max-snippet:-1","max-image-preview":"max-image-preview:large","max-video-preview":"max-video-preview:-1"},"canonical":"https:\/\/www.outdoors.ee\/et\/toode\/aku-ks-schwer-14-gtx-n-saapad\/","og_locale":"et_EE","og_type":"article","og_title":"Aku\u00ae KS Schwer 14 GTX N saapad - Outdoors","og_description":"\u0160veitsi Armee saapad AKU\u00ae Kampfstiefel Schwer 14 GTX N, oliivroheline\/must","og_url":"https:\/\/www.outdoors.ee\/et\/toode\/aku-ks-schwer-14-gtx-n-saapad\/","og_site_name":"Outdoors","article_modified_time":"2026-04-11T10:27:45+00:00","og_image":[{"width":700,"height":741,"url":"https:\/\/www.outdoors.ee\/wp-content\/uploads\/2024\/12\/1834-Swiss-Army-AKU\u00ae-Kampfstiefel-Schwer-14-GTX-N-Boots-olive-black-1.jpg","type":"image\/jpeg"}],"twitter_card":"summary_large_image","twitter_misc":{"Est. reading time":"1 minut"},"schema":{"@context":"https:\/\/schema.org","@graph":[{"@type":"WebPage","@id":"https:\/\/www.outdoors.ee\/et\/toode\/aku-ks-schwer-14-gtx-n-saapad\/","url":"https:\/\/www.outdoors.ee\/et\/toode\/aku-ks-schwer-14-gtx-n-saapad\/","name":"Aku\u00ae KS Schwer 14 GTX N saapad - Outdoors","isPartOf":{"@id":"https:\/\/www.outdoors.ee\/#website"},"primaryImageOfPage":{"@id":"https:\/\/www.outdoors.ee\/et\/toode\/aku-ks-schwer-14-gtx-n-saapad\/#primaryimage"},"image":{"@id":"https:\/\/www.outdoors.ee\/et\/toode\/aku-ks-schwer-14-gtx-n-saapad\/#primaryimage"},"thumbnailUrl":"https:\/\/www.outdoors.ee\/wp-content\/uploads\/2024\/12\/1834-Swiss-Army-AKU\u00ae-Kampfstiefel-Schwer-14-GTX-N-Boots-olive-black-1.jpg","datePublished":"2024-12-18T14:03:43+00:00","dateModified":"2026-04-11T10:27:45+00:00","breadcrumb":{"@id":"https:\/\/www.outdoors.ee\/et\/toode\/aku-ks-schwer-14-gtx-n-saapad\/#breadcrumb"},"inLanguage":"et","potentialAction":[{"@type":"ReadAction","target":["https:\/\/www.outdoors.ee\/et\/toode\/aku-ks-schwer-14-gtx-n-saapad\/"]}]},{"@type":"ImageObject","inLanguage":"et","@id":"https:\/\/www.outdoors.ee\/et\/toode\/aku-ks-schwer-14-gtx-n-saapad\/#primaryimage","url":"https:\/\/www.outdoors.ee\/wp-content\/uploads\/2024\/12\/1834-Swiss-Army-AKU\u00ae-Kampfstiefel-Schwer-14-GTX-N-Boots-olive-black-1.jpg","contentUrl":"https:\/\/www.outdoors.ee\/wp-content\/uploads\/2024\/12\/1834-Swiss-Army-AKU\u00ae-Kampfstiefel-Schwer-14-GTX-N-Boots-olive-black-1.jpg","width":700,"height":741},{"@type":"BreadcrumbList","@id":"https:\/\/www.outdoors.ee\/et\/toode\/aku-ks-schwer-14-gtx-n-saapad\/#breadcrumb","itemListElement":[{"@type":"ListItem","position":1,"name":"Home","item":"https:\/\/www.outdoors.ee\/et\/"},{"@type":"ListItem","position":2,"name":"Tooted","item":"https:\/\/www.outdoors.ee\/products\/"},{"@type":"ListItem","position":3,"name":"Aku\u00ae KS Schwer 14 GTX N saapad"}]},{"@type":"WebSite","@id":"https:\/\/www.outdoors.ee\/#website","url":"https:\/\/www.outdoors.ee\/","name":"Outdoors","description":"Genuine military surplus and not only!","potentialAction":[{"@type":"SearchAction","target":{"@type":"EntryPoint","urlTemplate":"https:\/\/www.outdoors.ee\/?s={search_term_string}"},"query-input":{"@type":"PropertyValueSpecification","valueRequired":true,"valueName":"search_term_string"}}],"inLanguage":"et"}]}},"_links":{"self":[{"href":"https:\/\/www.outdoors.ee\/et\/wp-json\/wp\/v2\/product\/98438","targetHints":{"allow":["GET"]}}],"collection":[{"href":"https:\/\/www.outdoors.ee\/et\/wp-json\/wp\/v2\/product"}],"about":[{"href":"https:\/\/www.outdoors.ee\/et\/wp-json\/wp\/v2\/types\/product"}],"wp:featuredmedia":[{"embeddable":true,"href":"https:\/\/www.outdoors.ee\/et\/wp-json\/wp\/v2\/media\/98422"}],"wp:attachment":[{"href":"https:\/\/www.outdoors.ee\/et\/wp-json\/wp\/v2\/media?parent=98438"}],"wp:term":[{"taxonomy":"product_brand","embeddable":true,"href":"https:\/\/www.outdoors.ee\/et\/wp-json\/wp\/v2\/product_brand?post=98438"},{"taxonomy":"product_cat","embeddable":true,"href":"https:\/\/www.outdoors.ee\/et\/wp-json\/wp\/v2\/product_cat?post=98438"},{"taxonomy":"product_tag","embeddable":true,"href":"https:\/\/www.outdoors.ee\/et\/wp-json\/wp\/v2\/product_tag?post=98438"}],"curies":[{"name":"wp","href":"https:\/\/api.w.org\/{rel}","templated":true}]}}