{"id":98410,"date":"2024-12-17T19:44:57","date_gmt":"2024-12-17T17:44:57","guid":{"rendered":"https:\/\/www.outdoors.ee\/?post_type=product&#038;p=98410"},"modified":"2026-04-28T14:18:32","modified_gmt":"2026-04-28T11:18:32","slug":"mfh-seljakott-bw-combat-backpack-molle-65l","status":"publish","type":"product","link":"https:\/\/www.outdoors.ee\/et\/toode\/mfh-seljakott-bw-combat-backpack-molle-65l\/","title":{"rendered":"MFH\u00ae seljakott BW Combat Backpack Molle 65L"},"content":{"rendered":"<p><strong>Omadused:<\/strong><\/p>\n<ul>\n<li>pehmendatud, reguleeritava pikkusega \u00f5larihmad<\/li>\n<li>pehmendatud, reguleeritava pikkusega puusav\u00f6\u00f6 v\u00f5rkvoodriga<\/li>\n<li>kandesang \u00fclevald<\/li>\n<li>kahe tasku ning takjapaneeliga (ca 10,5 x 5cm) pealmine kaas<\/li>\n<li>peasahtli jagaja pingitusn\u00f6\u00f6riga<\/li>\n<li>t\u00f5mbluku abil ligip\u00e4\u00e4s peasahtli alumisse ossa<\/li>\n<li>kahe pingutusn\u00f6\u00f6riga pealt suletav peasahtel<\/li>\n<li>alumiiniumist stabilisaator \u00fclemises osas<\/li>\n<li>t\u00f5mblukuga ning takjapaneeliga (ca 17 x 2,5cm) tasku esipaneelil<\/li>\n<li>2 k\u00fcljetaskut<\/li>\n<li>erinevad kinnitusrihmad ning Molle paneelid<\/li>\n<li>maht ca. 65L<\/li>\n<li>m\u00f5\u00f5tmed ca. 43 x 63 x 21 cm (L x K x S)<\/li>\n<li>kaal ca. 1.3 kg<\/li>\n<li>materjal 100 % pol\u00fcester<\/li>\n<\/ul>\n<p><strong>Seisukord:<\/strong> uus<\/p>\n","protected":false},"excerpt":{"rendered":"<p>Omadused: pehmendatud, reguleeritava pikkusega \u00f5larihmad pehmendatud, reguleeritava pikkusega puusav\u00f6\u00f6 v\u00f5rkvoodriga kandesang \u00fclevald kahe tasku ning takjapaneeliga (ca 10,5 x 5cm)<\/p>\n","protected":false},"featured_media":98401,"template":"","meta":[],"product_brand":[],"product_cat":[3539],"product_tag":[],"class_list":{"0":"post-98410","1":"product","2":"type-product","3":"status-publish","4":"has-post-thumbnail","6":"product_cat-seljakotid","7":"pa_brand-mfh-2","8":"pa_color-black-2","9":"pa_color-coyote-2","10":"pa_color-m05-2","11":"pa_color-olive-2","12":"pa_color-operation-camo-2","14":"first","15":"instock","16":"taxable","17":"shipping-taxable","18":"purchasable","19":"product-type-variable"},"yoast_head":"<!-- This site is optimized with the Yoast SEO plugin v27.2 - https:\/\/yoast.com\/product\/yoast-seo-wordpress\/ -->\n<title>MFH\u00ae seljakott BW Combat Backpack Molle 65L - Outdoors<\/title>\n<meta name=\"robots\" content=\"index, follow, max-snippet:-1, max-image-preview:large, max-video-preview:-1\" \/>\n<link rel=\"canonical\" href=\"https:\/\/www.outdoors.ee\/et\/toode\/mfh-seljakott-bw-combat-backpack-molle-65l\/\" \/>\n<meta property=\"og:locale\" content=\"et_EE\" \/>\n<meta property=\"og:type\" content=\"article\" \/>\n<meta property=\"og:title\" content=\"MFH\u00ae seljakott BW Combat Backpack Molle 65L - Outdoors\" \/>\n<meta property=\"og:description\" content=\"Omadused: pehmendatud, reguleeritava pikkusega \u00f5larihmad pehmendatud, reguleeritava pikkusega puusav\u00f6\u00f6 v\u00f5rkvoodriga kandesang \u00fclevald kahe tasku ning takjapaneeliga (ca 10,5 x 5cm)\" \/>\n<meta property=\"og:url\" content=\"https:\/\/www.outdoors.ee\/et\/toode\/mfh-seljakott-bw-combat-backpack-molle-65l\/\" \/>\n<meta property=\"og:site_name\" content=\"Outdoors\" \/>\n<meta property=\"article:modified_time\" content=\"2026-04-28T11:18:32+00:00\" \/>\n<meta property=\"og:image\" content=\"https:\/\/www.outdoors.ee\/wp-content\/uploads\/2024\/12\/30250X-MFH-BW-Combat-Backpack-Molle-65L-Operation-Camo-1.jpg\" \/>\n\t<meta property=\"og:image:width\" content=\"1200\" \/>\n\t<meta property=\"og:image:height\" content=\"1200\" \/>\n\t<meta property=\"og:image:type\" content=\"image\/jpeg\" \/>\n<meta name=\"twitter:card\" content=\"summary_large_image\" \/>\n<meta name=\"twitter:label1\" content=\"Est. reading time\" \/>\n\t<meta name=\"twitter:data1\" content=\"1 minut\" \/>\n<script type=\"application\/ld+json\" class=\"yoast-schema-graph\">{\"@context\":\"https:\/\/schema.org\",\"@graph\":[{\"@type\":\"WebPage\",\"@id\":\"https:\/\/www.outdoors.ee\/et\/toode\/mfh-seljakott-bw-combat-backpack-molle-65l\/\",\"url\":\"https:\/\/www.outdoors.ee\/et\/toode\/mfh-seljakott-bw-combat-backpack-molle-65l\/\",\"name\":\"MFH\u00ae seljakott BW Combat Backpack Molle 65L - Outdoors\",\"isPartOf\":{\"@id\":\"https:\/\/www.outdoors.ee\/#website\"},\"primaryImageOfPage\":{\"@id\":\"https:\/\/www.outdoors.ee\/et\/toode\/mfh-seljakott-bw-combat-backpack-molle-65l\/#primaryimage\"},\"image\":{\"@id\":\"https:\/\/www.outdoors.ee\/et\/toode\/mfh-seljakott-bw-combat-backpack-molle-65l\/#primaryimage\"},\"thumbnailUrl\":\"https:\/\/www.outdoors.ee\/wp-content\/uploads\/2024\/12\/30250X-MFH-BW-Combat-Backpack-Molle-65L-Operation-Camo-1.jpg\",\"datePublished\":\"2024-12-17T17:44:57+00:00\",\"dateModified\":\"2026-04-28T11:18:32+00:00\",\"breadcrumb\":{\"@id\":\"https:\/\/www.outdoors.ee\/et\/toode\/mfh-seljakott-bw-combat-backpack-molle-65l\/#breadcrumb\"},\"inLanguage\":\"et\",\"potentialAction\":[{\"@type\":\"ReadAction\",\"target\":[\"https:\/\/www.outdoors.ee\/et\/toode\/mfh-seljakott-bw-combat-backpack-molle-65l\/\"]}]},{\"@type\":\"ImageObject\",\"inLanguage\":\"et\",\"@id\":\"https:\/\/www.outdoors.ee\/et\/toode\/mfh-seljakott-bw-combat-backpack-molle-65l\/#primaryimage\",\"url\":\"https:\/\/www.outdoors.ee\/wp-content\/uploads\/2024\/12\/30250X-MFH-BW-Combat-Backpack-Molle-65L-Operation-Camo-1.jpg\",\"contentUrl\":\"https:\/\/www.outdoors.ee\/wp-content\/uploads\/2024\/12\/30250X-MFH-BW-Combat-Backpack-Molle-65L-Operation-Camo-1.jpg\",\"width\":1200,\"height\":1200},{\"@type\":\"BreadcrumbList\",\"@id\":\"https:\/\/www.outdoors.ee\/et\/toode\/mfh-seljakott-bw-combat-backpack-molle-65l\/#breadcrumb\",\"itemListElement\":[{\"@type\":\"ListItem\",\"position\":1,\"name\":\"Home\",\"item\":\"https:\/\/www.outdoors.ee\/et\/\"},{\"@type\":\"ListItem\",\"position\":2,\"name\":\"Tooted\",\"item\":\"https:\/\/www.outdoors.ee\/products\/\"},{\"@type\":\"ListItem\",\"position\":3,\"name\":\"MFH\u00ae seljakott BW Combat Backpack Molle 65L\"}]},{\"@type\":\"WebSite\",\"@id\":\"https:\/\/www.outdoors.ee\/#website\",\"url\":\"https:\/\/www.outdoors.ee\/\",\"name\":\"Outdoors\",\"description\":\"Genuine military surplus and not only!\",\"potentialAction\":[{\"@type\":\"SearchAction\",\"target\":{\"@type\":\"EntryPoint\",\"urlTemplate\":\"https:\/\/www.outdoors.ee\/?s={search_term_string}\"},\"query-input\":{\"@type\":\"PropertyValueSpecification\",\"valueRequired\":true,\"valueName\":\"search_term_string\"}}],\"inLanguage\":\"et\"}]}<\/script>\n<!-- \/ Yoast SEO plugin. -->","yoast_head_json":{"title":"MFH\u00ae seljakott BW Combat Backpack Molle 65L - Outdoors","robots":{"index":"index","follow":"follow","max-snippet":"max-snippet:-1","max-image-preview":"max-image-preview:large","max-video-preview":"max-video-preview:-1"},"canonical":"https:\/\/www.outdoors.ee\/et\/toode\/mfh-seljakott-bw-combat-backpack-molle-65l\/","og_locale":"et_EE","og_type":"article","og_title":"MFH\u00ae seljakott BW Combat Backpack Molle 65L - Outdoors","og_description":"Omadused: pehmendatud, reguleeritava pikkusega \u00f5larihmad pehmendatud, reguleeritava pikkusega puusav\u00f6\u00f6 v\u00f5rkvoodriga kandesang \u00fclevald kahe tasku ning takjapaneeliga (ca 10,5 x 5cm)","og_url":"https:\/\/www.outdoors.ee\/et\/toode\/mfh-seljakott-bw-combat-backpack-molle-65l\/","og_site_name":"Outdoors","article_modified_time":"2026-04-28T11:18:32+00:00","og_image":[{"width":1200,"height":1200,"url":"https:\/\/www.outdoors.ee\/wp-content\/uploads\/2024\/12\/30250X-MFH-BW-Combat-Backpack-Molle-65L-Operation-Camo-1.jpg","type":"image\/jpeg"}],"twitter_card":"summary_large_image","twitter_misc":{"Est. reading time":"1 minut"},"schema":{"@context":"https:\/\/schema.org","@graph":[{"@type":"WebPage","@id":"https:\/\/www.outdoors.ee\/et\/toode\/mfh-seljakott-bw-combat-backpack-molle-65l\/","url":"https:\/\/www.outdoors.ee\/et\/toode\/mfh-seljakott-bw-combat-backpack-molle-65l\/","name":"MFH\u00ae seljakott BW Combat Backpack Molle 65L - Outdoors","isPartOf":{"@id":"https:\/\/www.outdoors.ee\/#website"},"primaryImageOfPage":{"@id":"https:\/\/www.outdoors.ee\/et\/toode\/mfh-seljakott-bw-combat-backpack-molle-65l\/#primaryimage"},"image":{"@id":"https:\/\/www.outdoors.ee\/et\/toode\/mfh-seljakott-bw-combat-backpack-molle-65l\/#primaryimage"},"thumbnailUrl":"https:\/\/www.outdoors.ee\/wp-content\/uploads\/2024\/12\/30250X-MFH-BW-Combat-Backpack-Molle-65L-Operation-Camo-1.jpg","datePublished":"2024-12-17T17:44:57+00:00","dateModified":"2026-04-28T11:18:32+00:00","breadcrumb":{"@id":"https:\/\/www.outdoors.ee\/et\/toode\/mfh-seljakott-bw-combat-backpack-molle-65l\/#breadcrumb"},"inLanguage":"et","potentialAction":[{"@type":"ReadAction","target":["https:\/\/www.outdoors.ee\/et\/toode\/mfh-seljakott-bw-combat-backpack-molle-65l\/"]}]},{"@type":"ImageObject","inLanguage":"et","@id":"https:\/\/www.outdoors.ee\/et\/toode\/mfh-seljakott-bw-combat-backpack-molle-65l\/#primaryimage","url":"https:\/\/www.outdoors.ee\/wp-content\/uploads\/2024\/12\/30250X-MFH-BW-Combat-Backpack-Molle-65L-Operation-Camo-1.jpg","contentUrl":"https:\/\/www.outdoors.ee\/wp-content\/uploads\/2024\/12\/30250X-MFH-BW-Combat-Backpack-Molle-65L-Operation-Camo-1.jpg","width":1200,"height":1200},{"@type":"BreadcrumbList","@id":"https:\/\/www.outdoors.ee\/et\/toode\/mfh-seljakott-bw-combat-backpack-molle-65l\/#breadcrumb","itemListElement":[{"@type":"ListItem","position":1,"name":"Home","item":"https:\/\/www.outdoors.ee\/et\/"},{"@type":"ListItem","position":2,"name":"Tooted","item":"https:\/\/www.outdoors.ee\/products\/"},{"@type":"ListItem","position":3,"name":"MFH\u00ae seljakott BW Combat Backpack Molle 65L"}]},{"@type":"WebSite","@id":"https:\/\/www.outdoors.ee\/#website","url":"https:\/\/www.outdoors.ee\/","name":"Outdoors","description":"Genuine military surplus and not only!","potentialAction":[{"@type":"SearchAction","target":{"@type":"EntryPoint","urlTemplate":"https:\/\/www.outdoors.ee\/?s={search_term_string}"},"query-input":{"@type":"PropertyValueSpecification","valueRequired":true,"valueName":"search_term_string"}}],"inLanguage":"et"}]}},"_links":{"self":[{"href":"https:\/\/www.outdoors.ee\/et\/wp-json\/wp\/v2\/product\/98410","targetHints":{"allow":["GET"]}}],"collection":[{"href":"https:\/\/www.outdoors.ee\/et\/wp-json\/wp\/v2\/product"}],"about":[{"href":"https:\/\/www.outdoors.ee\/et\/wp-json\/wp\/v2\/types\/product"}],"wp:featuredmedia":[{"embeddable":true,"href":"https:\/\/www.outdoors.ee\/et\/wp-json\/wp\/v2\/media\/98401"}],"wp:attachment":[{"href":"https:\/\/www.outdoors.ee\/et\/wp-json\/wp\/v2\/media?parent=98410"}],"wp:term":[{"taxonomy":"product_brand","embeddable":true,"href":"https:\/\/www.outdoors.ee\/et\/wp-json\/wp\/v2\/product_brand?post=98410"},{"taxonomy":"product_cat","embeddable":true,"href":"https:\/\/www.outdoors.ee\/et\/wp-json\/wp\/v2\/product_cat?post=98410"},{"taxonomy":"product_tag","embeddable":true,"href":"https:\/\/www.outdoors.ee\/et\/wp-json\/wp\/v2\/product_tag?post=98410"}],"curies":[{"name":"wp","href":"https:\/\/api.w.org\/{rel}","templated":true}]}}