{"id":98375,"date":"2024-12-17T15:59:36","date_gmt":"2024-12-17T13:59:36","guid":{"rendered":"https:\/\/www.outdoors.ee\/?post_type=product&#038;p=98375"},"modified":"2025-08-27T11:42:25","modified_gmt":"2025-08-27T08:42:25","slug":"mfh-seljakott-aktion-30l","status":"publish","type":"product","link":"https:\/\/www.outdoors.ee\/et\/toode\/mfh-seljakott-aktion-30l\/","title":{"rendered":"MFH\u00ae seljakott &#8220;Aktion&#8221; 30L"},"content":{"rendered":"<p><strong>Omadused:<\/strong><\/p>\n<ul>\n<li>pehmendatud, reguleeritava pikkusega \u00f5larihmad<\/li>\n<li>reguleeritava pikkusega rinnarihm ja puusav\u00f6\u00f6<\/li>\n<li>pehmendatud seljapaneel s\u00fclearvuti v\u00f5i veekoti taskuga<\/li>\n<li>joogivooliku ava \u00fclemises osas<\/li>\n<li>vastupidav kandesang 2 D-r\u00f5ngaga<\/li>\n<li>suur peasahtel kahesuunalise t\u00f5mblukuga<\/li>\n<li>mitmed erinevad taskud<\/li>\n<li>\u00e4ravoolu ava p\u00f5hjas<\/li>\n<li>takjapaneel ca 10 x 5cm<\/li>\n<li>kompressioonirihmad k\u00fclgedel plastikklambritega<\/li>\n<li>maht ca. 30L<\/li>\n<li>m\u00f5\u00f5tmed ca. 30 x 47 x 20 cm (L x K x S)<\/li>\n<li>kaal ca. 1.5 kg<\/li>\n<li>materjal 100 % pol\u00fcester 900 D<\/li>\n<\/ul>\n<p><strong>Seisukord: <\/strong>uus<\/p>\n","protected":false},"excerpt":{"rendered":"<p>Omadused: pehmendatud, reguleeritava pikkusega \u00f5larihmad reguleeritava pikkusega rinnarihm ja puusav\u00f6\u00f6 pehmendatud seljapaneel s\u00fclearvuti v\u00f5i veekoti taskuga joogivooliku ava \u00fclemises osas<\/p>\n","protected":false},"featured_media":98358,"template":"","meta":[],"product_brand":[],"product_cat":[3539],"product_tag":[],"class_list":{"0":"post-98375","1":"product","2":"type-product","3":"status-publish","4":"has-post-thumbnail","6":"product_cat-seljakotid","7":"pa_brand-mfh-2","8":"pa_color-black-2","9":"pa_color-coyote-2","10":"pa_color-olive-2","12":"first","13":"instock","14":"taxable","15":"shipping-taxable","16":"purchasable","17":"product-type-variable"},"yoast_head":"<!-- This site is optimized with the Yoast SEO plugin v27.2 - https:\/\/yoast.com\/product\/yoast-seo-wordpress\/ -->\n<title>MFH\u00ae seljakott &quot;Aktion&quot; 30L - Outdoors<\/title>\n<meta name=\"robots\" content=\"index, follow, max-snippet:-1, max-image-preview:large, max-video-preview:-1\" \/>\n<link rel=\"canonical\" href=\"https:\/\/www.outdoors.ee\/et\/toode\/mfh-seljakott-aktion-30l\/\" \/>\n<meta property=\"og:locale\" content=\"et_EE\" \/>\n<meta property=\"og:type\" content=\"article\" \/>\n<meta property=\"og:title\" content=\"MFH\u00ae seljakott &quot;Aktion&quot; 30L - Outdoors\" \/>\n<meta property=\"og:description\" content=\"Omadused: pehmendatud, reguleeritava pikkusega \u00f5larihmad reguleeritava pikkusega rinnarihm ja puusav\u00f6\u00f6 pehmendatud seljapaneel s\u00fclearvuti v\u00f5i veekoti taskuga joogivooliku ava \u00fclemises osas\" \/>\n<meta property=\"og:url\" content=\"https:\/\/www.outdoors.ee\/et\/toode\/mfh-seljakott-aktion-30l\/\" \/>\n<meta property=\"og:site_name\" content=\"Outdoors\" \/>\n<meta property=\"article:modified_time\" content=\"2025-08-27T08:42:25+00:00\" \/>\n<meta property=\"og:image\" content=\"https:\/\/www.outdoors.ee\/wp-content\/uploads\/2024\/12\/30310B-MFH-Backpack-Aktion-30L-Olive-1.jpg\" \/>\n\t<meta property=\"og:image:width\" content=\"1200\" \/>\n\t<meta property=\"og:image:height\" content=\"1200\" \/>\n\t<meta property=\"og:image:type\" content=\"image\/jpeg\" \/>\n<meta name=\"twitter:card\" content=\"summary_large_image\" \/>\n<meta name=\"twitter:label1\" content=\"Est. reading time\" \/>\n\t<meta name=\"twitter:data1\" content=\"1 minut\" \/>\n<script type=\"application\/ld+json\" class=\"yoast-schema-graph\">{\"@context\":\"https:\/\/schema.org\",\"@graph\":[{\"@type\":\"WebPage\",\"@id\":\"https:\/\/www.outdoors.ee\/et\/toode\/mfh-seljakott-aktion-30l\/\",\"url\":\"https:\/\/www.outdoors.ee\/et\/toode\/mfh-seljakott-aktion-30l\/\",\"name\":\"MFH\u00ae seljakott \\\"Aktion\\\" 30L - Outdoors\",\"isPartOf\":{\"@id\":\"https:\/\/www.outdoors.ee\/#website\"},\"primaryImageOfPage\":{\"@id\":\"https:\/\/www.outdoors.ee\/et\/toode\/mfh-seljakott-aktion-30l\/#primaryimage\"},\"image\":{\"@id\":\"https:\/\/www.outdoors.ee\/et\/toode\/mfh-seljakott-aktion-30l\/#primaryimage\"},\"thumbnailUrl\":\"https:\/\/www.outdoors.ee\/wp-content\/uploads\/2024\/12\/30310B-MFH-Backpack-Aktion-30L-Olive-1.jpg\",\"datePublished\":\"2024-12-17T13:59:36+00:00\",\"dateModified\":\"2025-08-27T08:42:25+00:00\",\"breadcrumb\":{\"@id\":\"https:\/\/www.outdoors.ee\/et\/toode\/mfh-seljakott-aktion-30l\/#breadcrumb\"},\"inLanguage\":\"et\",\"potentialAction\":[{\"@type\":\"ReadAction\",\"target\":[\"https:\/\/www.outdoors.ee\/et\/toode\/mfh-seljakott-aktion-30l\/\"]}]},{\"@type\":\"ImageObject\",\"inLanguage\":\"et\",\"@id\":\"https:\/\/www.outdoors.ee\/et\/toode\/mfh-seljakott-aktion-30l\/#primaryimage\",\"url\":\"https:\/\/www.outdoors.ee\/wp-content\/uploads\/2024\/12\/30310B-MFH-Backpack-Aktion-30L-Olive-1.jpg\",\"contentUrl\":\"https:\/\/www.outdoors.ee\/wp-content\/uploads\/2024\/12\/30310B-MFH-Backpack-Aktion-30L-Olive-1.jpg\",\"width\":1200,\"height\":1200},{\"@type\":\"BreadcrumbList\",\"@id\":\"https:\/\/www.outdoors.ee\/et\/toode\/mfh-seljakott-aktion-30l\/#breadcrumb\",\"itemListElement\":[{\"@type\":\"ListItem\",\"position\":1,\"name\":\"Home\",\"item\":\"https:\/\/www.outdoors.ee\/et\/\"},{\"@type\":\"ListItem\",\"position\":2,\"name\":\"Tooted\",\"item\":\"https:\/\/www.outdoors.ee\/products\/\"},{\"@type\":\"ListItem\",\"position\":3,\"name\":\"MFH\u00ae seljakott &#8220;Aktion&#8221; 30L\"}]},{\"@type\":\"WebSite\",\"@id\":\"https:\/\/www.outdoors.ee\/#website\",\"url\":\"https:\/\/www.outdoors.ee\/\",\"name\":\"Outdoors\",\"description\":\"Genuine military surplus and not only!\",\"potentialAction\":[{\"@type\":\"SearchAction\",\"target\":{\"@type\":\"EntryPoint\",\"urlTemplate\":\"https:\/\/www.outdoors.ee\/?s={search_term_string}\"},\"query-input\":{\"@type\":\"PropertyValueSpecification\",\"valueRequired\":true,\"valueName\":\"search_term_string\"}}],\"inLanguage\":\"et\"}]}<\/script>\n<!-- \/ Yoast SEO plugin. -->","yoast_head_json":{"title":"MFH\u00ae seljakott \"Aktion\" 30L - Outdoors","robots":{"index":"index","follow":"follow","max-snippet":"max-snippet:-1","max-image-preview":"max-image-preview:large","max-video-preview":"max-video-preview:-1"},"canonical":"https:\/\/www.outdoors.ee\/et\/toode\/mfh-seljakott-aktion-30l\/","og_locale":"et_EE","og_type":"article","og_title":"MFH\u00ae seljakott \"Aktion\" 30L - Outdoors","og_description":"Omadused: pehmendatud, reguleeritava pikkusega \u00f5larihmad reguleeritava pikkusega rinnarihm ja puusav\u00f6\u00f6 pehmendatud seljapaneel s\u00fclearvuti v\u00f5i veekoti taskuga joogivooliku ava \u00fclemises osas","og_url":"https:\/\/www.outdoors.ee\/et\/toode\/mfh-seljakott-aktion-30l\/","og_site_name":"Outdoors","article_modified_time":"2025-08-27T08:42:25+00:00","og_image":[{"width":1200,"height":1200,"url":"https:\/\/www.outdoors.ee\/wp-content\/uploads\/2024\/12\/30310B-MFH-Backpack-Aktion-30L-Olive-1.jpg","type":"image\/jpeg"}],"twitter_card":"summary_large_image","twitter_misc":{"Est. reading time":"1 minut"},"schema":{"@context":"https:\/\/schema.org","@graph":[{"@type":"WebPage","@id":"https:\/\/www.outdoors.ee\/et\/toode\/mfh-seljakott-aktion-30l\/","url":"https:\/\/www.outdoors.ee\/et\/toode\/mfh-seljakott-aktion-30l\/","name":"MFH\u00ae seljakott \"Aktion\" 30L - Outdoors","isPartOf":{"@id":"https:\/\/www.outdoors.ee\/#website"},"primaryImageOfPage":{"@id":"https:\/\/www.outdoors.ee\/et\/toode\/mfh-seljakott-aktion-30l\/#primaryimage"},"image":{"@id":"https:\/\/www.outdoors.ee\/et\/toode\/mfh-seljakott-aktion-30l\/#primaryimage"},"thumbnailUrl":"https:\/\/www.outdoors.ee\/wp-content\/uploads\/2024\/12\/30310B-MFH-Backpack-Aktion-30L-Olive-1.jpg","datePublished":"2024-12-17T13:59:36+00:00","dateModified":"2025-08-27T08:42:25+00:00","breadcrumb":{"@id":"https:\/\/www.outdoors.ee\/et\/toode\/mfh-seljakott-aktion-30l\/#breadcrumb"},"inLanguage":"et","potentialAction":[{"@type":"ReadAction","target":["https:\/\/www.outdoors.ee\/et\/toode\/mfh-seljakott-aktion-30l\/"]}]},{"@type":"ImageObject","inLanguage":"et","@id":"https:\/\/www.outdoors.ee\/et\/toode\/mfh-seljakott-aktion-30l\/#primaryimage","url":"https:\/\/www.outdoors.ee\/wp-content\/uploads\/2024\/12\/30310B-MFH-Backpack-Aktion-30L-Olive-1.jpg","contentUrl":"https:\/\/www.outdoors.ee\/wp-content\/uploads\/2024\/12\/30310B-MFH-Backpack-Aktion-30L-Olive-1.jpg","width":1200,"height":1200},{"@type":"BreadcrumbList","@id":"https:\/\/www.outdoors.ee\/et\/toode\/mfh-seljakott-aktion-30l\/#breadcrumb","itemListElement":[{"@type":"ListItem","position":1,"name":"Home","item":"https:\/\/www.outdoors.ee\/et\/"},{"@type":"ListItem","position":2,"name":"Tooted","item":"https:\/\/www.outdoors.ee\/products\/"},{"@type":"ListItem","position":3,"name":"MFH\u00ae seljakott &#8220;Aktion&#8221; 30L"}]},{"@type":"WebSite","@id":"https:\/\/www.outdoors.ee\/#website","url":"https:\/\/www.outdoors.ee\/","name":"Outdoors","description":"Genuine military surplus and not only!","potentialAction":[{"@type":"SearchAction","target":{"@type":"EntryPoint","urlTemplate":"https:\/\/www.outdoors.ee\/?s={search_term_string}"},"query-input":{"@type":"PropertyValueSpecification","valueRequired":true,"valueName":"search_term_string"}}],"inLanguage":"et"}]}},"_links":{"self":[{"href":"https:\/\/www.outdoors.ee\/et\/wp-json\/wp\/v2\/product\/98375","targetHints":{"allow":["GET"]}}],"collection":[{"href":"https:\/\/www.outdoors.ee\/et\/wp-json\/wp\/v2\/product"}],"about":[{"href":"https:\/\/www.outdoors.ee\/et\/wp-json\/wp\/v2\/types\/product"}],"wp:featuredmedia":[{"embeddable":true,"href":"https:\/\/www.outdoors.ee\/et\/wp-json\/wp\/v2\/media\/98358"}],"wp:attachment":[{"href":"https:\/\/www.outdoors.ee\/et\/wp-json\/wp\/v2\/media?parent=98375"}],"wp:term":[{"taxonomy":"product_brand","embeddable":true,"href":"https:\/\/www.outdoors.ee\/et\/wp-json\/wp\/v2\/product_brand?post=98375"},{"taxonomy":"product_cat","embeddable":true,"href":"https:\/\/www.outdoors.ee\/et\/wp-json\/wp\/v2\/product_cat?post=98375"},{"taxonomy":"product_tag","embeddable":true,"href":"https:\/\/www.outdoors.ee\/et\/wp-json\/wp\/v2\/product_tag?post=98375"}],"curies":[{"name":"wp","href":"https:\/\/api.w.org\/{rel}","templated":true}]}}