{"id":98322,"date":"2024-12-16T14:17:21","date_gmt":"2024-12-16T12:17:21","guid":{"rendered":"https:\/\/www.outdoors.ee\/?post_type=product&#038;p=98322"},"modified":"2026-04-28T11:38:54","modified_gmt":"2026-04-28T08:38:54","slug":"mfh-tunneltelk-hochstein-2-inimesele","status":"publish","type":"product","link":"https:\/\/www.outdoors.ee\/et\/toode\/mfh-tunneltelk-hochstein-2-inimesele\/","title":{"rendered":"MFH\u00ae tunneltelk &#8220;Hochstein&#8221; 2 inimesele"},"content":{"rendered":"<p><strong>Omadused:<\/strong><\/p>\n<ul>\n<li>\u00fchekihiline sein<\/li>\n<li>s\u00e4\u00e4sev\u00f5rgu ja t\u00f5mblukuga &#8220;uks&#8221;<\/li>\n<li>vastupidavast PE kangast p\u00f5hi<\/li>\n<li>7 mm klaaskiust postid<\/li>\n<li>telgivaiad ja pakkekott komplektis<\/li>\n<li>1200 mm veekindel<\/li>\n<li>suurus pakituna ca. 58 x 11 x 11 cm (P x L x K)<\/li>\n<li>telgi m\u00f5\u00f5tmed ca. 220 x 130 x 100 cm (P x L x K)<\/li>\n<li>kaal ca. 1.6 kg<\/li>\n<li>materjal: 100 % pol\u00fcester (190T PU kattega),\u00a0 p\u00f5hi: 100% pol\u00fcet\u00fcleen<\/li>\n<\/ul>\n<p><strong>Seisukord:<\/strong> uus<\/p>\n","protected":false},"excerpt":{"rendered":"<p>Omadused: \u00fchekihiline sein s\u00e4\u00e4sev\u00f5rgu ja t\u00f5mblukuga &#8220;uks&#8221; vastupidavast PE kangast p\u00f5hi 7 mm klaaskiust postid telgivaiad ja pakkekott komplektis 1200<\/p>\n","protected":false},"featured_media":98317,"template":"","meta":[],"product_brand":[],"product_cat":[150],"product_tag":[],"class_list":{"0":"post-98322","1":"product","2":"type-product","3":"status-publish","4":"has-post-thumbnail","6":"product_cat-magamisvarustus","7":"pa_brand-mfh-2","8":"pa_color-flecktarn-2","9":"pa_color-olive-2","11":"first","12":"instock","13":"taxable","14":"shipping-taxable","15":"purchasable","16":"product-type-variable"},"yoast_head":"<!-- This site is optimized with the Yoast SEO plugin v27.2 - https:\/\/yoast.com\/product\/yoast-seo-wordpress\/ -->\n<title>MFH\u00ae tunneltelk &quot;Hochstein&quot; 2 inimesele - Outdoors<\/title>\n<meta name=\"robots\" content=\"index, follow, max-snippet:-1, max-image-preview:large, max-video-preview:-1\" \/>\n<link rel=\"canonical\" href=\"https:\/\/www.outdoors.ee\/et\/toode\/mfh-tunneltelk-hochstein-2-inimesele\/\" \/>\n<meta property=\"og:locale\" content=\"et_EE\" \/>\n<meta property=\"og:type\" content=\"article\" \/>\n<meta property=\"og:title\" content=\"MFH\u00ae tunneltelk &quot;Hochstein&quot; 2 inimesele - Outdoors\" \/>\n<meta property=\"og:description\" content=\"Omadused: \u00fchekihiline sein s\u00e4\u00e4sev\u00f5rgu ja t\u00f5mblukuga &#8220;uks&#8221; vastupidavast PE kangast p\u00f5hi 7 mm klaaskiust postid telgivaiad ja pakkekott komplektis 1200\" \/>\n<meta property=\"og:url\" content=\"https:\/\/www.outdoors.ee\/et\/toode\/mfh-tunneltelk-hochstein-2-inimesele\/\" \/>\n<meta property=\"og:site_name\" content=\"Outdoors\" \/>\n<meta property=\"article:modified_time\" content=\"2026-04-28T08:38:54+00:00\" \/>\n<meta property=\"og:image\" content=\"https:\/\/www.outdoors.ee\/wp-content\/uploads\/2024\/12\/32143B-MFH-2-person-Tunnel-Tent-Hochstein-Olive.jpg\" \/>\n\t<meta property=\"og:image:width\" content=\"1200\" \/>\n\t<meta property=\"og:image:height\" content=\"1200\" \/>\n\t<meta property=\"og:image:type\" content=\"image\/jpeg\" \/>\n<meta name=\"twitter:card\" content=\"summary_large_image\" \/>\n<meta name=\"twitter:label1\" content=\"Est. reading time\" \/>\n\t<meta name=\"twitter:data1\" content=\"1 minut\" \/>\n<script type=\"application\/ld+json\" class=\"yoast-schema-graph\">{\"@context\":\"https:\/\/schema.org\",\"@graph\":[{\"@type\":\"WebPage\",\"@id\":\"https:\/\/www.outdoors.ee\/et\/toode\/mfh-tunneltelk-hochstein-2-inimesele\/\",\"url\":\"https:\/\/www.outdoors.ee\/et\/toode\/mfh-tunneltelk-hochstein-2-inimesele\/\",\"name\":\"MFH\u00ae tunneltelk \\\"Hochstein\\\" 2 inimesele - Outdoors\",\"isPartOf\":{\"@id\":\"https:\/\/www.outdoors.ee\/#website\"},\"primaryImageOfPage\":{\"@id\":\"https:\/\/www.outdoors.ee\/et\/toode\/mfh-tunneltelk-hochstein-2-inimesele\/#primaryimage\"},\"image\":{\"@id\":\"https:\/\/www.outdoors.ee\/et\/toode\/mfh-tunneltelk-hochstein-2-inimesele\/#primaryimage\"},\"thumbnailUrl\":\"https:\/\/www.outdoors.ee\/wp-content\/uploads\/2024\/12\/32143B-MFH-2-person-Tunnel-Tent-Hochstein-Olive.jpg\",\"datePublished\":\"2024-12-16T12:17:21+00:00\",\"dateModified\":\"2026-04-28T08:38:54+00:00\",\"breadcrumb\":{\"@id\":\"https:\/\/www.outdoors.ee\/et\/toode\/mfh-tunneltelk-hochstein-2-inimesele\/#breadcrumb\"},\"inLanguage\":\"et\",\"potentialAction\":[{\"@type\":\"ReadAction\",\"target\":[\"https:\/\/www.outdoors.ee\/et\/toode\/mfh-tunneltelk-hochstein-2-inimesele\/\"]}]},{\"@type\":\"ImageObject\",\"inLanguage\":\"et\",\"@id\":\"https:\/\/www.outdoors.ee\/et\/toode\/mfh-tunneltelk-hochstein-2-inimesele\/#primaryimage\",\"url\":\"https:\/\/www.outdoors.ee\/wp-content\/uploads\/2024\/12\/32143B-MFH-2-person-Tunnel-Tent-Hochstein-Olive.jpg\",\"contentUrl\":\"https:\/\/www.outdoors.ee\/wp-content\/uploads\/2024\/12\/32143B-MFH-2-person-Tunnel-Tent-Hochstein-Olive.jpg\",\"width\":1200,\"height\":1200},{\"@type\":\"BreadcrumbList\",\"@id\":\"https:\/\/www.outdoors.ee\/et\/toode\/mfh-tunneltelk-hochstein-2-inimesele\/#breadcrumb\",\"itemListElement\":[{\"@type\":\"ListItem\",\"position\":1,\"name\":\"Home\",\"item\":\"https:\/\/www.outdoors.ee\/et\/\"},{\"@type\":\"ListItem\",\"position\":2,\"name\":\"Tooted\",\"item\":\"https:\/\/www.outdoors.ee\/products\/\"},{\"@type\":\"ListItem\",\"position\":3,\"name\":\"MFH\u00ae tunneltelk &#8220;Hochstein&#8221; 2 inimesele\"}]},{\"@type\":\"WebSite\",\"@id\":\"https:\/\/www.outdoors.ee\/#website\",\"url\":\"https:\/\/www.outdoors.ee\/\",\"name\":\"Outdoors\",\"description\":\"Genuine military surplus and not only!\",\"potentialAction\":[{\"@type\":\"SearchAction\",\"target\":{\"@type\":\"EntryPoint\",\"urlTemplate\":\"https:\/\/www.outdoors.ee\/?s={search_term_string}\"},\"query-input\":{\"@type\":\"PropertyValueSpecification\",\"valueRequired\":true,\"valueName\":\"search_term_string\"}}],\"inLanguage\":\"et\"}]}<\/script>\n<!-- \/ Yoast SEO plugin. -->","yoast_head_json":{"title":"MFH\u00ae tunneltelk \"Hochstein\" 2 inimesele - Outdoors","robots":{"index":"index","follow":"follow","max-snippet":"max-snippet:-1","max-image-preview":"max-image-preview:large","max-video-preview":"max-video-preview:-1"},"canonical":"https:\/\/www.outdoors.ee\/et\/toode\/mfh-tunneltelk-hochstein-2-inimesele\/","og_locale":"et_EE","og_type":"article","og_title":"MFH\u00ae tunneltelk \"Hochstein\" 2 inimesele - Outdoors","og_description":"Omadused: \u00fchekihiline sein s\u00e4\u00e4sev\u00f5rgu ja t\u00f5mblukuga &#8220;uks&#8221; vastupidavast PE kangast p\u00f5hi 7 mm klaaskiust postid telgivaiad ja pakkekott komplektis 1200","og_url":"https:\/\/www.outdoors.ee\/et\/toode\/mfh-tunneltelk-hochstein-2-inimesele\/","og_site_name":"Outdoors","article_modified_time":"2026-04-28T08:38:54+00:00","og_image":[{"width":1200,"height":1200,"url":"https:\/\/www.outdoors.ee\/wp-content\/uploads\/2024\/12\/32143B-MFH-2-person-Tunnel-Tent-Hochstein-Olive.jpg","type":"image\/jpeg"}],"twitter_card":"summary_large_image","twitter_misc":{"Est. reading time":"1 minut"},"schema":{"@context":"https:\/\/schema.org","@graph":[{"@type":"WebPage","@id":"https:\/\/www.outdoors.ee\/et\/toode\/mfh-tunneltelk-hochstein-2-inimesele\/","url":"https:\/\/www.outdoors.ee\/et\/toode\/mfh-tunneltelk-hochstein-2-inimesele\/","name":"MFH\u00ae tunneltelk \"Hochstein\" 2 inimesele - Outdoors","isPartOf":{"@id":"https:\/\/www.outdoors.ee\/#website"},"primaryImageOfPage":{"@id":"https:\/\/www.outdoors.ee\/et\/toode\/mfh-tunneltelk-hochstein-2-inimesele\/#primaryimage"},"image":{"@id":"https:\/\/www.outdoors.ee\/et\/toode\/mfh-tunneltelk-hochstein-2-inimesele\/#primaryimage"},"thumbnailUrl":"https:\/\/www.outdoors.ee\/wp-content\/uploads\/2024\/12\/32143B-MFH-2-person-Tunnel-Tent-Hochstein-Olive.jpg","datePublished":"2024-12-16T12:17:21+00:00","dateModified":"2026-04-28T08:38:54+00:00","breadcrumb":{"@id":"https:\/\/www.outdoors.ee\/et\/toode\/mfh-tunneltelk-hochstein-2-inimesele\/#breadcrumb"},"inLanguage":"et","potentialAction":[{"@type":"ReadAction","target":["https:\/\/www.outdoors.ee\/et\/toode\/mfh-tunneltelk-hochstein-2-inimesele\/"]}]},{"@type":"ImageObject","inLanguage":"et","@id":"https:\/\/www.outdoors.ee\/et\/toode\/mfh-tunneltelk-hochstein-2-inimesele\/#primaryimage","url":"https:\/\/www.outdoors.ee\/wp-content\/uploads\/2024\/12\/32143B-MFH-2-person-Tunnel-Tent-Hochstein-Olive.jpg","contentUrl":"https:\/\/www.outdoors.ee\/wp-content\/uploads\/2024\/12\/32143B-MFH-2-person-Tunnel-Tent-Hochstein-Olive.jpg","width":1200,"height":1200},{"@type":"BreadcrumbList","@id":"https:\/\/www.outdoors.ee\/et\/toode\/mfh-tunneltelk-hochstein-2-inimesele\/#breadcrumb","itemListElement":[{"@type":"ListItem","position":1,"name":"Home","item":"https:\/\/www.outdoors.ee\/et\/"},{"@type":"ListItem","position":2,"name":"Tooted","item":"https:\/\/www.outdoors.ee\/products\/"},{"@type":"ListItem","position":3,"name":"MFH\u00ae tunneltelk &#8220;Hochstein&#8221; 2 inimesele"}]},{"@type":"WebSite","@id":"https:\/\/www.outdoors.ee\/#website","url":"https:\/\/www.outdoors.ee\/","name":"Outdoors","description":"Genuine military surplus and not only!","potentialAction":[{"@type":"SearchAction","target":{"@type":"EntryPoint","urlTemplate":"https:\/\/www.outdoors.ee\/?s={search_term_string}"},"query-input":{"@type":"PropertyValueSpecification","valueRequired":true,"valueName":"search_term_string"}}],"inLanguage":"et"}]}},"_links":{"self":[{"href":"https:\/\/www.outdoors.ee\/et\/wp-json\/wp\/v2\/product\/98322","targetHints":{"allow":["GET"]}}],"collection":[{"href":"https:\/\/www.outdoors.ee\/et\/wp-json\/wp\/v2\/product"}],"about":[{"href":"https:\/\/www.outdoors.ee\/et\/wp-json\/wp\/v2\/types\/product"}],"wp:featuredmedia":[{"embeddable":true,"href":"https:\/\/www.outdoors.ee\/et\/wp-json\/wp\/v2\/media\/98317"}],"wp:attachment":[{"href":"https:\/\/www.outdoors.ee\/et\/wp-json\/wp\/v2\/media?parent=98322"}],"wp:term":[{"taxonomy":"product_brand","embeddable":true,"href":"https:\/\/www.outdoors.ee\/et\/wp-json\/wp\/v2\/product_brand?post=98322"},{"taxonomy":"product_cat","embeddable":true,"href":"https:\/\/www.outdoors.ee\/et\/wp-json\/wp\/v2\/product_cat?post=98322"},{"taxonomy":"product_tag","embeddable":true,"href":"https:\/\/www.outdoors.ee\/et\/wp-json\/wp\/v2\/product_tag?post=98322"}],"curies":[{"name":"wp","href":"https:\/\/api.w.org\/{rel}","templated":true}]}}