{"id":97836,"date":"2024-12-02T15:25:10","date_gmt":"2024-12-02T13:25:10","guid":{"rendered":"https:\/\/www.outdoors.ee\/?post_type=product&#038;p=97836"},"modified":"2026-03-25T10:59:24","modified_gmt":"2026-03-25T08:59:24","slug":"mfh-briti-kahepoolne-termojope","status":"publish","type":"product","link":"https:\/\/www.outdoors.ee\/et\/toode\/mfh-briti-kahepoolne-termojope\/","title":{"rendered":"MFH\u00ae Briti kahepoolne termojope"},"content":{"rendered":"<p><strong>Omadused:<\/strong><\/p>\n<ul>\n<li>kuulsa Briti s\u00f5jav\u00e4e originaal jope koopia<\/li>\n<li>kahepoolselt kantav, \u00fcks pool oliivroheline, teine &#8211; bee\u017e<\/li>\n<li>t\u00f5mblukk-kinnis<\/li>\n<li>venivad stopperitega pingitusn\u00f6\u00f6rid kraes ning alumises \u00e4\u00e4res<\/li>\n<li>venivad mansetid<\/li>\n<li>2 k\u00e4etaskut k\u00fcmmalgi poolel<\/li>\n<li>materjal. V\u00e4lismaterjal: 100% nailon, vooder: 100% nailon, soojustus: 100% pol\u00fcester<\/li>\n<\/ul>\n<p><strong>Seisukord:<\/strong> uus<\/p>\n","protected":false},"excerpt":{"rendered":"<p>Omadused: kuulsa Briti s\u00f5jav\u00e4e originaal jope koopia kahepoolselt kantav, \u00fcks pool oliivroheline, teine &#8211; bee\u017e t\u00f5mblukk-kinnis venivad stopperitega pingitusn\u00f6\u00f6rid kraes<\/p>\n","protected":false},"featured_media":97830,"template":"","meta":[],"product_brand":[],"product_cat":[101],"product_tag":[],"class_list":{"0":"post-97836","1":"product","2":"type-product","3":"status-publish","4":"has-post-thumbnail","6":"product_cat-joped-parkad","7":"pa_brand-mfh-2","8":"pa_size-l-2","9":"pa_size-m-2","10":"pa_size-xl-2","11":"pa_size-xxl-2","13":"first","14":"instock","15":"taxable","16":"shipping-taxable","17":"purchasable","18":"product-type-variable"},"yoast_head":"<!-- This site is optimized with the Yoast SEO plugin v27.2 - https:\/\/yoast.com\/product\/yoast-seo-wordpress\/ -->\n<title>MFH\u00ae Briti kahepoolne termojope - Outdoors<\/title>\n<meta name=\"robots\" content=\"index, follow, max-snippet:-1, max-image-preview:large, max-video-preview:-1\" \/>\n<link rel=\"canonical\" href=\"https:\/\/www.outdoors.ee\/et\/toode\/mfh-briti-kahepoolne-termojope\/\" \/>\n<meta property=\"og:locale\" content=\"et_EE\" \/>\n<meta property=\"og:type\" content=\"article\" \/>\n<meta property=\"og:title\" content=\"MFH\u00ae Briti kahepoolne termojope - Outdoors\" \/>\n<meta property=\"og:description\" content=\"Omadused: kuulsa Briti s\u00f5jav\u00e4e originaal jope koopia kahepoolselt kantav, \u00fcks pool oliivroheline, teine &#8211; bee\u017e t\u00f5mblukk-kinnis venivad stopperitega pingitusn\u00f6\u00f6rid kraes\" \/>\n<meta property=\"og:url\" content=\"https:\/\/www.outdoors.ee\/et\/toode\/mfh-briti-kahepoolne-termojope\/\" \/>\n<meta property=\"og:site_name\" content=\"Outdoors\" \/>\n<meta property=\"article:modified_time\" content=\"2026-03-25T08:59:24+00:00\" \/>\n<meta property=\"og:image\" content=\"https:\/\/www.outdoors.ee\/wp-content\/uploads\/2024\/12\/03684B-MFH-British-Reversible-Thermal-Jacket-1.jpg\" \/>\n\t<meta property=\"og:image:width\" content=\"1200\" \/>\n\t<meta property=\"og:image:height\" content=\"1200\" \/>\n\t<meta property=\"og:image:type\" content=\"image\/jpeg\" \/>\n<meta name=\"twitter:card\" content=\"summary_large_image\" \/>\n<meta name=\"twitter:label1\" content=\"Est. reading time\" \/>\n\t<meta name=\"twitter:data1\" content=\"1 minut\" \/>\n<script type=\"application\/ld+json\" class=\"yoast-schema-graph\">{\"@context\":\"https:\/\/schema.org\",\"@graph\":[{\"@type\":\"WebPage\",\"@id\":\"https:\/\/www.outdoors.ee\/et\/toode\/mfh-briti-kahepoolne-termojope\/\",\"url\":\"https:\/\/www.outdoors.ee\/et\/toode\/mfh-briti-kahepoolne-termojope\/\",\"name\":\"MFH\u00ae Briti kahepoolne termojope - Outdoors\",\"isPartOf\":{\"@id\":\"https:\/\/www.outdoors.ee\/#website\"},\"primaryImageOfPage\":{\"@id\":\"https:\/\/www.outdoors.ee\/et\/toode\/mfh-briti-kahepoolne-termojope\/#primaryimage\"},\"image\":{\"@id\":\"https:\/\/www.outdoors.ee\/et\/toode\/mfh-briti-kahepoolne-termojope\/#primaryimage\"},\"thumbnailUrl\":\"https:\/\/www.outdoors.ee\/wp-content\/uploads\/2024\/12\/03684B-MFH-British-Reversible-Thermal-Jacket-1.jpg\",\"datePublished\":\"2024-12-02T13:25:10+00:00\",\"dateModified\":\"2026-03-25T08:59:24+00:00\",\"breadcrumb\":{\"@id\":\"https:\/\/www.outdoors.ee\/et\/toode\/mfh-briti-kahepoolne-termojope\/#breadcrumb\"},\"inLanguage\":\"et\",\"potentialAction\":[{\"@type\":\"ReadAction\",\"target\":[\"https:\/\/www.outdoors.ee\/et\/toode\/mfh-briti-kahepoolne-termojope\/\"]}]},{\"@type\":\"ImageObject\",\"inLanguage\":\"et\",\"@id\":\"https:\/\/www.outdoors.ee\/et\/toode\/mfh-briti-kahepoolne-termojope\/#primaryimage\",\"url\":\"https:\/\/www.outdoors.ee\/wp-content\/uploads\/2024\/12\/03684B-MFH-British-Reversible-Thermal-Jacket-1.jpg\",\"contentUrl\":\"https:\/\/www.outdoors.ee\/wp-content\/uploads\/2024\/12\/03684B-MFH-British-Reversible-Thermal-Jacket-1.jpg\",\"width\":1200,\"height\":1200},{\"@type\":\"BreadcrumbList\",\"@id\":\"https:\/\/www.outdoors.ee\/et\/toode\/mfh-briti-kahepoolne-termojope\/#breadcrumb\",\"itemListElement\":[{\"@type\":\"ListItem\",\"position\":1,\"name\":\"Home\",\"item\":\"https:\/\/www.outdoors.ee\/et\/\"},{\"@type\":\"ListItem\",\"position\":2,\"name\":\"Tooted\",\"item\":\"https:\/\/www.outdoors.ee\/products\/\"},{\"@type\":\"ListItem\",\"position\":3,\"name\":\"MFH\u00ae Briti kahepoolne termojope\"}]},{\"@type\":\"WebSite\",\"@id\":\"https:\/\/www.outdoors.ee\/#website\",\"url\":\"https:\/\/www.outdoors.ee\/\",\"name\":\"Outdoors\",\"description\":\"Genuine military surplus and not only!\",\"potentialAction\":[{\"@type\":\"SearchAction\",\"target\":{\"@type\":\"EntryPoint\",\"urlTemplate\":\"https:\/\/www.outdoors.ee\/?s={search_term_string}\"},\"query-input\":{\"@type\":\"PropertyValueSpecification\",\"valueRequired\":true,\"valueName\":\"search_term_string\"}}],\"inLanguage\":\"et\"}]}<\/script>\n<!-- \/ Yoast SEO plugin. -->","yoast_head_json":{"title":"MFH\u00ae Briti kahepoolne termojope - Outdoors","robots":{"index":"index","follow":"follow","max-snippet":"max-snippet:-1","max-image-preview":"max-image-preview:large","max-video-preview":"max-video-preview:-1"},"canonical":"https:\/\/www.outdoors.ee\/et\/toode\/mfh-briti-kahepoolne-termojope\/","og_locale":"et_EE","og_type":"article","og_title":"MFH\u00ae Briti kahepoolne termojope - Outdoors","og_description":"Omadused: kuulsa Briti s\u00f5jav\u00e4e originaal jope koopia kahepoolselt kantav, \u00fcks pool oliivroheline, teine &#8211; bee\u017e t\u00f5mblukk-kinnis venivad stopperitega pingitusn\u00f6\u00f6rid kraes","og_url":"https:\/\/www.outdoors.ee\/et\/toode\/mfh-briti-kahepoolne-termojope\/","og_site_name":"Outdoors","article_modified_time":"2026-03-25T08:59:24+00:00","og_image":[{"width":1200,"height":1200,"url":"https:\/\/www.outdoors.ee\/wp-content\/uploads\/2024\/12\/03684B-MFH-British-Reversible-Thermal-Jacket-1.jpg","type":"image\/jpeg"}],"twitter_card":"summary_large_image","twitter_misc":{"Est. reading time":"1 minut"},"schema":{"@context":"https:\/\/schema.org","@graph":[{"@type":"WebPage","@id":"https:\/\/www.outdoors.ee\/et\/toode\/mfh-briti-kahepoolne-termojope\/","url":"https:\/\/www.outdoors.ee\/et\/toode\/mfh-briti-kahepoolne-termojope\/","name":"MFH\u00ae Briti kahepoolne termojope - Outdoors","isPartOf":{"@id":"https:\/\/www.outdoors.ee\/#website"},"primaryImageOfPage":{"@id":"https:\/\/www.outdoors.ee\/et\/toode\/mfh-briti-kahepoolne-termojope\/#primaryimage"},"image":{"@id":"https:\/\/www.outdoors.ee\/et\/toode\/mfh-briti-kahepoolne-termojope\/#primaryimage"},"thumbnailUrl":"https:\/\/www.outdoors.ee\/wp-content\/uploads\/2024\/12\/03684B-MFH-British-Reversible-Thermal-Jacket-1.jpg","datePublished":"2024-12-02T13:25:10+00:00","dateModified":"2026-03-25T08:59:24+00:00","breadcrumb":{"@id":"https:\/\/www.outdoors.ee\/et\/toode\/mfh-briti-kahepoolne-termojope\/#breadcrumb"},"inLanguage":"et","potentialAction":[{"@type":"ReadAction","target":["https:\/\/www.outdoors.ee\/et\/toode\/mfh-briti-kahepoolne-termojope\/"]}]},{"@type":"ImageObject","inLanguage":"et","@id":"https:\/\/www.outdoors.ee\/et\/toode\/mfh-briti-kahepoolne-termojope\/#primaryimage","url":"https:\/\/www.outdoors.ee\/wp-content\/uploads\/2024\/12\/03684B-MFH-British-Reversible-Thermal-Jacket-1.jpg","contentUrl":"https:\/\/www.outdoors.ee\/wp-content\/uploads\/2024\/12\/03684B-MFH-British-Reversible-Thermal-Jacket-1.jpg","width":1200,"height":1200},{"@type":"BreadcrumbList","@id":"https:\/\/www.outdoors.ee\/et\/toode\/mfh-briti-kahepoolne-termojope\/#breadcrumb","itemListElement":[{"@type":"ListItem","position":1,"name":"Home","item":"https:\/\/www.outdoors.ee\/et\/"},{"@type":"ListItem","position":2,"name":"Tooted","item":"https:\/\/www.outdoors.ee\/products\/"},{"@type":"ListItem","position":3,"name":"MFH\u00ae Briti kahepoolne termojope"}]},{"@type":"WebSite","@id":"https:\/\/www.outdoors.ee\/#website","url":"https:\/\/www.outdoors.ee\/","name":"Outdoors","description":"Genuine military surplus and not only!","potentialAction":[{"@type":"SearchAction","target":{"@type":"EntryPoint","urlTemplate":"https:\/\/www.outdoors.ee\/?s={search_term_string}"},"query-input":{"@type":"PropertyValueSpecification","valueRequired":true,"valueName":"search_term_string"}}],"inLanguage":"et"}]}},"_links":{"self":[{"href":"https:\/\/www.outdoors.ee\/et\/wp-json\/wp\/v2\/product\/97836","targetHints":{"allow":["GET"]}}],"collection":[{"href":"https:\/\/www.outdoors.ee\/et\/wp-json\/wp\/v2\/product"}],"about":[{"href":"https:\/\/www.outdoors.ee\/et\/wp-json\/wp\/v2\/types\/product"}],"wp:featuredmedia":[{"embeddable":true,"href":"https:\/\/www.outdoors.ee\/et\/wp-json\/wp\/v2\/media\/97830"}],"wp:attachment":[{"href":"https:\/\/www.outdoors.ee\/et\/wp-json\/wp\/v2\/media?parent=97836"}],"wp:term":[{"taxonomy":"product_brand","embeddable":true,"href":"https:\/\/www.outdoors.ee\/et\/wp-json\/wp\/v2\/product_brand?post=97836"},{"taxonomy":"product_cat","embeddable":true,"href":"https:\/\/www.outdoors.ee\/et\/wp-json\/wp\/v2\/product_cat?post=97836"},{"taxonomy":"product_tag","embeddable":true,"href":"https:\/\/www.outdoors.ee\/et\/wp-json\/wp\/v2\/product_tag?post=97836"}],"curies":[{"name":"wp","href":"https:\/\/api.w.org\/{rel}","templated":true}]}}