{"id":97010,"date":"2024-11-10T18:19:02","date_gmt":"2024-11-10T16:19:02","guid":{"rendered":"https:\/\/www.outdoors.ee\/?post_type=product&#038;p=97010"},"modified":"2025-01-08T22:25:29","modified_gmt":"2025-01-08T20:25:29","slug":"briti-armee-t-sark-pt-olive","status":"publish","type":"product","link":"https:\/\/www.outdoors.ee\/et\/toode\/briti-armee-t-sark-pt-olive\/","title":{"rendered":"Briti Armee t-s\u00e4rk PT Olive"},"content":{"rendered":"<p><strong>Omadused:<\/strong><\/p>\n<ul>\n<li>\u00fcmar kaelus<\/li>\n<li>l\u00fchikesed varrukad<\/li>\n<li>pikk kehaosa<\/li>\n<li>kiri sildil: Vest, Man\u00b4s, PT, Olive<\/li>\n<\/ul>\n<p><strong>Seisukord:<\/strong><\/p>\n<ul>\n<li>uus (j\u00e4em\u00fc\u00fcgipakendis v\u00f5i ilma, v\u00f5ib sisaldada hulgiladustamise j\u00e4lgi)<\/li>\n<li>uuev\u00e4\u00e4rne (sisaldab minimaalseid kulumisj\u00e4lgi)<\/li>\n<\/ul>\n","protected":false},"excerpt":{"rendered":"<p>Omadused: \u00fcmar kaelus l\u00fchikesed varrukad pikk kehaosa kiri sildil: Vest, Man\u00b4s, PT, Olive Seisukord: uus (j\u00e4em\u00fc\u00fcgipakendis v\u00f5i ilma, v\u00f5ib sisaldada<\/p>\n","protected":false},"featured_media":97005,"template":"","meta":[],"product_brand":[],"product_cat":[129],"product_tag":[],"class_list":{"0":"post-97010","1":"product","2":"type-product","3":"status-publish","4":"has-post-thumbnail","6":"product_cat-soe-pesu-aluskiht","7":"pa_brand-british-military-surplus","8":"pa_condition-uuevaarne","9":"pa_condition-uus","10":"pa_size-large-102cm-2","11":"pa_size-xlarge-112cm-2","12":"pa_size-xxlarge-118cm-2","14":"first","15":"instock","16":"taxable","17":"shipping-taxable","18":"purchasable","19":"product-type-variable"},"yoast_head":"<!-- This site is optimized with the Yoast SEO plugin v27.2 - https:\/\/yoast.com\/product\/yoast-seo-wordpress\/ -->\n<title>Briti Armee t-s\u00e4rk PT Olive - Outdoors<\/title>\n<meta name=\"robots\" content=\"index, follow, max-snippet:-1, max-image-preview:large, max-video-preview:-1\" \/>\n<link rel=\"canonical\" href=\"https:\/\/www.outdoors.ee\/et\/toode\/briti-armee-t-sark-pt-olive\/\" \/>\n<meta property=\"og:locale\" content=\"et_EE\" \/>\n<meta property=\"og:type\" content=\"article\" \/>\n<meta property=\"og:title\" content=\"Briti Armee t-s\u00e4rk PT Olive - Outdoors\" \/>\n<meta property=\"og:description\" content=\"Omadused: \u00fcmar kaelus l\u00fchikesed varrukad pikk kehaosa kiri sildil: Vest, Man\u00b4s, PT, Olive Seisukord: uus (j\u00e4em\u00fc\u00fcgipakendis v\u00f5i ilma, v\u00f5ib sisaldada\" \/>\n<meta property=\"og:url\" content=\"https:\/\/www.outdoors.ee\/et\/toode\/briti-armee-t-sark-pt-olive\/\" \/>\n<meta property=\"og:site_name\" content=\"Outdoors\" \/>\n<meta property=\"article:modified_time\" content=\"2025-01-08T20:25:29+00:00\" \/>\n<meta property=\"og:image\" content=\"https:\/\/www.outdoors.ee\/wp-content\/uploads\/2024\/11\/0219-British-Army-T-Shirt-Olive-1.png\" \/>\n\t<meta property=\"og:image:width\" content=\"960\" \/>\n\t<meta property=\"og:image:height\" content=\"1010\" \/>\n\t<meta property=\"og:image:type\" content=\"image\/png\" \/>\n<meta name=\"twitter:card\" content=\"summary_large_image\" \/>\n<meta name=\"twitter:label1\" content=\"Est. reading time\" \/>\n\t<meta name=\"twitter:data1\" content=\"1 minut\" \/>\n<script type=\"application\/ld+json\" class=\"yoast-schema-graph\">{\"@context\":\"https:\/\/schema.org\",\"@graph\":[{\"@type\":\"WebPage\",\"@id\":\"https:\/\/www.outdoors.ee\/et\/toode\/briti-armee-t-sark-pt-olive\/\",\"url\":\"https:\/\/www.outdoors.ee\/et\/toode\/briti-armee-t-sark-pt-olive\/\",\"name\":\"Briti Armee t-s\u00e4rk PT Olive - Outdoors\",\"isPartOf\":{\"@id\":\"https:\/\/www.outdoors.ee\/#website\"},\"primaryImageOfPage\":{\"@id\":\"https:\/\/www.outdoors.ee\/et\/toode\/briti-armee-t-sark-pt-olive\/#primaryimage\"},\"image\":{\"@id\":\"https:\/\/www.outdoors.ee\/et\/toode\/briti-armee-t-sark-pt-olive\/#primaryimage\"},\"thumbnailUrl\":\"https:\/\/www.outdoors.ee\/wp-content\/uploads\/2024\/11\/0219-British-Army-T-Shirt-Olive-1.png\",\"datePublished\":\"2024-11-10T16:19:02+00:00\",\"dateModified\":\"2025-01-08T20:25:29+00:00\",\"breadcrumb\":{\"@id\":\"https:\/\/www.outdoors.ee\/et\/toode\/briti-armee-t-sark-pt-olive\/#breadcrumb\"},\"inLanguage\":\"et\",\"potentialAction\":[{\"@type\":\"ReadAction\",\"target\":[\"https:\/\/www.outdoors.ee\/et\/toode\/briti-armee-t-sark-pt-olive\/\"]}]},{\"@type\":\"ImageObject\",\"inLanguage\":\"et\",\"@id\":\"https:\/\/www.outdoors.ee\/et\/toode\/briti-armee-t-sark-pt-olive\/#primaryimage\",\"url\":\"https:\/\/www.outdoors.ee\/wp-content\/uploads\/2024\/11\/0219-British-Army-T-Shirt-Olive-1.png\",\"contentUrl\":\"https:\/\/www.outdoors.ee\/wp-content\/uploads\/2024\/11\/0219-British-Army-T-Shirt-Olive-1.png\",\"width\":960,\"height\":1010},{\"@type\":\"BreadcrumbList\",\"@id\":\"https:\/\/www.outdoors.ee\/et\/toode\/briti-armee-t-sark-pt-olive\/#breadcrumb\",\"itemListElement\":[{\"@type\":\"ListItem\",\"position\":1,\"name\":\"Home\",\"item\":\"https:\/\/www.outdoors.ee\/et\/\"},{\"@type\":\"ListItem\",\"position\":2,\"name\":\"Tooted\",\"item\":\"https:\/\/www.outdoors.ee\/products\/\"},{\"@type\":\"ListItem\",\"position\":3,\"name\":\"Briti Armee t-s\u00e4rk PT Olive\"}]},{\"@type\":\"WebSite\",\"@id\":\"https:\/\/www.outdoors.ee\/#website\",\"url\":\"https:\/\/www.outdoors.ee\/\",\"name\":\"Outdoors\",\"description\":\"Genuine military surplus and not only!\",\"potentialAction\":[{\"@type\":\"SearchAction\",\"target\":{\"@type\":\"EntryPoint\",\"urlTemplate\":\"https:\/\/www.outdoors.ee\/?s={search_term_string}\"},\"query-input\":{\"@type\":\"PropertyValueSpecification\",\"valueRequired\":true,\"valueName\":\"search_term_string\"}}],\"inLanguage\":\"et\"}]}<\/script>\n<!-- \/ Yoast SEO plugin. -->","yoast_head_json":{"title":"Briti Armee t-s\u00e4rk PT Olive - Outdoors","robots":{"index":"index","follow":"follow","max-snippet":"max-snippet:-1","max-image-preview":"max-image-preview:large","max-video-preview":"max-video-preview:-1"},"canonical":"https:\/\/www.outdoors.ee\/et\/toode\/briti-armee-t-sark-pt-olive\/","og_locale":"et_EE","og_type":"article","og_title":"Briti Armee t-s\u00e4rk PT Olive - Outdoors","og_description":"Omadused: \u00fcmar kaelus l\u00fchikesed varrukad pikk kehaosa kiri sildil: Vest, Man\u00b4s, PT, Olive Seisukord: uus (j\u00e4em\u00fc\u00fcgipakendis v\u00f5i ilma, v\u00f5ib sisaldada","og_url":"https:\/\/www.outdoors.ee\/et\/toode\/briti-armee-t-sark-pt-olive\/","og_site_name":"Outdoors","article_modified_time":"2025-01-08T20:25:29+00:00","og_image":[{"width":960,"height":1010,"url":"https:\/\/www.outdoors.ee\/wp-content\/uploads\/2024\/11\/0219-British-Army-T-Shirt-Olive-1.png","type":"image\/png"}],"twitter_card":"summary_large_image","twitter_misc":{"Est. reading time":"1 minut"},"schema":{"@context":"https:\/\/schema.org","@graph":[{"@type":"WebPage","@id":"https:\/\/www.outdoors.ee\/et\/toode\/briti-armee-t-sark-pt-olive\/","url":"https:\/\/www.outdoors.ee\/et\/toode\/briti-armee-t-sark-pt-olive\/","name":"Briti Armee t-s\u00e4rk PT Olive - Outdoors","isPartOf":{"@id":"https:\/\/www.outdoors.ee\/#website"},"primaryImageOfPage":{"@id":"https:\/\/www.outdoors.ee\/et\/toode\/briti-armee-t-sark-pt-olive\/#primaryimage"},"image":{"@id":"https:\/\/www.outdoors.ee\/et\/toode\/briti-armee-t-sark-pt-olive\/#primaryimage"},"thumbnailUrl":"https:\/\/www.outdoors.ee\/wp-content\/uploads\/2024\/11\/0219-British-Army-T-Shirt-Olive-1.png","datePublished":"2024-11-10T16:19:02+00:00","dateModified":"2025-01-08T20:25:29+00:00","breadcrumb":{"@id":"https:\/\/www.outdoors.ee\/et\/toode\/briti-armee-t-sark-pt-olive\/#breadcrumb"},"inLanguage":"et","potentialAction":[{"@type":"ReadAction","target":["https:\/\/www.outdoors.ee\/et\/toode\/briti-armee-t-sark-pt-olive\/"]}]},{"@type":"ImageObject","inLanguage":"et","@id":"https:\/\/www.outdoors.ee\/et\/toode\/briti-armee-t-sark-pt-olive\/#primaryimage","url":"https:\/\/www.outdoors.ee\/wp-content\/uploads\/2024\/11\/0219-British-Army-T-Shirt-Olive-1.png","contentUrl":"https:\/\/www.outdoors.ee\/wp-content\/uploads\/2024\/11\/0219-British-Army-T-Shirt-Olive-1.png","width":960,"height":1010},{"@type":"BreadcrumbList","@id":"https:\/\/www.outdoors.ee\/et\/toode\/briti-armee-t-sark-pt-olive\/#breadcrumb","itemListElement":[{"@type":"ListItem","position":1,"name":"Home","item":"https:\/\/www.outdoors.ee\/et\/"},{"@type":"ListItem","position":2,"name":"Tooted","item":"https:\/\/www.outdoors.ee\/products\/"},{"@type":"ListItem","position":3,"name":"Briti Armee t-s\u00e4rk PT Olive"}]},{"@type":"WebSite","@id":"https:\/\/www.outdoors.ee\/#website","url":"https:\/\/www.outdoors.ee\/","name":"Outdoors","description":"Genuine military surplus and not only!","potentialAction":[{"@type":"SearchAction","target":{"@type":"EntryPoint","urlTemplate":"https:\/\/www.outdoors.ee\/?s={search_term_string}"},"query-input":{"@type":"PropertyValueSpecification","valueRequired":true,"valueName":"search_term_string"}}],"inLanguage":"et"}]}},"_links":{"self":[{"href":"https:\/\/www.outdoors.ee\/et\/wp-json\/wp\/v2\/product\/97010","targetHints":{"allow":["GET"]}}],"collection":[{"href":"https:\/\/www.outdoors.ee\/et\/wp-json\/wp\/v2\/product"}],"about":[{"href":"https:\/\/www.outdoors.ee\/et\/wp-json\/wp\/v2\/types\/product"}],"wp:featuredmedia":[{"embeddable":true,"href":"https:\/\/www.outdoors.ee\/et\/wp-json\/wp\/v2\/media\/97005"}],"wp:attachment":[{"href":"https:\/\/www.outdoors.ee\/et\/wp-json\/wp\/v2\/media?parent=97010"}],"wp:term":[{"taxonomy":"product_brand","embeddable":true,"href":"https:\/\/www.outdoors.ee\/et\/wp-json\/wp\/v2\/product_brand?post=97010"},{"taxonomy":"product_cat","embeddable":true,"href":"https:\/\/www.outdoors.ee\/et\/wp-json\/wp\/v2\/product_cat?post=97010"},{"taxonomy":"product_tag","embeddable":true,"href":"https:\/\/www.outdoors.ee\/et\/wp-json\/wp\/v2\/product_tag?post=97010"}],"curies":[{"name":"wp","href":"https:\/\/api.w.org\/{rel}","templated":true}]}}