{"id":96925,"date":"2024-11-03T17:11:30","date_gmt":"2024-11-03T15:11:30","guid":{"rendered":"https:\/\/www.outdoors.ee\/?post_type=product&#038;p=96925"},"modified":"2025-08-26T14:34:14","modified_gmt":"2025-08-26T11:34:14","slug":"taktikalised-puksid-ctp-pants-versastretch","status":"publish","type":"product","link":"https:\/\/www.outdoors.ee\/et\/toode\/taktikalised-puksid-ctp-pants-versastretch\/","title":{"rendered":"Helikon-Tex\u00ae taktikalised p\u00fcksid CTP Pants &#8211; VersaStretch\u00ae"},"content":{"rendered":"<p>Taktikalised p\u00fcksid Covert Tactical Pants sobivad igap\u00e4evaseks kandmiseks. Diskreetse v\u00e4ljan\u00e4gemise juures on p\u00fcksid s\u00e4ilitanud kogu vajaliku taktikalise funktsionaalsuse.<\/p>\n<p><strong>Omadused:<\/strong><\/p>\n<ul>\n<li>takjapaelaga suletav, veniv v\u00f6\u00f6koht<\/li>\n<li>\u00f5huke, 4-suunas veniv kangas, mis ei piira liikumisvabadust<\/li>\n<li>6 taskut (2 ees, 2 k\u00fclgedel ning 2 taga)<\/li>\n<li>eesmiste taskute \u00e4\u00e4red on tugevdatud<\/li>\n<li>4 sisetaskut<\/li>\n<li>50 mm p\u00fcksirihma aasad<\/li>\n<li>YKK\u00ae t\u00f5mblukk<\/li>\n<li>kaal 510g<\/li>\n<li>materjal: 93% nailon, 7% elastaan; 200g\/m2<\/li>\n<\/ul>\n<p><strong>Seisukord:<\/strong> uus<\/p>\n","protected":false},"excerpt":{"rendered":"<p>Helikon-Tex\u00ae taktikalised p\u00fcksid Covert Tactical Pants &#8211; VersaStretch\u00ae<\/p>\n","protected":false},"featured_media":96899,"template":"","meta":[],"product_brand":[],"product_cat":[111],"product_tag":[],"class_list":{"0":"post-96925","1":"product","2":"type-product","3":"status-publish","4":"has-post-thumbnail","6":"product_cat-puksid","7":"pa_brand-helikon-tex","8":"pa_color-adaptive-green-2","9":"pa_color-shadow-grey-2","10":"pa_color-taiga-green-2","11":"pa_size-large-long-34-34-2","12":"pa_size-large-regular-34-32-2","13":"pa_size-medium-long-32-34-2","14":"pa_size-medium-regular-32-32-2","15":"pa_size-xlarge-long-36-34-2","16":"pa_size-xlarge-regular-36-32-2","18":"first","19":"instock","20":"taxable","21":"shipping-taxable","22":"purchasable","23":"product-type-variable"},"yoast_head":"<!-- This site is optimized with the Yoast SEO plugin v27.2 - https:\/\/yoast.com\/product\/yoast-seo-wordpress\/ -->\n<title>Helikon-Tex\u00ae taktikalised p\u00fcksid CTP Pants - VersaStretch\u00ae - Outdoors<\/title>\n<meta name=\"robots\" content=\"index, follow, max-snippet:-1, max-image-preview:large, max-video-preview:-1\" \/>\n<link rel=\"canonical\" href=\"https:\/\/www.outdoors.ee\/et\/toode\/taktikalised-puksid-ctp-pants-versastretch\/\" \/>\n<meta property=\"og:locale\" content=\"et_EE\" \/>\n<meta property=\"og:type\" content=\"article\" \/>\n<meta property=\"og:title\" content=\"Helikon-Tex\u00ae taktikalised p\u00fcksid CTP Pants - VersaStretch\u00ae - Outdoors\" \/>\n<meta property=\"og:description\" content=\"Helikon-Tex\u00ae taktikalised p\u00fcksid Covert Tactical Pants - VersaStretch\u00ae\" \/>\n<meta property=\"og:url\" content=\"https:\/\/www.outdoors.ee\/et\/toode\/taktikalised-puksid-ctp-pants-versastretch\/\" \/>\n<meta property=\"og:site_name\" content=\"Outdoors\" \/>\n<meta property=\"article:modified_time\" content=\"2025-08-26T11:34:14+00:00\" \/>\n<meta property=\"og:image\" content=\"https:\/\/www.outdoors.ee\/wp-content\/uploads\/2024\/11\/Helikon-Tex\u00ae-Covert-Tactical-Pants\u00ae-VersaStretch\u00ae-Adaptive-Green.jpg\" \/>\n\t<meta property=\"og:image:width\" content=\"1500\" \/>\n\t<meta property=\"og:image:height\" content=\"1500\" \/>\n\t<meta property=\"og:image:type\" content=\"image\/jpeg\" \/>\n<meta name=\"twitter:card\" content=\"summary_large_image\" \/>\n<meta name=\"twitter:label1\" content=\"Est. reading time\" \/>\n\t<meta name=\"twitter:data1\" content=\"1 minut\" \/>\n<script type=\"application\/ld+json\" class=\"yoast-schema-graph\">{\"@context\":\"https:\/\/schema.org\",\"@graph\":[{\"@type\":\"WebPage\",\"@id\":\"https:\/\/www.outdoors.ee\/et\/toode\/taktikalised-puksid-ctp-pants-versastretch\/\",\"url\":\"https:\/\/www.outdoors.ee\/et\/toode\/taktikalised-puksid-ctp-pants-versastretch\/\",\"name\":\"Helikon-Tex\u00ae taktikalised p\u00fcksid CTP Pants - VersaStretch\u00ae - Outdoors\",\"isPartOf\":{\"@id\":\"https:\/\/www.outdoors.ee\/#website\"},\"primaryImageOfPage\":{\"@id\":\"https:\/\/www.outdoors.ee\/et\/toode\/taktikalised-puksid-ctp-pants-versastretch\/#primaryimage\"},\"image\":{\"@id\":\"https:\/\/www.outdoors.ee\/et\/toode\/taktikalised-puksid-ctp-pants-versastretch\/#primaryimage\"},\"thumbnailUrl\":\"https:\/\/www.outdoors.ee\/wp-content\/uploads\/2024\/11\/Helikon-Tex\u00ae-Covert-Tactical-Pants\u00ae-VersaStretch\u00ae-Adaptive-Green.jpg\",\"datePublished\":\"2024-11-03T15:11:30+00:00\",\"dateModified\":\"2025-08-26T11:34:14+00:00\",\"breadcrumb\":{\"@id\":\"https:\/\/www.outdoors.ee\/et\/toode\/taktikalised-puksid-ctp-pants-versastretch\/#breadcrumb\"},\"inLanguage\":\"et\",\"potentialAction\":[{\"@type\":\"ReadAction\",\"target\":[\"https:\/\/www.outdoors.ee\/et\/toode\/taktikalised-puksid-ctp-pants-versastretch\/\"]}]},{\"@type\":\"ImageObject\",\"inLanguage\":\"et\",\"@id\":\"https:\/\/www.outdoors.ee\/et\/toode\/taktikalised-puksid-ctp-pants-versastretch\/#primaryimage\",\"url\":\"https:\/\/www.outdoors.ee\/wp-content\/uploads\/2024\/11\/Helikon-Tex\u00ae-Covert-Tactical-Pants\u00ae-VersaStretch\u00ae-Adaptive-Green.jpg\",\"contentUrl\":\"https:\/\/www.outdoors.ee\/wp-content\/uploads\/2024\/11\/Helikon-Tex\u00ae-Covert-Tactical-Pants\u00ae-VersaStretch\u00ae-Adaptive-Green.jpg\",\"width\":1500,\"height\":1500},{\"@type\":\"BreadcrumbList\",\"@id\":\"https:\/\/www.outdoors.ee\/et\/toode\/taktikalised-puksid-ctp-pants-versastretch\/#breadcrumb\",\"itemListElement\":[{\"@type\":\"ListItem\",\"position\":1,\"name\":\"Home\",\"item\":\"https:\/\/www.outdoors.ee\/et\/\"},{\"@type\":\"ListItem\",\"position\":2,\"name\":\"Tooted\",\"item\":\"https:\/\/www.outdoors.ee\/products\/\"},{\"@type\":\"ListItem\",\"position\":3,\"name\":\"Helikon-Tex\u00ae taktikalised p\u00fcksid CTP Pants &#8211; VersaStretch\u00ae\"}]},{\"@type\":\"WebSite\",\"@id\":\"https:\/\/www.outdoors.ee\/#website\",\"url\":\"https:\/\/www.outdoors.ee\/\",\"name\":\"Outdoors\",\"description\":\"Genuine military surplus and not only!\",\"potentialAction\":[{\"@type\":\"SearchAction\",\"target\":{\"@type\":\"EntryPoint\",\"urlTemplate\":\"https:\/\/www.outdoors.ee\/?s={search_term_string}\"},\"query-input\":{\"@type\":\"PropertyValueSpecification\",\"valueRequired\":true,\"valueName\":\"search_term_string\"}}],\"inLanguage\":\"et\"}]}<\/script>\n<!-- \/ Yoast SEO plugin. -->","yoast_head_json":{"title":"Helikon-Tex\u00ae taktikalised p\u00fcksid CTP Pants - VersaStretch\u00ae - Outdoors","robots":{"index":"index","follow":"follow","max-snippet":"max-snippet:-1","max-image-preview":"max-image-preview:large","max-video-preview":"max-video-preview:-1"},"canonical":"https:\/\/www.outdoors.ee\/et\/toode\/taktikalised-puksid-ctp-pants-versastretch\/","og_locale":"et_EE","og_type":"article","og_title":"Helikon-Tex\u00ae taktikalised p\u00fcksid CTP Pants - VersaStretch\u00ae - Outdoors","og_description":"Helikon-Tex\u00ae taktikalised p\u00fcksid Covert Tactical Pants - VersaStretch\u00ae","og_url":"https:\/\/www.outdoors.ee\/et\/toode\/taktikalised-puksid-ctp-pants-versastretch\/","og_site_name":"Outdoors","article_modified_time":"2025-08-26T11:34:14+00:00","og_image":[{"width":1500,"height":1500,"url":"https:\/\/www.outdoors.ee\/wp-content\/uploads\/2024\/11\/Helikon-Tex\u00ae-Covert-Tactical-Pants\u00ae-VersaStretch\u00ae-Adaptive-Green.jpg","type":"image\/jpeg"}],"twitter_card":"summary_large_image","twitter_misc":{"Est. reading time":"1 minut"},"schema":{"@context":"https:\/\/schema.org","@graph":[{"@type":"WebPage","@id":"https:\/\/www.outdoors.ee\/et\/toode\/taktikalised-puksid-ctp-pants-versastretch\/","url":"https:\/\/www.outdoors.ee\/et\/toode\/taktikalised-puksid-ctp-pants-versastretch\/","name":"Helikon-Tex\u00ae taktikalised p\u00fcksid CTP Pants - VersaStretch\u00ae - Outdoors","isPartOf":{"@id":"https:\/\/www.outdoors.ee\/#website"},"primaryImageOfPage":{"@id":"https:\/\/www.outdoors.ee\/et\/toode\/taktikalised-puksid-ctp-pants-versastretch\/#primaryimage"},"image":{"@id":"https:\/\/www.outdoors.ee\/et\/toode\/taktikalised-puksid-ctp-pants-versastretch\/#primaryimage"},"thumbnailUrl":"https:\/\/www.outdoors.ee\/wp-content\/uploads\/2024\/11\/Helikon-Tex\u00ae-Covert-Tactical-Pants\u00ae-VersaStretch\u00ae-Adaptive-Green.jpg","datePublished":"2024-11-03T15:11:30+00:00","dateModified":"2025-08-26T11:34:14+00:00","breadcrumb":{"@id":"https:\/\/www.outdoors.ee\/et\/toode\/taktikalised-puksid-ctp-pants-versastretch\/#breadcrumb"},"inLanguage":"et","potentialAction":[{"@type":"ReadAction","target":["https:\/\/www.outdoors.ee\/et\/toode\/taktikalised-puksid-ctp-pants-versastretch\/"]}]},{"@type":"ImageObject","inLanguage":"et","@id":"https:\/\/www.outdoors.ee\/et\/toode\/taktikalised-puksid-ctp-pants-versastretch\/#primaryimage","url":"https:\/\/www.outdoors.ee\/wp-content\/uploads\/2024\/11\/Helikon-Tex\u00ae-Covert-Tactical-Pants\u00ae-VersaStretch\u00ae-Adaptive-Green.jpg","contentUrl":"https:\/\/www.outdoors.ee\/wp-content\/uploads\/2024\/11\/Helikon-Tex\u00ae-Covert-Tactical-Pants\u00ae-VersaStretch\u00ae-Adaptive-Green.jpg","width":1500,"height":1500},{"@type":"BreadcrumbList","@id":"https:\/\/www.outdoors.ee\/et\/toode\/taktikalised-puksid-ctp-pants-versastretch\/#breadcrumb","itemListElement":[{"@type":"ListItem","position":1,"name":"Home","item":"https:\/\/www.outdoors.ee\/et\/"},{"@type":"ListItem","position":2,"name":"Tooted","item":"https:\/\/www.outdoors.ee\/products\/"},{"@type":"ListItem","position":3,"name":"Helikon-Tex\u00ae taktikalised p\u00fcksid CTP Pants &#8211; VersaStretch\u00ae"}]},{"@type":"WebSite","@id":"https:\/\/www.outdoors.ee\/#website","url":"https:\/\/www.outdoors.ee\/","name":"Outdoors","description":"Genuine military surplus and not only!","potentialAction":[{"@type":"SearchAction","target":{"@type":"EntryPoint","urlTemplate":"https:\/\/www.outdoors.ee\/?s={search_term_string}"},"query-input":{"@type":"PropertyValueSpecification","valueRequired":true,"valueName":"search_term_string"}}],"inLanguage":"et"}]}},"_links":{"self":[{"href":"https:\/\/www.outdoors.ee\/et\/wp-json\/wp\/v2\/product\/96925","targetHints":{"allow":["GET"]}}],"collection":[{"href":"https:\/\/www.outdoors.ee\/et\/wp-json\/wp\/v2\/product"}],"about":[{"href":"https:\/\/www.outdoors.ee\/et\/wp-json\/wp\/v2\/types\/product"}],"wp:featuredmedia":[{"embeddable":true,"href":"https:\/\/www.outdoors.ee\/et\/wp-json\/wp\/v2\/media\/96899"}],"wp:attachment":[{"href":"https:\/\/www.outdoors.ee\/et\/wp-json\/wp\/v2\/media?parent=96925"}],"wp:term":[{"taxonomy":"product_brand","embeddable":true,"href":"https:\/\/www.outdoors.ee\/et\/wp-json\/wp\/v2\/product_brand?post=96925"},{"taxonomy":"product_cat","embeddable":true,"href":"https:\/\/www.outdoors.ee\/et\/wp-json\/wp\/v2\/product_cat?post=96925"},{"taxonomy":"product_tag","embeddable":true,"href":"https:\/\/www.outdoors.ee\/et\/wp-json\/wp\/v2\/product_tag?post=96925"}],"curies":[{"name":"wp","href":"https:\/\/api.w.org\/{rel}","templated":true}]}}