{"id":96595,"date":"2024-10-21T15:05:19","date_gmt":"2024-10-21T12:05:19","guid":{"rendered":"https:\/\/www.outdoors.ee\/?post_type=product&#038;p=96595"},"modified":"2025-09-03T15:27:51","modified_gmt":"2025-09-03T12:27:51","slug":"berghaus-flt-heros-45-fa-ir-seljakott-stone-grey-olive","status":"publish","type":"product","link":"https:\/\/www.outdoors.ee\/et\/toode\/berghaus-flt-heros-45-fa-ir-seljakott-stone-grey-olive\/","title":{"rendered":"Berghaus\u00ae FLT HEROS 45 FA &#8211; IR seljakott Stone Grey Olive"},"content":{"rendered":"<p>Heros 45 on mitmeotstarbeline seljakott mitmetunnisteks lahingumissioonideks. Paindlik seljapaneel koos reguleeritavate \u00f5larihmadega annavad v\u00f5imaluse kasutada seljakotti koos plaadikandjaga. Paraja suurusega kogu vajaliku lahingvarustuse mahutamiseks ilma liikumist takistamata. Valmistatud 560 dtex Cordurast, mis vastab Bundeswehri n\u00f5uetele TL 8305-0278.<\/p>\n<div class=\"flex-shrink-0 flex flex-col relative items-end\">\n<div>\n<div class=\"pt-0\">\n<div class=\"gizmo-bot-avatar flex h-8 w-8 items-center justify-center overflow-hidden rounded-full\"><strong>Omadused:<\/strong><\/div>\n<\/div>\n<\/div>\n<\/div>\n<ul>\n<li>Cyclops II kandes\u00fcsteem alumiiniumraamiga<\/li>\n<li>ventilatsioonikanaliga seljapaneel<\/li>\n<li>infrapuna (IR) t\u00f6\u00f6tlusega kangas paremaks kaitseks \u00f6\u00f6vaatlusseadme abil tuvastamise vastu<\/li>\n<li>ligip\u00e4\u00e4s seljakoti p\u00f5hisahtlisse eest t\u00f5mblukkude abil (FA \u2013 Front Access)<\/li>\n<li>kompressioonirihmad k\u00fclgedel<\/li>\n<li>reguleeritava pikkusega puusav\u00f6\u00f6 ning rinnarihm<\/li>\n<li>&#8220;tunnel&#8221; puusav\u00f6\u00f6 \u00e4rapanekuks<\/li>\n<li>materjal: Cordura 560 DTex TL 8305-0278<\/li>\n<li>ligikaudsed m\u00f5\u00f5tmed: 65cm (H) x 30cm (W) x 30cm (D)<\/li>\n<li>kaal ca. 1320g<\/li>\n<li>maht 45L<\/li>\n<\/ul>\n<p><strong>Seisukord:<\/strong> uus<\/p>\n","protected":false},"excerpt":{"rendered":"<p>Heros 45 on mitmeotstarbeline seljakott mitmetunnisteks lahingumissioonideks. Paindlik seljapaneel koos reguleeritavate \u00f5larihmadega annavad v\u00f5imaluse kasutada seljakotti koos plaadikandjaga. Paraja suurusega<\/p>\n","protected":false},"featured_media":96586,"template":"","meta":[],"product_brand":[],"product_cat":[3539],"product_tag":[],"class_list":{"0":"post-96595","1":"product","2":"type-product","3":"status-publish","4":"has-post-thumbnail","6":"product_cat-seljakotid","7":"pa_brand-berghaus-2","9":"first","10":"instock","11":"taxable","12":"shipping-taxable","13":"purchasable","14":"product-type-simple"},"yoast_head":"<!-- This site is optimized with the Yoast SEO plugin v27.2 - https:\/\/yoast.com\/product\/yoast-seo-wordpress\/ -->\n<title>Berghaus\u00ae FLT HEROS 45 FA - IR seljakott Stone Grey Olive - Outdoors<\/title>\n<meta name=\"robots\" content=\"index, follow, max-snippet:-1, max-image-preview:large, max-video-preview:-1\" \/>\n<link rel=\"canonical\" href=\"https:\/\/www.outdoors.ee\/et\/toode\/berghaus-flt-heros-45-fa-ir-seljakott-stone-grey-olive\/\" \/>\n<meta property=\"og:locale\" content=\"et_EE\" \/>\n<meta property=\"og:type\" content=\"article\" \/>\n<meta property=\"og:title\" content=\"Berghaus\u00ae FLT HEROS 45 FA - IR seljakott Stone Grey Olive - Outdoors\" \/>\n<meta property=\"og:description\" content=\"Heros 45 on mitmeotstarbeline seljakott mitmetunnisteks lahingumissioonideks. Paindlik seljapaneel koos reguleeritavate \u00f5larihmadega annavad v\u00f5imaluse kasutada seljakotti koos plaadikandjaga. Paraja suurusega\" \/>\n<meta property=\"og:url\" content=\"https:\/\/www.outdoors.ee\/et\/toode\/berghaus-flt-heros-45-fa-ir-seljakott-stone-grey-olive\/\" \/>\n<meta property=\"og:site_name\" content=\"Outdoors\" \/>\n<meta property=\"article:modified_time\" content=\"2025-09-03T12:27:51+00:00\" \/>\n<meta property=\"og:image\" content=\"https:\/\/www.outdoors.ee\/wp-content\/uploads\/2024\/10\/Berghaus-FLT-HEROS-45-FA-IR-Stone-Grey-Olive-1-scaled.jpg\" \/>\n\t<meta property=\"og:image:width\" content=\"2560\" \/>\n\t<meta property=\"og:image:height\" content=\"2560\" \/>\n\t<meta property=\"og:image:type\" content=\"image\/jpeg\" \/>\n<meta name=\"twitter:card\" content=\"summary_large_image\" \/>\n<meta name=\"twitter:label1\" content=\"Est. reading time\" \/>\n\t<meta name=\"twitter:data1\" content=\"1 minut\" \/>\n<script type=\"application\/ld+json\" class=\"yoast-schema-graph\">{\"@context\":\"https:\/\/schema.org\",\"@graph\":[{\"@type\":\"WebPage\",\"@id\":\"https:\/\/www.outdoors.ee\/et\/toode\/berghaus-flt-heros-45-fa-ir-seljakott-stone-grey-olive\/\",\"url\":\"https:\/\/www.outdoors.ee\/et\/toode\/berghaus-flt-heros-45-fa-ir-seljakott-stone-grey-olive\/\",\"name\":\"Berghaus\u00ae FLT HEROS 45 FA - IR seljakott Stone Grey Olive - Outdoors\",\"isPartOf\":{\"@id\":\"https:\/\/www.outdoors.ee\/#website\"},\"primaryImageOfPage\":{\"@id\":\"https:\/\/www.outdoors.ee\/et\/toode\/berghaus-flt-heros-45-fa-ir-seljakott-stone-grey-olive\/#primaryimage\"},\"image\":{\"@id\":\"https:\/\/www.outdoors.ee\/et\/toode\/berghaus-flt-heros-45-fa-ir-seljakott-stone-grey-olive\/#primaryimage\"},\"thumbnailUrl\":\"https:\/\/www.outdoors.ee\/wp-content\/uploads\/2024\/10\/Berghaus-FLT-HEROS-45-FA-IR-Stone-Grey-Olive-1-scaled.jpg\",\"datePublished\":\"2024-10-21T12:05:19+00:00\",\"dateModified\":\"2025-09-03T12:27:51+00:00\",\"breadcrumb\":{\"@id\":\"https:\/\/www.outdoors.ee\/et\/toode\/berghaus-flt-heros-45-fa-ir-seljakott-stone-grey-olive\/#breadcrumb\"},\"inLanguage\":\"et\",\"potentialAction\":[{\"@type\":\"ReadAction\",\"target\":[\"https:\/\/www.outdoors.ee\/et\/toode\/berghaus-flt-heros-45-fa-ir-seljakott-stone-grey-olive\/\"]}]},{\"@type\":\"ImageObject\",\"inLanguage\":\"et\",\"@id\":\"https:\/\/www.outdoors.ee\/et\/toode\/berghaus-flt-heros-45-fa-ir-seljakott-stone-grey-olive\/#primaryimage\",\"url\":\"https:\/\/www.outdoors.ee\/wp-content\/uploads\/2024\/10\/Berghaus-FLT-HEROS-45-FA-IR-Stone-Grey-Olive-1-scaled.jpg\",\"contentUrl\":\"https:\/\/www.outdoors.ee\/wp-content\/uploads\/2024\/10\/Berghaus-FLT-HEROS-45-FA-IR-Stone-Grey-Olive-1-scaled.jpg\",\"width\":2560,\"height\":2560},{\"@type\":\"BreadcrumbList\",\"@id\":\"https:\/\/www.outdoors.ee\/et\/toode\/berghaus-flt-heros-45-fa-ir-seljakott-stone-grey-olive\/#breadcrumb\",\"itemListElement\":[{\"@type\":\"ListItem\",\"position\":1,\"name\":\"Home\",\"item\":\"https:\/\/www.outdoors.ee\/et\/\"},{\"@type\":\"ListItem\",\"position\":2,\"name\":\"Tooted\",\"item\":\"https:\/\/www.outdoors.ee\/products\/\"},{\"@type\":\"ListItem\",\"position\":3,\"name\":\"Berghaus\u00ae FLT HEROS 45 FA &#8211; IR seljakott Stone Grey Olive\"}]},{\"@type\":\"WebSite\",\"@id\":\"https:\/\/www.outdoors.ee\/#website\",\"url\":\"https:\/\/www.outdoors.ee\/\",\"name\":\"Outdoors\",\"description\":\"Genuine military surplus and not only!\",\"potentialAction\":[{\"@type\":\"SearchAction\",\"target\":{\"@type\":\"EntryPoint\",\"urlTemplate\":\"https:\/\/www.outdoors.ee\/?s={search_term_string}\"},\"query-input\":{\"@type\":\"PropertyValueSpecification\",\"valueRequired\":true,\"valueName\":\"search_term_string\"}}],\"inLanguage\":\"et\"}]}<\/script>\n<!-- \/ Yoast SEO plugin. -->","yoast_head_json":{"title":"Berghaus\u00ae FLT HEROS 45 FA - IR seljakott Stone Grey Olive - Outdoors","robots":{"index":"index","follow":"follow","max-snippet":"max-snippet:-1","max-image-preview":"max-image-preview:large","max-video-preview":"max-video-preview:-1"},"canonical":"https:\/\/www.outdoors.ee\/et\/toode\/berghaus-flt-heros-45-fa-ir-seljakott-stone-grey-olive\/","og_locale":"et_EE","og_type":"article","og_title":"Berghaus\u00ae FLT HEROS 45 FA - IR seljakott Stone Grey Olive - Outdoors","og_description":"Heros 45 on mitmeotstarbeline seljakott mitmetunnisteks lahingumissioonideks. Paindlik seljapaneel koos reguleeritavate \u00f5larihmadega annavad v\u00f5imaluse kasutada seljakotti koos plaadikandjaga. Paraja suurusega","og_url":"https:\/\/www.outdoors.ee\/et\/toode\/berghaus-flt-heros-45-fa-ir-seljakott-stone-grey-olive\/","og_site_name":"Outdoors","article_modified_time":"2025-09-03T12:27:51+00:00","og_image":[{"width":2560,"height":2560,"url":"https:\/\/www.outdoors.ee\/wp-content\/uploads\/2024\/10\/Berghaus-FLT-HEROS-45-FA-IR-Stone-Grey-Olive-1-scaled.jpg","type":"image\/jpeg"}],"twitter_card":"summary_large_image","twitter_misc":{"Est. reading time":"1 minut"},"schema":{"@context":"https:\/\/schema.org","@graph":[{"@type":"WebPage","@id":"https:\/\/www.outdoors.ee\/et\/toode\/berghaus-flt-heros-45-fa-ir-seljakott-stone-grey-olive\/","url":"https:\/\/www.outdoors.ee\/et\/toode\/berghaus-flt-heros-45-fa-ir-seljakott-stone-grey-olive\/","name":"Berghaus\u00ae FLT HEROS 45 FA - IR seljakott Stone Grey Olive - Outdoors","isPartOf":{"@id":"https:\/\/www.outdoors.ee\/#website"},"primaryImageOfPage":{"@id":"https:\/\/www.outdoors.ee\/et\/toode\/berghaus-flt-heros-45-fa-ir-seljakott-stone-grey-olive\/#primaryimage"},"image":{"@id":"https:\/\/www.outdoors.ee\/et\/toode\/berghaus-flt-heros-45-fa-ir-seljakott-stone-grey-olive\/#primaryimage"},"thumbnailUrl":"https:\/\/www.outdoors.ee\/wp-content\/uploads\/2024\/10\/Berghaus-FLT-HEROS-45-FA-IR-Stone-Grey-Olive-1-scaled.jpg","datePublished":"2024-10-21T12:05:19+00:00","dateModified":"2025-09-03T12:27:51+00:00","breadcrumb":{"@id":"https:\/\/www.outdoors.ee\/et\/toode\/berghaus-flt-heros-45-fa-ir-seljakott-stone-grey-olive\/#breadcrumb"},"inLanguage":"et","potentialAction":[{"@type":"ReadAction","target":["https:\/\/www.outdoors.ee\/et\/toode\/berghaus-flt-heros-45-fa-ir-seljakott-stone-grey-olive\/"]}]},{"@type":"ImageObject","inLanguage":"et","@id":"https:\/\/www.outdoors.ee\/et\/toode\/berghaus-flt-heros-45-fa-ir-seljakott-stone-grey-olive\/#primaryimage","url":"https:\/\/www.outdoors.ee\/wp-content\/uploads\/2024\/10\/Berghaus-FLT-HEROS-45-FA-IR-Stone-Grey-Olive-1-scaled.jpg","contentUrl":"https:\/\/www.outdoors.ee\/wp-content\/uploads\/2024\/10\/Berghaus-FLT-HEROS-45-FA-IR-Stone-Grey-Olive-1-scaled.jpg","width":2560,"height":2560},{"@type":"BreadcrumbList","@id":"https:\/\/www.outdoors.ee\/et\/toode\/berghaus-flt-heros-45-fa-ir-seljakott-stone-grey-olive\/#breadcrumb","itemListElement":[{"@type":"ListItem","position":1,"name":"Home","item":"https:\/\/www.outdoors.ee\/et\/"},{"@type":"ListItem","position":2,"name":"Tooted","item":"https:\/\/www.outdoors.ee\/products\/"},{"@type":"ListItem","position":3,"name":"Berghaus\u00ae FLT HEROS 45 FA &#8211; IR seljakott Stone Grey Olive"}]},{"@type":"WebSite","@id":"https:\/\/www.outdoors.ee\/#website","url":"https:\/\/www.outdoors.ee\/","name":"Outdoors","description":"Genuine military surplus and not only!","potentialAction":[{"@type":"SearchAction","target":{"@type":"EntryPoint","urlTemplate":"https:\/\/www.outdoors.ee\/?s={search_term_string}"},"query-input":{"@type":"PropertyValueSpecification","valueRequired":true,"valueName":"search_term_string"}}],"inLanguage":"et"}]}},"_links":{"self":[{"href":"https:\/\/www.outdoors.ee\/et\/wp-json\/wp\/v2\/product\/96595","targetHints":{"allow":["GET"]}}],"collection":[{"href":"https:\/\/www.outdoors.ee\/et\/wp-json\/wp\/v2\/product"}],"about":[{"href":"https:\/\/www.outdoors.ee\/et\/wp-json\/wp\/v2\/types\/product"}],"wp:featuredmedia":[{"embeddable":true,"href":"https:\/\/www.outdoors.ee\/et\/wp-json\/wp\/v2\/media\/96586"}],"wp:attachment":[{"href":"https:\/\/www.outdoors.ee\/et\/wp-json\/wp\/v2\/media?parent=96595"}],"wp:term":[{"taxonomy":"product_brand","embeddable":true,"href":"https:\/\/www.outdoors.ee\/et\/wp-json\/wp\/v2\/product_brand?post=96595"},{"taxonomy":"product_cat","embeddable":true,"href":"https:\/\/www.outdoors.ee\/et\/wp-json\/wp\/v2\/product_cat?post=96595"},{"taxonomy":"product_tag","embeddable":true,"href":"https:\/\/www.outdoors.ee\/et\/wp-json\/wp\/v2\/product_tag?post=96595"}],"curies":[{"name":"wp","href":"https:\/\/api.w.org\/{rel}","templated":true}]}}