{"id":96537,"date":"2024-10-20T18:13:59","date_gmt":"2024-10-20T15:13:59","guid":{"rendered":"https:\/\/www.outdoors.ee\/?post_type=product&#038;p=96537"},"modified":"2025-09-03T15:28:00","modified_gmt":"2025-09-03T12:28:00","slug":"berghaus-flt-kuljetaskud-l-ir-stone-grey-olive","status":"publish","type":"product","link":"https:\/\/www.outdoors.ee\/et\/toode\/berghaus-flt-kuljetaskud-l-ir-stone-grey-olive\/","title":{"rendered":"Berghaus\u00ae FLT k\u00fcljetaskud L \u2013 IR Stone Grey Olive"},"content":{"rendered":"<p>S\u00f5ltuvalt vajadustest v\u00f5ib valida kolme erineva suurusega FTL k\u00fcljetaskute vahel: S, M v\u00f5i L. FLT k\u00fcljetaskud \u00fchilduvad iga FLT seeria seljakotiga.<\/p>\n<p><strong>Omadused:<\/strong><\/p>\n<ul>\n<li>\u00f5larihmad (FLT Shoulder Harness IR) komplektis<\/li>\n<li>infrapuna (IR) t\u00f6\u00f6tlusega kangas paremaks kaitseks \u00f6\u00f6vaatlusseadme abil tuvastamise vastu<\/li>\n<li>aasad kompressioonirihmadele<\/li>\n<li>materjal: Cordura 560 dtex TL 8305-0278<\/li>\n<li>ligikaudsed m\u00f5\u00f5tmed: 40cm (H) x 22cm (W) x 14cm (D)<\/li>\n<li>kaal ca. 360g<\/li>\n<li>maht 24L<\/li>\n<\/ul>\n<p><strong>Seisukord: <\/strong>uus<\/p>\n","protected":false},"excerpt":{"rendered":"<p>S\u00f5ltuvalt vajadustest v\u00f5ib valida kolme erineva suurusega FTL k\u00fcljetaskute vahel: S, M v\u00f5i L. FLT k\u00fcljetaskud \u00fchilduvad iga FLT seeria<\/p>\n","protected":false},"featured_media":96526,"template":"","meta":[],"product_brand":[],"product_cat":[3541],"product_tag":[],"class_list":{"0":"post-96537","1":"product","2":"type-product","3":"status-publish","4":"has-post-thumbnail","6":"product_cat-kotid-taskud","7":"pa_brand-berghaus-2","9":"first","10":"instock","11":"taxable","12":"shipping-taxable","13":"purchasable","14":"product-type-simple"},"yoast_head":"<!-- This site is optimized with the Yoast SEO plugin v27.2 - https:\/\/yoast.com\/product\/yoast-seo-wordpress\/ -->\n<title>Berghaus\u00ae FLT k\u00fcljetaskud L \u2013 IR Stone Grey Olive - Outdoors<\/title>\n<meta name=\"robots\" content=\"index, follow, max-snippet:-1, max-image-preview:large, max-video-preview:-1\" \/>\n<link rel=\"canonical\" href=\"https:\/\/www.outdoors.ee\/et\/toode\/berghaus-flt-kuljetaskud-l-ir-stone-grey-olive\/\" \/>\n<meta property=\"og:locale\" content=\"et_EE\" \/>\n<meta property=\"og:type\" content=\"article\" \/>\n<meta property=\"og:title\" content=\"Berghaus\u00ae FLT k\u00fcljetaskud L \u2013 IR Stone Grey Olive - Outdoors\" \/>\n<meta property=\"og:description\" content=\"S\u00f5ltuvalt vajadustest v\u00f5ib valida kolme erineva suurusega FTL k\u00fcljetaskute vahel: S, M v\u00f5i L. FLT k\u00fcljetaskud \u00fchilduvad iga FLT seeria\" \/>\n<meta property=\"og:url\" content=\"https:\/\/www.outdoors.ee\/et\/toode\/berghaus-flt-kuljetaskud-l-ir-stone-grey-olive\/\" \/>\n<meta property=\"og:site_name\" content=\"Outdoors\" \/>\n<meta property=\"article:modified_time\" content=\"2025-09-03T12:28:00+00:00\" \/>\n<meta property=\"og:image\" content=\"https:\/\/www.outdoors.ee\/wp-content\/uploads\/2024\/10\/Berghaus-FLT-Pockets-L-\u2013-IR-Stone-Grey-Olive-1-scaled.jpg\" \/>\n\t<meta property=\"og:image:width\" content=\"2560\" \/>\n\t<meta property=\"og:image:height\" content=\"2560\" \/>\n\t<meta property=\"og:image:type\" content=\"image\/jpeg\" \/>\n<meta name=\"twitter:card\" content=\"summary_large_image\" \/>\n<meta name=\"twitter:label1\" content=\"Est. reading time\" \/>\n\t<meta name=\"twitter:data1\" content=\"1 minut\" \/>\n<script type=\"application\/ld+json\" class=\"yoast-schema-graph\">{\"@context\":\"https:\/\/schema.org\",\"@graph\":[{\"@type\":\"WebPage\",\"@id\":\"https:\/\/www.outdoors.ee\/et\/toode\/berghaus-flt-kuljetaskud-l-ir-stone-grey-olive\/\",\"url\":\"https:\/\/www.outdoors.ee\/et\/toode\/berghaus-flt-kuljetaskud-l-ir-stone-grey-olive\/\",\"name\":\"Berghaus\u00ae FLT k\u00fcljetaskud L \u2013 IR Stone Grey Olive - Outdoors\",\"isPartOf\":{\"@id\":\"https:\/\/www.outdoors.ee\/#website\"},\"primaryImageOfPage\":{\"@id\":\"https:\/\/www.outdoors.ee\/et\/toode\/berghaus-flt-kuljetaskud-l-ir-stone-grey-olive\/#primaryimage\"},\"image\":{\"@id\":\"https:\/\/www.outdoors.ee\/et\/toode\/berghaus-flt-kuljetaskud-l-ir-stone-grey-olive\/#primaryimage\"},\"thumbnailUrl\":\"https:\/\/www.outdoors.ee\/wp-content\/uploads\/2024\/10\/Berghaus-FLT-Pockets-L-\u2013-IR-Stone-Grey-Olive-1-scaled.jpg\",\"datePublished\":\"2024-10-20T15:13:59+00:00\",\"dateModified\":\"2025-09-03T12:28:00+00:00\",\"breadcrumb\":{\"@id\":\"https:\/\/www.outdoors.ee\/et\/toode\/berghaus-flt-kuljetaskud-l-ir-stone-grey-olive\/#breadcrumb\"},\"inLanguage\":\"et\",\"potentialAction\":[{\"@type\":\"ReadAction\",\"target\":[\"https:\/\/www.outdoors.ee\/et\/toode\/berghaus-flt-kuljetaskud-l-ir-stone-grey-olive\/\"]}]},{\"@type\":\"ImageObject\",\"inLanguage\":\"et\",\"@id\":\"https:\/\/www.outdoors.ee\/et\/toode\/berghaus-flt-kuljetaskud-l-ir-stone-grey-olive\/#primaryimage\",\"url\":\"https:\/\/www.outdoors.ee\/wp-content\/uploads\/2024\/10\/Berghaus-FLT-Pockets-L-\u2013-IR-Stone-Grey-Olive-1-scaled.jpg\",\"contentUrl\":\"https:\/\/www.outdoors.ee\/wp-content\/uploads\/2024\/10\/Berghaus-FLT-Pockets-L-\u2013-IR-Stone-Grey-Olive-1-scaled.jpg\",\"width\":2560,\"height\":2560},{\"@type\":\"BreadcrumbList\",\"@id\":\"https:\/\/www.outdoors.ee\/et\/toode\/berghaus-flt-kuljetaskud-l-ir-stone-grey-olive\/#breadcrumb\",\"itemListElement\":[{\"@type\":\"ListItem\",\"position\":1,\"name\":\"Home\",\"item\":\"https:\/\/www.outdoors.ee\/et\/\"},{\"@type\":\"ListItem\",\"position\":2,\"name\":\"Tooted\",\"item\":\"https:\/\/www.outdoors.ee\/products\/\"},{\"@type\":\"ListItem\",\"position\":3,\"name\":\"Berghaus\u00ae FLT k\u00fcljetaskud L \u2013 IR Stone Grey Olive\"}]},{\"@type\":\"WebSite\",\"@id\":\"https:\/\/www.outdoors.ee\/#website\",\"url\":\"https:\/\/www.outdoors.ee\/\",\"name\":\"Outdoors\",\"description\":\"Genuine military surplus and not only!\",\"potentialAction\":[{\"@type\":\"SearchAction\",\"target\":{\"@type\":\"EntryPoint\",\"urlTemplate\":\"https:\/\/www.outdoors.ee\/?s={search_term_string}\"},\"query-input\":{\"@type\":\"PropertyValueSpecification\",\"valueRequired\":true,\"valueName\":\"search_term_string\"}}],\"inLanguage\":\"et\"}]}<\/script>\n<!-- \/ Yoast SEO plugin. -->","yoast_head_json":{"title":"Berghaus\u00ae FLT k\u00fcljetaskud L \u2013 IR Stone Grey Olive - Outdoors","robots":{"index":"index","follow":"follow","max-snippet":"max-snippet:-1","max-image-preview":"max-image-preview:large","max-video-preview":"max-video-preview:-1"},"canonical":"https:\/\/www.outdoors.ee\/et\/toode\/berghaus-flt-kuljetaskud-l-ir-stone-grey-olive\/","og_locale":"et_EE","og_type":"article","og_title":"Berghaus\u00ae FLT k\u00fcljetaskud L \u2013 IR Stone Grey Olive - Outdoors","og_description":"S\u00f5ltuvalt vajadustest v\u00f5ib valida kolme erineva suurusega FTL k\u00fcljetaskute vahel: S, M v\u00f5i L. FLT k\u00fcljetaskud \u00fchilduvad iga FLT seeria","og_url":"https:\/\/www.outdoors.ee\/et\/toode\/berghaus-flt-kuljetaskud-l-ir-stone-grey-olive\/","og_site_name":"Outdoors","article_modified_time":"2025-09-03T12:28:00+00:00","og_image":[{"width":2560,"height":2560,"url":"https:\/\/www.outdoors.ee\/wp-content\/uploads\/2024\/10\/Berghaus-FLT-Pockets-L-\u2013-IR-Stone-Grey-Olive-1-scaled.jpg","type":"image\/jpeg"}],"twitter_card":"summary_large_image","twitter_misc":{"Est. reading time":"1 minut"},"schema":{"@context":"https:\/\/schema.org","@graph":[{"@type":"WebPage","@id":"https:\/\/www.outdoors.ee\/et\/toode\/berghaus-flt-kuljetaskud-l-ir-stone-grey-olive\/","url":"https:\/\/www.outdoors.ee\/et\/toode\/berghaus-flt-kuljetaskud-l-ir-stone-grey-olive\/","name":"Berghaus\u00ae FLT k\u00fcljetaskud L \u2013 IR Stone Grey Olive - Outdoors","isPartOf":{"@id":"https:\/\/www.outdoors.ee\/#website"},"primaryImageOfPage":{"@id":"https:\/\/www.outdoors.ee\/et\/toode\/berghaus-flt-kuljetaskud-l-ir-stone-grey-olive\/#primaryimage"},"image":{"@id":"https:\/\/www.outdoors.ee\/et\/toode\/berghaus-flt-kuljetaskud-l-ir-stone-grey-olive\/#primaryimage"},"thumbnailUrl":"https:\/\/www.outdoors.ee\/wp-content\/uploads\/2024\/10\/Berghaus-FLT-Pockets-L-\u2013-IR-Stone-Grey-Olive-1-scaled.jpg","datePublished":"2024-10-20T15:13:59+00:00","dateModified":"2025-09-03T12:28:00+00:00","breadcrumb":{"@id":"https:\/\/www.outdoors.ee\/et\/toode\/berghaus-flt-kuljetaskud-l-ir-stone-grey-olive\/#breadcrumb"},"inLanguage":"et","potentialAction":[{"@type":"ReadAction","target":["https:\/\/www.outdoors.ee\/et\/toode\/berghaus-flt-kuljetaskud-l-ir-stone-grey-olive\/"]}]},{"@type":"ImageObject","inLanguage":"et","@id":"https:\/\/www.outdoors.ee\/et\/toode\/berghaus-flt-kuljetaskud-l-ir-stone-grey-olive\/#primaryimage","url":"https:\/\/www.outdoors.ee\/wp-content\/uploads\/2024\/10\/Berghaus-FLT-Pockets-L-\u2013-IR-Stone-Grey-Olive-1-scaled.jpg","contentUrl":"https:\/\/www.outdoors.ee\/wp-content\/uploads\/2024\/10\/Berghaus-FLT-Pockets-L-\u2013-IR-Stone-Grey-Olive-1-scaled.jpg","width":2560,"height":2560},{"@type":"BreadcrumbList","@id":"https:\/\/www.outdoors.ee\/et\/toode\/berghaus-flt-kuljetaskud-l-ir-stone-grey-olive\/#breadcrumb","itemListElement":[{"@type":"ListItem","position":1,"name":"Home","item":"https:\/\/www.outdoors.ee\/et\/"},{"@type":"ListItem","position":2,"name":"Tooted","item":"https:\/\/www.outdoors.ee\/products\/"},{"@type":"ListItem","position":3,"name":"Berghaus\u00ae FLT k\u00fcljetaskud L \u2013 IR Stone Grey Olive"}]},{"@type":"WebSite","@id":"https:\/\/www.outdoors.ee\/#website","url":"https:\/\/www.outdoors.ee\/","name":"Outdoors","description":"Genuine military surplus and not only!","potentialAction":[{"@type":"SearchAction","target":{"@type":"EntryPoint","urlTemplate":"https:\/\/www.outdoors.ee\/?s={search_term_string}"},"query-input":{"@type":"PropertyValueSpecification","valueRequired":true,"valueName":"search_term_string"}}],"inLanguage":"et"}]}},"_links":{"self":[{"href":"https:\/\/www.outdoors.ee\/et\/wp-json\/wp\/v2\/product\/96537","targetHints":{"allow":["GET"]}}],"collection":[{"href":"https:\/\/www.outdoors.ee\/et\/wp-json\/wp\/v2\/product"}],"about":[{"href":"https:\/\/www.outdoors.ee\/et\/wp-json\/wp\/v2\/types\/product"}],"wp:featuredmedia":[{"embeddable":true,"href":"https:\/\/www.outdoors.ee\/et\/wp-json\/wp\/v2\/media\/96526"}],"wp:attachment":[{"href":"https:\/\/www.outdoors.ee\/et\/wp-json\/wp\/v2\/media?parent=96537"}],"wp:term":[{"taxonomy":"product_brand","embeddable":true,"href":"https:\/\/www.outdoors.ee\/et\/wp-json\/wp\/v2\/product_brand?post=96537"},{"taxonomy":"product_cat","embeddable":true,"href":"https:\/\/www.outdoors.ee\/et\/wp-json\/wp\/v2\/product_cat?post=96537"},{"taxonomy":"product_tag","embeddable":true,"href":"https:\/\/www.outdoors.ee\/et\/wp-json\/wp\/v2\/product_tag?post=96537"}],"curies":[{"name":"wp","href":"https:\/\/api.w.org\/{rel}","templated":true}]}}