{"id":96347,"date":"2024-10-15T10:18:54","date_gmt":"2024-10-15T07:18:54","guid":{"rendered":"https:\/\/www.outdoors.ee\/?post_type=product&#038;p=96347"},"modified":"2026-04-20T17:46:01","modified_gmt":"2026-04-20T14:46:01","slug":"berghaus-mmps-spartan-ii-60-fa","status":"publish","type":"product","link":"https:\/\/www.outdoors.ee\/et\/toode\/berghaus-mmps-spartan-ii-60-fa\/","title":{"rendered":"Berghaus\u00ae MMPS SPARTAN II 60 FA seljakott"},"content":{"rendered":"<p><strong>Omadused:<\/strong><\/p>\n<ul>\n<li>Cyclops II kandes\u00fcsteem alumiiniumraamiga<\/li>\n<li>vastupidav kandesang<\/li>\n<li>ergonoomiliselt kujundatud, pehmendatud, reguleeritava pikkusega \u00f5larihmad<\/li>\n<li>reguleeritav, pehmendatud puusav\u00f6\u00f6<\/li>\n<li>suusakinnituskohad kiirvabastusklambritega seljakoti k\u00fclgedel<\/li>\n<li>ligip\u00e4\u00e4s seljakoti p\u00f5hisahtlisse eest t\u00f5mblukkude abil (FA \u2013 Front Access)<\/li>\n<li>materjal: Armadura 1000D<\/li>\n<li>ligikaudsed m\u00f5\u00f5tmed: 75cm (H) x 37cm (W) x 25cm (D)<\/li>\n<li>kaal ca 3175g<\/li>\n<li>maht 60L<\/li>\n<\/ul>\n<p><strong>Seljaosa pikkus:<\/strong><\/p>\n<ul>\n<li>1 (kasvule 153-165cm)<\/li>\n<li>2 (kasvule 160-173cm)<\/li>\n<li>3 (kasvule 170-183cm)<\/li>\n<li>4 (kasvule\u00a0183-198cm)<\/li>\n<\/ul>\n<p><strong>Seisukord:<\/strong> uus<\/p>\n","protected":false},"excerpt":{"rendered":"<p>Omadused: Cyclops II kandes\u00fcsteem alumiiniumraamiga vastupidav kandesang ergonoomiliselt kujundatud, pehmendatud, reguleeritava pikkusega \u00f5larihmad reguleeritav, pehmendatud puusav\u00f6\u00f6 suusakinnituskohad kiirvabastusklambritega seljakoti k\u00fclgedel<\/p>\n","protected":false},"featured_media":96326,"template":"","meta":[],"product_brand":[],"product_cat":[3539],"product_tag":[],"class_list":{"0":"post-96347","1":"product","2":"type-product","3":"status-publish","4":"has-post-thumbnail","6":"product_cat-seljakotid","7":"pa_brand-berghaus-2","8":"pa_color-cedar-2","9":"pa_color-earth-brown-2","10":"pa_size-2-2","11":"pa_size-3-2","12":"pa_size-4-2","14":"first","15":"instock","16":"taxable","17":"shipping-taxable","18":"purchasable","19":"product-type-variable"},"yoast_head":"<!-- This site is optimized with the Yoast SEO plugin v27.2 - https:\/\/yoast.com\/product\/yoast-seo-wordpress\/ -->\n<title>Berghaus\u00ae MMPS SPARTAN II 60 FA seljakott - Outdoors<\/title>\n<meta name=\"robots\" content=\"index, follow, max-snippet:-1, max-image-preview:large, max-video-preview:-1\" \/>\n<link rel=\"canonical\" href=\"https:\/\/www.outdoors.ee\/et\/toode\/berghaus-mmps-spartan-ii-60-fa\/\" \/>\n<meta property=\"og:locale\" content=\"et_EE\" \/>\n<meta property=\"og:type\" content=\"article\" \/>\n<meta property=\"og:title\" content=\"Berghaus\u00ae MMPS SPARTAN II 60 FA seljakott - Outdoors\" \/>\n<meta property=\"og:description\" content=\"Omadused: Cyclops II kandes\u00fcsteem alumiiniumraamiga vastupidav kandesang ergonoomiliselt kujundatud, pehmendatud, reguleeritava pikkusega \u00f5larihmad reguleeritav, pehmendatud puusav\u00f6\u00f6 suusakinnituskohad kiirvabastusklambritega seljakoti k\u00fclgedel\" \/>\n<meta property=\"og:url\" content=\"https:\/\/www.outdoors.ee\/et\/toode\/berghaus-mmps-spartan-ii-60-fa\/\" \/>\n<meta property=\"og:site_name\" content=\"Outdoors\" \/>\n<meta property=\"article:modified_time\" content=\"2026-04-20T14:46:01+00:00\" \/>\n<meta property=\"og:image\" content=\"https:\/\/www.outdoors.ee\/wp-content\/uploads\/2024\/10\/Berghaus-MMPS-Spartan-II-60-FA-Cedar-1-scaled.jpg\" \/>\n\t<meta property=\"og:image:width\" content=\"2560\" \/>\n\t<meta property=\"og:image:height\" content=\"2560\" \/>\n\t<meta property=\"og:image:type\" content=\"image\/jpeg\" \/>\n<meta name=\"twitter:card\" content=\"summary_large_image\" \/>\n<meta name=\"twitter:label1\" content=\"Est. reading time\" \/>\n\t<meta name=\"twitter:data1\" content=\"1 minut\" \/>\n<script type=\"application\/ld+json\" class=\"yoast-schema-graph\">{\"@context\":\"https:\/\/schema.org\",\"@graph\":[{\"@type\":\"WebPage\",\"@id\":\"https:\/\/www.outdoors.ee\/et\/toode\/berghaus-mmps-spartan-ii-60-fa\/\",\"url\":\"https:\/\/www.outdoors.ee\/et\/toode\/berghaus-mmps-spartan-ii-60-fa\/\",\"name\":\"Berghaus\u00ae MMPS SPARTAN II 60 FA seljakott - Outdoors\",\"isPartOf\":{\"@id\":\"https:\/\/www.outdoors.ee\/#website\"},\"primaryImageOfPage\":{\"@id\":\"https:\/\/www.outdoors.ee\/et\/toode\/berghaus-mmps-spartan-ii-60-fa\/#primaryimage\"},\"image\":{\"@id\":\"https:\/\/www.outdoors.ee\/et\/toode\/berghaus-mmps-spartan-ii-60-fa\/#primaryimage\"},\"thumbnailUrl\":\"https:\/\/www.outdoors.ee\/wp-content\/uploads\/2024\/10\/Berghaus-MMPS-Spartan-II-60-FA-Cedar-1-scaled.jpg\",\"datePublished\":\"2024-10-15T07:18:54+00:00\",\"dateModified\":\"2026-04-20T14:46:01+00:00\",\"breadcrumb\":{\"@id\":\"https:\/\/www.outdoors.ee\/et\/toode\/berghaus-mmps-spartan-ii-60-fa\/#breadcrumb\"},\"inLanguage\":\"et\",\"potentialAction\":[{\"@type\":\"ReadAction\",\"target\":[\"https:\/\/www.outdoors.ee\/et\/toode\/berghaus-mmps-spartan-ii-60-fa\/\"]}]},{\"@type\":\"ImageObject\",\"inLanguage\":\"et\",\"@id\":\"https:\/\/www.outdoors.ee\/et\/toode\/berghaus-mmps-spartan-ii-60-fa\/#primaryimage\",\"url\":\"https:\/\/www.outdoors.ee\/wp-content\/uploads\/2024\/10\/Berghaus-MMPS-Spartan-II-60-FA-Cedar-1-scaled.jpg\",\"contentUrl\":\"https:\/\/www.outdoors.ee\/wp-content\/uploads\/2024\/10\/Berghaus-MMPS-Spartan-II-60-FA-Cedar-1-scaled.jpg\",\"width\":2560,\"height\":2560},{\"@type\":\"BreadcrumbList\",\"@id\":\"https:\/\/www.outdoors.ee\/et\/toode\/berghaus-mmps-spartan-ii-60-fa\/#breadcrumb\",\"itemListElement\":[{\"@type\":\"ListItem\",\"position\":1,\"name\":\"Home\",\"item\":\"https:\/\/www.outdoors.ee\/et\/\"},{\"@type\":\"ListItem\",\"position\":2,\"name\":\"Tooted\",\"item\":\"https:\/\/www.outdoors.ee\/products\/\"},{\"@type\":\"ListItem\",\"position\":3,\"name\":\"Berghaus\u00ae MMPS SPARTAN II 60 FA seljakott\"}]},{\"@type\":\"WebSite\",\"@id\":\"https:\/\/www.outdoors.ee\/#website\",\"url\":\"https:\/\/www.outdoors.ee\/\",\"name\":\"Outdoors\",\"description\":\"Genuine military surplus and not only!\",\"potentialAction\":[{\"@type\":\"SearchAction\",\"target\":{\"@type\":\"EntryPoint\",\"urlTemplate\":\"https:\/\/www.outdoors.ee\/?s={search_term_string}\"},\"query-input\":{\"@type\":\"PropertyValueSpecification\",\"valueRequired\":true,\"valueName\":\"search_term_string\"}}],\"inLanguage\":\"et\"}]}<\/script>\n<!-- \/ Yoast SEO plugin. -->","yoast_head_json":{"title":"Berghaus\u00ae MMPS SPARTAN II 60 FA seljakott - Outdoors","robots":{"index":"index","follow":"follow","max-snippet":"max-snippet:-1","max-image-preview":"max-image-preview:large","max-video-preview":"max-video-preview:-1"},"canonical":"https:\/\/www.outdoors.ee\/et\/toode\/berghaus-mmps-spartan-ii-60-fa\/","og_locale":"et_EE","og_type":"article","og_title":"Berghaus\u00ae MMPS SPARTAN II 60 FA seljakott - Outdoors","og_description":"Omadused: Cyclops II kandes\u00fcsteem alumiiniumraamiga vastupidav kandesang ergonoomiliselt kujundatud, pehmendatud, reguleeritava pikkusega \u00f5larihmad reguleeritav, pehmendatud puusav\u00f6\u00f6 suusakinnituskohad kiirvabastusklambritega seljakoti k\u00fclgedel","og_url":"https:\/\/www.outdoors.ee\/et\/toode\/berghaus-mmps-spartan-ii-60-fa\/","og_site_name":"Outdoors","article_modified_time":"2026-04-20T14:46:01+00:00","og_image":[{"width":2560,"height":2560,"url":"https:\/\/www.outdoors.ee\/wp-content\/uploads\/2024\/10\/Berghaus-MMPS-Spartan-II-60-FA-Cedar-1-scaled.jpg","type":"image\/jpeg"}],"twitter_card":"summary_large_image","twitter_misc":{"Est. reading time":"1 minut"},"schema":{"@context":"https:\/\/schema.org","@graph":[{"@type":"WebPage","@id":"https:\/\/www.outdoors.ee\/et\/toode\/berghaus-mmps-spartan-ii-60-fa\/","url":"https:\/\/www.outdoors.ee\/et\/toode\/berghaus-mmps-spartan-ii-60-fa\/","name":"Berghaus\u00ae MMPS SPARTAN II 60 FA seljakott - Outdoors","isPartOf":{"@id":"https:\/\/www.outdoors.ee\/#website"},"primaryImageOfPage":{"@id":"https:\/\/www.outdoors.ee\/et\/toode\/berghaus-mmps-spartan-ii-60-fa\/#primaryimage"},"image":{"@id":"https:\/\/www.outdoors.ee\/et\/toode\/berghaus-mmps-spartan-ii-60-fa\/#primaryimage"},"thumbnailUrl":"https:\/\/www.outdoors.ee\/wp-content\/uploads\/2024\/10\/Berghaus-MMPS-Spartan-II-60-FA-Cedar-1-scaled.jpg","datePublished":"2024-10-15T07:18:54+00:00","dateModified":"2026-04-20T14:46:01+00:00","breadcrumb":{"@id":"https:\/\/www.outdoors.ee\/et\/toode\/berghaus-mmps-spartan-ii-60-fa\/#breadcrumb"},"inLanguage":"et","potentialAction":[{"@type":"ReadAction","target":["https:\/\/www.outdoors.ee\/et\/toode\/berghaus-mmps-spartan-ii-60-fa\/"]}]},{"@type":"ImageObject","inLanguage":"et","@id":"https:\/\/www.outdoors.ee\/et\/toode\/berghaus-mmps-spartan-ii-60-fa\/#primaryimage","url":"https:\/\/www.outdoors.ee\/wp-content\/uploads\/2024\/10\/Berghaus-MMPS-Spartan-II-60-FA-Cedar-1-scaled.jpg","contentUrl":"https:\/\/www.outdoors.ee\/wp-content\/uploads\/2024\/10\/Berghaus-MMPS-Spartan-II-60-FA-Cedar-1-scaled.jpg","width":2560,"height":2560},{"@type":"BreadcrumbList","@id":"https:\/\/www.outdoors.ee\/et\/toode\/berghaus-mmps-spartan-ii-60-fa\/#breadcrumb","itemListElement":[{"@type":"ListItem","position":1,"name":"Home","item":"https:\/\/www.outdoors.ee\/et\/"},{"@type":"ListItem","position":2,"name":"Tooted","item":"https:\/\/www.outdoors.ee\/products\/"},{"@type":"ListItem","position":3,"name":"Berghaus\u00ae MMPS SPARTAN II 60 FA seljakott"}]},{"@type":"WebSite","@id":"https:\/\/www.outdoors.ee\/#website","url":"https:\/\/www.outdoors.ee\/","name":"Outdoors","description":"Genuine military surplus and not only!","potentialAction":[{"@type":"SearchAction","target":{"@type":"EntryPoint","urlTemplate":"https:\/\/www.outdoors.ee\/?s={search_term_string}"},"query-input":{"@type":"PropertyValueSpecification","valueRequired":true,"valueName":"search_term_string"}}],"inLanguage":"et"}]}},"_links":{"self":[{"href":"https:\/\/www.outdoors.ee\/et\/wp-json\/wp\/v2\/product\/96347","targetHints":{"allow":["GET"]}}],"collection":[{"href":"https:\/\/www.outdoors.ee\/et\/wp-json\/wp\/v2\/product"}],"about":[{"href":"https:\/\/www.outdoors.ee\/et\/wp-json\/wp\/v2\/types\/product"}],"wp:featuredmedia":[{"embeddable":true,"href":"https:\/\/www.outdoors.ee\/et\/wp-json\/wp\/v2\/media\/96326"}],"wp:attachment":[{"href":"https:\/\/www.outdoors.ee\/et\/wp-json\/wp\/v2\/media?parent=96347"}],"wp:term":[{"taxonomy":"product_brand","embeddable":true,"href":"https:\/\/www.outdoors.ee\/et\/wp-json\/wp\/v2\/product_brand?post=96347"},{"taxonomy":"product_cat","embeddable":true,"href":"https:\/\/www.outdoors.ee\/et\/wp-json\/wp\/v2\/product_cat?post=96347"},{"taxonomy":"product_tag","embeddable":true,"href":"https:\/\/www.outdoors.ee\/et\/wp-json\/wp\/v2\/product_tag?post=96347"}],"curies":[{"name":"wp","href":"https:\/\/api.w.org\/{rel}","templated":true}]}}