{"id":95182,"date":"2024-08-16T14:14:35","date_gmt":"2024-08-16T11:15:19","guid":{"rendered":"https:\/\/www.outdoors.ee\/?post_type=product&#038;p=95182"},"modified":"2024-11-25T08:28:18","modified_gmt":"2024-11-25T06:28:18","slug":"patrol-35l-taktikaline-seljakott","status":"publish","type":"product","link":"https:\/\/www.outdoors.ee\/et\/toode\/patrol-35l-taktikaline-seljakott\/","title":{"rendered":"Patrol 35L taktikaline seljakott"},"content":{"rendered":"<p>Source Patrol on 35-liitrine militaarklassi seljakott, mis toetab sind igal seiklusel ja missioonil. T\u00e4nu eemaldatavale puusav\u00f6\u00f6le saab selle muuta 35-liitrisest taktikalisest seljakotist igap\u00e4evaseks kasutuseks sobivaks kotiks. Seljakotil on toestav alumiiniumist raam ja k\u00f5rgkvaliteetsed materjalid, mis tagavad maksimaalse mugavuse ning vastupidavuse minimaalse kaalu juures.<\/p>\n<p><strong>Omadused:<\/strong><\/p>\n<ul>\n<li aria-level=\"1\">24L peasahtel, t\u00f5mblukuga tasku sees<\/li>\n<li aria-level=\"1\">2 suurt, t\u00f5mblukuga suletavat v\u00e4limist taskut<\/li>\n<li aria-level=\"1\">1 v\u00e4limine admin-tasku horisontaalselt asetseva t\u00f5mblukuga<\/li>\n<li aria-level=\"1\">vooderdatud veekoti sahtel, joogivooliku avadega m\u00f5lemal pool<\/li>\n<li aria-level=\"1\">buumegangi kujuline, eemaldatav puusav\u00f6\u00f6 MOLLE paneelidega<\/li>\n<li aria-level=\"1\">T-kujuline alumiiniumist seljaraam<\/li>\n<li aria-level=\"1\">pehmendatud, 3D v\u00f5rkmaterjaliga seestpoolt kaetud ergonoomiliselt kujundatud, reguleeritava pikkusega \u00f5larihmad<\/li>\n<li aria-level=\"1\">D-r\u00f5ngad \u00f5larihmadel varustuse kinnitamiseks<\/li>\n<li aria-level=\"1\">Tiladega varustatud t\u00f5mblukud mugavaks kasutamiseks nt pimedas v\u00f5i kindaid kandes<\/li>\n<li aria-level=\"1\">Reguleeritava pikkusega rinnarihm<\/li>\n<li aria-level=\"1\">Kompressioonirihmad k\u00fclgedel<\/li>\n<li aria-level=\"1\">Sisemine organaizer v\u00e4iksematele esemetele<\/li>\n<li aria-level=\"1\">pehmendatud p\u00f5hi<\/li>\n<li aria-level=\"1\">kaetud MOLLE paneelidega eest, k\u00fclgedel ning alt<\/li>\n<li aria-level=\"1\">elastsed kinnitusaasad iga rihma otsas<\/li>\n<li aria-level=\"1\">YKK t\u00f5mblukud<\/li>\n<li aria-level=\"1\">sisaldan 3L WLPS\u2122 Low Profile veekotti vastupidava kolmekihilise struktuuriga<\/li>\n<li aria-level=\"1\">materjal. V\u00e4liskangas: Cordura 1000, Cordura 500, PES mesh. Vooder: Nylon 420, Nylon 210. Pehmendus: EVA vaht.<\/li>\n<li aria-level=\"1\">kaal 1,9kg<\/li>\n<li aria-level=\"1\">m\u00f5\u00f5tmed: 32 x 22 x 52cm<\/li>\n<\/ul>\n<p><strong>Seisukord:<\/strong> uus<\/p>\n","protected":false},"excerpt":{"rendered":"<p>Source\u00ae Patrol 35L taktikaline seljakott 3L veekotiga<\/p>\n","protected":false},"featured_media":95159,"template":"","meta":[],"product_brand":[],"product_cat":[3539],"product_tag":[],"class_list":{"0":"post-95182","1":"product","2":"type-product","3":"status-publish","4":"has-post-thumbnail","6":"product_cat-seljakotid","7":"pa_brand-source-2","8":"pa_color-black-2","9":"pa_color-coyote-2","11":"first","12":"instock","13":"taxable","14":"shipping-taxable","15":"purchasable","16":"product-type-variable"},"yoast_head":"<!-- This site is optimized with the Yoast SEO plugin v27.2 - https:\/\/yoast.com\/product\/yoast-seo-wordpress\/ -->\n<title>Patrol 35L taktikaline seljakott - Outdoors<\/title>\n<meta name=\"robots\" content=\"index, follow, max-snippet:-1, max-image-preview:large, max-video-preview:-1\" \/>\n<link rel=\"canonical\" href=\"https:\/\/www.outdoors.ee\/et\/toode\/patrol-35l-taktikaline-seljakott\/\" \/>\n<meta property=\"og:locale\" content=\"et_EE\" \/>\n<meta property=\"og:type\" content=\"article\" \/>\n<meta property=\"og:title\" content=\"Patrol 35L taktikaline seljakott - Outdoors\" \/>\n<meta property=\"og:description\" content=\"Source\u00ae Patrol 35L taktikaline seljakott 3L veekotiga\" \/>\n<meta property=\"og:url\" content=\"https:\/\/www.outdoors.ee\/et\/toode\/patrol-35l-taktikaline-seljakott\/\" \/>\n<meta property=\"og:site_name\" content=\"Outdoors\" \/>\n<meta property=\"article:modified_time\" content=\"2024-11-25T06:28:18+00:00\" \/>\n<meta property=\"og:image\" content=\"https:\/\/www.outdoors.ee\/wp-content\/uploads\/2024\/08\/Source\u00ae-Patrol-35L-Tactical-Backpack-1.jpg\" \/>\n\t<meta property=\"og:image:width\" content=\"1000\" \/>\n\t<meta property=\"og:image:height\" content=\"1000\" \/>\n\t<meta property=\"og:image:type\" content=\"image\/jpeg\" \/>\n<meta name=\"twitter:card\" content=\"summary_large_image\" \/>\n<meta name=\"twitter:label1\" content=\"Est. reading time\" \/>\n\t<meta name=\"twitter:data1\" content=\"1 minut\" \/>\n<script type=\"application\/ld+json\" class=\"yoast-schema-graph\">{\"@context\":\"https:\/\/schema.org\",\"@graph\":[{\"@type\":\"WebPage\",\"@id\":\"https:\/\/www.outdoors.ee\/et\/toode\/patrol-35l-taktikaline-seljakott\/\",\"url\":\"https:\/\/www.outdoors.ee\/et\/toode\/patrol-35l-taktikaline-seljakott\/\",\"name\":\"Patrol 35L taktikaline seljakott - Outdoors\",\"isPartOf\":{\"@id\":\"https:\/\/www.outdoors.ee\/#website\"},\"primaryImageOfPage\":{\"@id\":\"https:\/\/www.outdoors.ee\/et\/toode\/patrol-35l-taktikaline-seljakott\/#primaryimage\"},\"image\":{\"@id\":\"https:\/\/www.outdoors.ee\/et\/toode\/patrol-35l-taktikaline-seljakott\/#primaryimage\"},\"thumbnailUrl\":\"https:\/\/www.outdoors.ee\/wp-content\/uploads\/2024\/08\/Source\u00ae-Patrol-35L-Tactical-Backpack-1.jpg\",\"datePublished\":\"2024-08-16T11:15:19+00:00\",\"dateModified\":\"2024-11-25T06:28:18+00:00\",\"breadcrumb\":{\"@id\":\"https:\/\/www.outdoors.ee\/et\/toode\/patrol-35l-taktikaline-seljakott\/#breadcrumb\"},\"inLanguage\":\"et\",\"potentialAction\":[{\"@type\":\"ReadAction\",\"target\":[\"https:\/\/www.outdoors.ee\/et\/toode\/patrol-35l-taktikaline-seljakott\/\"]}]},{\"@type\":\"ImageObject\",\"inLanguage\":\"et\",\"@id\":\"https:\/\/www.outdoors.ee\/et\/toode\/patrol-35l-taktikaline-seljakott\/#primaryimage\",\"url\":\"https:\/\/www.outdoors.ee\/wp-content\/uploads\/2024\/08\/Source\u00ae-Patrol-35L-Tactical-Backpack-1.jpg\",\"contentUrl\":\"https:\/\/www.outdoors.ee\/wp-content\/uploads\/2024\/08\/Source\u00ae-Patrol-35L-Tactical-Backpack-1.jpg\",\"width\":1000,\"height\":1000},{\"@type\":\"BreadcrumbList\",\"@id\":\"https:\/\/www.outdoors.ee\/et\/toode\/patrol-35l-taktikaline-seljakott\/#breadcrumb\",\"itemListElement\":[{\"@type\":\"ListItem\",\"position\":1,\"name\":\"Home\",\"item\":\"https:\/\/www.outdoors.ee\/et\/\"},{\"@type\":\"ListItem\",\"position\":2,\"name\":\"Tooted\",\"item\":\"https:\/\/www.outdoors.ee\/products\/\"},{\"@type\":\"ListItem\",\"position\":3,\"name\":\"Patrol 35L taktikaline seljakott\"}]},{\"@type\":\"WebSite\",\"@id\":\"https:\/\/www.outdoors.ee\/#website\",\"url\":\"https:\/\/www.outdoors.ee\/\",\"name\":\"Outdoors\",\"description\":\"Genuine military surplus and not only!\",\"potentialAction\":[{\"@type\":\"SearchAction\",\"target\":{\"@type\":\"EntryPoint\",\"urlTemplate\":\"https:\/\/www.outdoors.ee\/?s={search_term_string}\"},\"query-input\":{\"@type\":\"PropertyValueSpecification\",\"valueRequired\":true,\"valueName\":\"search_term_string\"}}],\"inLanguage\":\"et\"}]}<\/script>\n<!-- \/ Yoast SEO plugin. -->","yoast_head_json":{"title":"Patrol 35L taktikaline seljakott - Outdoors","robots":{"index":"index","follow":"follow","max-snippet":"max-snippet:-1","max-image-preview":"max-image-preview:large","max-video-preview":"max-video-preview:-1"},"canonical":"https:\/\/www.outdoors.ee\/et\/toode\/patrol-35l-taktikaline-seljakott\/","og_locale":"et_EE","og_type":"article","og_title":"Patrol 35L taktikaline seljakott - Outdoors","og_description":"Source\u00ae Patrol 35L taktikaline seljakott 3L veekotiga","og_url":"https:\/\/www.outdoors.ee\/et\/toode\/patrol-35l-taktikaline-seljakott\/","og_site_name":"Outdoors","article_modified_time":"2024-11-25T06:28:18+00:00","og_image":[{"width":1000,"height":1000,"url":"https:\/\/www.outdoors.ee\/wp-content\/uploads\/2024\/08\/Source\u00ae-Patrol-35L-Tactical-Backpack-1.jpg","type":"image\/jpeg"}],"twitter_card":"summary_large_image","twitter_misc":{"Est. reading time":"1 minut"},"schema":{"@context":"https:\/\/schema.org","@graph":[{"@type":"WebPage","@id":"https:\/\/www.outdoors.ee\/et\/toode\/patrol-35l-taktikaline-seljakott\/","url":"https:\/\/www.outdoors.ee\/et\/toode\/patrol-35l-taktikaline-seljakott\/","name":"Patrol 35L taktikaline seljakott - Outdoors","isPartOf":{"@id":"https:\/\/www.outdoors.ee\/#website"},"primaryImageOfPage":{"@id":"https:\/\/www.outdoors.ee\/et\/toode\/patrol-35l-taktikaline-seljakott\/#primaryimage"},"image":{"@id":"https:\/\/www.outdoors.ee\/et\/toode\/patrol-35l-taktikaline-seljakott\/#primaryimage"},"thumbnailUrl":"https:\/\/www.outdoors.ee\/wp-content\/uploads\/2024\/08\/Source\u00ae-Patrol-35L-Tactical-Backpack-1.jpg","datePublished":"2024-08-16T11:15:19+00:00","dateModified":"2024-11-25T06:28:18+00:00","breadcrumb":{"@id":"https:\/\/www.outdoors.ee\/et\/toode\/patrol-35l-taktikaline-seljakott\/#breadcrumb"},"inLanguage":"et","potentialAction":[{"@type":"ReadAction","target":["https:\/\/www.outdoors.ee\/et\/toode\/patrol-35l-taktikaline-seljakott\/"]}]},{"@type":"ImageObject","inLanguage":"et","@id":"https:\/\/www.outdoors.ee\/et\/toode\/patrol-35l-taktikaline-seljakott\/#primaryimage","url":"https:\/\/www.outdoors.ee\/wp-content\/uploads\/2024\/08\/Source\u00ae-Patrol-35L-Tactical-Backpack-1.jpg","contentUrl":"https:\/\/www.outdoors.ee\/wp-content\/uploads\/2024\/08\/Source\u00ae-Patrol-35L-Tactical-Backpack-1.jpg","width":1000,"height":1000},{"@type":"BreadcrumbList","@id":"https:\/\/www.outdoors.ee\/et\/toode\/patrol-35l-taktikaline-seljakott\/#breadcrumb","itemListElement":[{"@type":"ListItem","position":1,"name":"Home","item":"https:\/\/www.outdoors.ee\/et\/"},{"@type":"ListItem","position":2,"name":"Tooted","item":"https:\/\/www.outdoors.ee\/products\/"},{"@type":"ListItem","position":3,"name":"Patrol 35L taktikaline seljakott"}]},{"@type":"WebSite","@id":"https:\/\/www.outdoors.ee\/#website","url":"https:\/\/www.outdoors.ee\/","name":"Outdoors","description":"Genuine military surplus and not only!","potentialAction":[{"@type":"SearchAction","target":{"@type":"EntryPoint","urlTemplate":"https:\/\/www.outdoors.ee\/?s={search_term_string}"},"query-input":{"@type":"PropertyValueSpecification","valueRequired":true,"valueName":"search_term_string"}}],"inLanguage":"et"}]}},"_links":{"self":[{"href":"https:\/\/www.outdoors.ee\/et\/wp-json\/wp\/v2\/product\/95182","targetHints":{"allow":["GET"]}}],"collection":[{"href":"https:\/\/www.outdoors.ee\/et\/wp-json\/wp\/v2\/product"}],"about":[{"href":"https:\/\/www.outdoors.ee\/et\/wp-json\/wp\/v2\/types\/product"}],"wp:featuredmedia":[{"embeddable":true,"href":"https:\/\/www.outdoors.ee\/et\/wp-json\/wp\/v2\/media\/95159"}],"wp:attachment":[{"href":"https:\/\/www.outdoors.ee\/et\/wp-json\/wp\/v2\/media?parent=95182"}],"wp:term":[{"taxonomy":"product_brand","embeddable":true,"href":"https:\/\/www.outdoors.ee\/et\/wp-json\/wp\/v2\/product_brand?post=95182"},{"taxonomy":"product_cat","embeddable":true,"href":"https:\/\/www.outdoors.ee\/et\/wp-json\/wp\/v2\/product_cat?post=95182"},{"taxonomy":"product_tag","embeddable":true,"href":"https:\/\/www.outdoors.ee\/et\/wp-json\/wp\/v2\/product_tag?post=95182"}],"curies":[{"name":"wp","href":"https:\/\/api.w.org\/{rel}","templated":true}]}}