{"id":95036,"date":"2024-08-14T16:55:52","date_gmt":"2024-08-14T13:55:52","guid":{"rendered":"https:\/\/www.outdoors.ee\/?post_type=product&#038;p=95036"},"modified":"2025-09-01T15:15:22","modified_gmt":"2025-09-01T12:15:22","slug":"nokkmuts-multicam-cap","status":"publish","type":"product","link":"https:\/\/www.outdoors.ee\/et\/toode\/nokkmuts-multicam-cap\/","title":{"rendered":"FlexFit\u00ae nokkm\u00fcts MultiCam\u00ae Cap"},"content":{"rendered":"<p><strong>Omadused:<\/strong><\/p>\n<ul>\n<li>litsenseeritud MultiCam\u00ae kamuflaa\u017e<\/li>\n<li>keskmise s\u00fcgavusega<\/li>\n<li>j\u00e4iga, vormihoidva struktuuriga<\/li>\n<li>kinnine tagant, veniv<\/li>\n<li>must nokatsialune (valge Multicam\u00ae Alpine v\u00e4rvi puhul)<\/li>\n<li>8-realine \u00f5mblus nokatsil<\/li>\n<li>materjal: 98% puuvill 2% PU Spandex<\/li>\n<\/ul>\n<p><strong>Seisukord:<\/strong> uus<\/p>\n","protected":false},"excerpt":{"rendered":"<p>Omadused: litsenseeritud MultiCam\u00ae kamuflaa\u017e keskmise s\u00fcgavusega j\u00e4iga, vormihoidva struktuuriga kinnine tagant, veniv must nokatsialune (valge Multicam\u00ae Alpine v\u00e4rvi puhul) 8-realine<\/p>\n","protected":false},"featured_media":95031,"template":"","meta":[],"product_brand":[],"product_cat":[128],"product_tag":[],"class_list":{"0":"post-95036","1":"product","2":"type-product","3":"status-publish","4":"has-post-thumbnail","6":"product_cat-peakatted","7":"pa_brand-flexfit-2","8":"pa_color-multicam-2","9":"pa_color-multicam-alpine-2","10":"pa_color-multicam-black","11":"pa_size-l-xl-2","13":"first","14":"instock","15":"taxable","16":"shipping-taxable","17":"purchasable","18":"product-type-variable"},"yoast_head":"<!-- This site is optimized with the Yoast SEO plugin v27.2 - https:\/\/yoast.com\/product\/yoast-seo-wordpress\/ -->\n<title>FlexFit\u00ae nokkm\u00fcts MultiCam\u00ae Cap - Outdoors<\/title>\n<meta name=\"robots\" content=\"index, follow, max-snippet:-1, max-image-preview:large, max-video-preview:-1\" \/>\n<link rel=\"canonical\" href=\"https:\/\/www.outdoors.ee\/et\/toode\/nokkmuts-multicam-cap\/\" \/>\n<meta property=\"og:locale\" content=\"et_EE\" \/>\n<meta property=\"og:type\" content=\"article\" \/>\n<meta property=\"og:title\" content=\"FlexFit\u00ae nokkm\u00fcts MultiCam\u00ae Cap - Outdoors\" \/>\n<meta property=\"og:description\" content=\"Omadused: litsenseeritud MultiCam\u00ae kamuflaa\u017e keskmise s\u00fcgavusega j\u00e4iga, vormihoidva struktuuriga kinnine tagant, veniv must nokatsialune (valge Multicam\u00ae Alpine v\u00e4rvi puhul) 8-realine\" \/>\n<meta property=\"og:url\" content=\"https:\/\/www.outdoors.ee\/et\/toode\/nokkmuts-multicam-cap\/\" \/>\n<meta property=\"og:site_name\" content=\"Outdoors\" \/>\n<meta property=\"article:modified_time\" content=\"2025-09-01T12:15:22+00:00\" \/>\n<meta property=\"og:image\" content=\"https:\/\/www.outdoors.ee\/wp-content\/uploads\/2024\/08\/FLEXFIT\u00ae-Multicam\u00ae-Cap-1.jpg\" \/>\n\t<meta property=\"og:image:width\" content=\"1100\" \/>\n\t<meta property=\"og:image:height\" content=\"770\" \/>\n\t<meta property=\"og:image:type\" content=\"image\/jpeg\" \/>\n<meta name=\"twitter:card\" content=\"summary_large_image\" \/>\n<meta name=\"twitter:label1\" content=\"Est. reading time\" \/>\n\t<meta name=\"twitter:data1\" content=\"1 minut\" \/>\n<script type=\"application\/ld+json\" class=\"yoast-schema-graph\">{\"@context\":\"https:\/\/schema.org\",\"@graph\":[{\"@type\":\"WebPage\",\"@id\":\"https:\/\/www.outdoors.ee\/et\/toode\/nokkmuts-multicam-cap\/\",\"url\":\"https:\/\/www.outdoors.ee\/et\/toode\/nokkmuts-multicam-cap\/\",\"name\":\"FlexFit\u00ae nokkm\u00fcts MultiCam\u00ae Cap - Outdoors\",\"isPartOf\":{\"@id\":\"https:\/\/www.outdoors.ee\/#website\"},\"primaryImageOfPage\":{\"@id\":\"https:\/\/www.outdoors.ee\/et\/toode\/nokkmuts-multicam-cap\/#primaryimage\"},\"image\":{\"@id\":\"https:\/\/www.outdoors.ee\/et\/toode\/nokkmuts-multicam-cap\/#primaryimage\"},\"thumbnailUrl\":\"https:\/\/www.outdoors.ee\/wp-content\/uploads\/2024\/08\/FLEXFIT\u00ae-Multicam\u00ae-Cap-1.jpg\",\"datePublished\":\"2024-08-14T13:55:52+00:00\",\"dateModified\":\"2025-09-01T12:15:22+00:00\",\"breadcrumb\":{\"@id\":\"https:\/\/www.outdoors.ee\/et\/toode\/nokkmuts-multicam-cap\/#breadcrumb\"},\"inLanguage\":\"et\",\"potentialAction\":[{\"@type\":\"ReadAction\",\"target\":[\"https:\/\/www.outdoors.ee\/et\/toode\/nokkmuts-multicam-cap\/\"]}]},{\"@type\":\"ImageObject\",\"inLanguage\":\"et\",\"@id\":\"https:\/\/www.outdoors.ee\/et\/toode\/nokkmuts-multicam-cap\/#primaryimage\",\"url\":\"https:\/\/www.outdoors.ee\/wp-content\/uploads\/2024\/08\/FLEXFIT\u00ae-Multicam\u00ae-Cap-1.jpg\",\"contentUrl\":\"https:\/\/www.outdoors.ee\/wp-content\/uploads\/2024\/08\/FLEXFIT\u00ae-Multicam\u00ae-Cap-1.jpg\",\"width\":1100,\"height\":770},{\"@type\":\"BreadcrumbList\",\"@id\":\"https:\/\/www.outdoors.ee\/et\/toode\/nokkmuts-multicam-cap\/#breadcrumb\",\"itemListElement\":[{\"@type\":\"ListItem\",\"position\":1,\"name\":\"Home\",\"item\":\"https:\/\/www.outdoors.ee\/et\/\"},{\"@type\":\"ListItem\",\"position\":2,\"name\":\"Tooted\",\"item\":\"https:\/\/www.outdoors.ee\/products\/\"},{\"@type\":\"ListItem\",\"position\":3,\"name\":\"FlexFit\u00ae nokkm\u00fcts MultiCam\u00ae Cap\"}]},{\"@type\":\"WebSite\",\"@id\":\"https:\/\/www.outdoors.ee\/#website\",\"url\":\"https:\/\/www.outdoors.ee\/\",\"name\":\"Outdoors\",\"description\":\"Genuine military surplus and not only!\",\"potentialAction\":[{\"@type\":\"SearchAction\",\"target\":{\"@type\":\"EntryPoint\",\"urlTemplate\":\"https:\/\/www.outdoors.ee\/?s={search_term_string}\"},\"query-input\":{\"@type\":\"PropertyValueSpecification\",\"valueRequired\":true,\"valueName\":\"search_term_string\"}}],\"inLanguage\":\"et\"}]}<\/script>\n<!-- \/ Yoast SEO plugin. -->","yoast_head_json":{"title":"FlexFit\u00ae nokkm\u00fcts MultiCam\u00ae Cap - Outdoors","robots":{"index":"index","follow":"follow","max-snippet":"max-snippet:-1","max-image-preview":"max-image-preview:large","max-video-preview":"max-video-preview:-1"},"canonical":"https:\/\/www.outdoors.ee\/et\/toode\/nokkmuts-multicam-cap\/","og_locale":"et_EE","og_type":"article","og_title":"FlexFit\u00ae nokkm\u00fcts MultiCam\u00ae Cap - Outdoors","og_description":"Omadused: litsenseeritud MultiCam\u00ae kamuflaa\u017e keskmise s\u00fcgavusega j\u00e4iga, vormihoidva struktuuriga kinnine tagant, veniv must nokatsialune (valge Multicam\u00ae Alpine v\u00e4rvi puhul) 8-realine","og_url":"https:\/\/www.outdoors.ee\/et\/toode\/nokkmuts-multicam-cap\/","og_site_name":"Outdoors","article_modified_time":"2025-09-01T12:15:22+00:00","og_image":[{"width":1100,"height":770,"url":"https:\/\/www.outdoors.ee\/wp-content\/uploads\/2024\/08\/FLEXFIT\u00ae-Multicam\u00ae-Cap-1.jpg","type":"image\/jpeg"}],"twitter_card":"summary_large_image","twitter_misc":{"Est. reading time":"1 minut"},"schema":{"@context":"https:\/\/schema.org","@graph":[{"@type":"WebPage","@id":"https:\/\/www.outdoors.ee\/et\/toode\/nokkmuts-multicam-cap\/","url":"https:\/\/www.outdoors.ee\/et\/toode\/nokkmuts-multicam-cap\/","name":"FlexFit\u00ae nokkm\u00fcts MultiCam\u00ae Cap - Outdoors","isPartOf":{"@id":"https:\/\/www.outdoors.ee\/#website"},"primaryImageOfPage":{"@id":"https:\/\/www.outdoors.ee\/et\/toode\/nokkmuts-multicam-cap\/#primaryimage"},"image":{"@id":"https:\/\/www.outdoors.ee\/et\/toode\/nokkmuts-multicam-cap\/#primaryimage"},"thumbnailUrl":"https:\/\/www.outdoors.ee\/wp-content\/uploads\/2024\/08\/FLEXFIT\u00ae-Multicam\u00ae-Cap-1.jpg","datePublished":"2024-08-14T13:55:52+00:00","dateModified":"2025-09-01T12:15:22+00:00","breadcrumb":{"@id":"https:\/\/www.outdoors.ee\/et\/toode\/nokkmuts-multicam-cap\/#breadcrumb"},"inLanguage":"et","potentialAction":[{"@type":"ReadAction","target":["https:\/\/www.outdoors.ee\/et\/toode\/nokkmuts-multicam-cap\/"]}]},{"@type":"ImageObject","inLanguage":"et","@id":"https:\/\/www.outdoors.ee\/et\/toode\/nokkmuts-multicam-cap\/#primaryimage","url":"https:\/\/www.outdoors.ee\/wp-content\/uploads\/2024\/08\/FLEXFIT\u00ae-Multicam\u00ae-Cap-1.jpg","contentUrl":"https:\/\/www.outdoors.ee\/wp-content\/uploads\/2024\/08\/FLEXFIT\u00ae-Multicam\u00ae-Cap-1.jpg","width":1100,"height":770},{"@type":"BreadcrumbList","@id":"https:\/\/www.outdoors.ee\/et\/toode\/nokkmuts-multicam-cap\/#breadcrumb","itemListElement":[{"@type":"ListItem","position":1,"name":"Home","item":"https:\/\/www.outdoors.ee\/et\/"},{"@type":"ListItem","position":2,"name":"Tooted","item":"https:\/\/www.outdoors.ee\/products\/"},{"@type":"ListItem","position":3,"name":"FlexFit\u00ae nokkm\u00fcts MultiCam\u00ae Cap"}]},{"@type":"WebSite","@id":"https:\/\/www.outdoors.ee\/#website","url":"https:\/\/www.outdoors.ee\/","name":"Outdoors","description":"Genuine military surplus and not only!","potentialAction":[{"@type":"SearchAction","target":{"@type":"EntryPoint","urlTemplate":"https:\/\/www.outdoors.ee\/?s={search_term_string}"},"query-input":{"@type":"PropertyValueSpecification","valueRequired":true,"valueName":"search_term_string"}}],"inLanguage":"et"}]}},"_links":{"self":[{"href":"https:\/\/www.outdoors.ee\/et\/wp-json\/wp\/v2\/product\/95036","targetHints":{"allow":["GET"]}}],"collection":[{"href":"https:\/\/www.outdoors.ee\/et\/wp-json\/wp\/v2\/product"}],"about":[{"href":"https:\/\/www.outdoors.ee\/et\/wp-json\/wp\/v2\/types\/product"}],"wp:featuredmedia":[{"embeddable":true,"href":"https:\/\/www.outdoors.ee\/et\/wp-json\/wp\/v2\/media\/95031"}],"wp:attachment":[{"href":"https:\/\/www.outdoors.ee\/et\/wp-json\/wp\/v2\/media?parent=95036"}],"wp:term":[{"taxonomy":"product_brand","embeddable":true,"href":"https:\/\/www.outdoors.ee\/et\/wp-json\/wp\/v2\/product_brand?post=95036"},{"taxonomy":"product_cat","embeddable":true,"href":"https:\/\/www.outdoors.ee\/et\/wp-json\/wp\/v2\/product_cat?post=95036"},{"taxonomy":"product_tag","embeddable":true,"href":"https:\/\/www.outdoors.ee\/et\/wp-json\/wp\/v2\/product_tag?post=95036"}],"curies":[{"name":"wp","href":"https:\/\/api.w.org\/{rel}","templated":true}]}}