{"id":94913,"date":"2024-08-13T15:54:55","date_gmt":"2024-08-13T12:54:55","guid":{"rendered":"https:\/\/www.outdoors.ee\/?post_type=product&#038;p=94913"},"modified":"2025-08-22T14:46:39","modified_gmt":"2025-08-22T11:46:39","slug":"talvejope-polar-jacket","status":"publish","type":"product","link":"https:\/\/www.outdoors.ee\/et\/toode\/talvejope-polar-jacket\/","title":{"rendered":"Alpha Industries\u00ae talvejope Polar Jacket"},"content":{"rendered":"<p>Talvejope Polar Jacket on valmistatud Oxford Nailonist, spetsiaalsest pol\u00fcamiidniidist kootud kangast. Selle kiu on eriti vastupidav ja saavutab k\u00f5rge tuule- ja veekindluse taseme. Jope tavaline l\u00f5ige v\u00f5imaldab kanda selle all sooja vahekihti ilma liikumisvabadust piiramata.<\/p>\n<p><strong>Omadused:<\/strong><\/p>\n<ul>\n<li>tavaline l\u00f5ige<\/li>\n<li>tepitud talvejope<\/li>\n<li>vetth\u00fclgav pealne<\/li>\n<li>klapiga kaetud t\u00f5mblukk kinnis<\/li>\n<li>eemaldatav, kunstkarusnahast kapuutsi krae<\/li>\n<li>tikitud ebleemid k\u00e4istel<\/li>\n<li>L-kujuline, t\u00f5mblukuga suletav dokumenditasku rinnal<\/li>\n<li>kaks t\u00f5mblukuga rinnataskut<\/li>\n<li>kaks trukiga suletavat k\u00e4etaskut<\/li>\n<li>sisemine tasku<\/li>\n<li>venivad mansetid<\/li>\n<li>materjal. V\u00e4lis: 53% nailon, 47% pol\u00fcester. Vooder: 100% nailon. T\u00e4idis: 100% pol\u00fcester<\/li>\n<\/ul>\n<p><b>Seisukord: <\/b>uus<\/p>\n","protected":false},"excerpt":{"rendered":"<p>Talvejope Polar Jacket on valmistatud Oxford Nailonist, spetsiaalsest pol\u00fcamiidniidist kootud kangast. Selle kiu on eriti vastupidav ja saavutab k\u00f5rge tuule-<\/p>\n","protected":false},"featured_media":94896,"template":"","meta":[],"product_brand":[],"product_cat":[101],"product_tag":[],"class_list":{"0":"post-94913","1":"product","2":"type-product","3":"status-publish","4":"has-post-thumbnail","6":"product_cat-joped-parkad","7":"pa_brand-alpha-industries-2","8":"pa_color-black-olive-2","9":"pa_color-dark-olive-2","10":"pa_size-l-2","11":"pa_size-m-2","12":"pa_size-xl-2","14":"first","15":"instock","16":"sale","17":"taxable","18":"shipping-taxable","19":"purchasable","20":"product-type-variable"},"yoast_head":"<!-- This site is optimized with the Yoast SEO plugin v27.2 - https:\/\/yoast.com\/product\/yoast-seo-wordpress\/ -->\n<title>Alpha Industries\u00ae talvejope Polar Jacket - Outdoors<\/title>\n<meta name=\"robots\" content=\"index, follow, max-snippet:-1, max-image-preview:large, max-video-preview:-1\" \/>\n<link rel=\"canonical\" href=\"https:\/\/www.outdoors.ee\/et\/toode\/talvejope-polar-jacket\/\" \/>\n<meta property=\"og:locale\" content=\"et_EE\" \/>\n<meta property=\"og:type\" content=\"article\" \/>\n<meta property=\"og:title\" content=\"Alpha Industries\u00ae talvejope Polar Jacket - Outdoors\" \/>\n<meta property=\"og:description\" content=\"Talvejope Polar Jacket on valmistatud Oxford Nailonist, spetsiaalsest pol\u00fcamiidniidist kootud kangast. Selle kiu on eriti vastupidav ja saavutab k\u00f5rge tuule-\" \/>\n<meta property=\"og:url\" content=\"https:\/\/www.outdoors.ee\/et\/toode\/talvejope-polar-jacket\/\" \/>\n<meta property=\"og:site_name\" content=\"Outdoors\" \/>\n<meta property=\"article:modified_time\" content=\"2025-08-22T11:46:39+00:00\" \/>\n<meta property=\"og:image\" content=\"https:\/\/www.outdoors.ee\/wp-content\/uploads\/2024\/08\/123144-257.png\" \/>\n\t<meta property=\"og:image:width\" content=\"900\" \/>\n\t<meta property=\"og:image:height\" content=\"1150\" \/>\n\t<meta property=\"og:image:type\" content=\"image\/png\" \/>\n<meta name=\"twitter:card\" content=\"summary_large_image\" \/>\n<meta name=\"twitter:label1\" content=\"Est. reading time\" \/>\n\t<meta name=\"twitter:data1\" content=\"1 minut\" \/>\n<script type=\"application\/ld+json\" class=\"yoast-schema-graph\">{\"@context\":\"https:\/\/schema.org\",\"@graph\":[{\"@type\":\"WebPage\",\"@id\":\"https:\/\/www.outdoors.ee\/et\/toode\/talvejope-polar-jacket\/\",\"url\":\"https:\/\/www.outdoors.ee\/et\/toode\/talvejope-polar-jacket\/\",\"name\":\"Alpha Industries\u00ae talvejope Polar Jacket - Outdoors\",\"isPartOf\":{\"@id\":\"https:\/\/www.outdoors.ee\/#website\"},\"primaryImageOfPage\":{\"@id\":\"https:\/\/www.outdoors.ee\/et\/toode\/talvejope-polar-jacket\/#primaryimage\"},\"image\":{\"@id\":\"https:\/\/www.outdoors.ee\/et\/toode\/talvejope-polar-jacket\/#primaryimage\"},\"thumbnailUrl\":\"https:\/\/www.outdoors.ee\/wp-content\/uploads\/2024\/08\/123144-257.png\",\"datePublished\":\"2024-08-13T12:54:55+00:00\",\"dateModified\":\"2025-08-22T11:46:39+00:00\",\"breadcrumb\":{\"@id\":\"https:\/\/www.outdoors.ee\/et\/toode\/talvejope-polar-jacket\/#breadcrumb\"},\"inLanguage\":\"et\",\"potentialAction\":[{\"@type\":\"ReadAction\",\"target\":[\"https:\/\/www.outdoors.ee\/et\/toode\/talvejope-polar-jacket\/\"]}]},{\"@type\":\"ImageObject\",\"inLanguage\":\"et\",\"@id\":\"https:\/\/www.outdoors.ee\/et\/toode\/talvejope-polar-jacket\/#primaryimage\",\"url\":\"https:\/\/www.outdoors.ee\/wp-content\/uploads\/2024\/08\/123144-257.png\",\"contentUrl\":\"https:\/\/www.outdoors.ee\/wp-content\/uploads\/2024\/08\/123144-257.png\",\"width\":900,\"height\":1150},{\"@type\":\"BreadcrumbList\",\"@id\":\"https:\/\/www.outdoors.ee\/et\/toode\/talvejope-polar-jacket\/#breadcrumb\",\"itemListElement\":[{\"@type\":\"ListItem\",\"position\":1,\"name\":\"Home\",\"item\":\"https:\/\/www.outdoors.ee\/et\/\"},{\"@type\":\"ListItem\",\"position\":2,\"name\":\"Tooted\",\"item\":\"https:\/\/www.outdoors.ee\/products\/\"},{\"@type\":\"ListItem\",\"position\":3,\"name\":\"Alpha Industries\u00ae talvejope Polar Jacket\"}]},{\"@type\":\"WebSite\",\"@id\":\"https:\/\/www.outdoors.ee\/#website\",\"url\":\"https:\/\/www.outdoors.ee\/\",\"name\":\"Outdoors\",\"description\":\"Genuine military surplus and not only!\",\"potentialAction\":[{\"@type\":\"SearchAction\",\"target\":{\"@type\":\"EntryPoint\",\"urlTemplate\":\"https:\/\/www.outdoors.ee\/?s={search_term_string}\"},\"query-input\":{\"@type\":\"PropertyValueSpecification\",\"valueRequired\":true,\"valueName\":\"search_term_string\"}}],\"inLanguage\":\"et\"}]}<\/script>\n<!-- \/ Yoast SEO plugin. -->","yoast_head_json":{"title":"Alpha Industries\u00ae talvejope Polar Jacket - Outdoors","robots":{"index":"index","follow":"follow","max-snippet":"max-snippet:-1","max-image-preview":"max-image-preview:large","max-video-preview":"max-video-preview:-1"},"canonical":"https:\/\/www.outdoors.ee\/et\/toode\/talvejope-polar-jacket\/","og_locale":"et_EE","og_type":"article","og_title":"Alpha Industries\u00ae talvejope Polar Jacket - Outdoors","og_description":"Talvejope Polar Jacket on valmistatud Oxford Nailonist, spetsiaalsest pol\u00fcamiidniidist kootud kangast. Selle kiu on eriti vastupidav ja saavutab k\u00f5rge tuule-","og_url":"https:\/\/www.outdoors.ee\/et\/toode\/talvejope-polar-jacket\/","og_site_name":"Outdoors","article_modified_time":"2025-08-22T11:46:39+00:00","og_image":[{"width":900,"height":1150,"url":"https:\/\/www.outdoors.ee\/wp-content\/uploads\/2024\/08\/123144-257.png","type":"image\/png"}],"twitter_card":"summary_large_image","twitter_misc":{"Est. reading time":"1 minut"},"schema":{"@context":"https:\/\/schema.org","@graph":[{"@type":"WebPage","@id":"https:\/\/www.outdoors.ee\/et\/toode\/talvejope-polar-jacket\/","url":"https:\/\/www.outdoors.ee\/et\/toode\/talvejope-polar-jacket\/","name":"Alpha Industries\u00ae talvejope Polar Jacket - Outdoors","isPartOf":{"@id":"https:\/\/www.outdoors.ee\/#website"},"primaryImageOfPage":{"@id":"https:\/\/www.outdoors.ee\/et\/toode\/talvejope-polar-jacket\/#primaryimage"},"image":{"@id":"https:\/\/www.outdoors.ee\/et\/toode\/talvejope-polar-jacket\/#primaryimage"},"thumbnailUrl":"https:\/\/www.outdoors.ee\/wp-content\/uploads\/2024\/08\/123144-257.png","datePublished":"2024-08-13T12:54:55+00:00","dateModified":"2025-08-22T11:46:39+00:00","breadcrumb":{"@id":"https:\/\/www.outdoors.ee\/et\/toode\/talvejope-polar-jacket\/#breadcrumb"},"inLanguage":"et","potentialAction":[{"@type":"ReadAction","target":["https:\/\/www.outdoors.ee\/et\/toode\/talvejope-polar-jacket\/"]}]},{"@type":"ImageObject","inLanguage":"et","@id":"https:\/\/www.outdoors.ee\/et\/toode\/talvejope-polar-jacket\/#primaryimage","url":"https:\/\/www.outdoors.ee\/wp-content\/uploads\/2024\/08\/123144-257.png","contentUrl":"https:\/\/www.outdoors.ee\/wp-content\/uploads\/2024\/08\/123144-257.png","width":900,"height":1150},{"@type":"BreadcrumbList","@id":"https:\/\/www.outdoors.ee\/et\/toode\/talvejope-polar-jacket\/#breadcrumb","itemListElement":[{"@type":"ListItem","position":1,"name":"Home","item":"https:\/\/www.outdoors.ee\/et\/"},{"@type":"ListItem","position":2,"name":"Tooted","item":"https:\/\/www.outdoors.ee\/products\/"},{"@type":"ListItem","position":3,"name":"Alpha Industries\u00ae talvejope Polar Jacket"}]},{"@type":"WebSite","@id":"https:\/\/www.outdoors.ee\/#website","url":"https:\/\/www.outdoors.ee\/","name":"Outdoors","description":"Genuine military surplus and not only!","potentialAction":[{"@type":"SearchAction","target":{"@type":"EntryPoint","urlTemplate":"https:\/\/www.outdoors.ee\/?s={search_term_string}"},"query-input":{"@type":"PropertyValueSpecification","valueRequired":true,"valueName":"search_term_string"}}],"inLanguage":"et"}]}},"_links":{"self":[{"href":"https:\/\/www.outdoors.ee\/et\/wp-json\/wp\/v2\/product\/94913","targetHints":{"allow":["GET"]}}],"collection":[{"href":"https:\/\/www.outdoors.ee\/et\/wp-json\/wp\/v2\/product"}],"about":[{"href":"https:\/\/www.outdoors.ee\/et\/wp-json\/wp\/v2\/types\/product"}],"wp:featuredmedia":[{"embeddable":true,"href":"https:\/\/www.outdoors.ee\/et\/wp-json\/wp\/v2\/media\/94896"}],"wp:attachment":[{"href":"https:\/\/www.outdoors.ee\/et\/wp-json\/wp\/v2\/media?parent=94913"}],"wp:term":[{"taxonomy":"product_brand","embeddable":true,"href":"https:\/\/www.outdoors.ee\/et\/wp-json\/wp\/v2\/product_brand?post=94913"},{"taxonomy":"product_cat","embeddable":true,"href":"https:\/\/www.outdoors.ee\/et\/wp-json\/wp\/v2\/product_cat?post=94913"},{"taxonomy":"product_tag","embeddable":true,"href":"https:\/\/www.outdoors.ee\/et\/wp-json\/wp\/v2\/product_tag?post=94913"}],"curies":[{"name":"wp","href":"https:\/\/api.w.org\/{rel}","templated":true}]}}