{"id":94679,"date":"2024-08-09T13:28:40","date_gmt":"2024-08-09T10:28:40","guid":{"rendered":"https:\/\/www.outdoors.ee\/?post_type=product&#038;p=94679"},"modified":"2025-08-22T14:46:57","modified_gmt":"2025-08-22T11:46:57","slug":"jope-ma-1-d-tec-bomber-jacket","status":"publish","type":"product","link":"https:\/\/www.outdoors.ee\/et\/toode\/jope-ma-1-d-tec-bomber-jacket\/","title":{"rendered":"Alpha Industries\u00ae jope MA-1 D-Tec Bomber Jacket"},"content":{"rendered":"<div class=\"tc-mt-5\">\n<p>MA-1 D-Tec Bomber jacket on originaal militaarpiloodijopest inspireeritud stiilne riideese, mis hoiab teid soojas ka k\u00fclmemate ilmadega.<\/p>\n<p><strong>Omadused:<\/strong><\/p>\n<\/div>\n<div class=\"tc-mt-5\">\n<ul>\n<li>kitsa l\u00f5ikega kevad-s\u00fcgis jope<\/li>\n<li>kergelt vooderdatud<\/li>\n<li>eemaldatav kapuuts<\/li>\n<li>MA-1 tasku paremal k\u00e4isel<\/li>\n<li>punane RBF pael k\u00e4isetaskul<\/li>\n<li>Alpha logoga takjapael rinnal<\/li>\n<li>kaks trukiga suletav k\u00e4etaskut<\/li>\n<li>kaks trukiga suletavat sisemist taskut<\/li>\n<li>riba\/kootud v\u00f6\u00f6 ning mansettidega<\/li>\n<li>materjal. V\u00e4lis: 100% nailon, vooder: 100% nailon, soojustus: 100% pol\u00fcester. Kapuuts: 80% puuvill, 20% pol\u00fcester<\/li>\n<\/ul>\n<p><strong>Seisukord:<\/strong> uus<\/p>\n<\/div>\n","protected":false},"excerpt":{"rendered":"<p>Alpha Industries\u00ae lendurijope MA-1 D-Tec Bomber Jacket<\/p>\n","protected":false},"featured_media":94731,"template":"","meta":[],"product_brand":[],"product_cat":[101],"product_tag":[],"class_list":{"0":"post-94679","1":"product","2":"type-product","3":"status-publish","4":"has-post-thumbnail","6":"product_cat-joped-parkad","7":"pa_brand-alpha-industries-2","8":"pa_color-black-2","9":"pa_color-dark-green-black-2","10":"pa_color-rep-grey-2","11":"pa_color-sage-green-2","12":"pa_size-l-2","13":"pa_size-m-2","14":"pa_size-xl-2","16":"first","17":"instock","18":"sale","19":"taxable","20":"shipping-taxable","21":"purchasable","22":"product-type-variable"},"yoast_head":"<!-- This site is optimized with the Yoast SEO plugin v27.2 - https:\/\/yoast.com\/product\/yoast-seo-wordpress\/ -->\n<title>Alpha Industries\u00ae jope MA-1 D-Tec Bomber Jacket - Outdoors<\/title>\n<meta name=\"robots\" content=\"index, follow, max-snippet:-1, max-image-preview:large, max-video-preview:-1\" \/>\n<link rel=\"canonical\" href=\"https:\/\/www.outdoors.ee\/et\/toode\/jope-ma-1-d-tec-bomber-jacket\/\" \/>\n<meta property=\"og:locale\" content=\"et_EE\" \/>\n<meta property=\"og:type\" content=\"article\" \/>\n<meta property=\"og:title\" content=\"Alpha Industries\u00ae jope MA-1 D-Tec Bomber Jacket - Outdoors\" \/>\n<meta property=\"og:description\" content=\"Alpha Industries\u00ae lendurijope MA-1 D-Tec Bomber Jacket\" \/>\n<meta property=\"og:url\" content=\"https:\/\/www.outdoors.ee\/et\/toode\/jope-ma-1-d-tec-bomber-jacket\/\" \/>\n<meta property=\"og:site_name\" content=\"Outdoors\" \/>\n<meta property=\"article:modified_time\" content=\"2025-08-22T11:46:57+00:00\" \/>\n<meta property=\"og:image\" content=\"https:\/\/www.outdoors.ee\/wp-content\/uploads\/2024\/08\/183110-01.png\" \/>\n\t<meta property=\"og:image:width\" content=\"880\" \/>\n\t<meta property=\"og:image:height\" content=\"1000\" \/>\n\t<meta property=\"og:image:type\" content=\"image\/png\" \/>\n<meta name=\"twitter:card\" content=\"summary_large_image\" \/>\n<meta name=\"twitter:label1\" content=\"Est. reading time\" \/>\n\t<meta name=\"twitter:data1\" content=\"1 minut\" \/>\n<script type=\"application\/ld+json\" class=\"yoast-schema-graph\">{\"@context\":\"https:\/\/schema.org\",\"@graph\":[{\"@type\":\"WebPage\",\"@id\":\"https:\/\/www.outdoors.ee\/et\/toode\/jope-ma-1-d-tec-bomber-jacket\/\",\"url\":\"https:\/\/www.outdoors.ee\/et\/toode\/jope-ma-1-d-tec-bomber-jacket\/\",\"name\":\"Alpha Industries\u00ae jope MA-1 D-Tec Bomber Jacket - Outdoors\",\"isPartOf\":{\"@id\":\"https:\/\/www.outdoors.ee\/#website\"},\"primaryImageOfPage\":{\"@id\":\"https:\/\/www.outdoors.ee\/et\/toode\/jope-ma-1-d-tec-bomber-jacket\/#primaryimage\"},\"image\":{\"@id\":\"https:\/\/www.outdoors.ee\/et\/toode\/jope-ma-1-d-tec-bomber-jacket\/#primaryimage\"},\"thumbnailUrl\":\"https:\/\/www.outdoors.ee\/wp-content\/uploads\/2024\/08\/183110-01.png\",\"datePublished\":\"2024-08-09T10:28:40+00:00\",\"dateModified\":\"2025-08-22T11:46:57+00:00\",\"breadcrumb\":{\"@id\":\"https:\/\/www.outdoors.ee\/et\/toode\/jope-ma-1-d-tec-bomber-jacket\/#breadcrumb\"},\"inLanguage\":\"et\",\"potentialAction\":[{\"@type\":\"ReadAction\",\"target\":[\"https:\/\/www.outdoors.ee\/et\/toode\/jope-ma-1-d-tec-bomber-jacket\/\"]}]},{\"@type\":\"ImageObject\",\"inLanguage\":\"et\",\"@id\":\"https:\/\/www.outdoors.ee\/et\/toode\/jope-ma-1-d-tec-bomber-jacket\/#primaryimage\",\"url\":\"https:\/\/www.outdoors.ee\/wp-content\/uploads\/2024\/08\/183110-01.png\",\"contentUrl\":\"https:\/\/www.outdoors.ee\/wp-content\/uploads\/2024\/08\/183110-01.png\",\"width\":880,\"height\":1000},{\"@type\":\"BreadcrumbList\",\"@id\":\"https:\/\/www.outdoors.ee\/et\/toode\/jope-ma-1-d-tec-bomber-jacket\/#breadcrumb\",\"itemListElement\":[{\"@type\":\"ListItem\",\"position\":1,\"name\":\"Home\",\"item\":\"https:\/\/www.outdoors.ee\/et\/\"},{\"@type\":\"ListItem\",\"position\":2,\"name\":\"Tooted\",\"item\":\"https:\/\/www.outdoors.ee\/products\/\"},{\"@type\":\"ListItem\",\"position\":3,\"name\":\"Alpha Industries\u00ae jope MA-1 D-Tec Bomber Jacket\"}]},{\"@type\":\"WebSite\",\"@id\":\"https:\/\/www.outdoors.ee\/#website\",\"url\":\"https:\/\/www.outdoors.ee\/\",\"name\":\"Outdoors\",\"description\":\"Genuine military surplus and not only!\",\"potentialAction\":[{\"@type\":\"SearchAction\",\"target\":{\"@type\":\"EntryPoint\",\"urlTemplate\":\"https:\/\/www.outdoors.ee\/?s={search_term_string}\"},\"query-input\":{\"@type\":\"PropertyValueSpecification\",\"valueRequired\":true,\"valueName\":\"search_term_string\"}}],\"inLanguage\":\"et\"}]}<\/script>\n<!-- \/ Yoast SEO plugin. -->","yoast_head_json":{"title":"Alpha Industries\u00ae jope MA-1 D-Tec Bomber Jacket - Outdoors","robots":{"index":"index","follow":"follow","max-snippet":"max-snippet:-1","max-image-preview":"max-image-preview:large","max-video-preview":"max-video-preview:-1"},"canonical":"https:\/\/www.outdoors.ee\/et\/toode\/jope-ma-1-d-tec-bomber-jacket\/","og_locale":"et_EE","og_type":"article","og_title":"Alpha Industries\u00ae jope MA-1 D-Tec Bomber Jacket - Outdoors","og_description":"Alpha Industries\u00ae lendurijope MA-1 D-Tec Bomber Jacket","og_url":"https:\/\/www.outdoors.ee\/et\/toode\/jope-ma-1-d-tec-bomber-jacket\/","og_site_name":"Outdoors","article_modified_time":"2025-08-22T11:46:57+00:00","og_image":[{"width":880,"height":1000,"url":"https:\/\/www.outdoors.ee\/wp-content\/uploads\/2024\/08\/183110-01.png","type":"image\/png"}],"twitter_card":"summary_large_image","twitter_misc":{"Est. reading time":"1 minut"},"schema":{"@context":"https:\/\/schema.org","@graph":[{"@type":"WebPage","@id":"https:\/\/www.outdoors.ee\/et\/toode\/jope-ma-1-d-tec-bomber-jacket\/","url":"https:\/\/www.outdoors.ee\/et\/toode\/jope-ma-1-d-tec-bomber-jacket\/","name":"Alpha Industries\u00ae jope MA-1 D-Tec Bomber Jacket - Outdoors","isPartOf":{"@id":"https:\/\/www.outdoors.ee\/#website"},"primaryImageOfPage":{"@id":"https:\/\/www.outdoors.ee\/et\/toode\/jope-ma-1-d-tec-bomber-jacket\/#primaryimage"},"image":{"@id":"https:\/\/www.outdoors.ee\/et\/toode\/jope-ma-1-d-tec-bomber-jacket\/#primaryimage"},"thumbnailUrl":"https:\/\/www.outdoors.ee\/wp-content\/uploads\/2024\/08\/183110-01.png","datePublished":"2024-08-09T10:28:40+00:00","dateModified":"2025-08-22T11:46:57+00:00","breadcrumb":{"@id":"https:\/\/www.outdoors.ee\/et\/toode\/jope-ma-1-d-tec-bomber-jacket\/#breadcrumb"},"inLanguage":"et","potentialAction":[{"@type":"ReadAction","target":["https:\/\/www.outdoors.ee\/et\/toode\/jope-ma-1-d-tec-bomber-jacket\/"]}]},{"@type":"ImageObject","inLanguage":"et","@id":"https:\/\/www.outdoors.ee\/et\/toode\/jope-ma-1-d-tec-bomber-jacket\/#primaryimage","url":"https:\/\/www.outdoors.ee\/wp-content\/uploads\/2024\/08\/183110-01.png","contentUrl":"https:\/\/www.outdoors.ee\/wp-content\/uploads\/2024\/08\/183110-01.png","width":880,"height":1000},{"@type":"BreadcrumbList","@id":"https:\/\/www.outdoors.ee\/et\/toode\/jope-ma-1-d-tec-bomber-jacket\/#breadcrumb","itemListElement":[{"@type":"ListItem","position":1,"name":"Home","item":"https:\/\/www.outdoors.ee\/et\/"},{"@type":"ListItem","position":2,"name":"Tooted","item":"https:\/\/www.outdoors.ee\/products\/"},{"@type":"ListItem","position":3,"name":"Alpha Industries\u00ae jope MA-1 D-Tec Bomber Jacket"}]},{"@type":"WebSite","@id":"https:\/\/www.outdoors.ee\/#website","url":"https:\/\/www.outdoors.ee\/","name":"Outdoors","description":"Genuine military surplus and not only!","potentialAction":[{"@type":"SearchAction","target":{"@type":"EntryPoint","urlTemplate":"https:\/\/www.outdoors.ee\/?s={search_term_string}"},"query-input":{"@type":"PropertyValueSpecification","valueRequired":true,"valueName":"search_term_string"}}],"inLanguage":"et"}]}},"_links":{"self":[{"href":"https:\/\/www.outdoors.ee\/et\/wp-json\/wp\/v2\/product\/94679","targetHints":{"allow":["GET"]}}],"collection":[{"href":"https:\/\/www.outdoors.ee\/et\/wp-json\/wp\/v2\/product"}],"about":[{"href":"https:\/\/www.outdoors.ee\/et\/wp-json\/wp\/v2\/types\/product"}],"wp:featuredmedia":[{"embeddable":true,"href":"https:\/\/www.outdoors.ee\/et\/wp-json\/wp\/v2\/media\/94731"}],"wp:attachment":[{"href":"https:\/\/www.outdoors.ee\/et\/wp-json\/wp\/v2\/media?parent=94679"}],"wp:term":[{"taxonomy":"product_brand","embeddable":true,"href":"https:\/\/www.outdoors.ee\/et\/wp-json\/wp\/v2\/product_brand?post=94679"},{"taxonomy":"product_cat","embeddable":true,"href":"https:\/\/www.outdoors.ee\/et\/wp-json\/wp\/v2\/product_cat?post=94679"},{"taxonomy":"product_tag","embeddable":true,"href":"https:\/\/www.outdoors.ee\/et\/wp-json\/wp\/v2\/product_tag?post=94679"}],"curies":[{"name":"wp","href":"https:\/\/api.w.org\/{rel}","templated":true}]}}