{"id":93375,"date":"2024-05-16T15:47:16","date_gmt":"2024-05-16T12:47:36","guid":{"rendered":"https:\/\/www.outdoors.ee\/?post_type=product&#038;p=93375"},"modified":"2024-09-23T12:31:46","modified_gmt":"2024-09-23T09:31:46","slug":"hollandi-armee-spordisokid-blue","status":"publish","type":"product","link":"https:\/\/www.outdoors.ee\/et\/toode\/hollandi-armee-spordisokid-blue\/","title":{"rendered":"Hollandi Armee spordisokid Blue"},"content":{"rendered":"<p><strong>Omadused:<\/strong><\/p>\n<ul>\n<li class=\"product-features__item\">termoregulatsiooni ning l\u00f5hnavastaste omadusega Coolmax pol\u00fcestri segu<\/li>\n<li class=\"product-features__item\">hea pehmendus k\u00f5rge koormusega piirkondades<\/li>\n<li>koostis: 36% pol\u00fcester 32% pol\u00fcamiid 30% puuvill 2% elastaan<\/li>\n<\/ul>\n<p><strong>Seisukord:<\/strong> uued<\/p>\n","protected":false},"excerpt":{"rendered":"<p>Omadused: termoregulatsiooni ning l\u00f5hnavastaste omadusega Coolmax pol\u00fcestri segu hea pehmendus k\u00f5rge koormusega piirkondades koostis: 36% pol\u00fcester 32% pol\u00fcamiid 30% puuvill<\/p>\n","protected":false},"featured_media":93374,"template":"","meta":[],"product_brand":[],"product_cat":[197],"product_tag":[],"class_list":{"0":"post-93375","1":"product","2":"type-product","3":"status-publish","4":"has-post-thumbnail","6":"product_cat-sokid-saarised","7":"pa_brand-dutch-military-surplus","8":"pa_size-uk12-15-eu47-50-2","9":"pa_size-uk15-eu50-2","10":"pa_size-uk55-8-eu39-42-2","11":"pa_size-uk9-11-eu43-46-2","13":"first","14":"instock","15":"taxable","16":"shipping-taxable","17":"purchasable","18":"product-type-variable"},"yoast_head":"<!-- This site is optimized with the Yoast SEO plugin v27.2 - https:\/\/yoast.com\/product\/yoast-seo-wordpress\/ -->\n<title>Hollandi Armee spordisokid Blue - Outdoors<\/title>\n<meta name=\"robots\" content=\"index, follow, max-snippet:-1, max-image-preview:large, max-video-preview:-1\" \/>\n<link rel=\"canonical\" href=\"https:\/\/www.outdoors.ee\/toode\/dutch-army-sport-socks-blue\/\" \/>\n<meta property=\"og:locale\" content=\"et_EE\" \/>\n<meta property=\"og:type\" content=\"article\" \/>\n<meta property=\"og:title\" content=\"Hollandi Armee spordisokid Blue - Outdoors\" \/>\n<meta property=\"og:description\" content=\"Omadused: termoregulatsiooni ning l\u00f5hnavastaste omadusega Coolmax pol\u00fcestri segu hea pehmendus k\u00f5rge koormusega piirkondades koostis: 36% pol\u00fcester 32% pol\u00fcamiid 30% puuvill\" \/>\n<meta property=\"og:url\" content=\"https:\/\/www.outdoors.ee\/toode\/dutch-army-sport-socks-blue\/\" \/>\n<meta property=\"og:site_name\" content=\"Outdoors\" \/>\n<meta property=\"article:modified_time\" content=\"2024-09-23T09:31:46+00:00\" \/>\n<meta property=\"og:image\" content=\"https:\/\/www.outdoors.ee\/wp-content\/uploads\/2024\/05\/1597-Dutch-Army-Sport-Socks-Blue.png\" \/>\n\t<meta property=\"og:image:width\" content=\"1000\" \/>\n\t<meta property=\"og:image:height\" content=\"1250\" \/>\n\t<meta property=\"og:image:type\" content=\"image\/png\" \/>\n<meta name=\"twitter:card\" content=\"summary_large_image\" \/>\n<script type=\"application\/ld+json\" class=\"yoast-schema-graph\">{\"@context\":\"https:\/\/schema.org\",\"@graph\":[{\"@type\":\"WebPage\",\"@id\":\"https:\/\/www.outdoors.ee\/toode\/dutch-army-sport-socks-blue\/\",\"url\":\"https:\/\/www.outdoors.ee\/toode\/dutch-army-sport-socks-blue\/\",\"name\":\"Hollandi Armee spordisokid Blue - Outdoors\",\"isPartOf\":{\"@id\":\"https:\/\/www.outdoors.ee\/#website\"},\"primaryImageOfPage\":{\"@id\":\"https:\/\/www.outdoors.ee\/toode\/dutch-army-sport-socks-blue\/#primaryimage\"},\"image\":{\"@id\":\"https:\/\/www.outdoors.ee\/toode\/dutch-army-sport-socks-blue\/#primaryimage\"},\"thumbnailUrl\":\"https:\/\/www.outdoors.ee\/wp-content\/uploads\/2024\/05\/1597-Dutch-Army-Sport-Socks-Blue.png\",\"datePublished\":\"2024-05-16T12:47:36+00:00\",\"dateModified\":\"2024-09-23T09:31:46+00:00\",\"breadcrumb\":{\"@id\":\"https:\/\/www.outdoors.ee\/toode\/dutch-army-sport-socks-blue\/#breadcrumb\"},\"inLanguage\":\"et\",\"potentialAction\":[{\"@type\":\"ReadAction\",\"target\":[\"https:\/\/www.outdoors.ee\/toode\/dutch-army-sport-socks-blue\/\"]}]},{\"@type\":\"ImageObject\",\"inLanguage\":\"et\",\"@id\":\"https:\/\/www.outdoors.ee\/toode\/dutch-army-sport-socks-blue\/#primaryimage\",\"url\":\"https:\/\/www.outdoors.ee\/wp-content\/uploads\/2024\/05\/1597-Dutch-Army-Sport-Socks-Blue.png\",\"contentUrl\":\"https:\/\/www.outdoors.ee\/wp-content\/uploads\/2024\/05\/1597-Dutch-Army-Sport-Socks-Blue.png\",\"width\":1000,\"height\":1250},{\"@type\":\"BreadcrumbList\",\"@id\":\"https:\/\/www.outdoors.ee\/toode\/dutch-army-sport-socks-blue\/#breadcrumb\",\"itemListElement\":[{\"@type\":\"ListItem\",\"position\":1,\"name\":\"Home\",\"item\":\"https:\/\/www.outdoors.ee\/et\/\"},{\"@type\":\"ListItem\",\"position\":2,\"name\":\"Tooted\",\"item\":\"https:\/\/www.outdoors.ee\/products\/\"},{\"@type\":\"ListItem\",\"position\":3,\"name\":\"Hollandi Armee spordisokid Blue\"}]},{\"@type\":\"WebSite\",\"@id\":\"https:\/\/www.outdoors.ee\/#website\",\"url\":\"https:\/\/www.outdoors.ee\/\",\"name\":\"Outdoors\",\"description\":\"Genuine military surplus and not only!\",\"potentialAction\":[{\"@type\":\"SearchAction\",\"target\":{\"@type\":\"EntryPoint\",\"urlTemplate\":\"https:\/\/www.outdoors.ee\/?s={search_term_string}\"},\"query-input\":{\"@type\":\"PropertyValueSpecification\",\"valueRequired\":true,\"valueName\":\"search_term_string\"}}],\"inLanguage\":\"et\"}]}<\/script>\n<!-- \/ Yoast SEO plugin. -->","yoast_head_json":{"title":"Hollandi Armee spordisokid Blue - Outdoors","robots":{"index":"index","follow":"follow","max-snippet":"max-snippet:-1","max-image-preview":"max-image-preview:large","max-video-preview":"max-video-preview:-1"},"canonical":"https:\/\/www.outdoors.ee\/toode\/dutch-army-sport-socks-blue\/","og_locale":"et_EE","og_type":"article","og_title":"Hollandi Armee spordisokid Blue - Outdoors","og_description":"Omadused: termoregulatsiooni ning l\u00f5hnavastaste omadusega Coolmax pol\u00fcestri segu hea pehmendus k\u00f5rge koormusega piirkondades koostis: 36% pol\u00fcester 32% pol\u00fcamiid 30% puuvill","og_url":"https:\/\/www.outdoors.ee\/toode\/dutch-army-sport-socks-blue\/","og_site_name":"Outdoors","article_modified_time":"2024-09-23T09:31:46+00:00","og_image":[{"width":1000,"height":1250,"url":"https:\/\/www.outdoors.ee\/wp-content\/uploads\/2024\/05\/1597-Dutch-Army-Sport-Socks-Blue.png","type":"image\/png"}],"twitter_card":"summary_large_image","schema":{"@context":"https:\/\/schema.org","@graph":[{"@type":"WebPage","@id":"https:\/\/www.outdoors.ee\/toode\/dutch-army-sport-socks-blue\/","url":"https:\/\/www.outdoors.ee\/toode\/dutch-army-sport-socks-blue\/","name":"Hollandi Armee spordisokid Blue - Outdoors","isPartOf":{"@id":"https:\/\/www.outdoors.ee\/#website"},"primaryImageOfPage":{"@id":"https:\/\/www.outdoors.ee\/toode\/dutch-army-sport-socks-blue\/#primaryimage"},"image":{"@id":"https:\/\/www.outdoors.ee\/toode\/dutch-army-sport-socks-blue\/#primaryimage"},"thumbnailUrl":"https:\/\/www.outdoors.ee\/wp-content\/uploads\/2024\/05\/1597-Dutch-Army-Sport-Socks-Blue.png","datePublished":"2024-05-16T12:47:36+00:00","dateModified":"2024-09-23T09:31:46+00:00","breadcrumb":{"@id":"https:\/\/www.outdoors.ee\/toode\/dutch-army-sport-socks-blue\/#breadcrumb"},"inLanguage":"et","potentialAction":[{"@type":"ReadAction","target":["https:\/\/www.outdoors.ee\/toode\/dutch-army-sport-socks-blue\/"]}]},{"@type":"ImageObject","inLanguage":"et","@id":"https:\/\/www.outdoors.ee\/toode\/dutch-army-sport-socks-blue\/#primaryimage","url":"https:\/\/www.outdoors.ee\/wp-content\/uploads\/2024\/05\/1597-Dutch-Army-Sport-Socks-Blue.png","contentUrl":"https:\/\/www.outdoors.ee\/wp-content\/uploads\/2024\/05\/1597-Dutch-Army-Sport-Socks-Blue.png","width":1000,"height":1250},{"@type":"BreadcrumbList","@id":"https:\/\/www.outdoors.ee\/toode\/dutch-army-sport-socks-blue\/#breadcrumb","itemListElement":[{"@type":"ListItem","position":1,"name":"Home","item":"https:\/\/www.outdoors.ee\/et\/"},{"@type":"ListItem","position":2,"name":"Tooted","item":"https:\/\/www.outdoors.ee\/products\/"},{"@type":"ListItem","position":3,"name":"Hollandi Armee spordisokid Blue"}]},{"@type":"WebSite","@id":"https:\/\/www.outdoors.ee\/#website","url":"https:\/\/www.outdoors.ee\/","name":"Outdoors","description":"Genuine military surplus and not only!","potentialAction":[{"@type":"SearchAction","target":{"@type":"EntryPoint","urlTemplate":"https:\/\/www.outdoors.ee\/?s={search_term_string}"},"query-input":{"@type":"PropertyValueSpecification","valueRequired":true,"valueName":"search_term_string"}}],"inLanguage":"et"}]}},"_links":{"self":[{"href":"https:\/\/www.outdoors.ee\/et\/wp-json\/wp\/v2\/product\/93375","targetHints":{"allow":["GET"]}}],"collection":[{"href":"https:\/\/www.outdoors.ee\/et\/wp-json\/wp\/v2\/product"}],"about":[{"href":"https:\/\/www.outdoors.ee\/et\/wp-json\/wp\/v2\/types\/product"}],"wp:featuredmedia":[{"embeddable":true,"href":"https:\/\/www.outdoors.ee\/et\/wp-json\/wp\/v2\/media\/93374"}],"wp:attachment":[{"href":"https:\/\/www.outdoors.ee\/et\/wp-json\/wp\/v2\/media?parent=93375"}],"wp:term":[{"taxonomy":"product_brand","embeddable":true,"href":"https:\/\/www.outdoors.ee\/et\/wp-json\/wp\/v2\/product_brand?post=93375"},{"taxonomy":"product_cat","embeddable":true,"href":"https:\/\/www.outdoors.ee\/et\/wp-json\/wp\/v2\/product_cat?post=93375"},{"taxonomy":"product_tag","embeddable":true,"href":"https:\/\/www.outdoors.ee\/et\/wp-json\/wp\/v2\/product_tag?post=93375"}],"curies":[{"name":"wp","href":"https:\/\/api.w.org\/{rel}","templated":true}]}}