{"id":93046,"date":"2024-05-06T11:06:58","date_gmt":"2024-05-06T08:06:58","guid":{"rendered":"https:\/\/www.outdoors.ee\/?post_type=product&#038;p=93046"},"modified":"2025-11-11T14:53:16","modified_gmt":"2025-11-11T12:53:16","slug":"belgia-armee-100l-seljakott-jigsaw","status":"publish","type":"product","link":"https:\/\/www.outdoors.ee\/et\/toode\/belgia-armee-100l-seljakott-jigsaw\/","title":{"rendered":"Belgia Armee 100L seljakott Jigsaw"},"content":{"rendered":"<p><strong>Omadused:<\/strong><\/p>\n<ul>\n<li>Belgia s\u00f5jav\u00e4e originaal<\/li>\n<li>vastupidav Cordura t\u00fc\u00fcpi materjal<\/li>\n<li>maht ca 100L<\/li>\n<li>2 eemaldatavat k\u00fcljetaskut, mis vajadusel moodustavad v\u00e4ikse 20L p\u00e4evakoti<\/li>\n<li>intergreeritud seljaraam alumiiniumsulamist<\/li>\n<li>t\u00f5mblukuga tasku pealmises kaanes<\/li>\n<li>peasahtli jagaja pingitusn\u00f6\u00f6riga<\/li>\n<li>t\u00f5mblukuga ligip\u00e4\u00e4s peasahtlisse seljakoti p\u00f5hjast<\/li>\n<li>peasahtli laiendus \u00fcleval pingutusn\u00f6\u00f6riga<\/li>\n<li>pehmendatud, ergonoomiliselt kujundatud \u00f5larihmad reguleeritava pikkusega<\/li>\n<li>pehmendatud puusarihm kiirvabastus klambriga<\/li>\n<\/ul>\n<p><strong>Seisukord:<\/strong><\/p>\n<ul>\n<li>uus (ilma originaalpakendita, v\u00f5ib sisaldada hulgiladustamise j\u00e4lgi)<\/li>\n<li>uuev\u00e4\u00e4rne (sisaldab kergeid kulumisj\u00e4lgi ja v\u00f5ib olla veidi m\u00e4\u00e4rdunud)<\/li>\n<li>kasutatud, Grade 1 (sisaldab m\u00f5\u00f5dukaid kulumisj\u00e4lgi, v\u00f5ib olla kergelt m\u00e4\u00e4rdunud ning sisaldada v\u00e4iksemaid vigastusi, rinnarihma ja k\u00fcljetaskute \u00f5larihmad v\u00f5ivad puududa)<\/li>\n<\/ul>\n","protected":false},"excerpt":{"rendered":"<p>Belgia Armee 100L seljakott, M97 Jigsaw<\/p>\n","protected":false},"featured_media":92986,"template":"","meta":[],"product_brand":[],"product_cat":[3539],"product_tag":[],"class_list":{"0":"post-93046","1":"product","2":"type-product","3":"status-publish","4":"has-post-thumbnail","6":"product_cat-seljakotid","7":"pa_brand-belgian-military-surplus","8":"pa_condition-kasutatud-grade-1","9":"pa_condition-uuevaarne","10":"pa_condition-uus","12":"first","13":"instock","14":"taxable","15":"shipping-taxable","16":"purchasable","17":"product-type-variable"},"yoast_head":"<!-- This site is optimized with the Yoast SEO plugin v27.2 - https:\/\/yoast.com\/product\/yoast-seo-wordpress\/ -->\n<title>Belgia Armee 100L seljakott Jigsaw - Outdoors<\/title>\n<meta name=\"robots\" content=\"index, follow, max-snippet:-1, max-image-preview:large, max-video-preview:-1\" \/>\n<link rel=\"canonical\" href=\"https:\/\/www.outdoors.ee\/et\/toode\/belgia-armee-100l-seljakott-jigsaw\/\" \/>\n<meta property=\"og:locale\" content=\"et_EE\" \/>\n<meta property=\"og:type\" content=\"article\" \/>\n<meta property=\"og:title\" content=\"Belgia Armee 100L seljakott Jigsaw - Outdoors\" \/>\n<meta property=\"og:description\" content=\"Belgia Armee 100L seljakott, M97 Jigsaw\" \/>\n<meta property=\"og:url\" content=\"https:\/\/www.outdoors.ee\/et\/toode\/belgia-armee-100l-seljakott-jigsaw\/\" \/>\n<meta property=\"og:site_name\" content=\"Outdoors\" \/>\n<meta property=\"article:modified_time\" content=\"2025-11-11T12:53:16+00:00\" \/>\n<meta property=\"og:image\" content=\"https:\/\/www.outdoors.ee\/wp-content\/uploads\/2024\/05\/0319-Belgian-Army-100L-Rucksack-Jigsaw.png\" \/>\n\t<meta property=\"og:image:width\" content=\"800\" \/>\n\t<meta property=\"og:image:height\" content=\"800\" \/>\n\t<meta property=\"og:image:type\" content=\"image\/png\" \/>\n<meta name=\"twitter:card\" content=\"summary_large_image\" \/>\n<meta name=\"twitter:label1\" content=\"Est. reading time\" \/>\n\t<meta name=\"twitter:data1\" content=\"1 minut\" \/>\n<script type=\"application\/ld+json\" class=\"yoast-schema-graph\">{\"@context\":\"https:\/\/schema.org\",\"@graph\":[{\"@type\":\"WebPage\",\"@id\":\"https:\/\/www.outdoors.ee\/et\/toode\/belgia-armee-100l-seljakott-jigsaw\/\",\"url\":\"https:\/\/www.outdoors.ee\/et\/toode\/belgia-armee-100l-seljakott-jigsaw\/\",\"name\":\"Belgia Armee 100L seljakott Jigsaw - Outdoors\",\"isPartOf\":{\"@id\":\"https:\/\/www.outdoors.ee\/#website\"},\"primaryImageOfPage\":{\"@id\":\"https:\/\/www.outdoors.ee\/et\/toode\/belgia-armee-100l-seljakott-jigsaw\/#primaryimage\"},\"image\":{\"@id\":\"https:\/\/www.outdoors.ee\/et\/toode\/belgia-armee-100l-seljakott-jigsaw\/#primaryimage\"},\"thumbnailUrl\":\"https:\/\/www.outdoors.ee\/wp-content\/uploads\/2024\/05\/0319-Belgian-Army-100L-Rucksack-Jigsaw.png\",\"datePublished\":\"2024-05-06T08:06:58+00:00\",\"dateModified\":\"2025-11-11T12:53:16+00:00\",\"breadcrumb\":{\"@id\":\"https:\/\/www.outdoors.ee\/et\/toode\/belgia-armee-100l-seljakott-jigsaw\/#breadcrumb\"},\"inLanguage\":\"et\",\"potentialAction\":[{\"@type\":\"ReadAction\",\"target\":[\"https:\/\/www.outdoors.ee\/et\/toode\/belgia-armee-100l-seljakott-jigsaw\/\"]}]},{\"@type\":\"ImageObject\",\"inLanguage\":\"et\",\"@id\":\"https:\/\/www.outdoors.ee\/et\/toode\/belgia-armee-100l-seljakott-jigsaw\/#primaryimage\",\"url\":\"https:\/\/www.outdoors.ee\/wp-content\/uploads\/2024\/05\/0319-Belgian-Army-100L-Rucksack-Jigsaw.png\",\"contentUrl\":\"https:\/\/www.outdoors.ee\/wp-content\/uploads\/2024\/05\/0319-Belgian-Army-100L-Rucksack-Jigsaw.png\",\"width\":800,\"height\":800},{\"@type\":\"BreadcrumbList\",\"@id\":\"https:\/\/www.outdoors.ee\/et\/toode\/belgia-armee-100l-seljakott-jigsaw\/#breadcrumb\",\"itemListElement\":[{\"@type\":\"ListItem\",\"position\":1,\"name\":\"Home\",\"item\":\"https:\/\/www.outdoors.ee\/et\/\"},{\"@type\":\"ListItem\",\"position\":2,\"name\":\"Tooted\",\"item\":\"https:\/\/www.outdoors.ee\/products\/\"},{\"@type\":\"ListItem\",\"position\":3,\"name\":\"Belgia Armee 100L seljakott Jigsaw\"}]},{\"@type\":\"WebSite\",\"@id\":\"https:\/\/www.outdoors.ee\/#website\",\"url\":\"https:\/\/www.outdoors.ee\/\",\"name\":\"Outdoors\",\"description\":\"Genuine military surplus and not only!\",\"potentialAction\":[{\"@type\":\"SearchAction\",\"target\":{\"@type\":\"EntryPoint\",\"urlTemplate\":\"https:\/\/www.outdoors.ee\/?s={search_term_string}\"},\"query-input\":{\"@type\":\"PropertyValueSpecification\",\"valueRequired\":true,\"valueName\":\"search_term_string\"}}],\"inLanguage\":\"et\"}]}<\/script>\n<!-- \/ Yoast SEO plugin. -->","yoast_head_json":{"title":"Belgia Armee 100L seljakott Jigsaw - Outdoors","robots":{"index":"index","follow":"follow","max-snippet":"max-snippet:-1","max-image-preview":"max-image-preview:large","max-video-preview":"max-video-preview:-1"},"canonical":"https:\/\/www.outdoors.ee\/et\/toode\/belgia-armee-100l-seljakott-jigsaw\/","og_locale":"et_EE","og_type":"article","og_title":"Belgia Armee 100L seljakott Jigsaw - Outdoors","og_description":"Belgia Armee 100L seljakott, M97 Jigsaw","og_url":"https:\/\/www.outdoors.ee\/et\/toode\/belgia-armee-100l-seljakott-jigsaw\/","og_site_name":"Outdoors","article_modified_time":"2025-11-11T12:53:16+00:00","og_image":[{"width":800,"height":800,"url":"https:\/\/www.outdoors.ee\/wp-content\/uploads\/2024\/05\/0319-Belgian-Army-100L-Rucksack-Jigsaw.png","type":"image\/png"}],"twitter_card":"summary_large_image","twitter_misc":{"Est. reading time":"1 minut"},"schema":{"@context":"https:\/\/schema.org","@graph":[{"@type":"WebPage","@id":"https:\/\/www.outdoors.ee\/et\/toode\/belgia-armee-100l-seljakott-jigsaw\/","url":"https:\/\/www.outdoors.ee\/et\/toode\/belgia-armee-100l-seljakott-jigsaw\/","name":"Belgia Armee 100L seljakott Jigsaw - Outdoors","isPartOf":{"@id":"https:\/\/www.outdoors.ee\/#website"},"primaryImageOfPage":{"@id":"https:\/\/www.outdoors.ee\/et\/toode\/belgia-armee-100l-seljakott-jigsaw\/#primaryimage"},"image":{"@id":"https:\/\/www.outdoors.ee\/et\/toode\/belgia-armee-100l-seljakott-jigsaw\/#primaryimage"},"thumbnailUrl":"https:\/\/www.outdoors.ee\/wp-content\/uploads\/2024\/05\/0319-Belgian-Army-100L-Rucksack-Jigsaw.png","datePublished":"2024-05-06T08:06:58+00:00","dateModified":"2025-11-11T12:53:16+00:00","breadcrumb":{"@id":"https:\/\/www.outdoors.ee\/et\/toode\/belgia-armee-100l-seljakott-jigsaw\/#breadcrumb"},"inLanguage":"et","potentialAction":[{"@type":"ReadAction","target":["https:\/\/www.outdoors.ee\/et\/toode\/belgia-armee-100l-seljakott-jigsaw\/"]}]},{"@type":"ImageObject","inLanguage":"et","@id":"https:\/\/www.outdoors.ee\/et\/toode\/belgia-armee-100l-seljakott-jigsaw\/#primaryimage","url":"https:\/\/www.outdoors.ee\/wp-content\/uploads\/2024\/05\/0319-Belgian-Army-100L-Rucksack-Jigsaw.png","contentUrl":"https:\/\/www.outdoors.ee\/wp-content\/uploads\/2024\/05\/0319-Belgian-Army-100L-Rucksack-Jigsaw.png","width":800,"height":800},{"@type":"BreadcrumbList","@id":"https:\/\/www.outdoors.ee\/et\/toode\/belgia-armee-100l-seljakott-jigsaw\/#breadcrumb","itemListElement":[{"@type":"ListItem","position":1,"name":"Home","item":"https:\/\/www.outdoors.ee\/et\/"},{"@type":"ListItem","position":2,"name":"Tooted","item":"https:\/\/www.outdoors.ee\/products\/"},{"@type":"ListItem","position":3,"name":"Belgia Armee 100L seljakott Jigsaw"}]},{"@type":"WebSite","@id":"https:\/\/www.outdoors.ee\/#website","url":"https:\/\/www.outdoors.ee\/","name":"Outdoors","description":"Genuine military surplus and not only!","potentialAction":[{"@type":"SearchAction","target":{"@type":"EntryPoint","urlTemplate":"https:\/\/www.outdoors.ee\/?s={search_term_string}"},"query-input":{"@type":"PropertyValueSpecification","valueRequired":true,"valueName":"search_term_string"}}],"inLanguage":"et"}]}},"_links":{"self":[{"href":"https:\/\/www.outdoors.ee\/et\/wp-json\/wp\/v2\/product\/93046","targetHints":{"allow":["GET"]}}],"collection":[{"href":"https:\/\/www.outdoors.ee\/et\/wp-json\/wp\/v2\/product"}],"about":[{"href":"https:\/\/www.outdoors.ee\/et\/wp-json\/wp\/v2\/types\/product"}],"wp:featuredmedia":[{"embeddable":true,"href":"https:\/\/www.outdoors.ee\/et\/wp-json\/wp\/v2\/media\/92986"}],"wp:attachment":[{"href":"https:\/\/www.outdoors.ee\/et\/wp-json\/wp\/v2\/media?parent=93046"}],"wp:term":[{"taxonomy":"product_brand","embeddable":true,"href":"https:\/\/www.outdoors.ee\/et\/wp-json\/wp\/v2\/product_brand?post=93046"},{"taxonomy":"product_cat","embeddable":true,"href":"https:\/\/www.outdoors.ee\/et\/wp-json\/wp\/v2\/product_cat?post=93046"},{"taxonomy":"product_tag","embeddable":true,"href":"https:\/\/www.outdoors.ee\/et\/wp-json\/wp\/v2\/product_tag?post=93046"}],"curies":[{"name":"wp","href":"https:\/\/api.w.org\/{rel}","templated":true}]}}