{"id":92726,"date":"2024-05-02T13:12:21","date_gmt":"2024-05-02T10:12:21","guid":{"rendered":"https:\/\/www.outdoors.ee\/?post_type=product&#038;p=92726"},"modified":"2025-07-30T10:29:49","modified_gmt":"2025-07-30T07:29:49","slug":"briti-armee-kombinesoon-aircrew-coverall-mk16a","status":"publish","type":"product","link":"https:\/\/www.outdoors.ee\/et\/toode\/briti-armee-kombinesoon-aircrew-coverall-mk16a\/","title":{"rendered":"Briti Armee kombinesoon AirCrew Coverall MK16A"},"content":{"rendered":"<p><strong>Omadused:<\/strong><\/p>\n<ul>\n<li>Briti \u00f5huv\u00e4e originaal<\/li>\n<li>raskelts\u00fcttiv Fireblue Nomex kangas<\/li>\n<li>loodud kasutamiseks soojemas kliimas<\/li>\n<li>2-suunaline t\u00f5mblukk ees<\/li>\n<li>k\u00fcljet\u00f5mblukud jala alumises osas<\/li>\n<li>takjapaela abil reguleeritav v\u00f6\u00f6koht<\/li>\n<li>palju erinevaid taskuid<\/li>\n<li>takjapaelaga kinnitavad pagunialused \u00f5lgadel<\/li>\n<li>\u2018D\u2019 r\u00f5ngas rinnal<\/li>\n<li>kaal ca 1kg<\/li>\n<\/ul>\n<p><strong>NB!<\/strong> Suuruste tabel on lisatud viimase pildina<\/p>\n<p><strong>Seisukord:<\/strong><\/p>\n<ul>\n<li>uus (ilma originaalpakendita, v\u00f5ib sisaldada hulgiladustamise j\u00e4lgi)<\/li>\n<li>uuev\u00e4\u00e4rne (sisaldab kergeid kulumisj\u00e4lgi)<\/li>\n<li>kasutatud, Grade 1 (sisaldab m\u00f5\u00f5dukaid kulumisj\u00e4lgi, v\u00f5ib olla kergelt m\u00e4\u00e4rdunud ning sisaldada v\u00e4ikseid vigastusi)<\/li>\n<\/ul>\n","protected":false},"excerpt":{"rendered":"<p>Briti Armee kombinesoon\u00a0 AirCrew Coverall MK16A, roheline<\/p>\n","protected":false},"featured_media":92723,"template":"","meta":[],"product_brand":[],"product_cat":[2709],"product_tag":[],"class_list":{"0":"post-92726","1":"product","2":"type-product","3":"status-publish","4":"has-post-thumbnail","6":"product_cat-kombinesoonid","7":"pa_brand-british-military-surplus","8":"pa_condition-kasutatud-grade-1","9":"pa_condition-uuevaarne","10":"pa_size-7-3","11":"pa_size-8-2","12":"pa_size-9-2","14":"first","15":"instock","16":"taxable","17":"shipping-taxable","18":"purchasable","19":"product-type-variable"},"yoast_head":"<!-- This site is optimized with the Yoast SEO plugin v27.2 - https:\/\/yoast.com\/product\/yoast-seo-wordpress\/ -->\n<title>Briti Armee kombinesoon AirCrew Coverall MK16A - Outdoors<\/title>\n<meta name=\"robots\" content=\"index, follow, max-snippet:-1, max-image-preview:large, max-video-preview:-1\" \/>\n<link rel=\"canonical\" href=\"https:\/\/www.outdoors.ee\/et\/toode\/briti-armee-kombinesoon-aircrew-coverall-mk16a\/\" \/>\n<meta property=\"og:locale\" content=\"et_EE\" \/>\n<meta property=\"og:type\" content=\"article\" \/>\n<meta property=\"og:title\" content=\"Briti Armee kombinesoon AirCrew Coverall MK16A - Outdoors\" \/>\n<meta property=\"og:description\" content=\"Briti Armee kombinesoon\u00a0 AirCrew Coverall MK16A, roheline\" \/>\n<meta property=\"og:url\" content=\"https:\/\/www.outdoors.ee\/et\/toode\/briti-armee-kombinesoon-aircrew-coverall-mk16a\/\" \/>\n<meta property=\"og:site_name\" content=\"Outdoors\" \/>\n<meta property=\"article:modified_time\" content=\"2025-07-30T07:29:49+00:00\" \/>\n<meta property=\"og:image\" content=\"https:\/\/www.outdoors.ee\/wp-content\/uploads\/2024\/04\/1122-British-Army-AirCrew-Coverall-MK16A-Sage-Green-1.jpg\" \/>\n\t<meta property=\"og:image:width\" content=\"1000\" \/>\n\t<meta property=\"og:image:height\" content=\"1200\" \/>\n\t<meta property=\"og:image:type\" content=\"image\/jpeg\" \/>\n<meta name=\"twitter:card\" content=\"summary_large_image\" \/>\n<meta name=\"twitter:label1\" content=\"Est. reading time\" \/>\n\t<meta name=\"twitter:data1\" content=\"1 minut\" \/>\n<script type=\"application\/ld+json\" class=\"yoast-schema-graph\">{\"@context\":\"https:\/\/schema.org\",\"@graph\":[{\"@type\":\"WebPage\",\"@id\":\"https:\/\/www.outdoors.ee\/et\/toode\/briti-armee-kombinesoon-aircrew-coverall-mk16a\/\",\"url\":\"https:\/\/www.outdoors.ee\/et\/toode\/briti-armee-kombinesoon-aircrew-coverall-mk16a\/\",\"name\":\"Briti Armee kombinesoon AirCrew Coverall MK16A - Outdoors\",\"isPartOf\":{\"@id\":\"https:\/\/www.outdoors.ee\/#website\"},\"primaryImageOfPage\":{\"@id\":\"https:\/\/www.outdoors.ee\/et\/toode\/briti-armee-kombinesoon-aircrew-coverall-mk16a\/#primaryimage\"},\"image\":{\"@id\":\"https:\/\/www.outdoors.ee\/et\/toode\/briti-armee-kombinesoon-aircrew-coverall-mk16a\/#primaryimage\"},\"thumbnailUrl\":\"https:\/\/www.outdoors.ee\/wp-content\/uploads\/2024\/04\/1122-British-Army-AirCrew-Coverall-MK16A-Sage-Green-1.jpg\",\"datePublished\":\"2024-05-02T10:12:21+00:00\",\"dateModified\":\"2025-07-30T07:29:49+00:00\",\"breadcrumb\":{\"@id\":\"https:\/\/www.outdoors.ee\/et\/toode\/briti-armee-kombinesoon-aircrew-coverall-mk16a\/#breadcrumb\"},\"inLanguage\":\"et\",\"potentialAction\":[{\"@type\":\"ReadAction\",\"target\":[\"https:\/\/www.outdoors.ee\/et\/toode\/briti-armee-kombinesoon-aircrew-coverall-mk16a\/\"]}]},{\"@type\":\"ImageObject\",\"inLanguage\":\"et\",\"@id\":\"https:\/\/www.outdoors.ee\/et\/toode\/briti-armee-kombinesoon-aircrew-coverall-mk16a\/#primaryimage\",\"url\":\"https:\/\/www.outdoors.ee\/wp-content\/uploads\/2024\/04\/1122-British-Army-AirCrew-Coverall-MK16A-Sage-Green-1.jpg\",\"contentUrl\":\"https:\/\/www.outdoors.ee\/wp-content\/uploads\/2024\/04\/1122-British-Army-AirCrew-Coverall-MK16A-Sage-Green-1.jpg\",\"width\":1000,\"height\":1200},{\"@type\":\"BreadcrumbList\",\"@id\":\"https:\/\/www.outdoors.ee\/et\/toode\/briti-armee-kombinesoon-aircrew-coverall-mk16a\/#breadcrumb\",\"itemListElement\":[{\"@type\":\"ListItem\",\"position\":1,\"name\":\"Home\",\"item\":\"https:\/\/www.outdoors.ee\/et\/\"},{\"@type\":\"ListItem\",\"position\":2,\"name\":\"Tooted\",\"item\":\"https:\/\/www.outdoors.ee\/products\/\"},{\"@type\":\"ListItem\",\"position\":3,\"name\":\"Briti Armee kombinesoon AirCrew Coverall MK16A\"}]},{\"@type\":\"WebSite\",\"@id\":\"https:\/\/www.outdoors.ee\/#website\",\"url\":\"https:\/\/www.outdoors.ee\/\",\"name\":\"Outdoors\",\"description\":\"Genuine military surplus and not only!\",\"potentialAction\":[{\"@type\":\"SearchAction\",\"target\":{\"@type\":\"EntryPoint\",\"urlTemplate\":\"https:\/\/www.outdoors.ee\/?s={search_term_string}\"},\"query-input\":{\"@type\":\"PropertyValueSpecification\",\"valueRequired\":true,\"valueName\":\"search_term_string\"}}],\"inLanguage\":\"et\"}]}<\/script>\n<!-- \/ Yoast SEO plugin. -->","yoast_head_json":{"title":"Briti Armee kombinesoon AirCrew Coverall MK16A - Outdoors","robots":{"index":"index","follow":"follow","max-snippet":"max-snippet:-1","max-image-preview":"max-image-preview:large","max-video-preview":"max-video-preview:-1"},"canonical":"https:\/\/www.outdoors.ee\/et\/toode\/briti-armee-kombinesoon-aircrew-coverall-mk16a\/","og_locale":"et_EE","og_type":"article","og_title":"Briti Armee kombinesoon AirCrew Coverall MK16A - Outdoors","og_description":"Briti Armee kombinesoon\u00a0 AirCrew Coverall MK16A, roheline","og_url":"https:\/\/www.outdoors.ee\/et\/toode\/briti-armee-kombinesoon-aircrew-coverall-mk16a\/","og_site_name":"Outdoors","article_modified_time":"2025-07-30T07:29:49+00:00","og_image":[{"width":1000,"height":1200,"url":"https:\/\/www.outdoors.ee\/wp-content\/uploads\/2024\/04\/1122-British-Army-AirCrew-Coverall-MK16A-Sage-Green-1.jpg","type":"image\/jpeg"}],"twitter_card":"summary_large_image","twitter_misc":{"Est. reading time":"1 minut"},"schema":{"@context":"https:\/\/schema.org","@graph":[{"@type":"WebPage","@id":"https:\/\/www.outdoors.ee\/et\/toode\/briti-armee-kombinesoon-aircrew-coverall-mk16a\/","url":"https:\/\/www.outdoors.ee\/et\/toode\/briti-armee-kombinesoon-aircrew-coverall-mk16a\/","name":"Briti Armee kombinesoon AirCrew Coverall MK16A - Outdoors","isPartOf":{"@id":"https:\/\/www.outdoors.ee\/#website"},"primaryImageOfPage":{"@id":"https:\/\/www.outdoors.ee\/et\/toode\/briti-armee-kombinesoon-aircrew-coverall-mk16a\/#primaryimage"},"image":{"@id":"https:\/\/www.outdoors.ee\/et\/toode\/briti-armee-kombinesoon-aircrew-coverall-mk16a\/#primaryimage"},"thumbnailUrl":"https:\/\/www.outdoors.ee\/wp-content\/uploads\/2024\/04\/1122-British-Army-AirCrew-Coverall-MK16A-Sage-Green-1.jpg","datePublished":"2024-05-02T10:12:21+00:00","dateModified":"2025-07-30T07:29:49+00:00","breadcrumb":{"@id":"https:\/\/www.outdoors.ee\/et\/toode\/briti-armee-kombinesoon-aircrew-coverall-mk16a\/#breadcrumb"},"inLanguage":"et","potentialAction":[{"@type":"ReadAction","target":["https:\/\/www.outdoors.ee\/et\/toode\/briti-armee-kombinesoon-aircrew-coverall-mk16a\/"]}]},{"@type":"ImageObject","inLanguage":"et","@id":"https:\/\/www.outdoors.ee\/et\/toode\/briti-armee-kombinesoon-aircrew-coverall-mk16a\/#primaryimage","url":"https:\/\/www.outdoors.ee\/wp-content\/uploads\/2024\/04\/1122-British-Army-AirCrew-Coverall-MK16A-Sage-Green-1.jpg","contentUrl":"https:\/\/www.outdoors.ee\/wp-content\/uploads\/2024\/04\/1122-British-Army-AirCrew-Coverall-MK16A-Sage-Green-1.jpg","width":1000,"height":1200},{"@type":"BreadcrumbList","@id":"https:\/\/www.outdoors.ee\/et\/toode\/briti-armee-kombinesoon-aircrew-coverall-mk16a\/#breadcrumb","itemListElement":[{"@type":"ListItem","position":1,"name":"Home","item":"https:\/\/www.outdoors.ee\/et\/"},{"@type":"ListItem","position":2,"name":"Tooted","item":"https:\/\/www.outdoors.ee\/products\/"},{"@type":"ListItem","position":3,"name":"Briti Armee kombinesoon AirCrew Coverall MK16A"}]},{"@type":"WebSite","@id":"https:\/\/www.outdoors.ee\/#website","url":"https:\/\/www.outdoors.ee\/","name":"Outdoors","description":"Genuine military surplus and not only!","potentialAction":[{"@type":"SearchAction","target":{"@type":"EntryPoint","urlTemplate":"https:\/\/www.outdoors.ee\/?s={search_term_string}"},"query-input":{"@type":"PropertyValueSpecification","valueRequired":true,"valueName":"search_term_string"}}],"inLanguage":"et"}]}},"_links":{"self":[{"href":"https:\/\/www.outdoors.ee\/et\/wp-json\/wp\/v2\/product\/92726","targetHints":{"allow":["GET"]}}],"collection":[{"href":"https:\/\/www.outdoors.ee\/et\/wp-json\/wp\/v2\/product"}],"about":[{"href":"https:\/\/www.outdoors.ee\/et\/wp-json\/wp\/v2\/types\/product"}],"wp:featuredmedia":[{"embeddable":true,"href":"https:\/\/www.outdoors.ee\/et\/wp-json\/wp\/v2\/media\/92723"}],"wp:attachment":[{"href":"https:\/\/www.outdoors.ee\/et\/wp-json\/wp\/v2\/media?parent=92726"}],"wp:term":[{"taxonomy":"product_brand","embeddable":true,"href":"https:\/\/www.outdoors.ee\/et\/wp-json\/wp\/v2\/product_brand?post=92726"},{"taxonomy":"product_cat","embeddable":true,"href":"https:\/\/www.outdoors.ee\/et\/wp-json\/wp\/v2\/product_cat?post=92726"},{"taxonomy":"product_tag","embeddable":true,"href":"https:\/\/www.outdoors.ee\/et\/wp-json\/wp\/v2\/product_tag?post=92726"}],"curies":[{"name":"wp","href":"https:\/\/api.w.org\/{rel}","templated":true}]}}