{"id":92712,"date":"2024-06-12T16:38:16","date_gmt":"2024-06-12T13:38:35","guid":{"rendered":"https:\/\/www.outdoors.ee\/?post_type=product&#038;p=92712"},"modified":"2025-10-06T20:16:45","modified_gmt":"2025-10-06T17:16:45","slug":"bundeswehri-sokid-thick-merino-wool-socks-khaki","status":"publish","type":"product","link":"https:\/\/www.outdoors.ee\/et\/toode\/bundeswehri-sokid-thick-merino-wool-socks-khaki\/","title":{"rendered":"Bundeswehr\u00b4i sokid Thick Merino Wool Socks Khaki"},"content":{"rendered":"<p>Koostis: 64% Merino vill 36% pol\u00fcamiid<\/p>\n<p>Kaal ca 130g\/paar<\/p>\n<p><strong>Seisukord:<\/strong><\/p>\n<ul>\n<li>uued (ilma j\u00e4em\u00fc\u00fcgipakendita, v\u00f5ivad sisaldada hulgiladustamise j\u00e4lgi)<\/li>\n<li>uuev\u00e4\u00e4rsed (sisaldavad minimaalseid kulumisj\u00e4lgi)<\/li>\n<\/ul>\n","protected":false},"excerpt":{"rendered":"<p>Saksa Armee paksud villased p\u00f5lvesokid, kahki<\/p>\n","protected":false},"featured_media":92714,"template":"","meta":[],"product_brand":[],"product_cat":[197],"product_tag":[],"class_list":{"0":"post-92712","1":"product","2":"type-product","3":"status-publish","4":"has-post-thumbnail","6":"product_cat-sokid-saarised","7":"pa_brand-german-military-surplus","8":"pa_condition-uuevaarne","9":"pa_condition-uus","10":"pa_size-uk105-13-eu45-48-2","11":"pa_size-uk35-6-eu36-39-2","12":"pa_size-uk65-10-eu40-44-2","14":"first","15":"instock","16":"taxable","17":"shipping-taxable","18":"purchasable","19":"product-type-variable"},"yoast_head":"<!-- This site is optimized with the Yoast SEO plugin v27.2 - https:\/\/yoast.com\/product\/yoast-seo-wordpress\/ -->\n<title>Bundeswehr\u00b4i sokid Thick Merino Wool Socks Khaki - Outdoors<\/title>\n<meta name=\"robots\" content=\"index, follow, max-snippet:-1, max-image-preview:large, max-video-preview:-1\" \/>\n<link rel=\"canonical\" href=\"https:\/\/www.outdoors.ee\/et\/toode\/bundeswehri-sokid-thick-merino-wool-socks-khaki\/\" \/>\n<meta property=\"og:locale\" content=\"et_EE\" \/>\n<meta property=\"og:type\" content=\"article\" \/>\n<meta property=\"og:title\" content=\"Bundeswehr\u00b4i sokid Thick Merino Wool Socks Khaki - Outdoors\" \/>\n<meta property=\"og:description\" content=\"Saksa Armee paksud villased p\u00f5lvesokid, kahki\" \/>\n<meta property=\"og:url\" content=\"https:\/\/www.outdoors.ee\/et\/toode\/bundeswehri-sokid-thick-merino-wool-socks-khaki\/\" \/>\n<meta property=\"og:site_name\" content=\"Outdoors\" \/>\n<meta property=\"article:modified_time\" content=\"2025-10-06T17:16:45+00:00\" \/>\n<meta property=\"og:image\" content=\"https:\/\/www.outdoors.ee\/wp-content\/uploads\/2024\/04\/0952-Bundeswehr-Thick-Merino-Wool-Socks-Khaki.png\" \/>\n\t<meta property=\"og:image:width\" content=\"960\" \/>\n\t<meta property=\"og:image:height\" content=\"1280\" \/>\n\t<meta property=\"og:image:type\" content=\"image\/png\" \/>\n<meta name=\"twitter:card\" content=\"summary_large_image\" \/>\n<meta name=\"twitter:label1\" content=\"Est. reading time\" \/>\n\t<meta name=\"twitter:data1\" content=\"1 minut\" \/>\n<script type=\"application\/ld+json\" class=\"yoast-schema-graph\">{\"@context\":\"https:\/\/schema.org\",\"@graph\":[{\"@type\":\"WebPage\",\"@id\":\"https:\/\/www.outdoors.ee\/et\/toode\/bundeswehri-sokid-thick-merino-wool-socks-khaki\/\",\"url\":\"https:\/\/www.outdoors.ee\/et\/toode\/bundeswehri-sokid-thick-merino-wool-socks-khaki\/\",\"name\":\"Bundeswehr\u00b4i sokid Thick Merino Wool Socks Khaki - Outdoors\",\"isPartOf\":{\"@id\":\"https:\/\/www.outdoors.ee\/#website\"},\"primaryImageOfPage\":{\"@id\":\"https:\/\/www.outdoors.ee\/et\/toode\/bundeswehri-sokid-thick-merino-wool-socks-khaki\/#primaryimage\"},\"image\":{\"@id\":\"https:\/\/www.outdoors.ee\/et\/toode\/bundeswehri-sokid-thick-merino-wool-socks-khaki\/#primaryimage\"},\"thumbnailUrl\":\"https:\/\/www.outdoors.ee\/wp-content\/uploads\/2024\/04\/0952-Bundeswehr-Thick-Merino-Wool-Socks-Khaki.png\",\"datePublished\":\"2024-06-12T13:38:35+00:00\",\"dateModified\":\"2025-10-06T17:16:45+00:00\",\"breadcrumb\":{\"@id\":\"https:\/\/www.outdoors.ee\/et\/toode\/bundeswehri-sokid-thick-merino-wool-socks-khaki\/#breadcrumb\"},\"inLanguage\":\"et\",\"potentialAction\":[{\"@type\":\"ReadAction\",\"target\":[\"https:\/\/www.outdoors.ee\/et\/toode\/bundeswehri-sokid-thick-merino-wool-socks-khaki\/\"]}]},{\"@type\":\"ImageObject\",\"inLanguage\":\"et\",\"@id\":\"https:\/\/www.outdoors.ee\/et\/toode\/bundeswehri-sokid-thick-merino-wool-socks-khaki\/#primaryimage\",\"url\":\"https:\/\/www.outdoors.ee\/wp-content\/uploads\/2024\/04\/0952-Bundeswehr-Thick-Merino-Wool-Socks-Khaki.png\",\"contentUrl\":\"https:\/\/www.outdoors.ee\/wp-content\/uploads\/2024\/04\/0952-Bundeswehr-Thick-Merino-Wool-Socks-Khaki.png\",\"width\":960,\"height\":1280},{\"@type\":\"BreadcrumbList\",\"@id\":\"https:\/\/www.outdoors.ee\/et\/toode\/bundeswehri-sokid-thick-merino-wool-socks-khaki\/#breadcrumb\",\"itemListElement\":[{\"@type\":\"ListItem\",\"position\":1,\"name\":\"Home\",\"item\":\"https:\/\/www.outdoors.ee\/et\/\"},{\"@type\":\"ListItem\",\"position\":2,\"name\":\"Tooted\",\"item\":\"https:\/\/www.outdoors.ee\/products\/\"},{\"@type\":\"ListItem\",\"position\":3,\"name\":\"Bundeswehr\u00b4i sokid Thick Merino Wool Socks Khaki\"}]},{\"@type\":\"WebSite\",\"@id\":\"https:\/\/www.outdoors.ee\/#website\",\"url\":\"https:\/\/www.outdoors.ee\/\",\"name\":\"Outdoors\",\"description\":\"Genuine military surplus and not only!\",\"potentialAction\":[{\"@type\":\"SearchAction\",\"target\":{\"@type\":\"EntryPoint\",\"urlTemplate\":\"https:\/\/www.outdoors.ee\/?s={search_term_string}\"},\"query-input\":{\"@type\":\"PropertyValueSpecification\",\"valueRequired\":true,\"valueName\":\"search_term_string\"}}],\"inLanguage\":\"et\"}]}<\/script>\n<!-- \/ Yoast SEO plugin. -->","yoast_head_json":{"title":"Bundeswehr\u00b4i sokid Thick Merino Wool Socks Khaki - Outdoors","robots":{"index":"index","follow":"follow","max-snippet":"max-snippet:-1","max-image-preview":"max-image-preview:large","max-video-preview":"max-video-preview:-1"},"canonical":"https:\/\/www.outdoors.ee\/et\/toode\/bundeswehri-sokid-thick-merino-wool-socks-khaki\/","og_locale":"et_EE","og_type":"article","og_title":"Bundeswehr\u00b4i sokid Thick Merino Wool Socks Khaki - Outdoors","og_description":"Saksa Armee paksud villased p\u00f5lvesokid, kahki","og_url":"https:\/\/www.outdoors.ee\/et\/toode\/bundeswehri-sokid-thick-merino-wool-socks-khaki\/","og_site_name":"Outdoors","article_modified_time":"2025-10-06T17:16:45+00:00","og_image":[{"width":960,"height":1280,"url":"https:\/\/www.outdoors.ee\/wp-content\/uploads\/2024\/04\/0952-Bundeswehr-Thick-Merino-Wool-Socks-Khaki.png","type":"image\/png"}],"twitter_card":"summary_large_image","twitter_misc":{"Est. reading time":"1 minut"},"schema":{"@context":"https:\/\/schema.org","@graph":[{"@type":"WebPage","@id":"https:\/\/www.outdoors.ee\/et\/toode\/bundeswehri-sokid-thick-merino-wool-socks-khaki\/","url":"https:\/\/www.outdoors.ee\/et\/toode\/bundeswehri-sokid-thick-merino-wool-socks-khaki\/","name":"Bundeswehr\u00b4i sokid Thick Merino Wool Socks Khaki - Outdoors","isPartOf":{"@id":"https:\/\/www.outdoors.ee\/#website"},"primaryImageOfPage":{"@id":"https:\/\/www.outdoors.ee\/et\/toode\/bundeswehri-sokid-thick-merino-wool-socks-khaki\/#primaryimage"},"image":{"@id":"https:\/\/www.outdoors.ee\/et\/toode\/bundeswehri-sokid-thick-merino-wool-socks-khaki\/#primaryimage"},"thumbnailUrl":"https:\/\/www.outdoors.ee\/wp-content\/uploads\/2024\/04\/0952-Bundeswehr-Thick-Merino-Wool-Socks-Khaki.png","datePublished":"2024-06-12T13:38:35+00:00","dateModified":"2025-10-06T17:16:45+00:00","breadcrumb":{"@id":"https:\/\/www.outdoors.ee\/et\/toode\/bundeswehri-sokid-thick-merino-wool-socks-khaki\/#breadcrumb"},"inLanguage":"et","potentialAction":[{"@type":"ReadAction","target":["https:\/\/www.outdoors.ee\/et\/toode\/bundeswehri-sokid-thick-merino-wool-socks-khaki\/"]}]},{"@type":"ImageObject","inLanguage":"et","@id":"https:\/\/www.outdoors.ee\/et\/toode\/bundeswehri-sokid-thick-merino-wool-socks-khaki\/#primaryimage","url":"https:\/\/www.outdoors.ee\/wp-content\/uploads\/2024\/04\/0952-Bundeswehr-Thick-Merino-Wool-Socks-Khaki.png","contentUrl":"https:\/\/www.outdoors.ee\/wp-content\/uploads\/2024\/04\/0952-Bundeswehr-Thick-Merino-Wool-Socks-Khaki.png","width":960,"height":1280},{"@type":"BreadcrumbList","@id":"https:\/\/www.outdoors.ee\/et\/toode\/bundeswehri-sokid-thick-merino-wool-socks-khaki\/#breadcrumb","itemListElement":[{"@type":"ListItem","position":1,"name":"Home","item":"https:\/\/www.outdoors.ee\/et\/"},{"@type":"ListItem","position":2,"name":"Tooted","item":"https:\/\/www.outdoors.ee\/products\/"},{"@type":"ListItem","position":3,"name":"Bundeswehr\u00b4i sokid Thick Merino Wool Socks Khaki"}]},{"@type":"WebSite","@id":"https:\/\/www.outdoors.ee\/#website","url":"https:\/\/www.outdoors.ee\/","name":"Outdoors","description":"Genuine military surplus and not only!","potentialAction":[{"@type":"SearchAction","target":{"@type":"EntryPoint","urlTemplate":"https:\/\/www.outdoors.ee\/?s={search_term_string}"},"query-input":{"@type":"PropertyValueSpecification","valueRequired":true,"valueName":"search_term_string"}}],"inLanguage":"et"}]}},"_links":{"self":[{"href":"https:\/\/www.outdoors.ee\/et\/wp-json\/wp\/v2\/product\/92712","targetHints":{"allow":["GET"]}}],"collection":[{"href":"https:\/\/www.outdoors.ee\/et\/wp-json\/wp\/v2\/product"}],"about":[{"href":"https:\/\/www.outdoors.ee\/et\/wp-json\/wp\/v2\/types\/product"}],"wp:featuredmedia":[{"embeddable":true,"href":"https:\/\/www.outdoors.ee\/et\/wp-json\/wp\/v2\/media\/92714"}],"wp:attachment":[{"href":"https:\/\/www.outdoors.ee\/et\/wp-json\/wp\/v2\/media?parent=92712"}],"wp:term":[{"taxonomy":"product_brand","embeddable":true,"href":"https:\/\/www.outdoors.ee\/et\/wp-json\/wp\/v2\/product_brand?post=92712"},{"taxonomy":"product_cat","embeddable":true,"href":"https:\/\/www.outdoors.ee\/et\/wp-json\/wp\/v2\/product_cat?post=92712"},{"taxonomy":"product_tag","embeddable":true,"href":"https:\/\/www.outdoors.ee\/et\/wp-json\/wp\/v2\/product_tag?post=92712"}],"curies":[{"name":"wp","href":"https:\/\/api.w.org\/{rel}","templated":true}]}}