{"id":92538,"date":"2024-04-24T11:27:37","date_gmt":"2024-04-24T08:27:37","guid":{"rendered":"https:\/\/www.outdoors.ee\/?post_type=product&#038;p=92538"},"modified":"2024-07-06T21:21:19","modified_gmt":"2024-07-06T18:21:19","slug":"hollandi-armee-saasevork-olive","status":"publish","type":"product","link":"https:\/\/www.outdoors.ee\/et\/toode\/hollandi-armee-saasevork-olive\/","title":{"rendered":"Hollandi Armee s\u00e4\u00e4sev\u00f5rk Olive"},"content":{"rendered":"<p>H\u00f5lpsasti p\u00e4he t\u00f5mmatav ning mugav kanda. Kummipaelaga \u00fcmber kaela.<\/p>\n<p>\u00dcks suurus, sobib t\u00e4iskasvanule.<\/p>\n<p><strong>Seisukord:<\/strong> uuev\u00e4\u00e4rne, v\u00f5ib sisaldada minimaalseid kulumisj\u00e4lgi<\/p>\n","protected":false},"excerpt":{"rendered":"<p>Hollandi Armee s\u00e4\u00e4sev\u00f5rk, oliivroheline<\/p>\n","protected":false},"featured_media":92537,"template":"","meta":[],"product_brand":[],"product_cat":[128],"product_tag":[],"class_list":{"0":"post-92538","1":"product","2":"type-product","3":"status-publish","4":"has-post-thumbnail","6":"product_cat-peakatted","7":"pa_brand-dutch-military-surplus","9":"first","10":"outofstock","11":"taxable","12":"shipping-taxable","13":"purchasable","14":"product-type-simple"},"yoast_head":"<!-- This site is optimized with the Yoast SEO plugin v27.2 - https:\/\/yoast.com\/product\/yoast-seo-wordpress\/ -->\n<title>Hollandi Armee s\u00e4\u00e4sev\u00f5rk Olive - Outdoors<\/title>\n<meta name=\"robots\" content=\"index, follow, max-snippet:-1, max-image-preview:large, max-video-preview:-1\" \/>\n<link rel=\"canonical\" href=\"https:\/\/www.outdoors.ee\/et\/toode\/hollandi-armee-saasevork-olive\/\" \/>\n<meta property=\"og:locale\" content=\"et_EE\" \/>\n<meta property=\"og:type\" content=\"article\" \/>\n<meta property=\"og:title\" content=\"Hollandi Armee s\u00e4\u00e4sev\u00f5rk Olive - Outdoors\" \/>\n<meta property=\"og:description\" content=\"Hollandi Armee s\u00e4\u00e4sev\u00f5rk, oliivroheline\" \/>\n<meta property=\"og:url\" content=\"https:\/\/www.outdoors.ee\/et\/toode\/hollandi-armee-saasevork-olive\/\" \/>\n<meta property=\"og:site_name\" content=\"Outdoors\" \/>\n<meta property=\"article:modified_time\" content=\"2024-07-06T18:21:19+00:00\" \/>\n<meta property=\"og:image\" content=\"https:\/\/www.outdoors.ee\/wp-content\/uploads\/2024\/04\/1512-Dutch-Army-Mosquito-Head-Net-Olive.jpeg\" \/>\n\t<meta property=\"og:image:width\" content=\"650\" \/>\n\t<meta property=\"og:image:height\" content=\"950\" \/>\n\t<meta property=\"og:image:type\" content=\"image\/jpeg\" \/>\n<meta name=\"twitter:card\" content=\"summary_large_image\" \/>\n<script type=\"application\/ld+json\" class=\"yoast-schema-graph\">{\"@context\":\"https:\/\/schema.org\",\"@graph\":[{\"@type\":\"WebPage\",\"@id\":\"https:\/\/www.outdoors.ee\/et\/toode\/hollandi-armee-saasevork-olive\/\",\"url\":\"https:\/\/www.outdoors.ee\/et\/toode\/hollandi-armee-saasevork-olive\/\",\"name\":\"Hollandi Armee s\u00e4\u00e4sev\u00f5rk Olive - Outdoors\",\"isPartOf\":{\"@id\":\"https:\/\/www.outdoors.ee\/#website\"},\"primaryImageOfPage\":{\"@id\":\"https:\/\/www.outdoors.ee\/et\/toode\/hollandi-armee-saasevork-olive\/#primaryimage\"},\"image\":{\"@id\":\"https:\/\/www.outdoors.ee\/et\/toode\/hollandi-armee-saasevork-olive\/#primaryimage\"},\"thumbnailUrl\":\"https:\/\/www.outdoors.ee\/wp-content\/uploads\/2024\/04\/1512-Dutch-Army-Mosquito-Head-Net-Olive.jpeg\",\"datePublished\":\"2024-04-24T08:27:37+00:00\",\"dateModified\":\"2024-07-06T18:21:19+00:00\",\"breadcrumb\":{\"@id\":\"https:\/\/www.outdoors.ee\/et\/toode\/hollandi-armee-saasevork-olive\/#breadcrumb\"},\"inLanguage\":\"et\",\"potentialAction\":[{\"@type\":\"ReadAction\",\"target\":[\"https:\/\/www.outdoors.ee\/et\/toode\/hollandi-armee-saasevork-olive\/\"]}]},{\"@type\":\"ImageObject\",\"inLanguage\":\"et\",\"@id\":\"https:\/\/www.outdoors.ee\/et\/toode\/hollandi-armee-saasevork-olive\/#primaryimage\",\"url\":\"https:\/\/www.outdoors.ee\/wp-content\/uploads\/2024\/04\/1512-Dutch-Army-Mosquito-Head-Net-Olive.jpeg\",\"contentUrl\":\"https:\/\/www.outdoors.ee\/wp-content\/uploads\/2024\/04\/1512-Dutch-Army-Mosquito-Head-Net-Olive.jpeg\",\"width\":650,\"height\":950},{\"@type\":\"BreadcrumbList\",\"@id\":\"https:\/\/www.outdoors.ee\/et\/toode\/hollandi-armee-saasevork-olive\/#breadcrumb\",\"itemListElement\":[{\"@type\":\"ListItem\",\"position\":1,\"name\":\"Home\",\"item\":\"https:\/\/www.outdoors.ee\/et\/\"},{\"@type\":\"ListItem\",\"position\":2,\"name\":\"Tooted\",\"item\":\"https:\/\/www.outdoors.ee\/products\/\"},{\"@type\":\"ListItem\",\"position\":3,\"name\":\"Hollandi Armee s\u00e4\u00e4sev\u00f5rk Olive\"}]},{\"@type\":\"WebSite\",\"@id\":\"https:\/\/www.outdoors.ee\/#website\",\"url\":\"https:\/\/www.outdoors.ee\/\",\"name\":\"Outdoors\",\"description\":\"Genuine military surplus and not only!\",\"potentialAction\":[{\"@type\":\"SearchAction\",\"target\":{\"@type\":\"EntryPoint\",\"urlTemplate\":\"https:\/\/www.outdoors.ee\/?s={search_term_string}\"},\"query-input\":{\"@type\":\"PropertyValueSpecification\",\"valueRequired\":true,\"valueName\":\"search_term_string\"}}],\"inLanguage\":\"et\"}]}<\/script>\n<!-- \/ Yoast SEO plugin. -->","yoast_head_json":{"title":"Hollandi Armee s\u00e4\u00e4sev\u00f5rk Olive - Outdoors","robots":{"index":"index","follow":"follow","max-snippet":"max-snippet:-1","max-image-preview":"max-image-preview:large","max-video-preview":"max-video-preview:-1"},"canonical":"https:\/\/www.outdoors.ee\/et\/toode\/hollandi-armee-saasevork-olive\/","og_locale":"et_EE","og_type":"article","og_title":"Hollandi Armee s\u00e4\u00e4sev\u00f5rk Olive - Outdoors","og_description":"Hollandi Armee s\u00e4\u00e4sev\u00f5rk, oliivroheline","og_url":"https:\/\/www.outdoors.ee\/et\/toode\/hollandi-armee-saasevork-olive\/","og_site_name":"Outdoors","article_modified_time":"2024-07-06T18:21:19+00:00","og_image":[{"width":650,"height":950,"url":"https:\/\/www.outdoors.ee\/wp-content\/uploads\/2024\/04\/1512-Dutch-Army-Mosquito-Head-Net-Olive.jpeg","type":"image\/jpeg"}],"twitter_card":"summary_large_image","schema":{"@context":"https:\/\/schema.org","@graph":[{"@type":"WebPage","@id":"https:\/\/www.outdoors.ee\/et\/toode\/hollandi-armee-saasevork-olive\/","url":"https:\/\/www.outdoors.ee\/et\/toode\/hollandi-armee-saasevork-olive\/","name":"Hollandi Armee s\u00e4\u00e4sev\u00f5rk Olive - Outdoors","isPartOf":{"@id":"https:\/\/www.outdoors.ee\/#website"},"primaryImageOfPage":{"@id":"https:\/\/www.outdoors.ee\/et\/toode\/hollandi-armee-saasevork-olive\/#primaryimage"},"image":{"@id":"https:\/\/www.outdoors.ee\/et\/toode\/hollandi-armee-saasevork-olive\/#primaryimage"},"thumbnailUrl":"https:\/\/www.outdoors.ee\/wp-content\/uploads\/2024\/04\/1512-Dutch-Army-Mosquito-Head-Net-Olive.jpeg","datePublished":"2024-04-24T08:27:37+00:00","dateModified":"2024-07-06T18:21:19+00:00","breadcrumb":{"@id":"https:\/\/www.outdoors.ee\/et\/toode\/hollandi-armee-saasevork-olive\/#breadcrumb"},"inLanguage":"et","potentialAction":[{"@type":"ReadAction","target":["https:\/\/www.outdoors.ee\/et\/toode\/hollandi-armee-saasevork-olive\/"]}]},{"@type":"ImageObject","inLanguage":"et","@id":"https:\/\/www.outdoors.ee\/et\/toode\/hollandi-armee-saasevork-olive\/#primaryimage","url":"https:\/\/www.outdoors.ee\/wp-content\/uploads\/2024\/04\/1512-Dutch-Army-Mosquito-Head-Net-Olive.jpeg","contentUrl":"https:\/\/www.outdoors.ee\/wp-content\/uploads\/2024\/04\/1512-Dutch-Army-Mosquito-Head-Net-Olive.jpeg","width":650,"height":950},{"@type":"BreadcrumbList","@id":"https:\/\/www.outdoors.ee\/et\/toode\/hollandi-armee-saasevork-olive\/#breadcrumb","itemListElement":[{"@type":"ListItem","position":1,"name":"Home","item":"https:\/\/www.outdoors.ee\/et\/"},{"@type":"ListItem","position":2,"name":"Tooted","item":"https:\/\/www.outdoors.ee\/products\/"},{"@type":"ListItem","position":3,"name":"Hollandi Armee s\u00e4\u00e4sev\u00f5rk Olive"}]},{"@type":"WebSite","@id":"https:\/\/www.outdoors.ee\/#website","url":"https:\/\/www.outdoors.ee\/","name":"Outdoors","description":"Genuine military surplus and not only!","potentialAction":[{"@type":"SearchAction","target":{"@type":"EntryPoint","urlTemplate":"https:\/\/www.outdoors.ee\/?s={search_term_string}"},"query-input":{"@type":"PropertyValueSpecification","valueRequired":true,"valueName":"search_term_string"}}],"inLanguage":"et"}]}},"_links":{"self":[{"href":"https:\/\/www.outdoors.ee\/et\/wp-json\/wp\/v2\/product\/92538","targetHints":{"allow":["GET"]}}],"collection":[{"href":"https:\/\/www.outdoors.ee\/et\/wp-json\/wp\/v2\/product"}],"about":[{"href":"https:\/\/www.outdoors.ee\/et\/wp-json\/wp\/v2\/types\/product"}],"wp:featuredmedia":[{"embeddable":true,"href":"https:\/\/www.outdoors.ee\/et\/wp-json\/wp\/v2\/media\/92537"}],"wp:attachment":[{"href":"https:\/\/www.outdoors.ee\/et\/wp-json\/wp\/v2\/media?parent=92538"}],"wp:term":[{"taxonomy":"product_brand","embeddable":true,"href":"https:\/\/www.outdoors.ee\/et\/wp-json\/wp\/v2\/product_brand?post=92538"},{"taxonomy":"product_cat","embeddable":true,"href":"https:\/\/www.outdoors.ee\/et\/wp-json\/wp\/v2\/product_cat?post=92538"},{"taxonomy":"product_tag","embeddable":true,"href":"https:\/\/www.outdoors.ee\/et\/wp-json\/wp\/v2\/product_tag?post=92538"}],"curies":[{"name":"wp","href":"https:\/\/api.w.org\/{rel}","templated":true}]}}