{"id":92242,"date":"2024-04-14T18:09:44","date_gmt":"2024-04-14T15:09:44","guid":{"rendered":"https:\/\/www.outdoors.ee\/?post_type=product&#038;p=92242"},"modified":"2025-11-06T12:02:16","modified_gmt":"2025-11-06T10:02:16","slug":"lowe-alpine-muts-classic-mountain-cap","status":"publish","type":"product","link":"https:\/\/www.outdoors.ee\/et\/toode\/lowe-alpine-muts-classic-mountain-cap\/","title":{"rendered":"Lowe Alpine m\u00fcts Classic Mountain Cap"},"content":{"rendered":"<p><strong>Omadused:<\/strong><\/p>\n<ul>\n<li>Hollandi s\u00f5jav\u00e4e originaal<\/li>\n<li>Triplepoint 2-kihiline niiskusekindel kangas<\/li>\n<li>teibitud pealiskihi \u00f5mblused<\/li>\n<li>Aleutian fliisist sisevooder<\/li>\n<li>takjapaela ribaga reguleeritav suurus<\/li>\n<li>vormitud k\u00f5rvakaitsmed<\/li>\n<li>painduva traadiga ning trukiga nokats<\/li>\n<\/ul>\n<p><strong>Seisukord:<\/strong><\/p>\n<ul>\n<li>uus (ilma j\u00e4em\u00fc\u00fcgipakendita, v\u00f5ib sisaldada hulgiladustamise j\u00e4lgi ja kirjasid sildil)<\/li>\n<li>uuev\u00e4\u00e4rne (sisaldab minimaalseid kulumisj\u00e4lgi)<\/li>\n<\/ul>\n","protected":false},"excerpt":{"rendered":"<p>Hollandi Armee m\u00fcts Lowe Alpine\u00ae Classic Mountain Cap, must<\/p>\n","protected":false},"featured_media":92241,"template":"","meta":[],"product_brand":[],"product_cat":[128],"product_tag":[],"class_list":{"0":"post-92242","1":"product","2":"type-product","3":"status-publish","4":"has-post-thumbnail","6":"product_cat-peakatted","7":"pa_brand-dutch-military-surplus","8":"pa_brand-lowe-alpine-2","9":"pa_condition-uuevaarne","10":"pa_condition-uus","11":"pa_size-l-2","12":"pa_size-m-2","13":"pa_size-s-2","14":"pa_size-xl-2","16":"first","17":"instock","18":"taxable","19":"shipping-taxable","20":"purchasable","21":"product-type-variable"},"yoast_head":"<!-- This site is optimized with the Yoast SEO plugin v27.2 - https:\/\/yoast.com\/product\/yoast-seo-wordpress\/ -->\n<title>Lowe Alpine m\u00fcts Classic Mountain Cap - Outdoors<\/title>\n<meta name=\"robots\" content=\"index, follow, max-snippet:-1, max-image-preview:large, max-video-preview:-1\" \/>\n<link rel=\"canonical\" href=\"https:\/\/www.outdoors.ee\/et\/toode\/lowe-alpine-muts-classic-mountain-cap\/\" \/>\n<meta property=\"og:locale\" content=\"et_EE\" \/>\n<meta property=\"og:type\" content=\"article\" \/>\n<meta property=\"og:title\" content=\"Lowe Alpine m\u00fcts Classic Mountain Cap - Outdoors\" \/>\n<meta property=\"og:description\" content=\"Hollandi Armee m\u00fcts Lowe Alpine\u00ae Classic Mountain Cap, must\" \/>\n<meta property=\"og:url\" content=\"https:\/\/www.outdoors.ee\/et\/toode\/lowe-alpine-muts-classic-mountain-cap\/\" \/>\n<meta property=\"og:site_name\" content=\"Outdoors\" \/>\n<meta property=\"article:modified_time\" content=\"2025-11-06T10:02:16+00:00\" \/>\n<meta property=\"og:image\" content=\"https:\/\/www.outdoors.ee\/wp-content\/uploads\/2024\/04\/1594-Dutch-Army-Lowe-Alpine\u00ae-Classic-Mountain-Cap-Black.png\" \/>\n\t<meta property=\"og:image:width\" content=\"800\" \/>\n\t<meta property=\"og:image:height\" content=\"850\" \/>\n\t<meta property=\"og:image:type\" content=\"image\/png\" \/>\n<meta name=\"twitter:card\" content=\"summary_large_image\" \/>\n<meta name=\"twitter:label1\" content=\"Est. reading time\" \/>\n\t<meta name=\"twitter:data1\" content=\"1 minut\" \/>\n<script type=\"application\/ld+json\" class=\"yoast-schema-graph\">{\"@context\":\"https:\/\/schema.org\",\"@graph\":[{\"@type\":\"WebPage\",\"@id\":\"https:\/\/www.outdoors.ee\/et\/toode\/lowe-alpine-muts-classic-mountain-cap\/\",\"url\":\"https:\/\/www.outdoors.ee\/et\/toode\/lowe-alpine-muts-classic-mountain-cap\/\",\"name\":\"Lowe Alpine m\u00fcts Classic Mountain Cap - Outdoors\",\"isPartOf\":{\"@id\":\"https:\/\/www.outdoors.ee\/#website\"},\"primaryImageOfPage\":{\"@id\":\"https:\/\/www.outdoors.ee\/et\/toode\/lowe-alpine-muts-classic-mountain-cap\/#primaryimage\"},\"image\":{\"@id\":\"https:\/\/www.outdoors.ee\/et\/toode\/lowe-alpine-muts-classic-mountain-cap\/#primaryimage\"},\"thumbnailUrl\":\"https:\/\/www.outdoors.ee\/wp-content\/uploads\/2024\/04\/1594-Dutch-Army-Lowe-Alpine\u00ae-Classic-Mountain-Cap-Black.png\",\"datePublished\":\"2024-04-14T15:09:44+00:00\",\"dateModified\":\"2025-11-06T10:02:16+00:00\",\"breadcrumb\":{\"@id\":\"https:\/\/www.outdoors.ee\/et\/toode\/lowe-alpine-muts-classic-mountain-cap\/#breadcrumb\"},\"inLanguage\":\"et\",\"potentialAction\":[{\"@type\":\"ReadAction\",\"target\":[\"https:\/\/www.outdoors.ee\/et\/toode\/lowe-alpine-muts-classic-mountain-cap\/\"]}]},{\"@type\":\"ImageObject\",\"inLanguage\":\"et\",\"@id\":\"https:\/\/www.outdoors.ee\/et\/toode\/lowe-alpine-muts-classic-mountain-cap\/#primaryimage\",\"url\":\"https:\/\/www.outdoors.ee\/wp-content\/uploads\/2024\/04\/1594-Dutch-Army-Lowe-Alpine\u00ae-Classic-Mountain-Cap-Black.png\",\"contentUrl\":\"https:\/\/www.outdoors.ee\/wp-content\/uploads\/2024\/04\/1594-Dutch-Army-Lowe-Alpine\u00ae-Classic-Mountain-Cap-Black.png\",\"width\":800,\"height\":850},{\"@type\":\"BreadcrumbList\",\"@id\":\"https:\/\/www.outdoors.ee\/et\/toode\/lowe-alpine-muts-classic-mountain-cap\/#breadcrumb\",\"itemListElement\":[{\"@type\":\"ListItem\",\"position\":1,\"name\":\"Home\",\"item\":\"https:\/\/www.outdoors.ee\/et\/\"},{\"@type\":\"ListItem\",\"position\":2,\"name\":\"Tooted\",\"item\":\"https:\/\/www.outdoors.ee\/products\/\"},{\"@type\":\"ListItem\",\"position\":3,\"name\":\"Lowe Alpine m\u00fcts Classic Mountain Cap\"}]},{\"@type\":\"WebSite\",\"@id\":\"https:\/\/www.outdoors.ee\/#website\",\"url\":\"https:\/\/www.outdoors.ee\/\",\"name\":\"Outdoors\",\"description\":\"Genuine military surplus and not only!\",\"potentialAction\":[{\"@type\":\"SearchAction\",\"target\":{\"@type\":\"EntryPoint\",\"urlTemplate\":\"https:\/\/www.outdoors.ee\/?s={search_term_string}\"},\"query-input\":{\"@type\":\"PropertyValueSpecification\",\"valueRequired\":true,\"valueName\":\"search_term_string\"}}],\"inLanguage\":\"et\"}]}<\/script>\n<!-- \/ Yoast SEO plugin. -->","yoast_head_json":{"title":"Lowe Alpine m\u00fcts Classic Mountain Cap - Outdoors","robots":{"index":"index","follow":"follow","max-snippet":"max-snippet:-1","max-image-preview":"max-image-preview:large","max-video-preview":"max-video-preview:-1"},"canonical":"https:\/\/www.outdoors.ee\/et\/toode\/lowe-alpine-muts-classic-mountain-cap\/","og_locale":"et_EE","og_type":"article","og_title":"Lowe Alpine m\u00fcts Classic Mountain Cap - Outdoors","og_description":"Hollandi Armee m\u00fcts Lowe Alpine\u00ae Classic Mountain Cap, must","og_url":"https:\/\/www.outdoors.ee\/et\/toode\/lowe-alpine-muts-classic-mountain-cap\/","og_site_name":"Outdoors","article_modified_time":"2025-11-06T10:02:16+00:00","og_image":[{"width":800,"height":850,"url":"https:\/\/www.outdoors.ee\/wp-content\/uploads\/2024\/04\/1594-Dutch-Army-Lowe-Alpine\u00ae-Classic-Mountain-Cap-Black.png","type":"image\/png"}],"twitter_card":"summary_large_image","twitter_misc":{"Est. reading time":"1 minut"},"schema":{"@context":"https:\/\/schema.org","@graph":[{"@type":"WebPage","@id":"https:\/\/www.outdoors.ee\/et\/toode\/lowe-alpine-muts-classic-mountain-cap\/","url":"https:\/\/www.outdoors.ee\/et\/toode\/lowe-alpine-muts-classic-mountain-cap\/","name":"Lowe Alpine m\u00fcts Classic Mountain Cap - Outdoors","isPartOf":{"@id":"https:\/\/www.outdoors.ee\/#website"},"primaryImageOfPage":{"@id":"https:\/\/www.outdoors.ee\/et\/toode\/lowe-alpine-muts-classic-mountain-cap\/#primaryimage"},"image":{"@id":"https:\/\/www.outdoors.ee\/et\/toode\/lowe-alpine-muts-classic-mountain-cap\/#primaryimage"},"thumbnailUrl":"https:\/\/www.outdoors.ee\/wp-content\/uploads\/2024\/04\/1594-Dutch-Army-Lowe-Alpine\u00ae-Classic-Mountain-Cap-Black.png","datePublished":"2024-04-14T15:09:44+00:00","dateModified":"2025-11-06T10:02:16+00:00","breadcrumb":{"@id":"https:\/\/www.outdoors.ee\/et\/toode\/lowe-alpine-muts-classic-mountain-cap\/#breadcrumb"},"inLanguage":"et","potentialAction":[{"@type":"ReadAction","target":["https:\/\/www.outdoors.ee\/et\/toode\/lowe-alpine-muts-classic-mountain-cap\/"]}]},{"@type":"ImageObject","inLanguage":"et","@id":"https:\/\/www.outdoors.ee\/et\/toode\/lowe-alpine-muts-classic-mountain-cap\/#primaryimage","url":"https:\/\/www.outdoors.ee\/wp-content\/uploads\/2024\/04\/1594-Dutch-Army-Lowe-Alpine\u00ae-Classic-Mountain-Cap-Black.png","contentUrl":"https:\/\/www.outdoors.ee\/wp-content\/uploads\/2024\/04\/1594-Dutch-Army-Lowe-Alpine\u00ae-Classic-Mountain-Cap-Black.png","width":800,"height":850},{"@type":"BreadcrumbList","@id":"https:\/\/www.outdoors.ee\/et\/toode\/lowe-alpine-muts-classic-mountain-cap\/#breadcrumb","itemListElement":[{"@type":"ListItem","position":1,"name":"Home","item":"https:\/\/www.outdoors.ee\/et\/"},{"@type":"ListItem","position":2,"name":"Tooted","item":"https:\/\/www.outdoors.ee\/products\/"},{"@type":"ListItem","position":3,"name":"Lowe Alpine m\u00fcts Classic Mountain Cap"}]},{"@type":"WebSite","@id":"https:\/\/www.outdoors.ee\/#website","url":"https:\/\/www.outdoors.ee\/","name":"Outdoors","description":"Genuine military surplus and not only!","potentialAction":[{"@type":"SearchAction","target":{"@type":"EntryPoint","urlTemplate":"https:\/\/www.outdoors.ee\/?s={search_term_string}"},"query-input":{"@type":"PropertyValueSpecification","valueRequired":true,"valueName":"search_term_string"}}],"inLanguage":"et"}]}},"_links":{"self":[{"href":"https:\/\/www.outdoors.ee\/et\/wp-json\/wp\/v2\/product\/92242","targetHints":{"allow":["GET"]}}],"collection":[{"href":"https:\/\/www.outdoors.ee\/et\/wp-json\/wp\/v2\/product"}],"about":[{"href":"https:\/\/www.outdoors.ee\/et\/wp-json\/wp\/v2\/types\/product"}],"wp:featuredmedia":[{"embeddable":true,"href":"https:\/\/www.outdoors.ee\/et\/wp-json\/wp\/v2\/media\/92241"}],"wp:attachment":[{"href":"https:\/\/www.outdoors.ee\/et\/wp-json\/wp\/v2\/media?parent=92242"}],"wp:term":[{"taxonomy":"product_brand","embeddable":true,"href":"https:\/\/www.outdoors.ee\/et\/wp-json\/wp\/v2\/product_brand?post=92242"},{"taxonomy":"product_cat","embeddable":true,"href":"https:\/\/www.outdoors.ee\/et\/wp-json\/wp\/v2\/product_cat?post=92242"},{"taxonomy":"product_tag","embeddable":true,"href":"https:\/\/www.outdoors.ee\/et\/wp-json\/wp\/v2\/product_tag?post=92242"}],"curies":[{"name":"wp","href":"https:\/\/api.w.org\/{rel}","templated":true}]}}