{"id":92147,"date":"2024-04-10T09:07:36","date_gmt":"2024-04-10T06:07:36","guid":{"rendered":"https:\/\/www.outdoors.ee\/products\/berghaus-crusader-9020-mmps-seljakott-2\/"},"modified":"2025-09-03T15:31:04","modified_gmt":"2025-09-03T12:31:04","slug":"berghaus-crusader-9020-mmps-seljakott-coyote","status":"publish","type":"product","link":"https:\/\/www.outdoors.ee\/et\/toode\/berghaus-crusader-9020-mmps-seljakott-coyote\/","title":{"rendered":"Berghaus\u00ae Crusader 90+20 MMPS seljakott Coyote"},"content":{"rendered":"<p style=\"text-align: justify;\">Berghaus Crusader 90+20L MMPS (Multi Mission Pack System) seljakott Hollandi s\u00f5jav\u00e4e laovarudest. Toodetud vastupidavast tekstureeritud nailonist.<\/p>\n<p style=\"text-align: justify;\"><strong>Omadused:<\/strong><\/p>\n<ul style=\"text-align: justify;\">\n<li>kerge ja tugev alumiiniumsulamist seljaraam<\/li>\n<li>reguleeritava k\u00f5rgusega pealmine kaas \u00fche v\u00e4limise ning \u00fche sisemise taskuga<\/li>\n<li>l\u00e4bipaistev ID tasku<\/li>\n<li>ligip\u00e4\u00e4s peasahtlisse nii pealt kui alt (t\u00f5mbluku abil)<\/li>\n<li>eemaldatavad k\u00fcljetaskud, mis koos moodustavad v\u00e4iksema 20L seljakoti<\/li>\n<li>MOLLE paneelid lisavarustuse kinnitamiseks esipaneelil (Molle kinnitused v\u00f5ivad olla kas helerohelist v\u00f5i musta v\u00e4rvi)<\/li>\n<li>reguleeritava pikkusega kompressioonirihmad seljakoti p\u00f5hjas<\/li>\n<li>pehmendatud puusarihm Berghaus klambriga<\/li>\n<li>reguleeritava pikkusega rinnarihm kiirvabastusklambriga<\/li>\n<li>ergonoomiliselt kujundatud, pehmendatud, reguleeritava pikkusega \u00f5larihmad<\/li>\n<li>klambritega kinnituskohad seljakoti k\u00fclgedel ning k\u00fcljetaskutel<\/li>\n<li>M\u00f5\u00f5dud: ca 88 x 57 x 33cm<\/li>\n<li>Kaal\u00a0ca 3kg<\/li>\n<\/ul>\n<p style=\"text-align: justify;\"><strong>Seljaosa pikkus:<\/strong><\/p>\n<ul style=\"text-align: justify;\">\n<li>1 (kasvule 153-165cm)<\/li>\n<li>2 (kasvule 160-173cm)<\/li>\n<li>3 (kasvule 170-183cm)<\/li>\n<li>4 (kasvule\u00a0183-198cm)<\/li>\n<\/ul>\n<p style=\"text-align: justify;\"><strong>Seisukord:<\/strong><\/p>\n<ul>\n<li style=\"text-align: justify;\">uus (ilma originaalpakendita, v\u00f5ib sisaldada hulgiladustamise j\u00e4lgi)<\/li>\n<li style=\"text-align: justify;\">uuev\u00e4\u00e4rne (sisaldab kergeid kulumisj\u00e4lgi ja v\u00f5ib olla veidi m\u00e4\u00e4rdunud)<\/li>\n<li style=\"text-align: justify;\">kasutatud, Grade 1 (sisaldab m\u00f5\u00f5dukaid kulumisj\u00e4lgi, v\u00f5ib olla kergelt m\u00e4\u00e4rdunud ning sisaldada v\u00e4iksemaid vigastusi, k\u00fcljetaskutel paiknevad kinnitusrihmad v\u00f5ivad puududa)<\/li>\n<\/ul>\n<p><strong>NB! Kasutatud seljakotidel v\u00f5ivad puududa k\u00fcljetaskute \u00f5larihmad<\/strong><\/p>\n","protected":false},"excerpt":{"rendered":"<p>Hollandi armee seljakott Berghaus\u00ae Crusader 90+20 MMPS, coyote pruun<\/p>\n","protected":false},"featured_media":92165,"template":"","meta":[],"product_brand":[],"product_cat":[3539],"product_tag":[],"class_list":{"0":"post-92147","1":"product","2":"type-product","3":"status-publish","4":"has-post-thumbnail","6":"product_cat-seljakotid","7":"pa_brand-berghaus-2","8":"pa_brand-dutch-military-surplus","9":"pa_condition-kasutatud-grade-1","10":"pa_condition-uuevaarne","11":"pa_size-1-2","12":"pa_size-2-2","13":"pa_size-3-2","14":"pa_size-4-2","16":"first","17":"outofstock","18":"taxable","19":"shipping-taxable","20":"product-type-variable"},"yoast_head":"<!-- This site is optimized with the Yoast SEO plugin v27.2 - https:\/\/yoast.com\/product\/yoast-seo-wordpress\/ -->\n<title>Berghaus\u00ae Crusader 90+20 MMPS seljakott Coyote - Outdoors<\/title>\n<meta name=\"robots\" content=\"index, follow, max-snippet:-1, max-image-preview:large, max-video-preview:-1\" \/>\n<link rel=\"canonical\" href=\"https:\/\/www.outdoors.ee\/et\/toode\/berghaus-crusader-9020-mmps-seljakott-coyote\/\" \/>\n<meta property=\"og:locale\" content=\"et_EE\" \/>\n<meta property=\"og:type\" content=\"article\" \/>\n<meta property=\"og:title\" content=\"Berghaus\u00ae Crusader 90+20 MMPS seljakott Coyote - Outdoors\" \/>\n<meta property=\"og:description\" content=\"Hollandi armee seljakott Berghaus\u00ae Crusader 90+20 MMPS, coyote pruun\" \/>\n<meta property=\"og:url\" content=\"https:\/\/www.outdoors.ee\/et\/toode\/berghaus-crusader-9020-mmps-seljakott-coyote\/\" \/>\n<meta property=\"og:site_name\" content=\"Outdoors\" \/>\n<meta property=\"article:modified_time\" content=\"2025-09-03T12:31:04+00:00\" \/>\n<meta property=\"og:image\" content=\"https:\/\/www.outdoors.ee\/wp-content\/uploads\/2024\/04\/2538-BERGHAUS-Crusader-9020-MMPS-Rucksack-Coyote-1.png\" \/>\n\t<meta property=\"og:image:width\" content=\"1050\" \/>\n\t<meta property=\"og:image:height\" content=\"1270\" \/>\n\t<meta property=\"og:image:type\" content=\"image\/png\" \/>\n<meta name=\"twitter:card\" content=\"summary_large_image\" \/>\n<meta name=\"twitter:label1\" content=\"Est. reading time\" \/>\n\t<meta name=\"twitter:data1\" content=\"1 minut\" \/>\n<script type=\"application\/ld+json\" class=\"yoast-schema-graph\">{\"@context\":\"https:\/\/schema.org\",\"@graph\":[{\"@type\":\"WebPage\",\"@id\":\"https:\/\/www.outdoors.ee\/et\/toode\/berghaus-crusader-9020-mmps-seljakott-coyote\/\",\"url\":\"https:\/\/www.outdoors.ee\/et\/toode\/berghaus-crusader-9020-mmps-seljakott-coyote\/\",\"name\":\"Berghaus\u00ae Crusader 90+20 MMPS seljakott Coyote - Outdoors\",\"isPartOf\":{\"@id\":\"https:\/\/www.outdoors.ee\/#website\"},\"primaryImageOfPage\":{\"@id\":\"https:\/\/www.outdoors.ee\/et\/toode\/berghaus-crusader-9020-mmps-seljakott-coyote\/#primaryimage\"},\"image\":{\"@id\":\"https:\/\/www.outdoors.ee\/et\/toode\/berghaus-crusader-9020-mmps-seljakott-coyote\/#primaryimage\"},\"thumbnailUrl\":\"https:\/\/www.outdoors.ee\/wp-content\/uploads\/2024\/04\/2538-BERGHAUS-Crusader-9020-MMPS-Rucksack-Coyote-1.png\",\"datePublished\":\"2024-04-10T06:07:36+00:00\",\"dateModified\":\"2025-09-03T12:31:04+00:00\",\"breadcrumb\":{\"@id\":\"https:\/\/www.outdoors.ee\/et\/toode\/berghaus-crusader-9020-mmps-seljakott-coyote\/#breadcrumb\"},\"inLanguage\":\"et\",\"potentialAction\":[{\"@type\":\"ReadAction\",\"target\":[\"https:\/\/www.outdoors.ee\/et\/toode\/berghaus-crusader-9020-mmps-seljakott-coyote\/\"]}]},{\"@type\":\"ImageObject\",\"inLanguage\":\"et\",\"@id\":\"https:\/\/www.outdoors.ee\/et\/toode\/berghaus-crusader-9020-mmps-seljakott-coyote\/#primaryimage\",\"url\":\"https:\/\/www.outdoors.ee\/wp-content\/uploads\/2024\/04\/2538-BERGHAUS-Crusader-9020-MMPS-Rucksack-Coyote-1.png\",\"contentUrl\":\"https:\/\/www.outdoors.ee\/wp-content\/uploads\/2024\/04\/2538-BERGHAUS-Crusader-9020-MMPS-Rucksack-Coyote-1.png\",\"width\":1050,\"height\":1270},{\"@type\":\"BreadcrumbList\",\"@id\":\"https:\/\/www.outdoors.ee\/et\/toode\/berghaus-crusader-9020-mmps-seljakott-coyote\/#breadcrumb\",\"itemListElement\":[{\"@type\":\"ListItem\",\"position\":1,\"name\":\"Home\",\"item\":\"https:\/\/www.outdoors.ee\/et\/\"},{\"@type\":\"ListItem\",\"position\":2,\"name\":\"Tooted\",\"item\":\"https:\/\/www.outdoors.ee\/products\/\"},{\"@type\":\"ListItem\",\"position\":3,\"name\":\"Berghaus\u00ae Crusader 90+20 MMPS seljakott Coyote\"}]},{\"@type\":\"WebSite\",\"@id\":\"https:\/\/www.outdoors.ee\/#website\",\"url\":\"https:\/\/www.outdoors.ee\/\",\"name\":\"Outdoors\",\"description\":\"Genuine military surplus and not only!\",\"potentialAction\":[{\"@type\":\"SearchAction\",\"target\":{\"@type\":\"EntryPoint\",\"urlTemplate\":\"https:\/\/www.outdoors.ee\/?s={search_term_string}\"},\"query-input\":{\"@type\":\"PropertyValueSpecification\",\"valueRequired\":true,\"valueName\":\"search_term_string\"}}],\"inLanguage\":\"et\"}]}<\/script>\n<!-- \/ Yoast SEO plugin. -->","yoast_head_json":{"title":"Berghaus\u00ae Crusader 90+20 MMPS seljakott Coyote - Outdoors","robots":{"index":"index","follow":"follow","max-snippet":"max-snippet:-1","max-image-preview":"max-image-preview:large","max-video-preview":"max-video-preview:-1"},"canonical":"https:\/\/www.outdoors.ee\/et\/toode\/berghaus-crusader-9020-mmps-seljakott-coyote\/","og_locale":"et_EE","og_type":"article","og_title":"Berghaus\u00ae Crusader 90+20 MMPS seljakott Coyote - Outdoors","og_description":"Hollandi armee seljakott Berghaus\u00ae Crusader 90+20 MMPS, coyote pruun","og_url":"https:\/\/www.outdoors.ee\/et\/toode\/berghaus-crusader-9020-mmps-seljakott-coyote\/","og_site_name":"Outdoors","article_modified_time":"2025-09-03T12:31:04+00:00","og_image":[{"width":1050,"height":1270,"url":"https:\/\/www.outdoors.ee\/wp-content\/uploads\/2024\/04\/2538-BERGHAUS-Crusader-9020-MMPS-Rucksack-Coyote-1.png","type":"image\/png"}],"twitter_card":"summary_large_image","twitter_misc":{"Est. reading time":"1 minut"},"schema":{"@context":"https:\/\/schema.org","@graph":[{"@type":"WebPage","@id":"https:\/\/www.outdoors.ee\/et\/toode\/berghaus-crusader-9020-mmps-seljakott-coyote\/","url":"https:\/\/www.outdoors.ee\/et\/toode\/berghaus-crusader-9020-mmps-seljakott-coyote\/","name":"Berghaus\u00ae Crusader 90+20 MMPS seljakott Coyote - Outdoors","isPartOf":{"@id":"https:\/\/www.outdoors.ee\/#website"},"primaryImageOfPage":{"@id":"https:\/\/www.outdoors.ee\/et\/toode\/berghaus-crusader-9020-mmps-seljakott-coyote\/#primaryimage"},"image":{"@id":"https:\/\/www.outdoors.ee\/et\/toode\/berghaus-crusader-9020-mmps-seljakott-coyote\/#primaryimage"},"thumbnailUrl":"https:\/\/www.outdoors.ee\/wp-content\/uploads\/2024\/04\/2538-BERGHAUS-Crusader-9020-MMPS-Rucksack-Coyote-1.png","datePublished":"2024-04-10T06:07:36+00:00","dateModified":"2025-09-03T12:31:04+00:00","breadcrumb":{"@id":"https:\/\/www.outdoors.ee\/et\/toode\/berghaus-crusader-9020-mmps-seljakott-coyote\/#breadcrumb"},"inLanguage":"et","potentialAction":[{"@type":"ReadAction","target":["https:\/\/www.outdoors.ee\/et\/toode\/berghaus-crusader-9020-mmps-seljakott-coyote\/"]}]},{"@type":"ImageObject","inLanguage":"et","@id":"https:\/\/www.outdoors.ee\/et\/toode\/berghaus-crusader-9020-mmps-seljakott-coyote\/#primaryimage","url":"https:\/\/www.outdoors.ee\/wp-content\/uploads\/2024\/04\/2538-BERGHAUS-Crusader-9020-MMPS-Rucksack-Coyote-1.png","contentUrl":"https:\/\/www.outdoors.ee\/wp-content\/uploads\/2024\/04\/2538-BERGHAUS-Crusader-9020-MMPS-Rucksack-Coyote-1.png","width":1050,"height":1270},{"@type":"BreadcrumbList","@id":"https:\/\/www.outdoors.ee\/et\/toode\/berghaus-crusader-9020-mmps-seljakott-coyote\/#breadcrumb","itemListElement":[{"@type":"ListItem","position":1,"name":"Home","item":"https:\/\/www.outdoors.ee\/et\/"},{"@type":"ListItem","position":2,"name":"Tooted","item":"https:\/\/www.outdoors.ee\/products\/"},{"@type":"ListItem","position":3,"name":"Berghaus\u00ae Crusader 90+20 MMPS seljakott Coyote"}]},{"@type":"WebSite","@id":"https:\/\/www.outdoors.ee\/#website","url":"https:\/\/www.outdoors.ee\/","name":"Outdoors","description":"Genuine military surplus and not only!","potentialAction":[{"@type":"SearchAction","target":{"@type":"EntryPoint","urlTemplate":"https:\/\/www.outdoors.ee\/?s={search_term_string}"},"query-input":{"@type":"PropertyValueSpecification","valueRequired":true,"valueName":"search_term_string"}}],"inLanguage":"et"}]}},"_links":{"self":[{"href":"https:\/\/www.outdoors.ee\/et\/wp-json\/wp\/v2\/product\/92147","targetHints":{"allow":["GET"]}}],"collection":[{"href":"https:\/\/www.outdoors.ee\/et\/wp-json\/wp\/v2\/product"}],"about":[{"href":"https:\/\/www.outdoors.ee\/et\/wp-json\/wp\/v2\/types\/product"}],"wp:featuredmedia":[{"embeddable":true,"href":"https:\/\/www.outdoors.ee\/et\/wp-json\/wp\/v2\/media\/92165"}],"wp:attachment":[{"href":"https:\/\/www.outdoors.ee\/et\/wp-json\/wp\/v2\/media?parent=92147"}],"wp:term":[{"taxonomy":"product_brand","embeddable":true,"href":"https:\/\/www.outdoors.ee\/et\/wp-json\/wp\/v2\/product_brand?post=92147"},{"taxonomy":"product_cat","embeddable":true,"href":"https:\/\/www.outdoors.ee\/et\/wp-json\/wp\/v2\/product_cat?post=92147"},{"taxonomy":"product_tag","embeddable":true,"href":"https:\/\/www.outdoors.ee\/et\/wp-json\/wp\/v2\/product_tag?post=92147"}],"curies":[{"name":"wp","href":"https:\/\/api.w.org\/{rel}","templated":true}]}}