{"id":90972,"date":"2024-02-22T14:57:10","date_gmt":"2024-02-22T12:57:10","guid":{"rendered":"https:\/\/www.outdoors.ee\/?post_type=product&#038;p=90972"},"modified":"2026-04-22T20:17:26","modified_gmt":"2026-04-22T17:17:26","slug":"thermowave-muts-unisex-merino-life-beanie","status":"publish","type":"product","link":"https:\/\/www.outdoors.ee\/et\/toode\/thermowave-muts-unisex-merino-life-beanie\/","title":{"rendered":"Thermowave\u00ae m\u00fcts Unisex Merino Life Beanie"},"content":{"rendered":"<p>\u00dclipeenest meriinovillast riided hoiavad suurep\u00e4raselt kehaniiskust kontrolli all ja s\u00e4ilitavad soojust. S\u00fcnteetiline materjal kaitseb soojuskao eest ja h\u00f5bedaioonide tehnoloogia k\u00f5rvaldab halbu l\u00f5hnu p\u00f5hjustavad bakterid.<\/p>\n<p><strong>Omadused:<\/strong><\/p>\n<ul>\n<li>unisex, sobib nii meestele kui naistele<\/li>\n<li>isoleerib soojust<\/li>\n<li>pol\u00fcesterv\u00f5rk toote sisek\u00fcljel<\/li>\n<li>v\u00f5imaldab nahal hingata<\/li>\n<li>\u00fclipeen meriinovill<\/li>\n<li>l\u00f5hnakindel<\/li>\n<li>looduslik antibakteriaalne kaitse<\/li>\n<li>looduss\u00f5bralikud lahendused<\/li>\n<li>kanga tihedus:\u00a0150 g\/m<sup>2<\/sup><\/li>\n<li>koostis: 100% Thermowave meriinovill; v\u00f5rkvooder: 72% Thermowave\u2019i funktsionaalne pol\u00fcester, 28% Thermowave\u2019i meriinovill<\/li>\n<\/ul>\n<p><strong>Seisukord:<\/strong> uus<\/p>\n","protected":false},"excerpt":{"rendered":"<p>\u00dclipeenest meriinovillast riided hoiavad suurep\u00e4raselt kehaniiskust kontrolli all ja s\u00e4ilitavad soojust. S\u00fcnteetiline materjal kaitseb soojuskao eest ja h\u00f5bedaioonide tehnoloogia k\u00f5rvaldab<\/p>\n","protected":false},"featured_media":106738,"template":"","meta":[],"product_brand":[],"product_cat":[128],"product_tag":[],"class_list":{"0":"post-90972","1":"product","2":"type-product","3":"status-publish","4":"has-post-thumbnail","6":"product_cat-peakatted","7":"pa_brand-thermowave-2","8":"pa_color-anthracite","9":"pa_color-black-2","10":"pa_size-l-xl-2","11":"pa_size-s-m-2","13":"first","14":"instock","15":"taxable","16":"shipping-taxable","17":"purchasable","18":"product-type-variable"},"yoast_head":"<!-- This site is optimized with the Yoast SEO plugin v27.2 - https:\/\/yoast.com\/product\/yoast-seo-wordpress\/ -->\n<title>Thermowave\u00ae m\u00fcts Unisex Merino Life Beanie - Outdoors<\/title>\n<meta name=\"robots\" content=\"index, follow, max-snippet:-1, max-image-preview:large, max-video-preview:-1\" \/>\n<link rel=\"canonical\" href=\"https:\/\/www.outdoors.ee\/toode\/thermowave-unisex-merino-life-beanie\/\" \/>\n<meta property=\"og:locale\" content=\"et_EE\" \/>\n<meta property=\"og:type\" content=\"article\" \/>\n<meta property=\"og:title\" content=\"Thermowave\u00ae m\u00fcts Unisex Merino Life Beanie - Outdoors\" \/>\n<meta property=\"og:description\" content=\"\u00dclipeenest meriinovillast riided hoiavad suurep\u00e4raselt kehaniiskust kontrolli all ja s\u00e4ilitavad soojust. S\u00fcnteetiline materjal kaitseb soojuskao eest ja h\u00f5bedaioonide tehnoloogia k\u00f5rvaldab\" \/>\n<meta property=\"og:url\" content=\"https:\/\/www.outdoors.ee\/toode\/thermowave-unisex-merino-life-beanie\/\" \/>\n<meta property=\"og:site_name\" content=\"Outdoors\" \/>\n<meta property=\"article:modified_time\" content=\"2026-04-22T17:17:26+00:00\" \/>\n<meta property=\"og:image\" content=\"https:\/\/www.outdoors.ee\/wp-content\/uploads\/2024\/02\/Thermowave\u00ae-Unisex-Merino-Life-Beanie-Anthracite.jpg\" \/>\n\t<meta property=\"og:image:width\" content=\"1200\" \/>\n\t<meta property=\"og:image:height\" content=\"1400\" \/>\n\t<meta property=\"og:image:type\" content=\"image\/jpeg\" \/>\n<meta name=\"twitter:card\" content=\"summary_large_image\" \/>\n<meta name=\"twitter:label1\" content=\"Est. reading time\" \/>\n\t<meta name=\"twitter:data1\" content=\"1 minut\" \/>\n<script type=\"application\/ld+json\" class=\"yoast-schema-graph\">{\"@context\":\"https:\/\/schema.org\",\"@graph\":[{\"@type\":\"WebPage\",\"@id\":\"https:\/\/www.outdoors.ee\/toode\/thermowave-unisex-merino-life-beanie\/\",\"url\":\"https:\/\/www.outdoors.ee\/toode\/thermowave-unisex-merino-life-beanie\/\",\"name\":\"Thermowave\u00ae m\u00fcts Unisex Merino Life Beanie - Outdoors\",\"isPartOf\":{\"@id\":\"https:\/\/www.outdoors.ee\/#website\"},\"primaryImageOfPage\":{\"@id\":\"https:\/\/www.outdoors.ee\/toode\/thermowave-unisex-merino-life-beanie\/#primaryimage\"},\"image\":{\"@id\":\"https:\/\/www.outdoors.ee\/toode\/thermowave-unisex-merino-life-beanie\/#primaryimage\"},\"thumbnailUrl\":\"https:\/\/www.outdoors.ee\/wp-content\/uploads\/2024\/02\/Thermowave\u00ae-Unisex-Merino-Life-Beanie-Anthracite.jpg\",\"datePublished\":\"2024-02-22T12:57:10+00:00\",\"dateModified\":\"2026-04-22T17:17:26+00:00\",\"breadcrumb\":{\"@id\":\"https:\/\/www.outdoors.ee\/toode\/thermowave-unisex-merino-life-beanie\/#breadcrumb\"},\"inLanguage\":\"et\",\"potentialAction\":[{\"@type\":\"ReadAction\",\"target\":[\"https:\/\/www.outdoors.ee\/toode\/thermowave-unisex-merino-life-beanie\/\"]}]},{\"@type\":\"ImageObject\",\"inLanguage\":\"et\",\"@id\":\"https:\/\/www.outdoors.ee\/toode\/thermowave-unisex-merino-life-beanie\/#primaryimage\",\"url\":\"https:\/\/www.outdoors.ee\/wp-content\/uploads\/2024\/02\/Thermowave\u00ae-Unisex-Merino-Life-Beanie-Anthracite.jpg\",\"contentUrl\":\"https:\/\/www.outdoors.ee\/wp-content\/uploads\/2024\/02\/Thermowave\u00ae-Unisex-Merino-Life-Beanie-Anthracite.jpg\",\"width\":1200,\"height\":1400},{\"@type\":\"BreadcrumbList\",\"@id\":\"https:\/\/www.outdoors.ee\/toode\/thermowave-unisex-merino-life-beanie\/#breadcrumb\",\"itemListElement\":[{\"@type\":\"ListItem\",\"position\":1,\"name\":\"Home\",\"item\":\"https:\/\/www.outdoors.ee\/et\/\"},{\"@type\":\"ListItem\",\"position\":2,\"name\":\"Tooted\",\"item\":\"https:\/\/www.outdoors.ee\/products\/\"},{\"@type\":\"ListItem\",\"position\":3,\"name\":\"Thermowave\u00ae m\u00fcts Unisex Merino Life Beanie\"}]},{\"@type\":\"WebSite\",\"@id\":\"https:\/\/www.outdoors.ee\/#website\",\"url\":\"https:\/\/www.outdoors.ee\/\",\"name\":\"Outdoors\",\"description\":\"Genuine military surplus and not only!\",\"potentialAction\":[{\"@type\":\"SearchAction\",\"target\":{\"@type\":\"EntryPoint\",\"urlTemplate\":\"https:\/\/www.outdoors.ee\/?s={search_term_string}\"},\"query-input\":{\"@type\":\"PropertyValueSpecification\",\"valueRequired\":true,\"valueName\":\"search_term_string\"}}],\"inLanguage\":\"et\"}]}<\/script>\n<!-- \/ Yoast SEO plugin. -->","yoast_head_json":{"title":"Thermowave\u00ae m\u00fcts Unisex Merino Life Beanie - Outdoors","robots":{"index":"index","follow":"follow","max-snippet":"max-snippet:-1","max-image-preview":"max-image-preview:large","max-video-preview":"max-video-preview:-1"},"canonical":"https:\/\/www.outdoors.ee\/toode\/thermowave-unisex-merino-life-beanie\/","og_locale":"et_EE","og_type":"article","og_title":"Thermowave\u00ae m\u00fcts Unisex Merino Life Beanie - Outdoors","og_description":"\u00dclipeenest meriinovillast riided hoiavad suurep\u00e4raselt kehaniiskust kontrolli all ja s\u00e4ilitavad soojust. S\u00fcnteetiline materjal kaitseb soojuskao eest ja h\u00f5bedaioonide tehnoloogia k\u00f5rvaldab","og_url":"https:\/\/www.outdoors.ee\/toode\/thermowave-unisex-merino-life-beanie\/","og_site_name":"Outdoors","article_modified_time":"2026-04-22T17:17:26+00:00","og_image":[{"width":1200,"height":1400,"url":"https:\/\/www.outdoors.ee\/wp-content\/uploads\/2024\/02\/Thermowave\u00ae-Unisex-Merino-Life-Beanie-Anthracite.jpg","type":"image\/jpeg"}],"twitter_card":"summary_large_image","twitter_misc":{"Est. reading time":"1 minut"},"schema":{"@context":"https:\/\/schema.org","@graph":[{"@type":"WebPage","@id":"https:\/\/www.outdoors.ee\/toode\/thermowave-unisex-merino-life-beanie\/","url":"https:\/\/www.outdoors.ee\/toode\/thermowave-unisex-merino-life-beanie\/","name":"Thermowave\u00ae m\u00fcts Unisex Merino Life Beanie - Outdoors","isPartOf":{"@id":"https:\/\/www.outdoors.ee\/#website"},"primaryImageOfPage":{"@id":"https:\/\/www.outdoors.ee\/toode\/thermowave-unisex-merino-life-beanie\/#primaryimage"},"image":{"@id":"https:\/\/www.outdoors.ee\/toode\/thermowave-unisex-merino-life-beanie\/#primaryimage"},"thumbnailUrl":"https:\/\/www.outdoors.ee\/wp-content\/uploads\/2024\/02\/Thermowave\u00ae-Unisex-Merino-Life-Beanie-Anthracite.jpg","datePublished":"2024-02-22T12:57:10+00:00","dateModified":"2026-04-22T17:17:26+00:00","breadcrumb":{"@id":"https:\/\/www.outdoors.ee\/toode\/thermowave-unisex-merino-life-beanie\/#breadcrumb"},"inLanguage":"et","potentialAction":[{"@type":"ReadAction","target":["https:\/\/www.outdoors.ee\/toode\/thermowave-unisex-merino-life-beanie\/"]}]},{"@type":"ImageObject","inLanguage":"et","@id":"https:\/\/www.outdoors.ee\/toode\/thermowave-unisex-merino-life-beanie\/#primaryimage","url":"https:\/\/www.outdoors.ee\/wp-content\/uploads\/2024\/02\/Thermowave\u00ae-Unisex-Merino-Life-Beanie-Anthracite.jpg","contentUrl":"https:\/\/www.outdoors.ee\/wp-content\/uploads\/2024\/02\/Thermowave\u00ae-Unisex-Merino-Life-Beanie-Anthracite.jpg","width":1200,"height":1400},{"@type":"BreadcrumbList","@id":"https:\/\/www.outdoors.ee\/toode\/thermowave-unisex-merino-life-beanie\/#breadcrumb","itemListElement":[{"@type":"ListItem","position":1,"name":"Home","item":"https:\/\/www.outdoors.ee\/et\/"},{"@type":"ListItem","position":2,"name":"Tooted","item":"https:\/\/www.outdoors.ee\/products\/"},{"@type":"ListItem","position":3,"name":"Thermowave\u00ae m\u00fcts Unisex Merino Life Beanie"}]},{"@type":"WebSite","@id":"https:\/\/www.outdoors.ee\/#website","url":"https:\/\/www.outdoors.ee\/","name":"Outdoors","description":"Genuine military surplus and not only!","potentialAction":[{"@type":"SearchAction","target":{"@type":"EntryPoint","urlTemplate":"https:\/\/www.outdoors.ee\/?s={search_term_string}"},"query-input":{"@type":"PropertyValueSpecification","valueRequired":true,"valueName":"search_term_string"}}],"inLanguage":"et"}]}},"_links":{"self":[{"href":"https:\/\/www.outdoors.ee\/et\/wp-json\/wp\/v2\/product\/90972","targetHints":{"allow":["GET"]}}],"collection":[{"href":"https:\/\/www.outdoors.ee\/et\/wp-json\/wp\/v2\/product"}],"about":[{"href":"https:\/\/www.outdoors.ee\/et\/wp-json\/wp\/v2\/types\/product"}],"wp:featuredmedia":[{"embeddable":true,"href":"https:\/\/www.outdoors.ee\/et\/wp-json\/wp\/v2\/media\/106738"}],"wp:attachment":[{"href":"https:\/\/www.outdoors.ee\/et\/wp-json\/wp\/v2\/media?parent=90972"}],"wp:term":[{"taxonomy":"product_brand","embeddable":true,"href":"https:\/\/www.outdoors.ee\/et\/wp-json\/wp\/v2\/product_brand?post=90972"},{"taxonomy":"product_cat","embeddable":true,"href":"https:\/\/www.outdoors.ee\/et\/wp-json\/wp\/v2\/product_cat?post=90972"},{"taxonomy":"product_tag","embeddable":true,"href":"https:\/\/www.outdoors.ee\/et\/wp-json\/wp\/v2\/product_tag?post=90972"}],"curies":[{"name":"wp","href":"https:\/\/api.w.org\/{rel}","templated":true}]}}