{"id":90576,"date":"2024-02-07T17:22:41","date_gmt":"2024-02-07T15:22:41","guid":{"rendered":"https:\/\/www.outdoors.ee\/?post_type=product&#038;p=90576"},"modified":"2025-09-01T16:44:28","modified_gmt":"2025-09-01T13:44:28","slug":"meindl-expedition-gtx-obh-magisaapad","status":"publish","type":"product","link":"https:\/\/www.outdoors.ee\/et\/toode\/meindl-expedition-gtx-obh-magisaapad\/","title":{"rendered":"Meindl\u00ae Expedition GTX \u00d6BH m\u00e4gisaapad"},"content":{"rendered":"<p><strong>Omadused:<\/strong><\/p>\n<ul>\n<li>Austria s\u00f5jav\u00e4e originaal<\/li>\n<li>termostruktuur: v\u00e4ljav\u00f5etav sisesaabas, p\u00f5hisaabas ja integreeritud \u00fclesaabas\/s\u00e4\u00e4ris<\/li>\n<li>nailonist pealne<\/li>\n<li>p\u00f5hisaapa sisevooder: Gore-Tex\u00ae Insulated Comfort Footwear<\/li>\n<li>k\u00f5rge, integreeritud, niiskuskindel s\u00e4\u00e4ris kahe pingutusn\u00f6\u00f6riga, t\u00e4ispikkuses t\u00f5mblukuga ning takjapaelaklapiga<\/li>\n<li>k\u00f5rge, vastupidav kummirant<\/li>\n<li>kemikaali-, \u00f5li-, ja k\u00fctusekindel Vibram Multigriff\u00ae v\u00e4listald p\u00f5rutust neelava vahekihiga<\/li>\n<li>sobivad kasutamiseks kassidega<\/li>\n<li>Meindl Air-Active\u00ae eemaldatav sisetald<\/li>\n<li>p\u00f5hisaapa k\u00f5rgus ca 26 cm<\/li>\n<li>komfort termp. kuni &#8211; 40 \u00b0 C (s\u00f5ltub paljude tegurite koosm\u00f5just, nagu f\u00fc\u00fcsiline aktiivsus, \u00f5ige soki valik, individuaalsed omadused jne)<\/li>\n<li>kaal 3130g\/paar (size UK9\/EU43)<\/li>\n<\/ul>\n<p><strong>Seisukord:<\/strong><\/p>\n<ul>\n<li>uued (ilma originaalkarbita, v\u00f5ivad sisaldada hulgiladustamise j\u00e4lgi)<\/li>\n<li>uuev\u00e4\u00e4rsed (sisaldavad kergeid kulumisj\u00e4lgi)<\/li>\n<li>kasutatud, Grade 1 (sisaldavad m\u00f5\u00f5dukaid kulumisj\u00e4lgi, v\u00f5ivad sisaldada v\u00e4iksemaid vigastusi, sisetallad v\u00f5ivad olla eemaldatud)<\/li>\n<\/ul>\n","protected":false},"excerpt":{"rendered":"<p>Austrian Army Meindl\u00ae Expedition Gore-Tex\u00ae m\u00e4gisaapad<\/p>\n","protected":false},"featured_media":90586,"template":"","meta":[],"product_brand":[],"product_cat":[70],"product_tag":[],"class_list":{"0":"post-90576","1":"product","2":"type-product","3":"status-publish","4":"has-post-thumbnail","6":"product_cat-jalanoud","7":"pa_brand-austrian-military-surplus","8":"pa_brand-meindl-2","9":"pa_condition-uuevaarne","10":"pa_condition-uus","11":"pa_size-uk105-us115-eu45-2","12":"pa_size-uk11-us12-eu46-2","13":"pa_size-uk65-us75-eu40-2-2","14":"pa_size-uk7-us8-eu41-2","15":"pa_size-uk8-us9-eu42-3","16":"pa_size-uk95-us105-eu44-2","17":"pa_size-uk9-us10-eu43-2","19":"first","20":"outofstock","21":"taxable","22":"shipping-taxable","23":"purchasable","24":"product-type-variable"},"yoast_head":"<!-- This site is optimized with the Yoast SEO plugin v27.2 - https:\/\/yoast.com\/product\/yoast-seo-wordpress\/ -->\n<title>Meindl\u00ae Expedition GTX \u00d6BH m\u00e4gisaapad - Outdoors<\/title>\n<meta name=\"robots\" content=\"index, follow, max-snippet:-1, max-image-preview:large, max-video-preview:-1\" \/>\n<link rel=\"canonical\" href=\"https:\/\/www.outdoors.ee\/et\/toode\/meindl-expedition-gtx-obh-magisaapad\/\" \/>\n<meta property=\"og:locale\" content=\"et_EE\" \/>\n<meta property=\"og:type\" content=\"article\" \/>\n<meta property=\"og:title\" content=\"Meindl\u00ae Expedition GTX \u00d6BH m\u00e4gisaapad - Outdoors\" \/>\n<meta property=\"og:description\" content=\"Austrian Army Meindl\u00ae Expedition Gore-Tex\u00ae m\u00e4gisaapad\" \/>\n<meta property=\"og:url\" content=\"https:\/\/www.outdoors.ee\/et\/toode\/meindl-expedition-gtx-obh-magisaapad\/\" \/>\n<meta property=\"og:site_name\" content=\"Outdoors\" \/>\n<meta property=\"article:modified_time\" content=\"2025-09-01T13:44:28+00:00\" \/>\n<meta property=\"og:image\" content=\"https:\/\/www.outdoors.ee\/wp-content\/uploads\/2024\/02\/1878-Meindl-Expedition-GTX-OBH-Boots-1.png\" \/>\n\t<meta property=\"og:image:width\" content=\"960\" \/>\n\t<meta property=\"og:image:height\" content=\"1280\" \/>\n\t<meta property=\"og:image:type\" content=\"image\/png\" \/>\n<meta name=\"twitter:card\" content=\"summary_large_image\" \/>\n<meta name=\"twitter:label1\" content=\"Est. reading time\" \/>\n\t<meta name=\"twitter:data1\" content=\"1 minut\" \/>\n<script type=\"application\/ld+json\" class=\"yoast-schema-graph\">{\"@context\":\"https:\/\/schema.org\",\"@graph\":[{\"@type\":\"WebPage\",\"@id\":\"https:\/\/www.outdoors.ee\/et\/toode\/meindl-expedition-gtx-obh-magisaapad\/\",\"url\":\"https:\/\/www.outdoors.ee\/et\/toode\/meindl-expedition-gtx-obh-magisaapad\/\",\"name\":\"Meindl\u00ae Expedition GTX \u00d6BH m\u00e4gisaapad - Outdoors\",\"isPartOf\":{\"@id\":\"https:\/\/www.outdoors.ee\/#website\"},\"primaryImageOfPage\":{\"@id\":\"https:\/\/www.outdoors.ee\/et\/toode\/meindl-expedition-gtx-obh-magisaapad\/#primaryimage\"},\"image\":{\"@id\":\"https:\/\/www.outdoors.ee\/et\/toode\/meindl-expedition-gtx-obh-magisaapad\/#primaryimage\"},\"thumbnailUrl\":\"https:\/\/www.outdoors.ee\/wp-content\/uploads\/2024\/02\/1878-Meindl-Expedition-GTX-OBH-Boots-1.png\",\"datePublished\":\"2024-02-07T15:22:41+00:00\",\"dateModified\":\"2025-09-01T13:44:28+00:00\",\"breadcrumb\":{\"@id\":\"https:\/\/www.outdoors.ee\/et\/toode\/meindl-expedition-gtx-obh-magisaapad\/#breadcrumb\"},\"inLanguage\":\"et\",\"potentialAction\":[{\"@type\":\"ReadAction\",\"target\":[\"https:\/\/www.outdoors.ee\/et\/toode\/meindl-expedition-gtx-obh-magisaapad\/\"]}]},{\"@type\":\"ImageObject\",\"inLanguage\":\"et\",\"@id\":\"https:\/\/www.outdoors.ee\/et\/toode\/meindl-expedition-gtx-obh-magisaapad\/#primaryimage\",\"url\":\"https:\/\/www.outdoors.ee\/wp-content\/uploads\/2024\/02\/1878-Meindl-Expedition-GTX-OBH-Boots-1.png\",\"contentUrl\":\"https:\/\/www.outdoors.ee\/wp-content\/uploads\/2024\/02\/1878-Meindl-Expedition-GTX-OBH-Boots-1.png\",\"width\":960,\"height\":1280},{\"@type\":\"BreadcrumbList\",\"@id\":\"https:\/\/www.outdoors.ee\/et\/toode\/meindl-expedition-gtx-obh-magisaapad\/#breadcrumb\",\"itemListElement\":[{\"@type\":\"ListItem\",\"position\":1,\"name\":\"Home\",\"item\":\"https:\/\/www.outdoors.ee\/et\/\"},{\"@type\":\"ListItem\",\"position\":2,\"name\":\"Tooted\",\"item\":\"https:\/\/www.outdoors.ee\/products\/\"},{\"@type\":\"ListItem\",\"position\":3,\"name\":\"Meindl\u00ae Expedition GTX \u00d6BH m\u00e4gisaapad\"}]},{\"@type\":\"WebSite\",\"@id\":\"https:\/\/www.outdoors.ee\/#website\",\"url\":\"https:\/\/www.outdoors.ee\/\",\"name\":\"Outdoors\",\"description\":\"Genuine military surplus and not only!\",\"potentialAction\":[{\"@type\":\"SearchAction\",\"target\":{\"@type\":\"EntryPoint\",\"urlTemplate\":\"https:\/\/www.outdoors.ee\/?s={search_term_string}\"},\"query-input\":{\"@type\":\"PropertyValueSpecification\",\"valueRequired\":true,\"valueName\":\"search_term_string\"}}],\"inLanguage\":\"et\"}]}<\/script>\n<!-- \/ Yoast SEO plugin. -->","yoast_head_json":{"title":"Meindl\u00ae Expedition GTX \u00d6BH m\u00e4gisaapad - Outdoors","robots":{"index":"index","follow":"follow","max-snippet":"max-snippet:-1","max-image-preview":"max-image-preview:large","max-video-preview":"max-video-preview:-1"},"canonical":"https:\/\/www.outdoors.ee\/et\/toode\/meindl-expedition-gtx-obh-magisaapad\/","og_locale":"et_EE","og_type":"article","og_title":"Meindl\u00ae Expedition GTX \u00d6BH m\u00e4gisaapad - Outdoors","og_description":"Austrian Army Meindl\u00ae Expedition Gore-Tex\u00ae m\u00e4gisaapad","og_url":"https:\/\/www.outdoors.ee\/et\/toode\/meindl-expedition-gtx-obh-magisaapad\/","og_site_name":"Outdoors","article_modified_time":"2025-09-01T13:44:28+00:00","og_image":[{"width":960,"height":1280,"url":"https:\/\/www.outdoors.ee\/wp-content\/uploads\/2024\/02\/1878-Meindl-Expedition-GTX-OBH-Boots-1.png","type":"image\/png"}],"twitter_card":"summary_large_image","twitter_misc":{"Est. reading time":"1 minut"},"schema":{"@context":"https:\/\/schema.org","@graph":[{"@type":"WebPage","@id":"https:\/\/www.outdoors.ee\/et\/toode\/meindl-expedition-gtx-obh-magisaapad\/","url":"https:\/\/www.outdoors.ee\/et\/toode\/meindl-expedition-gtx-obh-magisaapad\/","name":"Meindl\u00ae Expedition GTX \u00d6BH m\u00e4gisaapad - Outdoors","isPartOf":{"@id":"https:\/\/www.outdoors.ee\/#website"},"primaryImageOfPage":{"@id":"https:\/\/www.outdoors.ee\/et\/toode\/meindl-expedition-gtx-obh-magisaapad\/#primaryimage"},"image":{"@id":"https:\/\/www.outdoors.ee\/et\/toode\/meindl-expedition-gtx-obh-magisaapad\/#primaryimage"},"thumbnailUrl":"https:\/\/www.outdoors.ee\/wp-content\/uploads\/2024\/02\/1878-Meindl-Expedition-GTX-OBH-Boots-1.png","datePublished":"2024-02-07T15:22:41+00:00","dateModified":"2025-09-01T13:44:28+00:00","breadcrumb":{"@id":"https:\/\/www.outdoors.ee\/et\/toode\/meindl-expedition-gtx-obh-magisaapad\/#breadcrumb"},"inLanguage":"et","potentialAction":[{"@type":"ReadAction","target":["https:\/\/www.outdoors.ee\/et\/toode\/meindl-expedition-gtx-obh-magisaapad\/"]}]},{"@type":"ImageObject","inLanguage":"et","@id":"https:\/\/www.outdoors.ee\/et\/toode\/meindl-expedition-gtx-obh-magisaapad\/#primaryimage","url":"https:\/\/www.outdoors.ee\/wp-content\/uploads\/2024\/02\/1878-Meindl-Expedition-GTX-OBH-Boots-1.png","contentUrl":"https:\/\/www.outdoors.ee\/wp-content\/uploads\/2024\/02\/1878-Meindl-Expedition-GTX-OBH-Boots-1.png","width":960,"height":1280},{"@type":"BreadcrumbList","@id":"https:\/\/www.outdoors.ee\/et\/toode\/meindl-expedition-gtx-obh-magisaapad\/#breadcrumb","itemListElement":[{"@type":"ListItem","position":1,"name":"Home","item":"https:\/\/www.outdoors.ee\/et\/"},{"@type":"ListItem","position":2,"name":"Tooted","item":"https:\/\/www.outdoors.ee\/products\/"},{"@type":"ListItem","position":3,"name":"Meindl\u00ae Expedition GTX \u00d6BH m\u00e4gisaapad"}]},{"@type":"WebSite","@id":"https:\/\/www.outdoors.ee\/#website","url":"https:\/\/www.outdoors.ee\/","name":"Outdoors","description":"Genuine military surplus and not only!","potentialAction":[{"@type":"SearchAction","target":{"@type":"EntryPoint","urlTemplate":"https:\/\/www.outdoors.ee\/?s={search_term_string}"},"query-input":{"@type":"PropertyValueSpecification","valueRequired":true,"valueName":"search_term_string"}}],"inLanguage":"et"}]}},"_links":{"self":[{"href":"https:\/\/www.outdoors.ee\/et\/wp-json\/wp\/v2\/product\/90576","targetHints":{"allow":["GET"]}}],"collection":[{"href":"https:\/\/www.outdoors.ee\/et\/wp-json\/wp\/v2\/product"}],"about":[{"href":"https:\/\/www.outdoors.ee\/et\/wp-json\/wp\/v2\/types\/product"}],"wp:featuredmedia":[{"embeddable":true,"href":"https:\/\/www.outdoors.ee\/et\/wp-json\/wp\/v2\/media\/90586"}],"wp:attachment":[{"href":"https:\/\/www.outdoors.ee\/et\/wp-json\/wp\/v2\/media?parent=90576"}],"wp:term":[{"taxonomy":"product_brand","embeddable":true,"href":"https:\/\/www.outdoors.ee\/et\/wp-json\/wp\/v2\/product_brand?post=90576"},{"taxonomy":"product_cat","embeddable":true,"href":"https:\/\/www.outdoors.ee\/et\/wp-json\/wp\/v2\/product_cat?post=90576"},{"taxonomy":"product_tag","embeddable":true,"href":"https:\/\/www.outdoors.ee\/et\/wp-json\/wp\/v2\/product_tag?post=90576"}],"curies":[{"name":"wp","href":"https:\/\/api.w.org\/{rel}","templated":true}]}}