{"id":90315,"date":"2024-01-26T13:37:34","date_gmt":"2024-01-26T11:38:15","guid":{"rendered":"https:\/\/www.outdoors.ee\/?post_type=product&#038;p=90315"},"modified":"2024-11-03T14:33:15","modified_gmt":"2024-11-03T12:33:15","slug":"carinthia-g-loft-obh-booties","status":"publish","type":"product","link":"https:\/\/www.outdoors.ee\/et\/toode\/carinthia-g-loft-obh-booties\/","title":{"rendered":"Carinthia G-Loft\u00ae \u00d6BH Booties"},"content":{"rendered":"<p>Carinthia\u00a0 G-LOFT\u00ae Windstopper Booties nn telgijalatsite militaarversioon, mis on toodetud Austria s\u00f5jav\u00e4e tellimusel. Ei sisalda tootja br\u00e4ndi ega muid kaubam\u00e4rgi silte, mida reeglina leiab tsiviilmudelilt. Soojapidavad jalan\u00f5ud on m\u00f5eldud kasutamiseks telgis v\u00f5i magamiskotis magamisel.<\/p>\n<p><strong>Omadused:<\/strong><\/p>\n<ul>\n<li>Austria s\u00f5jav\u00e4e originaal<\/li>\n<li>stopperiga pingutusn\u00f6\u00f6rid h\u00fcppeliigise piirkonnas<\/li>\n<li>veniv \u00fclemine \u00e4\u00e4r soojakao v\u00e4hendamiseks<\/li>\n<li>t\u00e4idis: G-LOFT\u00ae Si 250g\/m\u00b2, 100% pol\u00fcester<\/li>\n<li>v\u00e4lismaterjal: Gore Windstopper\u00ae, 100% pol\u00fcamiid<\/li>\n<li>sisevooder: 100% pol\u00fcamiid<\/li>\n<li>kaal ca 280g<\/li>\n<li>suurus: 44 (EU) on m\u00e4rgitud sildil, vastab tsiviilmudeli L suurusele,\u00a0 (EU40-46\/UK6,5-11)<\/li>\n<\/ul>\n<p><strong>Seisukord:<\/strong><\/p>\n<ul>\n<li>uus (ilma j\u00e4em\u00fc\u00fcgipakendita, v\u00f5ib sisaldada hulgiladustamise j\u00e4lgi)<\/li>\n<li>uuev\u00e4\u00e4rne (sisaldadab minimaalseid kulumisj\u00e4lgi)<\/li>\n<\/ul>\n","protected":false},"excerpt":{"rendered":"<p>Austria Armee Carinthia G-Loft\u00ae Booties, oliivroheline<\/p>\n","protected":false},"featured_media":90317,"template":"","meta":[],"product_brand":[],"product_cat":[70],"product_tag":[],"class_list":{"0":"post-90315","1":"product","2":"type-product","3":"status-publish","4":"has-post-thumbnail","6":"product_cat-jalanoud","7":"pa_brand-austrian-military-surplus","8":"pa_brand-carinthia-2","9":"pa_condition-uuevaarne","10":"pa_condition-uus","12":"first","13":"outofstock","14":"taxable","15":"shipping-taxable","16":"purchasable","17":"product-type-variable"},"yoast_head":"<!-- This site is optimized with the Yoast SEO plugin v27.2 - https:\/\/yoast.com\/product\/yoast-seo-wordpress\/ -->\n<title>Carinthia G-Loft\u00ae \u00d6BH Booties - Outdoors<\/title>\n<meta name=\"robots\" content=\"index, follow, max-snippet:-1, max-image-preview:large, max-video-preview:-1\" \/>\n<link rel=\"canonical\" href=\"https:\/\/www.outdoors.ee\/et\/toode\/carinthia-g-loft-obh-booties\/\" \/>\n<meta property=\"og:locale\" content=\"et_EE\" \/>\n<meta property=\"og:type\" content=\"article\" \/>\n<meta property=\"og:title\" content=\"Carinthia G-Loft\u00ae \u00d6BH Booties - Outdoors\" \/>\n<meta property=\"og:description\" content=\"Austria Armee Carinthia G-Loft\u00ae Booties, oliivroheline\" \/>\n<meta property=\"og:url\" content=\"https:\/\/www.outdoors.ee\/et\/toode\/carinthia-g-loft-obh-booties\/\" \/>\n<meta property=\"og:site_name\" content=\"Outdoors\" \/>\n<meta property=\"article:modified_time\" content=\"2024-11-03T12:33:15+00:00\" \/>\n<meta property=\"og:image\" content=\"https:\/\/www.outdoors.ee\/wp-content\/uploads\/2024\/01\/0414-Austrian-Army-Carinthia-G-Loft\u00ae-Booties-Olive-1.jpg\" \/>\n\t<meta property=\"og:image:width\" content=\"1500\" \/>\n\t<meta property=\"og:image:height\" content=\"1500\" \/>\n\t<meta property=\"og:image:type\" content=\"image\/jpeg\" \/>\n<meta name=\"twitter:card\" content=\"summary_large_image\" \/>\n<meta name=\"twitter:label1\" content=\"Est. reading time\" \/>\n\t<meta name=\"twitter:data1\" content=\"1 minut\" \/>\n<script type=\"application\/ld+json\" class=\"yoast-schema-graph\">{\"@context\":\"https:\/\/schema.org\",\"@graph\":[{\"@type\":\"WebPage\",\"@id\":\"https:\/\/www.outdoors.ee\/et\/toode\/carinthia-g-loft-obh-booties\/\",\"url\":\"https:\/\/www.outdoors.ee\/et\/toode\/carinthia-g-loft-obh-booties\/\",\"name\":\"Carinthia G-Loft\u00ae \u00d6BH Booties - Outdoors\",\"isPartOf\":{\"@id\":\"https:\/\/www.outdoors.ee\/#website\"},\"primaryImageOfPage\":{\"@id\":\"https:\/\/www.outdoors.ee\/et\/toode\/carinthia-g-loft-obh-booties\/#primaryimage\"},\"image\":{\"@id\":\"https:\/\/www.outdoors.ee\/et\/toode\/carinthia-g-loft-obh-booties\/#primaryimage\"},\"thumbnailUrl\":\"https:\/\/www.outdoors.ee\/wp-content\/uploads\/2024\/01\/0414-Austrian-Army-Carinthia-G-Loft\u00ae-Booties-Olive-1.jpg\",\"datePublished\":\"2024-01-26T11:38:15+00:00\",\"dateModified\":\"2024-11-03T12:33:15+00:00\",\"breadcrumb\":{\"@id\":\"https:\/\/www.outdoors.ee\/et\/toode\/carinthia-g-loft-obh-booties\/#breadcrumb\"},\"inLanguage\":\"et\",\"potentialAction\":[{\"@type\":\"ReadAction\",\"target\":[\"https:\/\/www.outdoors.ee\/et\/toode\/carinthia-g-loft-obh-booties\/\"]}]},{\"@type\":\"ImageObject\",\"inLanguage\":\"et\",\"@id\":\"https:\/\/www.outdoors.ee\/et\/toode\/carinthia-g-loft-obh-booties\/#primaryimage\",\"url\":\"https:\/\/www.outdoors.ee\/wp-content\/uploads\/2024\/01\/0414-Austrian-Army-Carinthia-G-Loft\u00ae-Booties-Olive-1.jpg\",\"contentUrl\":\"https:\/\/www.outdoors.ee\/wp-content\/uploads\/2024\/01\/0414-Austrian-Army-Carinthia-G-Loft\u00ae-Booties-Olive-1.jpg\",\"width\":1500,\"height\":1500},{\"@type\":\"BreadcrumbList\",\"@id\":\"https:\/\/www.outdoors.ee\/et\/toode\/carinthia-g-loft-obh-booties\/#breadcrumb\",\"itemListElement\":[{\"@type\":\"ListItem\",\"position\":1,\"name\":\"Home\",\"item\":\"https:\/\/www.outdoors.ee\/et\/\"},{\"@type\":\"ListItem\",\"position\":2,\"name\":\"Tooted\",\"item\":\"https:\/\/www.outdoors.ee\/products\/\"},{\"@type\":\"ListItem\",\"position\":3,\"name\":\"Carinthia G-Loft\u00ae \u00d6BH Booties\"}]},{\"@type\":\"WebSite\",\"@id\":\"https:\/\/www.outdoors.ee\/#website\",\"url\":\"https:\/\/www.outdoors.ee\/\",\"name\":\"Outdoors\",\"description\":\"Genuine military surplus and not only!\",\"potentialAction\":[{\"@type\":\"SearchAction\",\"target\":{\"@type\":\"EntryPoint\",\"urlTemplate\":\"https:\/\/www.outdoors.ee\/?s={search_term_string}\"},\"query-input\":{\"@type\":\"PropertyValueSpecification\",\"valueRequired\":true,\"valueName\":\"search_term_string\"}}],\"inLanguage\":\"et\"}]}<\/script>\n<!-- \/ Yoast SEO plugin. -->","yoast_head_json":{"title":"Carinthia G-Loft\u00ae \u00d6BH Booties - Outdoors","robots":{"index":"index","follow":"follow","max-snippet":"max-snippet:-1","max-image-preview":"max-image-preview:large","max-video-preview":"max-video-preview:-1"},"canonical":"https:\/\/www.outdoors.ee\/et\/toode\/carinthia-g-loft-obh-booties\/","og_locale":"et_EE","og_type":"article","og_title":"Carinthia G-Loft\u00ae \u00d6BH Booties - Outdoors","og_description":"Austria Armee Carinthia G-Loft\u00ae Booties, oliivroheline","og_url":"https:\/\/www.outdoors.ee\/et\/toode\/carinthia-g-loft-obh-booties\/","og_site_name":"Outdoors","article_modified_time":"2024-11-03T12:33:15+00:00","og_image":[{"width":1500,"height":1500,"url":"https:\/\/www.outdoors.ee\/wp-content\/uploads\/2024\/01\/0414-Austrian-Army-Carinthia-G-Loft\u00ae-Booties-Olive-1.jpg","type":"image\/jpeg"}],"twitter_card":"summary_large_image","twitter_misc":{"Est. reading time":"1 minut"},"schema":{"@context":"https:\/\/schema.org","@graph":[{"@type":"WebPage","@id":"https:\/\/www.outdoors.ee\/et\/toode\/carinthia-g-loft-obh-booties\/","url":"https:\/\/www.outdoors.ee\/et\/toode\/carinthia-g-loft-obh-booties\/","name":"Carinthia G-Loft\u00ae \u00d6BH Booties - Outdoors","isPartOf":{"@id":"https:\/\/www.outdoors.ee\/#website"},"primaryImageOfPage":{"@id":"https:\/\/www.outdoors.ee\/et\/toode\/carinthia-g-loft-obh-booties\/#primaryimage"},"image":{"@id":"https:\/\/www.outdoors.ee\/et\/toode\/carinthia-g-loft-obh-booties\/#primaryimage"},"thumbnailUrl":"https:\/\/www.outdoors.ee\/wp-content\/uploads\/2024\/01\/0414-Austrian-Army-Carinthia-G-Loft\u00ae-Booties-Olive-1.jpg","datePublished":"2024-01-26T11:38:15+00:00","dateModified":"2024-11-03T12:33:15+00:00","breadcrumb":{"@id":"https:\/\/www.outdoors.ee\/et\/toode\/carinthia-g-loft-obh-booties\/#breadcrumb"},"inLanguage":"et","potentialAction":[{"@type":"ReadAction","target":["https:\/\/www.outdoors.ee\/et\/toode\/carinthia-g-loft-obh-booties\/"]}]},{"@type":"ImageObject","inLanguage":"et","@id":"https:\/\/www.outdoors.ee\/et\/toode\/carinthia-g-loft-obh-booties\/#primaryimage","url":"https:\/\/www.outdoors.ee\/wp-content\/uploads\/2024\/01\/0414-Austrian-Army-Carinthia-G-Loft\u00ae-Booties-Olive-1.jpg","contentUrl":"https:\/\/www.outdoors.ee\/wp-content\/uploads\/2024\/01\/0414-Austrian-Army-Carinthia-G-Loft\u00ae-Booties-Olive-1.jpg","width":1500,"height":1500},{"@type":"BreadcrumbList","@id":"https:\/\/www.outdoors.ee\/et\/toode\/carinthia-g-loft-obh-booties\/#breadcrumb","itemListElement":[{"@type":"ListItem","position":1,"name":"Home","item":"https:\/\/www.outdoors.ee\/et\/"},{"@type":"ListItem","position":2,"name":"Tooted","item":"https:\/\/www.outdoors.ee\/products\/"},{"@type":"ListItem","position":3,"name":"Carinthia G-Loft\u00ae \u00d6BH Booties"}]},{"@type":"WebSite","@id":"https:\/\/www.outdoors.ee\/#website","url":"https:\/\/www.outdoors.ee\/","name":"Outdoors","description":"Genuine military surplus and not only!","potentialAction":[{"@type":"SearchAction","target":{"@type":"EntryPoint","urlTemplate":"https:\/\/www.outdoors.ee\/?s={search_term_string}"},"query-input":{"@type":"PropertyValueSpecification","valueRequired":true,"valueName":"search_term_string"}}],"inLanguage":"et"}]}},"_links":{"self":[{"href":"https:\/\/www.outdoors.ee\/et\/wp-json\/wp\/v2\/product\/90315","targetHints":{"allow":["GET"]}}],"collection":[{"href":"https:\/\/www.outdoors.ee\/et\/wp-json\/wp\/v2\/product"}],"about":[{"href":"https:\/\/www.outdoors.ee\/et\/wp-json\/wp\/v2\/types\/product"}],"wp:featuredmedia":[{"embeddable":true,"href":"https:\/\/www.outdoors.ee\/et\/wp-json\/wp\/v2\/media\/90317"}],"wp:attachment":[{"href":"https:\/\/www.outdoors.ee\/et\/wp-json\/wp\/v2\/media?parent=90315"}],"wp:term":[{"taxonomy":"product_brand","embeddable":true,"href":"https:\/\/www.outdoors.ee\/et\/wp-json\/wp\/v2\/product_brand?post=90315"},{"taxonomy":"product_cat","embeddable":true,"href":"https:\/\/www.outdoors.ee\/et\/wp-json\/wp\/v2\/product_cat?post=90315"},{"taxonomy":"product_tag","embeddable":true,"href":"https:\/\/www.outdoors.ee\/et\/wp-json\/wp\/v2\/product_tag?post=90315"}],"curies":[{"name":"wp","href":"https:\/\/api.w.org\/{rel}","templated":true}]}}