{"id":90265,"date":"2024-01-25T13:10:19","date_gmt":"2024-01-25T11:10:19","guid":{"rendered":"https:\/\/www.outdoors.ee\/?post_type=product&#038;p=90265"},"modified":"2026-02-26T12:51:05","modified_gmt":"2026-02-26T10:51:05","slug":"taiga-mentasta-obh-balaclava","status":"publish","type":"product","link":"https:\/\/www.outdoors.ee\/et\/toode\/taiga-mentasta-obh-balaclava\/","title":{"rendered":"TAIGA Mentasta \u00d6BH Balaclava"},"content":{"rendered":"<p>N\u00e4omask ekstreemk\u00fclma oludesse. M\u00f5eldud kasutamiseks aktilises kliimas, eemaldatav hingamismask v\u00e4hendab ohtlikult k\u00fclma \u00f5hu sissehingamise ohtu.<\/p>\n<p><strong>Omadused:<\/strong><\/p>\n<ul>\n<li>Austria s\u00f5jav\u00e4e originaal<\/li>\n<li>Windstopper\u00ae v\u00e4lismaterjal<\/li>\n<li>liibuv<\/li>\n<li>pikema rinnaosaga<\/li>\n<li>t\u00e4ielikult eest avatav takjapaela abil<\/li>\n<li>eemaldatav neopreenist hingamismask<\/li>\n<li>materjal: 43% pol\u00fcester, 34% pol\u00fcamiid, 16% pol\u00fcuretaan, 7% elastaan<\/li>\n<li>kaal 180g<\/li>\n<\/ul>\n<p><strong>Seisukord:<\/strong> uus (ilma j\u00e4em\u00fc\u00fcgipakendita, v\u00f5ib sisaldada hulgiladustamise j\u00e4lgi)<\/p>\n","protected":false},"excerpt":{"rendered":"<p>Austria Armee TAIGA\u00ae Mentasta Balaclava, must<\/p>\n","protected":false},"featured_media":90264,"template":"","meta":[],"product_brand":[],"product_cat":[128],"product_tag":[],"class_list":{"0":"post-90265","1":"product","2":"type-product","3":"status-publish","4":"has-post-thumbnail","6":"product_cat-peakatted","7":"pa_brand-austrian-military-surplus","8":"pa_brand-taiga-2","9":"pa_size-l-2","10":"pa_size-m-2","11":"pa_size-s-2","13":"first","14":"instock","15":"taxable","16":"shipping-taxable","17":"purchasable","18":"product-type-variable"},"yoast_head":"<!-- This site is optimized with the Yoast SEO plugin v27.2 - https:\/\/yoast.com\/product\/yoast-seo-wordpress\/ -->\n<title>TAIGA Mentasta \u00d6BH Balaclava - Outdoors<\/title>\n<meta name=\"robots\" content=\"index, follow, max-snippet:-1, max-image-preview:large, max-video-preview:-1\" \/>\n<link rel=\"canonical\" href=\"https:\/\/www.outdoors.ee\/et\/toode\/taiga-mentasta-obh-balaclava\/\" \/>\n<meta property=\"og:locale\" content=\"et_EE\" \/>\n<meta property=\"og:type\" content=\"article\" \/>\n<meta property=\"og:title\" content=\"TAIGA Mentasta \u00d6BH Balaclava - Outdoors\" \/>\n<meta property=\"og:description\" content=\"Austria Armee TAIGA\u00ae Mentasta Balaclava, must\" \/>\n<meta property=\"og:url\" content=\"https:\/\/www.outdoors.ee\/et\/toode\/taiga-mentasta-obh-balaclava\/\" \/>\n<meta property=\"og:site_name\" content=\"Outdoors\" \/>\n<meta property=\"article:modified_time\" content=\"2026-02-26T10:51:05+00:00\" \/>\n<meta property=\"og:image\" content=\"https:\/\/www.outdoors.ee\/wp-content\/uploads\/2024\/01\/0416-Austrian-Army-TAIGA\u00ae-Mentasta-Balaclava-black.jpg\" \/>\n\t<meta property=\"og:image:width\" content=\"500\" \/>\n\t<meta property=\"og:image:height\" content=\"600\" \/>\n\t<meta property=\"og:image:type\" content=\"image\/jpeg\" \/>\n<meta name=\"twitter:card\" content=\"summary_large_image\" \/>\n<meta name=\"twitter:label1\" content=\"Est. reading time\" \/>\n\t<meta name=\"twitter:data1\" content=\"1 minut\" \/>\n<script type=\"application\/ld+json\" class=\"yoast-schema-graph\">{\"@context\":\"https:\/\/schema.org\",\"@graph\":[{\"@type\":\"WebPage\",\"@id\":\"https:\/\/www.outdoors.ee\/et\/toode\/taiga-mentasta-obh-balaclava\/\",\"url\":\"https:\/\/www.outdoors.ee\/et\/toode\/taiga-mentasta-obh-balaclava\/\",\"name\":\"TAIGA Mentasta \u00d6BH Balaclava - Outdoors\",\"isPartOf\":{\"@id\":\"https:\/\/www.outdoors.ee\/#website\"},\"primaryImageOfPage\":{\"@id\":\"https:\/\/www.outdoors.ee\/et\/toode\/taiga-mentasta-obh-balaclava\/#primaryimage\"},\"image\":{\"@id\":\"https:\/\/www.outdoors.ee\/et\/toode\/taiga-mentasta-obh-balaclava\/#primaryimage\"},\"thumbnailUrl\":\"https:\/\/www.outdoors.ee\/wp-content\/uploads\/2024\/01\/0416-Austrian-Army-TAIGA\u00ae-Mentasta-Balaclava-black.jpg\",\"datePublished\":\"2024-01-25T11:10:19+00:00\",\"dateModified\":\"2026-02-26T10:51:05+00:00\",\"breadcrumb\":{\"@id\":\"https:\/\/www.outdoors.ee\/et\/toode\/taiga-mentasta-obh-balaclava\/#breadcrumb\"},\"inLanguage\":\"et\",\"potentialAction\":[{\"@type\":\"ReadAction\",\"target\":[\"https:\/\/www.outdoors.ee\/et\/toode\/taiga-mentasta-obh-balaclava\/\"]}]},{\"@type\":\"ImageObject\",\"inLanguage\":\"et\",\"@id\":\"https:\/\/www.outdoors.ee\/et\/toode\/taiga-mentasta-obh-balaclava\/#primaryimage\",\"url\":\"https:\/\/www.outdoors.ee\/wp-content\/uploads\/2024\/01\/0416-Austrian-Army-TAIGA\u00ae-Mentasta-Balaclava-black.jpg\",\"contentUrl\":\"https:\/\/www.outdoors.ee\/wp-content\/uploads\/2024\/01\/0416-Austrian-Army-TAIGA\u00ae-Mentasta-Balaclava-black.jpg\",\"width\":500,\"height\":600},{\"@type\":\"BreadcrumbList\",\"@id\":\"https:\/\/www.outdoors.ee\/et\/toode\/taiga-mentasta-obh-balaclava\/#breadcrumb\",\"itemListElement\":[{\"@type\":\"ListItem\",\"position\":1,\"name\":\"Home\",\"item\":\"https:\/\/www.outdoors.ee\/et\/\"},{\"@type\":\"ListItem\",\"position\":2,\"name\":\"Tooted\",\"item\":\"https:\/\/www.outdoors.ee\/products\/\"},{\"@type\":\"ListItem\",\"position\":3,\"name\":\"TAIGA Mentasta \u00d6BH Balaclava\"}]},{\"@type\":\"WebSite\",\"@id\":\"https:\/\/www.outdoors.ee\/#website\",\"url\":\"https:\/\/www.outdoors.ee\/\",\"name\":\"Outdoors\",\"description\":\"Genuine military surplus and not only!\",\"potentialAction\":[{\"@type\":\"SearchAction\",\"target\":{\"@type\":\"EntryPoint\",\"urlTemplate\":\"https:\/\/www.outdoors.ee\/?s={search_term_string}\"},\"query-input\":{\"@type\":\"PropertyValueSpecification\",\"valueRequired\":true,\"valueName\":\"search_term_string\"}}],\"inLanguage\":\"et\"}]}<\/script>\n<!-- \/ Yoast SEO plugin. -->","yoast_head_json":{"title":"TAIGA Mentasta \u00d6BH Balaclava - Outdoors","robots":{"index":"index","follow":"follow","max-snippet":"max-snippet:-1","max-image-preview":"max-image-preview:large","max-video-preview":"max-video-preview:-1"},"canonical":"https:\/\/www.outdoors.ee\/et\/toode\/taiga-mentasta-obh-balaclava\/","og_locale":"et_EE","og_type":"article","og_title":"TAIGA Mentasta \u00d6BH Balaclava - Outdoors","og_description":"Austria Armee TAIGA\u00ae Mentasta Balaclava, must","og_url":"https:\/\/www.outdoors.ee\/et\/toode\/taiga-mentasta-obh-balaclava\/","og_site_name":"Outdoors","article_modified_time":"2026-02-26T10:51:05+00:00","og_image":[{"width":500,"height":600,"url":"https:\/\/www.outdoors.ee\/wp-content\/uploads\/2024\/01\/0416-Austrian-Army-TAIGA\u00ae-Mentasta-Balaclava-black.jpg","type":"image\/jpeg"}],"twitter_card":"summary_large_image","twitter_misc":{"Est. reading time":"1 minut"},"schema":{"@context":"https:\/\/schema.org","@graph":[{"@type":"WebPage","@id":"https:\/\/www.outdoors.ee\/et\/toode\/taiga-mentasta-obh-balaclava\/","url":"https:\/\/www.outdoors.ee\/et\/toode\/taiga-mentasta-obh-balaclava\/","name":"TAIGA Mentasta \u00d6BH Balaclava - Outdoors","isPartOf":{"@id":"https:\/\/www.outdoors.ee\/#website"},"primaryImageOfPage":{"@id":"https:\/\/www.outdoors.ee\/et\/toode\/taiga-mentasta-obh-balaclava\/#primaryimage"},"image":{"@id":"https:\/\/www.outdoors.ee\/et\/toode\/taiga-mentasta-obh-balaclava\/#primaryimage"},"thumbnailUrl":"https:\/\/www.outdoors.ee\/wp-content\/uploads\/2024\/01\/0416-Austrian-Army-TAIGA\u00ae-Mentasta-Balaclava-black.jpg","datePublished":"2024-01-25T11:10:19+00:00","dateModified":"2026-02-26T10:51:05+00:00","breadcrumb":{"@id":"https:\/\/www.outdoors.ee\/et\/toode\/taiga-mentasta-obh-balaclava\/#breadcrumb"},"inLanguage":"et","potentialAction":[{"@type":"ReadAction","target":["https:\/\/www.outdoors.ee\/et\/toode\/taiga-mentasta-obh-balaclava\/"]}]},{"@type":"ImageObject","inLanguage":"et","@id":"https:\/\/www.outdoors.ee\/et\/toode\/taiga-mentasta-obh-balaclava\/#primaryimage","url":"https:\/\/www.outdoors.ee\/wp-content\/uploads\/2024\/01\/0416-Austrian-Army-TAIGA\u00ae-Mentasta-Balaclava-black.jpg","contentUrl":"https:\/\/www.outdoors.ee\/wp-content\/uploads\/2024\/01\/0416-Austrian-Army-TAIGA\u00ae-Mentasta-Balaclava-black.jpg","width":500,"height":600},{"@type":"BreadcrumbList","@id":"https:\/\/www.outdoors.ee\/et\/toode\/taiga-mentasta-obh-balaclava\/#breadcrumb","itemListElement":[{"@type":"ListItem","position":1,"name":"Home","item":"https:\/\/www.outdoors.ee\/et\/"},{"@type":"ListItem","position":2,"name":"Tooted","item":"https:\/\/www.outdoors.ee\/products\/"},{"@type":"ListItem","position":3,"name":"TAIGA Mentasta \u00d6BH Balaclava"}]},{"@type":"WebSite","@id":"https:\/\/www.outdoors.ee\/#website","url":"https:\/\/www.outdoors.ee\/","name":"Outdoors","description":"Genuine military surplus and not only!","potentialAction":[{"@type":"SearchAction","target":{"@type":"EntryPoint","urlTemplate":"https:\/\/www.outdoors.ee\/?s={search_term_string}"},"query-input":{"@type":"PropertyValueSpecification","valueRequired":true,"valueName":"search_term_string"}}],"inLanguage":"et"}]}},"_links":{"self":[{"href":"https:\/\/www.outdoors.ee\/et\/wp-json\/wp\/v2\/product\/90265","targetHints":{"allow":["GET"]}}],"collection":[{"href":"https:\/\/www.outdoors.ee\/et\/wp-json\/wp\/v2\/product"}],"about":[{"href":"https:\/\/www.outdoors.ee\/et\/wp-json\/wp\/v2\/types\/product"}],"wp:featuredmedia":[{"embeddable":true,"href":"https:\/\/www.outdoors.ee\/et\/wp-json\/wp\/v2\/media\/90264"}],"wp:attachment":[{"href":"https:\/\/www.outdoors.ee\/et\/wp-json\/wp\/v2\/media?parent=90265"}],"wp:term":[{"taxonomy":"product_brand","embeddable":true,"href":"https:\/\/www.outdoors.ee\/et\/wp-json\/wp\/v2\/product_brand?post=90265"},{"taxonomy":"product_cat","embeddable":true,"href":"https:\/\/www.outdoors.ee\/et\/wp-json\/wp\/v2\/product_cat?post=90265"},{"taxonomy":"product_tag","embeddable":true,"href":"https:\/\/www.outdoors.ee\/et\/wp-json\/wp\/v2\/product_tag?post=90265"}],"curies":[{"name":"wp","href":"https:\/\/api.w.org\/{rel}","templated":true}]}}