{"id":90169,"date":"2024-01-18T14:52:24","date_gmt":"2024-01-18T12:52:25","guid":{"rendered":"https:\/\/www.outdoors.ee\/?post_type=product&#038;p=90169"},"modified":"2026-01-13T12:40:46","modified_gmt":"2026-01-13T10:40:46","slug":"itaalia-armee-toidunoude-komplekt-m75","status":"publish","type":"product","link":"https:\/\/www.outdoors.ee\/et\/toode\/itaalia-armee-toidunoude-komplekt-m75\/","title":{"rendered":"Itaalia Armee toidun\u00f5ude komplekt M75"},"content":{"rendered":"<p style=\"text-align: justify;\">Itaalia s\u00f5jav\u00e4e\u00a0 3-osaline toidun\u00f5ude komplekt kergest ning vastupidavast alumiiniumist, terasest k\u00e4epidemetega. V\u00f5eti kasutusele aastal 1975, mudelilt Wermacht\u00b4i Teise Maailmas\u00f5ja aegse komplekti koopia. Madal, laia p\u00f5hjaga kuju h\u00e4sti absorbeerib soojust paigutatuna lahtisele tulele. Lihtne puhastada.<\/p>\n<p style=\"text-align: justify;\">Kaal 480g<\/p>\n<p style=\"text-align: justify;\"><strong>Seisukord:<\/strong> uus (otse tootjatehase kastidest, ilma j\u00e4em\u00fc\u00fcgipakendita)<\/p>\n","protected":false},"excerpt":{"rendered":"<p>Itaalia Armee toidun\u00f5ude komplekt M75, oliivroheline<\/p>\n","protected":false},"featured_media":90175,"template":"","meta":[],"product_brand":[],"product_cat":[223],"product_tag":[],"class_list":{"0":"post-90169","1":"product","2":"type-product","3":"status-publish","4":"has-post-thumbnail","6":"product_cat-varia","7":"pa_brand-italian-military-surplus","9":"first","10":"instock","11":"taxable","12":"shipping-taxable","13":"purchasable","14":"product-type-simple"},"yoast_head":"<!-- This site is optimized with the Yoast SEO plugin v27.2 - https:\/\/yoast.com\/product\/yoast-seo-wordpress\/ -->\n<title>Itaalia Armee toidun\u00f5ude komplekt M75 - Outdoors<\/title>\n<meta name=\"robots\" content=\"index, follow, max-snippet:-1, max-image-preview:large, max-video-preview:-1\" \/>\n<link rel=\"canonical\" href=\"https:\/\/www.outdoors.ee\/et\/toode\/itaalia-armee-toidunoude-komplekt-m75\/\" \/>\n<meta property=\"og:locale\" content=\"et_EE\" \/>\n<meta property=\"og:type\" content=\"article\" \/>\n<meta property=\"og:title\" content=\"Briti Armee toidun\u00f5ude komplekt, uus\" \/>\n<meta property=\"og:description\" content=\"Itaalia Armee toidun\u00f5ude komplekt M75, oliivroheline\" \/>\n<meta property=\"og:url\" content=\"https:\/\/www.outdoors.ee\/et\/toode\/itaalia-armee-toidunoude-komplekt-m75\/\" \/>\n<meta property=\"og:site_name\" content=\"Outdoors\" \/>\n<meta property=\"article:modified_time\" content=\"2026-01-13T10:40:46+00:00\" \/>\n<meta property=\"og:image\" content=\"https:\/\/www.outdoors.ee\/wp-content\/uploads\/2024\/01\/0374-Italian-Army-Aluminium-Mess-Kit-M75-1.png\" \/>\n\t<meta property=\"og:image:width\" content=\"500\" \/>\n\t<meta property=\"og:image:height\" content=\"500\" \/>\n\t<meta property=\"og:image:type\" content=\"image\/png\" \/>\n<meta name=\"twitter:card\" content=\"summary_large_image\" \/>\n<script type=\"application\/ld+json\" class=\"yoast-schema-graph\">{\"@context\":\"https:\/\/schema.org\",\"@graph\":[{\"@type\":\"WebPage\",\"@id\":\"https:\/\/www.outdoors.ee\/et\/toode\/itaalia-armee-toidunoude-komplekt-m75\/\",\"url\":\"https:\/\/www.outdoors.ee\/et\/toode\/itaalia-armee-toidunoude-komplekt-m75\/\",\"name\":\"Itaalia Armee toidun\u00f5ude komplekt M75 - Outdoors\",\"isPartOf\":{\"@id\":\"https:\/\/www.outdoors.ee\/#website\"},\"primaryImageOfPage\":{\"@id\":\"https:\/\/www.outdoors.ee\/et\/toode\/itaalia-armee-toidunoude-komplekt-m75\/#primaryimage\"},\"image\":{\"@id\":\"https:\/\/www.outdoors.ee\/et\/toode\/itaalia-armee-toidunoude-komplekt-m75\/#primaryimage\"},\"thumbnailUrl\":\"https:\/\/www.outdoors.ee\/wp-content\/uploads\/2024\/01\/0374-Italian-Army-Aluminium-Mess-Kit-M75-1.png\",\"datePublished\":\"2024-01-18T12:52:25+00:00\",\"dateModified\":\"2026-01-13T10:40:46+00:00\",\"breadcrumb\":{\"@id\":\"https:\/\/www.outdoors.ee\/et\/toode\/itaalia-armee-toidunoude-komplekt-m75\/#breadcrumb\"},\"inLanguage\":\"et\",\"potentialAction\":[{\"@type\":\"ReadAction\",\"target\":[\"https:\/\/www.outdoors.ee\/et\/toode\/itaalia-armee-toidunoude-komplekt-m75\/\"]}]},{\"@type\":\"ImageObject\",\"inLanguage\":\"et\",\"@id\":\"https:\/\/www.outdoors.ee\/et\/toode\/itaalia-armee-toidunoude-komplekt-m75\/#primaryimage\",\"url\":\"https:\/\/www.outdoors.ee\/wp-content\/uploads\/2024\/01\/0374-Italian-Army-Aluminium-Mess-Kit-M75-1.png\",\"contentUrl\":\"https:\/\/www.outdoors.ee\/wp-content\/uploads\/2024\/01\/0374-Italian-Army-Aluminium-Mess-Kit-M75-1.png\",\"width\":500,\"height\":500},{\"@type\":\"BreadcrumbList\",\"@id\":\"https:\/\/www.outdoors.ee\/et\/toode\/itaalia-armee-toidunoude-komplekt-m75\/#breadcrumb\",\"itemListElement\":[{\"@type\":\"ListItem\",\"position\":1,\"name\":\"Home\",\"item\":\"https:\/\/www.outdoors.ee\/et\/\"},{\"@type\":\"ListItem\",\"position\":2,\"name\":\"Tooted\",\"item\":\"https:\/\/www.outdoors.ee\/products\/\"},{\"@type\":\"ListItem\",\"position\":3,\"name\":\"Itaalia Armee toidun\u00f5ude komplekt M75\"}]},{\"@type\":\"WebSite\",\"@id\":\"https:\/\/www.outdoors.ee\/#website\",\"url\":\"https:\/\/www.outdoors.ee\/\",\"name\":\"Outdoors\",\"description\":\"Genuine military surplus and not only!\",\"potentialAction\":[{\"@type\":\"SearchAction\",\"target\":{\"@type\":\"EntryPoint\",\"urlTemplate\":\"https:\/\/www.outdoors.ee\/?s={search_term_string}\"},\"query-input\":{\"@type\":\"PropertyValueSpecification\",\"valueRequired\":true,\"valueName\":\"search_term_string\"}}],\"inLanguage\":\"et\"}]}<\/script>\n<!-- \/ Yoast SEO plugin. -->","yoast_head_json":{"title":"Itaalia Armee toidun\u00f5ude komplekt M75 - Outdoors","robots":{"index":"index","follow":"follow","max-snippet":"max-snippet:-1","max-image-preview":"max-image-preview:large","max-video-preview":"max-video-preview:-1"},"canonical":"https:\/\/www.outdoors.ee\/et\/toode\/itaalia-armee-toidunoude-komplekt-m75\/","og_locale":"et_EE","og_type":"article","og_title":"Briti Armee toidun\u00f5ude komplekt, uus","og_description":"Itaalia Armee toidun\u00f5ude komplekt M75, oliivroheline","og_url":"https:\/\/www.outdoors.ee\/et\/toode\/itaalia-armee-toidunoude-komplekt-m75\/","og_site_name":"Outdoors","article_modified_time":"2026-01-13T10:40:46+00:00","og_image":[{"width":500,"height":500,"url":"https:\/\/www.outdoors.ee\/wp-content\/uploads\/2024\/01\/0374-Italian-Army-Aluminium-Mess-Kit-M75-1.png","type":"image\/png"}],"twitter_card":"summary_large_image","schema":{"@context":"https:\/\/schema.org","@graph":[{"@type":"WebPage","@id":"https:\/\/www.outdoors.ee\/et\/toode\/itaalia-armee-toidunoude-komplekt-m75\/","url":"https:\/\/www.outdoors.ee\/et\/toode\/itaalia-armee-toidunoude-komplekt-m75\/","name":"Itaalia Armee toidun\u00f5ude komplekt M75 - Outdoors","isPartOf":{"@id":"https:\/\/www.outdoors.ee\/#website"},"primaryImageOfPage":{"@id":"https:\/\/www.outdoors.ee\/et\/toode\/itaalia-armee-toidunoude-komplekt-m75\/#primaryimage"},"image":{"@id":"https:\/\/www.outdoors.ee\/et\/toode\/itaalia-armee-toidunoude-komplekt-m75\/#primaryimage"},"thumbnailUrl":"https:\/\/www.outdoors.ee\/wp-content\/uploads\/2024\/01\/0374-Italian-Army-Aluminium-Mess-Kit-M75-1.png","datePublished":"2024-01-18T12:52:25+00:00","dateModified":"2026-01-13T10:40:46+00:00","breadcrumb":{"@id":"https:\/\/www.outdoors.ee\/et\/toode\/itaalia-armee-toidunoude-komplekt-m75\/#breadcrumb"},"inLanguage":"et","potentialAction":[{"@type":"ReadAction","target":["https:\/\/www.outdoors.ee\/et\/toode\/itaalia-armee-toidunoude-komplekt-m75\/"]}]},{"@type":"ImageObject","inLanguage":"et","@id":"https:\/\/www.outdoors.ee\/et\/toode\/itaalia-armee-toidunoude-komplekt-m75\/#primaryimage","url":"https:\/\/www.outdoors.ee\/wp-content\/uploads\/2024\/01\/0374-Italian-Army-Aluminium-Mess-Kit-M75-1.png","contentUrl":"https:\/\/www.outdoors.ee\/wp-content\/uploads\/2024\/01\/0374-Italian-Army-Aluminium-Mess-Kit-M75-1.png","width":500,"height":500},{"@type":"BreadcrumbList","@id":"https:\/\/www.outdoors.ee\/et\/toode\/itaalia-armee-toidunoude-komplekt-m75\/#breadcrumb","itemListElement":[{"@type":"ListItem","position":1,"name":"Home","item":"https:\/\/www.outdoors.ee\/et\/"},{"@type":"ListItem","position":2,"name":"Tooted","item":"https:\/\/www.outdoors.ee\/products\/"},{"@type":"ListItem","position":3,"name":"Itaalia Armee toidun\u00f5ude komplekt M75"}]},{"@type":"WebSite","@id":"https:\/\/www.outdoors.ee\/#website","url":"https:\/\/www.outdoors.ee\/","name":"Outdoors","description":"Genuine military surplus and not only!","potentialAction":[{"@type":"SearchAction","target":{"@type":"EntryPoint","urlTemplate":"https:\/\/www.outdoors.ee\/?s={search_term_string}"},"query-input":{"@type":"PropertyValueSpecification","valueRequired":true,"valueName":"search_term_string"}}],"inLanguage":"et"}]}},"_links":{"self":[{"href":"https:\/\/www.outdoors.ee\/et\/wp-json\/wp\/v2\/product\/90169","targetHints":{"allow":["GET"]}}],"collection":[{"href":"https:\/\/www.outdoors.ee\/et\/wp-json\/wp\/v2\/product"}],"about":[{"href":"https:\/\/www.outdoors.ee\/et\/wp-json\/wp\/v2\/types\/product"}],"wp:featuredmedia":[{"embeddable":true,"href":"https:\/\/www.outdoors.ee\/et\/wp-json\/wp\/v2\/media\/90175"}],"wp:attachment":[{"href":"https:\/\/www.outdoors.ee\/et\/wp-json\/wp\/v2\/media?parent=90169"}],"wp:term":[{"taxonomy":"product_brand","embeddable":true,"href":"https:\/\/www.outdoors.ee\/et\/wp-json\/wp\/v2\/product_brand?post=90169"},{"taxonomy":"product_cat","embeddable":true,"href":"https:\/\/www.outdoors.ee\/et\/wp-json\/wp\/v2\/product_cat?post=90169"},{"taxonomy":"product_tag","embeddable":true,"href":"https:\/\/www.outdoors.ee\/et\/wp-json\/wp\/v2\/product_tag?post=90169"}],"curies":[{"name":"wp","href":"https:\/\/api.w.org\/{rel}","templated":true}]}}