{"id":89261,"date":"2023-12-01T15:43:45","date_gmt":"2023-12-01T13:43:45","guid":{"rendered":"https:\/\/www.outdoors.ee\/?post_type=product&#038;p=89261"},"modified":"2025-08-26T14:34:34","modified_gmt":"2025-08-26T11:34:34","slug":"spordikott-enlarged-urban-training-bag","status":"publish","type":"product","link":"https:\/\/www.outdoors.ee\/et\/toode\/spordikott-enlarged-urban-training-bag\/","title":{"rendered":"Helikon-Tex\u00ae spordikott Enlarged Urban Training Bag"},"content":{"rendered":"<p>Spordikotina loodud, osutus see kott suurep\u00e4raseks reisikotiks. Sellel on suur lukuga p\u00f5hisahtel, kaks lukuga taskut kummaski koti otsas ja \u00fcks pikema k\u00fclje peal olev lame lukuga tasku. Kotil on mugavalt polsterdatud \u00f5larihmad ja kahekordsete kandek\u00e4epidemetega kandmist h\u00f5lbustavad rihmad. K\u00fclgedel on kaks l\u00fchemat kandesanga, mis v\u00f5ivad olla kasulikud, kui peate koti auto pagasiruumist v\u00e4lja v\u00f5tma. Kotti saab voltida \u00fchte selle k\u00fcljetaskusse, mis h\u00f5lbustab selle ladustamist.<\/p>\n<p><strong>Omadused:<\/strong><\/p>\n<ul>\n<li>pehmendatud \u00f5larihm<\/li>\n<li>vastupidavad kandesangad (4tk)<\/li>\n<li>YKK\u00ae t\u00f5mblukud<\/li>\n<li>materjal 100 % Cordura\u00ae nailon<\/li>\n<li>ligikaudsed m\u00f5\u00f5tmed: 71 x 34 x 29 cm \/ 28 x 13.4 x 11.4 in<\/li>\n<li>Maht. Peasahtel ca 86,50L, kogumaht ca 97,50L<\/li>\n<li>Kaal 1385g<\/li>\n<\/ul>\n<p><strong>Seisukord:<\/strong> uus<\/p>\n","protected":false},"excerpt":{"rendered":"<p>Spordikotina loodud, osutus see kott suurep\u00e4raseks reisikotiks. Sellel on suur lukuga p\u00f5hisahtel, kaks lukuga taskut kummaski koti otsas ja \u00fcks<\/p>\n","protected":false},"featured_media":89227,"template":"","meta":[],"product_brand":[],"product_cat":[3541],"product_tag":[],"class_list":{"0":"post-89261","1":"product","2":"type-product","3":"status-publish","4":"has-post-thumbnail","6":"product_cat-kotid-taskud","7":"pa_color-adaptive-green-2","8":"pa_color-black-2","9":"pa_color-coyote-2","10":"pa_color-shadow-grey-2","12":"first","13":"instock","14":"sale","15":"taxable","16":"shipping-taxable","17":"purchasable","18":"product-type-variable"},"yoast_head":"<!-- This site is optimized with the Yoast SEO plugin v27.2 - https:\/\/yoast.com\/product\/yoast-seo-wordpress\/ -->\n<title>Helikon-Tex\u00ae spordikott Enlarged Urban Training Bag - Outdoors<\/title>\n<meta name=\"robots\" content=\"index, follow, max-snippet:-1, max-image-preview:large, max-video-preview:-1\" \/>\n<link rel=\"canonical\" href=\"https:\/\/www.outdoors.ee\/et\/toode\/spordikott-enlarged-urban-training-bag\/\" \/>\n<meta property=\"og:locale\" content=\"et_EE\" \/>\n<meta property=\"og:type\" content=\"article\" \/>\n<meta property=\"og:title\" content=\"Helikon-Tex\u00ae spordikott Enlarged Urban Training Bag - Outdoors\" \/>\n<meta property=\"og:description\" content=\"Spordikotina loodud, osutus see kott suurep\u00e4raseks reisikotiks. Sellel on suur lukuga p\u00f5hisahtel, kaks lukuga taskut kummaski koti otsas ja \u00fcks\" \/>\n<meta property=\"og:url\" content=\"https:\/\/www.outdoors.ee\/et\/toode\/spordikott-enlarged-urban-training-bag\/\" \/>\n<meta property=\"og:site_name\" content=\"Outdoors\" \/>\n<meta property=\"article:modified_time\" content=\"2025-08-26T11:34:34+00:00\" \/>\n<meta property=\"og:image\" content=\"https:\/\/www.outdoors.ee\/wp-content\/uploads\/2023\/12\/Helikon-Tex\u00ae-Enlarged-Urban-Training-Bag\u00ae-1.jpeg\" \/>\n\t<meta property=\"og:image:width\" content=\"1500\" \/>\n\t<meta property=\"og:image:height\" content=\"1500\" \/>\n\t<meta property=\"og:image:type\" content=\"image\/jpeg\" \/>\n<meta name=\"twitter:card\" content=\"summary_large_image\" \/>\n<meta name=\"twitter:label1\" content=\"Est. reading time\" \/>\n\t<meta name=\"twitter:data1\" content=\"1 minut\" \/>\n<script type=\"application\/ld+json\" class=\"yoast-schema-graph\">{\"@context\":\"https:\/\/schema.org\",\"@graph\":[{\"@type\":\"WebPage\",\"@id\":\"https:\/\/www.outdoors.ee\/et\/toode\/spordikott-enlarged-urban-training-bag\/\",\"url\":\"https:\/\/www.outdoors.ee\/et\/toode\/spordikott-enlarged-urban-training-bag\/\",\"name\":\"Helikon-Tex\u00ae spordikott Enlarged Urban Training Bag - Outdoors\",\"isPartOf\":{\"@id\":\"https:\/\/www.outdoors.ee\/#website\"},\"primaryImageOfPage\":{\"@id\":\"https:\/\/www.outdoors.ee\/et\/toode\/spordikott-enlarged-urban-training-bag\/#primaryimage\"},\"image\":{\"@id\":\"https:\/\/www.outdoors.ee\/et\/toode\/spordikott-enlarged-urban-training-bag\/#primaryimage\"},\"thumbnailUrl\":\"https:\/\/www.outdoors.ee\/wp-content\/uploads\/2023\/12\/Helikon-Tex\u00ae-Enlarged-Urban-Training-Bag\u00ae-1.jpeg\",\"datePublished\":\"2023-12-01T13:43:45+00:00\",\"dateModified\":\"2025-08-26T11:34:34+00:00\",\"breadcrumb\":{\"@id\":\"https:\/\/www.outdoors.ee\/et\/toode\/spordikott-enlarged-urban-training-bag\/#breadcrumb\"},\"inLanguage\":\"et\",\"potentialAction\":[{\"@type\":\"ReadAction\",\"target\":[\"https:\/\/www.outdoors.ee\/et\/toode\/spordikott-enlarged-urban-training-bag\/\"]}]},{\"@type\":\"ImageObject\",\"inLanguage\":\"et\",\"@id\":\"https:\/\/www.outdoors.ee\/et\/toode\/spordikott-enlarged-urban-training-bag\/#primaryimage\",\"url\":\"https:\/\/www.outdoors.ee\/wp-content\/uploads\/2023\/12\/Helikon-Tex\u00ae-Enlarged-Urban-Training-Bag\u00ae-1.jpeg\",\"contentUrl\":\"https:\/\/www.outdoors.ee\/wp-content\/uploads\/2023\/12\/Helikon-Tex\u00ae-Enlarged-Urban-Training-Bag\u00ae-1.jpeg\",\"width\":1500,\"height\":1500},{\"@type\":\"BreadcrumbList\",\"@id\":\"https:\/\/www.outdoors.ee\/et\/toode\/spordikott-enlarged-urban-training-bag\/#breadcrumb\",\"itemListElement\":[{\"@type\":\"ListItem\",\"position\":1,\"name\":\"Home\",\"item\":\"https:\/\/www.outdoors.ee\/et\/\"},{\"@type\":\"ListItem\",\"position\":2,\"name\":\"Tooted\",\"item\":\"https:\/\/www.outdoors.ee\/products\/\"},{\"@type\":\"ListItem\",\"position\":3,\"name\":\"Helikon-Tex\u00ae spordikott Enlarged Urban Training Bag\"}]},{\"@type\":\"WebSite\",\"@id\":\"https:\/\/www.outdoors.ee\/#website\",\"url\":\"https:\/\/www.outdoors.ee\/\",\"name\":\"Outdoors\",\"description\":\"Genuine military surplus and not only!\",\"potentialAction\":[{\"@type\":\"SearchAction\",\"target\":{\"@type\":\"EntryPoint\",\"urlTemplate\":\"https:\/\/www.outdoors.ee\/?s={search_term_string}\"},\"query-input\":{\"@type\":\"PropertyValueSpecification\",\"valueRequired\":true,\"valueName\":\"search_term_string\"}}],\"inLanguage\":\"et\"}]}<\/script>\n<!-- \/ Yoast SEO plugin. -->","yoast_head_json":{"title":"Helikon-Tex\u00ae spordikott Enlarged Urban Training Bag - Outdoors","robots":{"index":"index","follow":"follow","max-snippet":"max-snippet:-1","max-image-preview":"max-image-preview:large","max-video-preview":"max-video-preview:-1"},"canonical":"https:\/\/www.outdoors.ee\/et\/toode\/spordikott-enlarged-urban-training-bag\/","og_locale":"et_EE","og_type":"article","og_title":"Helikon-Tex\u00ae spordikott Enlarged Urban Training Bag - Outdoors","og_description":"Spordikotina loodud, osutus see kott suurep\u00e4raseks reisikotiks. Sellel on suur lukuga p\u00f5hisahtel, kaks lukuga taskut kummaski koti otsas ja \u00fcks","og_url":"https:\/\/www.outdoors.ee\/et\/toode\/spordikott-enlarged-urban-training-bag\/","og_site_name":"Outdoors","article_modified_time":"2025-08-26T11:34:34+00:00","og_image":[{"width":1500,"height":1500,"url":"https:\/\/www.outdoors.ee\/wp-content\/uploads\/2023\/12\/Helikon-Tex\u00ae-Enlarged-Urban-Training-Bag\u00ae-1.jpeg","type":"image\/jpeg"}],"twitter_card":"summary_large_image","twitter_misc":{"Est. reading time":"1 minut"},"schema":{"@context":"https:\/\/schema.org","@graph":[{"@type":"WebPage","@id":"https:\/\/www.outdoors.ee\/et\/toode\/spordikott-enlarged-urban-training-bag\/","url":"https:\/\/www.outdoors.ee\/et\/toode\/spordikott-enlarged-urban-training-bag\/","name":"Helikon-Tex\u00ae spordikott Enlarged Urban Training Bag - Outdoors","isPartOf":{"@id":"https:\/\/www.outdoors.ee\/#website"},"primaryImageOfPage":{"@id":"https:\/\/www.outdoors.ee\/et\/toode\/spordikott-enlarged-urban-training-bag\/#primaryimage"},"image":{"@id":"https:\/\/www.outdoors.ee\/et\/toode\/spordikott-enlarged-urban-training-bag\/#primaryimage"},"thumbnailUrl":"https:\/\/www.outdoors.ee\/wp-content\/uploads\/2023\/12\/Helikon-Tex\u00ae-Enlarged-Urban-Training-Bag\u00ae-1.jpeg","datePublished":"2023-12-01T13:43:45+00:00","dateModified":"2025-08-26T11:34:34+00:00","breadcrumb":{"@id":"https:\/\/www.outdoors.ee\/et\/toode\/spordikott-enlarged-urban-training-bag\/#breadcrumb"},"inLanguage":"et","potentialAction":[{"@type":"ReadAction","target":["https:\/\/www.outdoors.ee\/et\/toode\/spordikott-enlarged-urban-training-bag\/"]}]},{"@type":"ImageObject","inLanguage":"et","@id":"https:\/\/www.outdoors.ee\/et\/toode\/spordikott-enlarged-urban-training-bag\/#primaryimage","url":"https:\/\/www.outdoors.ee\/wp-content\/uploads\/2023\/12\/Helikon-Tex\u00ae-Enlarged-Urban-Training-Bag\u00ae-1.jpeg","contentUrl":"https:\/\/www.outdoors.ee\/wp-content\/uploads\/2023\/12\/Helikon-Tex\u00ae-Enlarged-Urban-Training-Bag\u00ae-1.jpeg","width":1500,"height":1500},{"@type":"BreadcrumbList","@id":"https:\/\/www.outdoors.ee\/et\/toode\/spordikott-enlarged-urban-training-bag\/#breadcrumb","itemListElement":[{"@type":"ListItem","position":1,"name":"Home","item":"https:\/\/www.outdoors.ee\/et\/"},{"@type":"ListItem","position":2,"name":"Tooted","item":"https:\/\/www.outdoors.ee\/products\/"},{"@type":"ListItem","position":3,"name":"Helikon-Tex\u00ae spordikott Enlarged Urban Training Bag"}]},{"@type":"WebSite","@id":"https:\/\/www.outdoors.ee\/#website","url":"https:\/\/www.outdoors.ee\/","name":"Outdoors","description":"Genuine military surplus and not only!","potentialAction":[{"@type":"SearchAction","target":{"@type":"EntryPoint","urlTemplate":"https:\/\/www.outdoors.ee\/?s={search_term_string}"},"query-input":{"@type":"PropertyValueSpecification","valueRequired":true,"valueName":"search_term_string"}}],"inLanguage":"et"}]}},"_links":{"self":[{"href":"https:\/\/www.outdoors.ee\/et\/wp-json\/wp\/v2\/product\/89261","targetHints":{"allow":["GET"]}}],"collection":[{"href":"https:\/\/www.outdoors.ee\/et\/wp-json\/wp\/v2\/product"}],"about":[{"href":"https:\/\/www.outdoors.ee\/et\/wp-json\/wp\/v2\/types\/product"}],"wp:featuredmedia":[{"embeddable":true,"href":"https:\/\/www.outdoors.ee\/et\/wp-json\/wp\/v2\/media\/89227"}],"wp:attachment":[{"href":"https:\/\/www.outdoors.ee\/et\/wp-json\/wp\/v2\/media?parent=89261"}],"wp:term":[{"taxonomy":"product_brand","embeddable":true,"href":"https:\/\/www.outdoors.ee\/et\/wp-json\/wp\/v2\/product_brand?post=89261"},{"taxonomy":"product_cat","embeddable":true,"href":"https:\/\/www.outdoors.ee\/et\/wp-json\/wp\/v2\/product_cat?post=89261"},{"taxonomy":"product_tag","embeddable":true,"href":"https:\/\/www.outdoors.ee\/et\/wp-json\/wp\/v2\/product_tag?post=89261"}],"curies":[{"name":"wp","href":"https:\/\/api.w.org\/{rel}","templated":true}]}}