{"id":89131,"date":"2023-11-30T13:50:08","date_gmt":"2023-11-30T11:50:08","guid":{"rendered":"https:\/\/www.outdoors.ee\/?post_type=product&#038;p=89131"},"modified":"2025-08-26T15:14:49","modified_gmt":"2025-08-26T12:14:49","slug":"plaadikandja-guardian-military-set","status":"publish","type":"product","link":"https:\/\/www.outdoors.ee\/et\/toode\/plaadikandja-guardian-military-set\/","title":{"rendered":"Helikon-Tex\u00ae plaadikandja Guardian Military Set"},"content":{"rendered":"<p><strong>Omadused:<\/strong><\/p>\n<ul>\n<li>Koosneb 3 komponendist: plaadikandja, cummerband v\u00f6\u00f6, esitasku<\/li>\n<li>konfigureeritav, v\u00f5imaldav mitmesuguse varustuse kinnitamist<\/li>\n<li>MOLLE\/PALS kinnitused<\/li>\n<li>esitasku mahutab 3 AR\/AK salve<\/li>\n<li>materjal: 100% nailon<\/li>\n<li>kaal 740g<\/li>\n<\/ul>\n<p><strong>Seisukord:<\/strong> uus<\/p>\n","protected":false},"excerpt":{"rendered":"<p>Omadused: Koosneb 3 komponendist: plaadikandja, cummerband v\u00f6\u00f6, esitasku konfigureeritav, v\u00f5imaldav mitmesuguse varustuse kinnitamist MOLLE\/PALS kinnitused esitasku mahutab 3 AR\/AK salve<\/p>\n","protected":false},"featured_media":89124,"template":"","meta":[],"product_brand":[],"product_cat":[149],"product_tag":[],"class_list":{"0":"post-89131","1":"product","2":"type-product","3":"status-publish","4":"has-post-thumbnail","6":"product_cat-taktikaline-varustus","7":"pa_brand-helikon-tex","8":"pa_color-coyote-2","9":"pa_color-olive-green-2","10":"pa_size-l-2","11":"pa_size-m-2","13":"first","14":"instock","15":"taxable","16":"shipping-taxable","17":"purchasable","18":"product-type-variable"},"yoast_head":"<!-- This site is optimized with the Yoast SEO plugin v27.2 - https:\/\/yoast.com\/product\/yoast-seo-wordpress\/ -->\n<title>Helikon-Tex\u00ae plaadikandja Guardian Military Set - Outdoors<\/title>\n<meta name=\"robots\" content=\"index, follow, max-snippet:-1, max-image-preview:large, max-video-preview:-1\" \/>\n<link rel=\"canonical\" href=\"https:\/\/www.outdoors.ee\/et\/toode\/plaadikandja-guardian-military-set\/\" \/>\n<meta property=\"og:locale\" content=\"et_EE\" \/>\n<meta property=\"og:type\" content=\"article\" \/>\n<meta property=\"og:title\" content=\"Helikon-Tex\u00ae plaadikandja Guardian Military Set - Outdoors\" \/>\n<meta property=\"og:description\" content=\"Omadused: Koosneb 3 komponendist: plaadikandja, cummerband v\u00f6\u00f6, esitasku konfigureeritav, v\u00f5imaldav mitmesuguse varustuse kinnitamist MOLLE\/PALS kinnitused esitasku mahutab 3 AR\/AK salve\" \/>\n<meta property=\"og:url\" content=\"https:\/\/www.outdoors.ee\/et\/toode\/plaadikandja-guardian-military-set\/\" \/>\n<meta property=\"og:site_name\" content=\"Outdoors\" \/>\n<meta property=\"article:modified_time\" content=\"2025-08-26T12:14:49+00:00\" \/>\n<meta property=\"og:image\" content=\"https:\/\/www.outdoors.ee\/wp-content\/uploads\/2023\/11\/Helikon-Tex\u00ae-Guardian-Military-Set-4.jpg\" \/>\n\t<meta property=\"og:image:width\" content=\"1500\" \/>\n\t<meta property=\"og:image:height\" content=\"1500\" \/>\n\t<meta property=\"og:image:type\" content=\"image\/jpeg\" \/>\n<meta name=\"twitter:card\" content=\"summary_large_image\" \/>\n<script type=\"application\/ld+json\" class=\"yoast-schema-graph\">{\"@context\":\"https:\/\/schema.org\",\"@graph\":[{\"@type\":\"WebPage\",\"@id\":\"https:\/\/www.outdoors.ee\/et\/toode\/plaadikandja-guardian-military-set\/\",\"url\":\"https:\/\/www.outdoors.ee\/et\/toode\/plaadikandja-guardian-military-set\/\",\"name\":\"Helikon-Tex\u00ae plaadikandja Guardian Military Set - Outdoors\",\"isPartOf\":{\"@id\":\"https:\/\/www.outdoors.ee\/#website\"},\"primaryImageOfPage\":{\"@id\":\"https:\/\/www.outdoors.ee\/et\/toode\/plaadikandja-guardian-military-set\/#primaryimage\"},\"image\":{\"@id\":\"https:\/\/www.outdoors.ee\/et\/toode\/plaadikandja-guardian-military-set\/#primaryimage\"},\"thumbnailUrl\":\"https:\/\/www.outdoors.ee\/wp-content\/uploads\/2023\/11\/Helikon-Tex\u00ae-Guardian-Military-Set-4.jpg\",\"datePublished\":\"2023-11-30T11:50:08+00:00\",\"dateModified\":\"2025-08-26T12:14:49+00:00\",\"breadcrumb\":{\"@id\":\"https:\/\/www.outdoors.ee\/et\/toode\/plaadikandja-guardian-military-set\/#breadcrumb\"},\"inLanguage\":\"et\",\"potentialAction\":[{\"@type\":\"ReadAction\",\"target\":[\"https:\/\/www.outdoors.ee\/et\/toode\/plaadikandja-guardian-military-set\/\"]}]},{\"@type\":\"ImageObject\",\"inLanguage\":\"et\",\"@id\":\"https:\/\/www.outdoors.ee\/et\/toode\/plaadikandja-guardian-military-set\/#primaryimage\",\"url\":\"https:\/\/www.outdoors.ee\/wp-content\/uploads\/2023\/11\/Helikon-Tex\u00ae-Guardian-Military-Set-4.jpg\",\"contentUrl\":\"https:\/\/www.outdoors.ee\/wp-content\/uploads\/2023\/11\/Helikon-Tex\u00ae-Guardian-Military-Set-4.jpg\",\"width\":1500,\"height\":1500},{\"@type\":\"BreadcrumbList\",\"@id\":\"https:\/\/www.outdoors.ee\/et\/toode\/plaadikandja-guardian-military-set\/#breadcrumb\",\"itemListElement\":[{\"@type\":\"ListItem\",\"position\":1,\"name\":\"Home\",\"item\":\"https:\/\/www.outdoors.ee\/et\/\"},{\"@type\":\"ListItem\",\"position\":2,\"name\":\"Tooted\",\"item\":\"https:\/\/www.outdoors.ee\/products\/\"},{\"@type\":\"ListItem\",\"position\":3,\"name\":\"Helikon-Tex\u00ae plaadikandja Guardian Military Set\"}]},{\"@type\":\"WebSite\",\"@id\":\"https:\/\/www.outdoors.ee\/#website\",\"url\":\"https:\/\/www.outdoors.ee\/\",\"name\":\"Outdoors\",\"description\":\"Genuine military surplus and not only!\",\"potentialAction\":[{\"@type\":\"SearchAction\",\"target\":{\"@type\":\"EntryPoint\",\"urlTemplate\":\"https:\/\/www.outdoors.ee\/?s={search_term_string}\"},\"query-input\":{\"@type\":\"PropertyValueSpecification\",\"valueRequired\":true,\"valueName\":\"search_term_string\"}}],\"inLanguage\":\"et\"}]}<\/script>\n<!-- \/ Yoast SEO plugin. -->","yoast_head_json":{"title":"Helikon-Tex\u00ae plaadikandja Guardian Military Set - Outdoors","robots":{"index":"index","follow":"follow","max-snippet":"max-snippet:-1","max-image-preview":"max-image-preview:large","max-video-preview":"max-video-preview:-1"},"canonical":"https:\/\/www.outdoors.ee\/et\/toode\/plaadikandja-guardian-military-set\/","og_locale":"et_EE","og_type":"article","og_title":"Helikon-Tex\u00ae plaadikandja Guardian Military Set - Outdoors","og_description":"Omadused: Koosneb 3 komponendist: plaadikandja, cummerband v\u00f6\u00f6, esitasku konfigureeritav, v\u00f5imaldav mitmesuguse varustuse kinnitamist MOLLE\/PALS kinnitused esitasku mahutab 3 AR\/AK salve","og_url":"https:\/\/www.outdoors.ee\/et\/toode\/plaadikandja-guardian-military-set\/","og_site_name":"Outdoors","article_modified_time":"2025-08-26T12:14:49+00:00","og_image":[{"width":1500,"height":1500,"url":"https:\/\/www.outdoors.ee\/wp-content\/uploads\/2023\/11\/Helikon-Tex\u00ae-Guardian-Military-Set-4.jpg","type":"image\/jpeg"}],"twitter_card":"summary_large_image","schema":{"@context":"https:\/\/schema.org","@graph":[{"@type":"WebPage","@id":"https:\/\/www.outdoors.ee\/et\/toode\/plaadikandja-guardian-military-set\/","url":"https:\/\/www.outdoors.ee\/et\/toode\/plaadikandja-guardian-military-set\/","name":"Helikon-Tex\u00ae plaadikandja Guardian Military Set - Outdoors","isPartOf":{"@id":"https:\/\/www.outdoors.ee\/#website"},"primaryImageOfPage":{"@id":"https:\/\/www.outdoors.ee\/et\/toode\/plaadikandja-guardian-military-set\/#primaryimage"},"image":{"@id":"https:\/\/www.outdoors.ee\/et\/toode\/plaadikandja-guardian-military-set\/#primaryimage"},"thumbnailUrl":"https:\/\/www.outdoors.ee\/wp-content\/uploads\/2023\/11\/Helikon-Tex\u00ae-Guardian-Military-Set-4.jpg","datePublished":"2023-11-30T11:50:08+00:00","dateModified":"2025-08-26T12:14:49+00:00","breadcrumb":{"@id":"https:\/\/www.outdoors.ee\/et\/toode\/plaadikandja-guardian-military-set\/#breadcrumb"},"inLanguage":"et","potentialAction":[{"@type":"ReadAction","target":["https:\/\/www.outdoors.ee\/et\/toode\/plaadikandja-guardian-military-set\/"]}]},{"@type":"ImageObject","inLanguage":"et","@id":"https:\/\/www.outdoors.ee\/et\/toode\/plaadikandja-guardian-military-set\/#primaryimage","url":"https:\/\/www.outdoors.ee\/wp-content\/uploads\/2023\/11\/Helikon-Tex\u00ae-Guardian-Military-Set-4.jpg","contentUrl":"https:\/\/www.outdoors.ee\/wp-content\/uploads\/2023\/11\/Helikon-Tex\u00ae-Guardian-Military-Set-4.jpg","width":1500,"height":1500},{"@type":"BreadcrumbList","@id":"https:\/\/www.outdoors.ee\/et\/toode\/plaadikandja-guardian-military-set\/#breadcrumb","itemListElement":[{"@type":"ListItem","position":1,"name":"Home","item":"https:\/\/www.outdoors.ee\/et\/"},{"@type":"ListItem","position":2,"name":"Tooted","item":"https:\/\/www.outdoors.ee\/products\/"},{"@type":"ListItem","position":3,"name":"Helikon-Tex\u00ae plaadikandja Guardian Military Set"}]},{"@type":"WebSite","@id":"https:\/\/www.outdoors.ee\/#website","url":"https:\/\/www.outdoors.ee\/","name":"Outdoors","description":"Genuine military surplus and not only!","potentialAction":[{"@type":"SearchAction","target":{"@type":"EntryPoint","urlTemplate":"https:\/\/www.outdoors.ee\/?s={search_term_string}"},"query-input":{"@type":"PropertyValueSpecification","valueRequired":true,"valueName":"search_term_string"}}],"inLanguage":"et"}]}},"_links":{"self":[{"href":"https:\/\/www.outdoors.ee\/et\/wp-json\/wp\/v2\/product\/89131","targetHints":{"allow":["GET"]}}],"collection":[{"href":"https:\/\/www.outdoors.ee\/et\/wp-json\/wp\/v2\/product"}],"about":[{"href":"https:\/\/www.outdoors.ee\/et\/wp-json\/wp\/v2\/types\/product"}],"wp:featuredmedia":[{"embeddable":true,"href":"https:\/\/www.outdoors.ee\/et\/wp-json\/wp\/v2\/media\/89124"}],"wp:attachment":[{"href":"https:\/\/www.outdoors.ee\/et\/wp-json\/wp\/v2\/media?parent=89131"}],"wp:term":[{"taxonomy":"product_brand","embeddable":true,"href":"https:\/\/www.outdoors.ee\/et\/wp-json\/wp\/v2\/product_brand?post=89131"},{"taxonomy":"product_cat","embeddable":true,"href":"https:\/\/www.outdoors.ee\/et\/wp-json\/wp\/v2\/product_cat?post=89131"},{"taxonomy":"product_tag","embeddable":true,"href":"https:\/\/www.outdoors.ee\/et\/wp-json\/wp\/v2\/product_tag?post=89131"}],"curies":[{"name":"wp","href":"https:\/\/api.w.org\/{rel}","templated":true}]}}