{"id":89067,"date":"2023-11-30T09:33:03","date_gmt":"2023-11-30T07:33:03","guid":{"rendered":"https:\/\/www.outdoors.ee\/?post_type=product&#038;p=89067"},"modified":"2025-08-26T15:15:03","modified_gmt":"2025-08-26T12:15:03","slug":"soojapesu-sark-us-lvl-1","status":"publish","type":"product","link":"https:\/\/www.outdoors.ee\/et\/toode\/soojapesu-sark-us-lvl-1\/","title":{"rendered":"Helikon-Tex\u00ae soojapesu s\u00e4rk US LVL 1"},"content":{"rendered":"<p>Aluskiht k\u00fclma ilmastiku tingimustesse v\u00f5i olukordadesse, kus nahk vajab kaitset p\u00e4ikese eest. Valmistatud h\u00e4sti hingavast Helikon-Tex\u00ae Quick Dry kangast (pol\u00fcester), mis t\u00f5husalt juhib niiskuse kehapinnalt eemale, tagades mugavuse pikaajalisel kasutamisel. Lamedad \u00f5mblused v\u00e4hendavad h\u00f5\u00f5rumise riski ja raglaanvarrukad tagavad mugava liikumise \u00f5lapiirkonnas. See on suurep\u00e4rane valik intensiivseks ja pikaajaliseks aktiivsuseks.<\/p>\n<p><strong>Omadused:<\/strong><\/p>\n<ul>\n<li>hea hingavus ning termoregulatsioon<\/li>\n<li>lamedad \u00f5mblused<\/li>\n<li>kerge ning kompaktselt pakitud<\/li>\n<li>kiiresti kuivav Helikon-Tex\u00ae Quick Dry kangas<\/li>\n<li>Raglan varrukad<\/li>\n<li>materjal: 100 % pol\u00fcester<\/li>\n<li>kaal 156g<\/li>\n<\/ul>\n<p><strong>Seisukord:<\/strong> uus<\/p>\n","protected":false},"excerpt":{"rendered":"<p>Aluskiht k\u00fclma ilmastiku tingimustesse v\u00f5i olukordadesse, kus nahk vajab kaitset p\u00e4ikese eest. Valmistatud h\u00e4sti hingavast Helikon-Tex\u00ae Quick Dry kangast (pol\u00fcester),<\/p>\n","protected":false},"featured_media":102175,"template":"","meta":[],"product_brand":[],"product_cat":[129],"product_tag":[],"class_list":{"0":"post-89067","1":"product","2":"type-product","3":"status-publish","4":"has-post-thumbnail","6":"product_cat-soe-pesu-aluskiht","7":"pa_brand-helikon-tex","8":"pa_color-black-2","9":"pa_color-olive-green-2","10":"pa_size-l-2","11":"pa_size-m-2","12":"pa_size-s-2","13":"pa_size-xl-2","14":"pa_size-xxl-2","16":"first","17":"instock","18":"taxable","19":"shipping-taxable","20":"purchasable","21":"product-type-variable"},"yoast_head":"<!-- This site is optimized with the Yoast SEO plugin v27.2 - https:\/\/yoast.com\/product\/yoast-seo-wordpress\/ -->\n<title>Helikon-Tex\u00ae soojapesu s\u00e4rk US LVL 1 - Outdoors<\/title>\n<meta name=\"robots\" content=\"index, follow, max-snippet:-1, max-image-preview:large, max-video-preview:-1\" \/>\n<link rel=\"canonical\" href=\"https:\/\/www.outdoors.ee\/toode\/helikon-tex-underwear-top-us-lvl-1\/\" \/>\n<meta property=\"og:locale\" content=\"et_EE\" \/>\n<meta property=\"og:type\" content=\"article\" \/>\n<meta property=\"og:title\" content=\"Helikon-Tex\u00ae soojapesu s\u00e4rk US LVL 1 - Outdoors\" \/>\n<meta property=\"og:description\" content=\"Aluskiht k\u00fclma ilmastiku tingimustesse v\u00f5i olukordadesse, kus nahk vajab kaitset p\u00e4ikese eest. Valmistatud h\u00e4sti hingavast Helikon-Tex\u00ae Quick Dry kangast (pol\u00fcester),\" \/>\n<meta property=\"og:url\" content=\"https:\/\/www.outdoors.ee\/toode\/helikon-tex-underwear-top-us-lvl-1\/\" \/>\n<meta property=\"og:site_name\" content=\"Outdoors\" \/>\n<meta property=\"article:modified_time\" content=\"2025-08-26T12:15:03+00:00\" \/>\n<meta property=\"og:image\" content=\"https:\/\/www.outdoors.ee\/wp-content\/uploads\/2023\/11\/Helikon-Tex\u00ae-Underwear-Top-US-LVL-1-Olive-Green.jpg\" \/>\n\t<meta property=\"og:image:width\" content=\"1500\" \/>\n\t<meta property=\"og:image:height\" content=\"1500\" \/>\n\t<meta property=\"og:image:type\" content=\"image\/jpeg\" \/>\n<meta name=\"twitter:card\" content=\"summary_large_image\" \/>\n<meta name=\"twitter:label1\" content=\"Est. reading time\" \/>\n\t<meta name=\"twitter:data1\" content=\"1 minut\" \/>\n<script type=\"application\/ld+json\" class=\"yoast-schema-graph\">{\"@context\":\"https:\/\/schema.org\",\"@graph\":[{\"@type\":\"WebPage\",\"@id\":\"https:\/\/www.outdoors.ee\/toode\/helikon-tex-underwear-top-us-lvl-1\/\",\"url\":\"https:\/\/www.outdoors.ee\/toode\/helikon-tex-underwear-top-us-lvl-1\/\",\"name\":\"Helikon-Tex\u00ae soojapesu s\u00e4rk US LVL 1 - Outdoors\",\"isPartOf\":{\"@id\":\"https:\/\/www.outdoors.ee\/#website\"},\"primaryImageOfPage\":{\"@id\":\"https:\/\/www.outdoors.ee\/toode\/helikon-tex-underwear-top-us-lvl-1\/#primaryimage\"},\"image\":{\"@id\":\"https:\/\/www.outdoors.ee\/toode\/helikon-tex-underwear-top-us-lvl-1\/#primaryimage\"},\"thumbnailUrl\":\"https:\/\/www.outdoors.ee\/wp-content\/uploads\/2023\/11\/Helikon-Tex\u00ae-Underwear-Top-US-LVL-1-Olive-Green.jpg\",\"datePublished\":\"2023-11-30T07:33:03+00:00\",\"dateModified\":\"2025-08-26T12:15:03+00:00\",\"breadcrumb\":{\"@id\":\"https:\/\/www.outdoors.ee\/toode\/helikon-tex-underwear-top-us-lvl-1\/#breadcrumb\"},\"inLanguage\":\"et\",\"potentialAction\":[{\"@type\":\"ReadAction\",\"target\":[\"https:\/\/www.outdoors.ee\/toode\/helikon-tex-underwear-top-us-lvl-1\/\"]}]},{\"@type\":\"ImageObject\",\"inLanguage\":\"et\",\"@id\":\"https:\/\/www.outdoors.ee\/toode\/helikon-tex-underwear-top-us-lvl-1\/#primaryimage\",\"url\":\"https:\/\/www.outdoors.ee\/wp-content\/uploads\/2023\/11\/Helikon-Tex\u00ae-Underwear-Top-US-LVL-1-Olive-Green.jpg\",\"contentUrl\":\"https:\/\/www.outdoors.ee\/wp-content\/uploads\/2023\/11\/Helikon-Tex\u00ae-Underwear-Top-US-LVL-1-Olive-Green.jpg\",\"width\":1500,\"height\":1500},{\"@type\":\"BreadcrumbList\",\"@id\":\"https:\/\/www.outdoors.ee\/toode\/helikon-tex-underwear-top-us-lvl-1\/#breadcrumb\",\"itemListElement\":[{\"@type\":\"ListItem\",\"position\":1,\"name\":\"Home\",\"item\":\"https:\/\/www.outdoors.ee\/et\/\"},{\"@type\":\"ListItem\",\"position\":2,\"name\":\"Tooted\",\"item\":\"https:\/\/www.outdoors.ee\/products\/\"},{\"@type\":\"ListItem\",\"position\":3,\"name\":\"Helikon-Tex\u00ae soojapesu s\u00e4rk US LVL 1\"}]},{\"@type\":\"WebSite\",\"@id\":\"https:\/\/www.outdoors.ee\/#website\",\"url\":\"https:\/\/www.outdoors.ee\/\",\"name\":\"Outdoors\",\"description\":\"Genuine military surplus and not only!\",\"potentialAction\":[{\"@type\":\"SearchAction\",\"target\":{\"@type\":\"EntryPoint\",\"urlTemplate\":\"https:\/\/www.outdoors.ee\/?s={search_term_string}\"},\"query-input\":{\"@type\":\"PropertyValueSpecification\",\"valueRequired\":true,\"valueName\":\"search_term_string\"}}],\"inLanguage\":\"et\"}]}<\/script>\n<!-- \/ Yoast SEO plugin. -->","yoast_head_json":{"title":"Helikon-Tex\u00ae soojapesu s\u00e4rk US LVL 1 - Outdoors","robots":{"index":"index","follow":"follow","max-snippet":"max-snippet:-1","max-image-preview":"max-image-preview:large","max-video-preview":"max-video-preview:-1"},"canonical":"https:\/\/www.outdoors.ee\/toode\/helikon-tex-underwear-top-us-lvl-1\/","og_locale":"et_EE","og_type":"article","og_title":"Helikon-Tex\u00ae soojapesu s\u00e4rk US LVL 1 - Outdoors","og_description":"Aluskiht k\u00fclma ilmastiku tingimustesse v\u00f5i olukordadesse, kus nahk vajab kaitset p\u00e4ikese eest. Valmistatud h\u00e4sti hingavast Helikon-Tex\u00ae Quick Dry kangast (pol\u00fcester),","og_url":"https:\/\/www.outdoors.ee\/toode\/helikon-tex-underwear-top-us-lvl-1\/","og_site_name":"Outdoors","article_modified_time":"2025-08-26T12:15:03+00:00","og_image":[{"width":1500,"height":1500,"url":"https:\/\/www.outdoors.ee\/wp-content\/uploads\/2023\/11\/Helikon-Tex\u00ae-Underwear-Top-US-LVL-1-Olive-Green.jpg","type":"image\/jpeg"}],"twitter_card":"summary_large_image","twitter_misc":{"Est. reading time":"1 minut"},"schema":{"@context":"https:\/\/schema.org","@graph":[{"@type":"WebPage","@id":"https:\/\/www.outdoors.ee\/toode\/helikon-tex-underwear-top-us-lvl-1\/","url":"https:\/\/www.outdoors.ee\/toode\/helikon-tex-underwear-top-us-lvl-1\/","name":"Helikon-Tex\u00ae soojapesu s\u00e4rk US LVL 1 - Outdoors","isPartOf":{"@id":"https:\/\/www.outdoors.ee\/#website"},"primaryImageOfPage":{"@id":"https:\/\/www.outdoors.ee\/toode\/helikon-tex-underwear-top-us-lvl-1\/#primaryimage"},"image":{"@id":"https:\/\/www.outdoors.ee\/toode\/helikon-tex-underwear-top-us-lvl-1\/#primaryimage"},"thumbnailUrl":"https:\/\/www.outdoors.ee\/wp-content\/uploads\/2023\/11\/Helikon-Tex\u00ae-Underwear-Top-US-LVL-1-Olive-Green.jpg","datePublished":"2023-11-30T07:33:03+00:00","dateModified":"2025-08-26T12:15:03+00:00","breadcrumb":{"@id":"https:\/\/www.outdoors.ee\/toode\/helikon-tex-underwear-top-us-lvl-1\/#breadcrumb"},"inLanguage":"et","potentialAction":[{"@type":"ReadAction","target":["https:\/\/www.outdoors.ee\/toode\/helikon-tex-underwear-top-us-lvl-1\/"]}]},{"@type":"ImageObject","inLanguage":"et","@id":"https:\/\/www.outdoors.ee\/toode\/helikon-tex-underwear-top-us-lvl-1\/#primaryimage","url":"https:\/\/www.outdoors.ee\/wp-content\/uploads\/2023\/11\/Helikon-Tex\u00ae-Underwear-Top-US-LVL-1-Olive-Green.jpg","contentUrl":"https:\/\/www.outdoors.ee\/wp-content\/uploads\/2023\/11\/Helikon-Tex\u00ae-Underwear-Top-US-LVL-1-Olive-Green.jpg","width":1500,"height":1500},{"@type":"BreadcrumbList","@id":"https:\/\/www.outdoors.ee\/toode\/helikon-tex-underwear-top-us-lvl-1\/#breadcrumb","itemListElement":[{"@type":"ListItem","position":1,"name":"Home","item":"https:\/\/www.outdoors.ee\/et\/"},{"@type":"ListItem","position":2,"name":"Tooted","item":"https:\/\/www.outdoors.ee\/products\/"},{"@type":"ListItem","position":3,"name":"Helikon-Tex\u00ae soojapesu s\u00e4rk US LVL 1"}]},{"@type":"WebSite","@id":"https:\/\/www.outdoors.ee\/#website","url":"https:\/\/www.outdoors.ee\/","name":"Outdoors","description":"Genuine military surplus and not only!","potentialAction":[{"@type":"SearchAction","target":{"@type":"EntryPoint","urlTemplate":"https:\/\/www.outdoors.ee\/?s={search_term_string}"},"query-input":{"@type":"PropertyValueSpecification","valueRequired":true,"valueName":"search_term_string"}}],"inLanguage":"et"}]}},"_links":{"self":[{"href":"https:\/\/www.outdoors.ee\/et\/wp-json\/wp\/v2\/product\/89067","targetHints":{"allow":["GET"]}}],"collection":[{"href":"https:\/\/www.outdoors.ee\/et\/wp-json\/wp\/v2\/product"}],"about":[{"href":"https:\/\/www.outdoors.ee\/et\/wp-json\/wp\/v2\/types\/product"}],"wp:featuredmedia":[{"embeddable":true,"href":"https:\/\/www.outdoors.ee\/et\/wp-json\/wp\/v2\/media\/102175"}],"wp:attachment":[{"href":"https:\/\/www.outdoors.ee\/et\/wp-json\/wp\/v2\/media?parent=89067"}],"wp:term":[{"taxonomy":"product_brand","embeddable":true,"href":"https:\/\/www.outdoors.ee\/et\/wp-json\/wp\/v2\/product_brand?post=89067"},{"taxonomy":"product_cat","embeddable":true,"href":"https:\/\/www.outdoors.ee\/et\/wp-json\/wp\/v2\/product_cat?post=89067"},{"taxonomy":"product_tag","embeddable":true,"href":"https:\/\/www.outdoors.ee\/et\/wp-json\/wp\/v2\/product_tag?post=89067"}],"curies":[{"name":"wp","href":"https:\/\/api.w.org\/{rel}","templated":true}]}}