{"id":88720,"date":"2023-11-16T14:51:51","date_gmt":"2023-11-16T12:51:51","guid":{"rendered":"https:\/\/www.outdoors.ee\/?post_type=product&#038;p=88720"},"modified":"2025-11-05T19:42:16","modified_gmt":"2025-11-05T17:42:16","slug":"merino-xtreme-thermal-soojapesu-puksid","status":"publish","type":"product","link":"https:\/\/www.outdoors.ee\/et\/toode\/merino-xtreme-thermal-soojapesu-puksid\/","title":{"rendered":"Thermowave\u00ae Merino Xtreme Thermal soojapesu p\u00fcksid"},"content":{"rendered":"<p>Merino Xtreme\u2019i meeste aluskiht on valmistatud \u00fcliheast kangast, mis on segu looduslikest ja kunstmaterjalidest. Pol\u00fcestrist sisemus on kujundatud optimaalseks kehaniiskuse kontrolli all hoidmiseks, samas kui meriinovillast v\u00e4liskihil on suurep\u00e4rased soojusisoleerivad omadused ja see on looduslikult antibakteriaalne. Nende m\u00f5lema kahekihiline kombinatsioon annab suurep\u00e4rase isoleerimisv\u00f5imega ja v\u00e4ga vastupidava, kuid siiski hingava kanga. Thermowave\u2019i meeste aluskiht Merino Xtreme on eriti pehme ega aja t\u00e4nu tasapinnalistele \u00f5mblustele s\u00fcgelema, sobides ka tundlikule nahale.<br \/>\n<strong><br \/>\nOmadused:<\/strong><\/p>\n<ul>\n<li>aluskiht: nahale k\u00f5ige l\u00e4hemal<\/li>\n<li>kahekihiline kangas \u2013 parim v\u00f5imalik soojuse-kaalu suhe<\/li>\n<li>v\u00e4limine kiht on meriinovilla ja pol\u00fcamiidi segu, mis muudab r\u00f5iva vastupidavamaks<\/li>\n<li>sisemine kiht on funktsionaalne pol\u00fcester, mis kuivab kiiresti ja on mugav<\/li>\n<li>lai ja mugavalt veniv v\u00f6\u00f6koht<\/li>\n<li>kiil l\u00f5peb t\u00e4pselt p\u00f5lve kohal, tagades liikuvuse ja mugavuse<\/li>\n<li>lamedad \u00fchendus\u00f5mblused naha\u00e4rrituse ennetamiseks<\/li>\n<li>maksimaalne hingavus ja looduslik antibakteriaalne kaitse<\/li>\n<li>materjali tihedus: 220 g\/m<sup>2<\/sup><\/li>\n<li>koostis: 80% meriinovill ja 20% pol\u00fcamiid (v\u00e4liskiht), 100% funktsionaalne pol\u00fcester (sisemine kiht)<\/li>\n<\/ul>\n<p><strong>Seisukord:<\/strong> uus<\/p>\n","protected":false},"excerpt":{"rendered":"<p>Thermowave\u00ae Merino Xtreme Thermal meeste soojapesu p\u00fcksid<\/p>\n","protected":false},"featured_media":99221,"template":"","meta":[],"product_brand":[],"product_cat":[129],"product_tag":[],"class_list":{"0":"post-88720","1":"product","2":"type-product","3":"status-publish","4":"has-post-thumbnail","6":"product_cat-soe-pesu-aluskiht","7":"pa_brand-thermowave-2","8":"pa_color-black-2","9":"pa_color-forest-green-2","10":"pa_size-l-2","11":"pa_size-m-2","12":"pa_size-xl-2","14":"first","15":"instock","16":"taxable","17":"shipping-taxable","18":"purchasable","19":"product-type-variable"},"yoast_head":"<!-- This site is optimized with the Yoast SEO plugin v27.2 - https:\/\/yoast.com\/product\/yoast-seo-wordpress\/ -->\n<title>Thermowave\u00ae Merino Xtreme Thermal soojapesu p\u00fcksid - Outdoors<\/title>\n<meta name=\"robots\" content=\"index, follow, max-snippet:-1, max-image-preview:large, max-video-preview:-1\" \/>\n<link rel=\"canonical\" href=\"https:\/\/www.outdoors.ee\/et\/toode\/merino-xtreme-thermal-soojapesu-puksid\/\" \/>\n<meta property=\"og:locale\" content=\"et_EE\" \/>\n<meta property=\"og:type\" content=\"article\" \/>\n<meta property=\"og:title\" content=\"Thermowave\u00ae Merino Xtreme Thermal soojapesu p\u00fcksid - Outdoors\" \/>\n<meta property=\"og:description\" content=\"Thermowave\u00ae Merino Xtreme Thermal meeste soojapesu p\u00fcksid\" \/>\n<meta property=\"og:url\" content=\"https:\/\/www.outdoors.ee\/et\/toode\/merino-xtreme-thermal-soojapesu-puksid\/\" \/>\n<meta property=\"og:site_name\" content=\"Outdoors\" \/>\n<meta property=\"article:modified_time\" content=\"2025-11-05T17:42:16+00:00\" \/>\n<meta property=\"og:image\" content=\"https:\/\/www.outdoors.ee\/wp-content\/uploads\/2023\/11\/12XTRM711-990-Thermowave\u00ae-Merino-Xtreme-Men\u00b4s-Thermal-Pants-1.jpg\" \/>\n\t<meta property=\"og:image:width\" content=\"1100\" \/>\n\t<meta property=\"og:image:height\" content=\"1283\" \/>\n\t<meta property=\"og:image:type\" content=\"image\/jpeg\" \/>\n<meta name=\"twitter:card\" content=\"summary_large_image\" \/>\n<meta name=\"twitter:label1\" content=\"Est. reading time\" \/>\n\t<meta name=\"twitter:data1\" content=\"1 minut\" \/>\n<script type=\"application\/ld+json\" class=\"yoast-schema-graph\">{\"@context\":\"https:\/\/schema.org\",\"@graph\":[{\"@type\":\"WebPage\",\"@id\":\"https:\/\/www.outdoors.ee\/et\/toode\/merino-xtreme-thermal-soojapesu-puksid\/\",\"url\":\"https:\/\/www.outdoors.ee\/et\/toode\/merino-xtreme-thermal-soojapesu-puksid\/\",\"name\":\"Thermowave\u00ae Merino Xtreme Thermal soojapesu p\u00fcksid - Outdoors\",\"isPartOf\":{\"@id\":\"https:\/\/www.outdoors.ee\/#website\"},\"primaryImageOfPage\":{\"@id\":\"https:\/\/www.outdoors.ee\/et\/toode\/merino-xtreme-thermal-soojapesu-puksid\/#primaryimage\"},\"image\":{\"@id\":\"https:\/\/www.outdoors.ee\/et\/toode\/merino-xtreme-thermal-soojapesu-puksid\/#primaryimage\"},\"thumbnailUrl\":\"https:\/\/www.outdoors.ee\/wp-content\/uploads\/2023\/11\/12XTRM711-990-Thermowave\u00ae-Merino-Xtreme-Men\u00b4s-Thermal-Pants-1.jpg\",\"datePublished\":\"2023-11-16T12:51:51+00:00\",\"dateModified\":\"2025-11-05T17:42:16+00:00\",\"breadcrumb\":{\"@id\":\"https:\/\/www.outdoors.ee\/et\/toode\/merino-xtreme-thermal-soojapesu-puksid\/#breadcrumb\"},\"inLanguage\":\"et\",\"potentialAction\":[{\"@type\":\"ReadAction\",\"target\":[\"https:\/\/www.outdoors.ee\/et\/toode\/merino-xtreme-thermal-soojapesu-puksid\/\"]}]},{\"@type\":\"ImageObject\",\"inLanguage\":\"et\",\"@id\":\"https:\/\/www.outdoors.ee\/et\/toode\/merino-xtreme-thermal-soojapesu-puksid\/#primaryimage\",\"url\":\"https:\/\/www.outdoors.ee\/wp-content\/uploads\/2023\/11\/12XTRM711-990-Thermowave\u00ae-Merino-Xtreme-Men\u00b4s-Thermal-Pants-1.jpg\",\"contentUrl\":\"https:\/\/www.outdoors.ee\/wp-content\/uploads\/2023\/11\/12XTRM711-990-Thermowave\u00ae-Merino-Xtreme-Men\u00b4s-Thermal-Pants-1.jpg\",\"width\":1100,\"height\":1283},{\"@type\":\"BreadcrumbList\",\"@id\":\"https:\/\/www.outdoors.ee\/et\/toode\/merino-xtreme-thermal-soojapesu-puksid\/#breadcrumb\",\"itemListElement\":[{\"@type\":\"ListItem\",\"position\":1,\"name\":\"Home\",\"item\":\"https:\/\/www.outdoors.ee\/et\/\"},{\"@type\":\"ListItem\",\"position\":2,\"name\":\"Tooted\",\"item\":\"https:\/\/www.outdoors.ee\/products\/\"},{\"@type\":\"ListItem\",\"position\":3,\"name\":\"Thermowave\u00ae Merino Xtreme Thermal soojapesu p\u00fcksid\"}]},{\"@type\":\"WebSite\",\"@id\":\"https:\/\/www.outdoors.ee\/#website\",\"url\":\"https:\/\/www.outdoors.ee\/\",\"name\":\"Outdoors\",\"description\":\"Genuine military surplus and not only!\",\"potentialAction\":[{\"@type\":\"SearchAction\",\"target\":{\"@type\":\"EntryPoint\",\"urlTemplate\":\"https:\/\/www.outdoors.ee\/?s={search_term_string}\"},\"query-input\":{\"@type\":\"PropertyValueSpecification\",\"valueRequired\":true,\"valueName\":\"search_term_string\"}}],\"inLanguage\":\"et\"}]}<\/script>\n<!-- \/ Yoast SEO plugin. -->","yoast_head_json":{"title":"Thermowave\u00ae Merino Xtreme Thermal soojapesu p\u00fcksid - Outdoors","robots":{"index":"index","follow":"follow","max-snippet":"max-snippet:-1","max-image-preview":"max-image-preview:large","max-video-preview":"max-video-preview:-1"},"canonical":"https:\/\/www.outdoors.ee\/et\/toode\/merino-xtreme-thermal-soojapesu-puksid\/","og_locale":"et_EE","og_type":"article","og_title":"Thermowave\u00ae Merino Xtreme Thermal soojapesu p\u00fcksid - Outdoors","og_description":"Thermowave\u00ae Merino Xtreme Thermal meeste soojapesu p\u00fcksid","og_url":"https:\/\/www.outdoors.ee\/et\/toode\/merino-xtreme-thermal-soojapesu-puksid\/","og_site_name":"Outdoors","article_modified_time":"2025-11-05T17:42:16+00:00","og_image":[{"width":1100,"height":1283,"url":"https:\/\/www.outdoors.ee\/wp-content\/uploads\/2023\/11\/12XTRM711-990-Thermowave\u00ae-Merino-Xtreme-Men\u00b4s-Thermal-Pants-1.jpg","type":"image\/jpeg"}],"twitter_card":"summary_large_image","twitter_misc":{"Est. reading time":"1 minut"},"schema":{"@context":"https:\/\/schema.org","@graph":[{"@type":"WebPage","@id":"https:\/\/www.outdoors.ee\/et\/toode\/merino-xtreme-thermal-soojapesu-puksid\/","url":"https:\/\/www.outdoors.ee\/et\/toode\/merino-xtreme-thermal-soojapesu-puksid\/","name":"Thermowave\u00ae Merino Xtreme Thermal soojapesu p\u00fcksid - Outdoors","isPartOf":{"@id":"https:\/\/www.outdoors.ee\/#website"},"primaryImageOfPage":{"@id":"https:\/\/www.outdoors.ee\/et\/toode\/merino-xtreme-thermal-soojapesu-puksid\/#primaryimage"},"image":{"@id":"https:\/\/www.outdoors.ee\/et\/toode\/merino-xtreme-thermal-soojapesu-puksid\/#primaryimage"},"thumbnailUrl":"https:\/\/www.outdoors.ee\/wp-content\/uploads\/2023\/11\/12XTRM711-990-Thermowave\u00ae-Merino-Xtreme-Men\u00b4s-Thermal-Pants-1.jpg","datePublished":"2023-11-16T12:51:51+00:00","dateModified":"2025-11-05T17:42:16+00:00","breadcrumb":{"@id":"https:\/\/www.outdoors.ee\/et\/toode\/merino-xtreme-thermal-soojapesu-puksid\/#breadcrumb"},"inLanguage":"et","potentialAction":[{"@type":"ReadAction","target":["https:\/\/www.outdoors.ee\/et\/toode\/merino-xtreme-thermal-soojapesu-puksid\/"]}]},{"@type":"ImageObject","inLanguage":"et","@id":"https:\/\/www.outdoors.ee\/et\/toode\/merino-xtreme-thermal-soojapesu-puksid\/#primaryimage","url":"https:\/\/www.outdoors.ee\/wp-content\/uploads\/2023\/11\/12XTRM711-990-Thermowave\u00ae-Merino-Xtreme-Men\u00b4s-Thermal-Pants-1.jpg","contentUrl":"https:\/\/www.outdoors.ee\/wp-content\/uploads\/2023\/11\/12XTRM711-990-Thermowave\u00ae-Merino-Xtreme-Men\u00b4s-Thermal-Pants-1.jpg","width":1100,"height":1283},{"@type":"BreadcrumbList","@id":"https:\/\/www.outdoors.ee\/et\/toode\/merino-xtreme-thermal-soojapesu-puksid\/#breadcrumb","itemListElement":[{"@type":"ListItem","position":1,"name":"Home","item":"https:\/\/www.outdoors.ee\/et\/"},{"@type":"ListItem","position":2,"name":"Tooted","item":"https:\/\/www.outdoors.ee\/products\/"},{"@type":"ListItem","position":3,"name":"Thermowave\u00ae Merino Xtreme Thermal soojapesu p\u00fcksid"}]},{"@type":"WebSite","@id":"https:\/\/www.outdoors.ee\/#website","url":"https:\/\/www.outdoors.ee\/","name":"Outdoors","description":"Genuine military surplus and not only!","potentialAction":[{"@type":"SearchAction","target":{"@type":"EntryPoint","urlTemplate":"https:\/\/www.outdoors.ee\/?s={search_term_string}"},"query-input":{"@type":"PropertyValueSpecification","valueRequired":true,"valueName":"search_term_string"}}],"inLanguage":"et"}]}},"_links":{"self":[{"href":"https:\/\/www.outdoors.ee\/et\/wp-json\/wp\/v2\/product\/88720","targetHints":{"allow":["GET"]}}],"collection":[{"href":"https:\/\/www.outdoors.ee\/et\/wp-json\/wp\/v2\/product"}],"about":[{"href":"https:\/\/www.outdoors.ee\/et\/wp-json\/wp\/v2\/types\/product"}],"wp:featuredmedia":[{"embeddable":true,"href":"https:\/\/www.outdoors.ee\/et\/wp-json\/wp\/v2\/media\/99221"}],"wp:attachment":[{"href":"https:\/\/www.outdoors.ee\/et\/wp-json\/wp\/v2\/media?parent=88720"}],"wp:term":[{"taxonomy":"product_brand","embeddable":true,"href":"https:\/\/www.outdoors.ee\/et\/wp-json\/wp\/v2\/product_brand?post=88720"},{"taxonomy":"product_cat","embeddable":true,"href":"https:\/\/www.outdoors.ee\/et\/wp-json\/wp\/v2\/product_cat?post=88720"},{"taxonomy":"product_tag","embeddable":true,"href":"https:\/\/www.outdoors.ee\/et\/wp-json\/wp\/v2\/product_tag?post=88720"}],"curies":[{"name":"wp","href":"https:\/\/api.w.org\/{rel}","templated":true}]}}