{"id":88399,"date":"2023-11-28T20:40:08","date_gmt":"2023-11-28T18:40:24","guid":{"rendered":"https:\/\/www.outdoors.ee\/?post_type=product&#038;p=88399"},"modified":"2025-08-26T16:42:39","modified_gmt":"2025-08-26T13:42:39","slug":"belgia-armee-vihmajope-parka-olive","status":"publish","type":"product","link":"https:\/\/www.outdoors.ee\/et\/toode\/belgia-armee-vihmajope-parka-olive\/","title":{"rendered":"Belgia Armee vihmajope Parka Olive"},"content":{"rendered":"<p><strong>Omadused:<\/strong><\/p>\n<ul>\n<li>vastupidav ning funktsionaalne parka, Belgia s\u00f5jav\u00e4e originaal<\/li>\n<li>k\u00f5rge p\u00fcstkrae<\/li>\n<li>kraesse kokkupandav kapuuts<\/li>\n<li>t\u00e4ispikkuses t\u00f5mblukk takjapaela abil suletava tormklapiga<\/li>\n<li>RipStop struktuuriga v\u00e4lismaterjal, PU kattega vihmakindluse tagamiseks<\/li>\n<li>raskelts\u00fcttivast puuvillast sisevooder<\/li>\n<li>2 suurt takjapaela abil suletavat taskut (ligip\u00e4\u00e4s pealt ning k\u00fcljelt)<\/li>\n<li>sisemine rinnatasku t\u00f5mblukuga<\/li>\n<li>v\u00f6\u00f6koha ning alumise \u00e4\u00e4re pingutusn\u00f6\u00f6rid<\/li>\n<li>venivad, takjapaela abil reguleeritava laiusega mansetid<\/li>\n<li>materjal. V\u00e4lismaterjal: 98% pol\u00fcamiid, 2% s\u00fcsinikkiud. Pinnat\u00f6\u00f6tlus: 100% pol\u00fcuretaan. Sisevooder: puuvill FR<\/li>\n<li>veekindel vastavalt EN343: 2003, +A1 2007<\/li>\n<li>kaal ca 1400g (suurus L)<\/li>\n<\/ul>\n<p><strong>Seisukord:<\/strong> Uus, originaalpakendis<\/p>\n","protected":false},"excerpt":{"rendered":"<p>Omadused: vastupidav ning funktsionaalne parka, Belgia s\u00f5jav\u00e4e originaal k\u00f5rge p\u00fcstkrae kraesse kokkupandav kapuuts t\u00e4ispikkuses t\u00f5mblukk takjapaela abil suletava tormklapiga RipStop<\/p>\n","protected":false},"featured_media":88970,"template":"","meta":[],"product_brand":[],"product_cat":[101],"product_tag":[],"class_list":{"0":"post-88399","1":"product","2":"type-product","3":"status-publish","4":"has-post-thumbnail","6":"product_cat-joped-parkad","7":"pa_brand-belgian-military-surplus","8":"pa_size-l-2","9":"pa_size-xl-2","10":"pa_size-xxl-2","11":"pa_size-xxxl-3","13":"first","14":"instock","15":"taxable","16":"shipping-taxable","17":"purchasable","18":"product-type-variable"},"yoast_head":"<!-- This site is optimized with the Yoast SEO plugin v27.2 - https:\/\/yoast.com\/product\/yoast-seo-wordpress\/ -->\n<title>Belgia Armee vihmajope Parka Olive - Outdoors<\/title>\n<meta name=\"robots\" content=\"index, follow, max-snippet:-1, max-image-preview:large, max-video-preview:-1\" \/>\n<link rel=\"canonical\" href=\"https:\/\/www.outdoors.ee\/et\/toode\/belgia-armee-vihmajope-parka-olive\/\" \/>\n<meta property=\"og:locale\" content=\"et_EE\" \/>\n<meta property=\"og:type\" content=\"article\" \/>\n<meta property=\"og:title\" content=\"Belgia Armee vihmajope Parka Olive - Outdoors\" \/>\n<meta property=\"og:description\" content=\"Omadused: vastupidav ning funktsionaalne parka, Belgia s\u00f5jav\u00e4e originaal k\u00f5rge p\u00fcstkrae kraesse kokkupandav kapuuts t\u00e4ispikkuses t\u00f5mblukk takjapaela abil suletava tormklapiga RipStop\" \/>\n<meta property=\"og:url\" content=\"https:\/\/www.outdoors.ee\/et\/toode\/belgia-armee-vihmajope-parka-olive\/\" \/>\n<meta property=\"og:site_name\" content=\"Outdoors\" \/>\n<meta property=\"article:modified_time\" content=\"2025-08-26T13:42:39+00:00\" \/>\n<meta property=\"og:image\" content=\"https:\/\/www.outdoors.ee\/wp-content\/uploads\/2023\/11\/0370-Belgian-Army-Waterproof-FR-Parka-Olive-1.jpg\" \/>\n\t<meta property=\"og:image:width\" content=\"1200\" \/>\n\t<meta property=\"og:image:height\" content=\"1600\" \/>\n\t<meta property=\"og:image:type\" content=\"image\/jpeg\" \/>\n<meta name=\"twitter:card\" content=\"summary_large_image\" \/>\n<script type=\"application\/ld+json\" class=\"yoast-schema-graph\">{\"@context\":\"https:\/\/schema.org\",\"@graph\":[{\"@type\":\"WebPage\",\"@id\":\"https:\/\/www.outdoors.ee\/et\/toode\/belgia-armee-vihmajope-parka-olive\/\",\"url\":\"https:\/\/www.outdoors.ee\/et\/toode\/belgia-armee-vihmajope-parka-olive\/\",\"name\":\"Belgia Armee vihmajope Parka Olive - Outdoors\",\"isPartOf\":{\"@id\":\"https:\/\/www.outdoors.ee\/#website\"},\"primaryImageOfPage\":{\"@id\":\"https:\/\/www.outdoors.ee\/et\/toode\/belgia-armee-vihmajope-parka-olive\/#primaryimage\"},\"image\":{\"@id\":\"https:\/\/www.outdoors.ee\/et\/toode\/belgia-armee-vihmajope-parka-olive\/#primaryimage\"},\"thumbnailUrl\":\"https:\/\/www.outdoors.ee\/wp-content\/uploads\/2023\/11\/0370-Belgian-Army-Waterproof-FR-Parka-Olive-1.jpg\",\"datePublished\":\"2023-11-28T18:40:24+00:00\",\"dateModified\":\"2025-08-26T13:42:39+00:00\",\"breadcrumb\":{\"@id\":\"https:\/\/www.outdoors.ee\/et\/toode\/belgia-armee-vihmajope-parka-olive\/#breadcrumb\"},\"inLanguage\":\"et\",\"potentialAction\":[{\"@type\":\"ReadAction\",\"target\":[\"https:\/\/www.outdoors.ee\/et\/toode\/belgia-armee-vihmajope-parka-olive\/\"]}]},{\"@type\":\"ImageObject\",\"inLanguage\":\"et\",\"@id\":\"https:\/\/www.outdoors.ee\/et\/toode\/belgia-armee-vihmajope-parka-olive\/#primaryimage\",\"url\":\"https:\/\/www.outdoors.ee\/wp-content\/uploads\/2023\/11\/0370-Belgian-Army-Waterproof-FR-Parka-Olive-1.jpg\",\"contentUrl\":\"https:\/\/www.outdoors.ee\/wp-content\/uploads\/2023\/11\/0370-Belgian-Army-Waterproof-FR-Parka-Olive-1.jpg\",\"width\":1200,\"height\":1600},{\"@type\":\"BreadcrumbList\",\"@id\":\"https:\/\/www.outdoors.ee\/et\/toode\/belgia-armee-vihmajope-parka-olive\/#breadcrumb\",\"itemListElement\":[{\"@type\":\"ListItem\",\"position\":1,\"name\":\"Home\",\"item\":\"https:\/\/www.outdoors.ee\/et\/\"},{\"@type\":\"ListItem\",\"position\":2,\"name\":\"Tooted\",\"item\":\"https:\/\/www.outdoors.ee\/products\/\"},{\"@type\":\"ListItem\",\"position\":3,\"name\":\"Belgia Armee vihmajope Parka Olive\"}]},{\"@type\":\"WebSite\",\"@id\":\"https:\/\/www.outdoors.ee\/#website\",\"url\":\"https:\/\/www.outdoors.ee\/\",\"name\":\"Outdoors\",\"description\":\"Genuine military surplus and not only!\",\"potentialAction\":[{\"@type\":\"SearchAction\",\"target\":{\"@type\":\"EntryPoint\",\"urlTemplate\":\"https:\/\/www.outdoors.ee\/?s={search_term_string}\"},\"query-input\":{\"@type\":\"PropertyValueSpecification\",\"valueRequired\":true,\"valueName\":\"search_term_string\"}}],\"inLanguage\":\"et\"}]}<\/script>\n<!-- \/ Yoast SEO plugin. -->","yoast_head_json":{"title":"Belgia Armee vihmajope Parka Olive - Outdoors","robots":{"index":"index","follow":"follow","max-snippet":"max-snippet:-1","max-image-preview":"max-image-preview:large","max-video-preview":"max-video-preview:-1"},"canonical":"https:\/\/www.outdoors.ee\/et\/toode\/belgia-armee-vihmajope-parka-olive\/","og_locale":"et_EE","og_type":"article","og_title":"Belgia Armee vihmajope Parka Olive - Outdoors","og_description":"Omadused: vastupidav ning funktsionaalne parka, Belgia s\u00f5jav\u00e4e originaal k\u00f5rge p\u00fcstkrae kraesse kokkupandav kapuuts t\u00e4ispikkuses t\u00f5mblukk takjapaela abil suletava tormklapiga RipStop","og_url":"https:\/\/www.outdoors.ee\/et\/toode\/belgia-armee-vihmajope-parka-olive\/","og_site_name":"Outdoors","article_modified_time":"2025-08-26T13:42:39+00:00","og_image":[{"width":1200,"height":1600,"url":"https:\/\/www.outdoors.ee\/wp-content\/uploads\/2023\/11\/0370-Belgian-Army-Waterproof-FR-Parka-Olive-1.jpg","type":"image\/jpeg"}],"twitter_card":"summary_large_image","schema":{"@context":"https:\/\/schema.org","@graph":[{"@type":"WebPage","@id":"https:\/\/www.outdoors.ee\/et\/toode\/belgia-armee-vihmajope-parka-olive\/","url":"https:\/\/www.outdoors.ee\/et\/toode\/belgia-armee-vihmajope-parka-olive\/","name":"Belgia Armee vihmajope Parka Olive - Outdoors","isPartOf":{"@id":"https:\/\/www.outdoors.ee\/#website"},"primaryImageOfPage":{"@id":"https:\/\/www.outdoors.ee\/et\/toode\/belgia-armee-vihmajope-parka-olive\/#primaryimage"},"image":{"@id":"https:\/\/www.outdoors.ee\/et\/toode\/belgia-armee-vihmajope-parka-olive\/#primaryimage"},"thumbnailUrl":"https:\/\/www.outdoors.ee\/wp-content\/uploads\/2023\/11\/0370-Belgian-Army-Waterproof-FR-Parka-Olive-1.jpg","datePublished":"2023-11-28T18:40:24+00:00","dateModified":"2025-08-26T13:42:39+00:00","breadcrumb":{"@id":"https:\/\/www.outdoors.ee\/et\/toode\/belgia-armee-vihmajope-parka-olive\/#breadcrumb"},"inLanguage":"et","potentialAction":[{"@type":"ReadAction","target":["https:\/\/www.outdoors.ee\/et\/toode\/belgia-armee-vihmajope-parka-olive\/"]}]},{"@type":"ImageObject","inLanguage":"et","@id":"https:\/\/www.outdoors.ee\/et\/toode\/belgia-armee-vihmajope-parka-olive\/#primaryimage","url":"https:\/\/www.outdoors.ee\/wp-content\/uploads\/2023\/11\/0370-Belgian-Army-Waterproof-FR-Parka-Olive-1.jpg","contentUrl":"https:\/\/www.outdoors.ee\/wp-content\/uploads\/2023\/11\/0370-Belgian-Army-Waterproof-FR-Parka-Olive-1.jpg","width":1200,"height":1600},{"@type":"BreadcrumbList","@id":"https:\/\/www.outdoors.ee\/et\/toode\/belgia-armee-vihmajope-parka-olive\/#breadcrumb","itemListElement":[{"@type":"ListItem","position":1,"name":"Home","item":"https:\/\/www.outdoors.ee\/et\/"},{"@type":"ListItem","position":2,"name":"Tooted","item":"https:\/\/www.outdoors.ee\/products\/"},{"@type":"ListItem","position":3,"name":"Belgia Armee vihmajope Parka Olive"}]},{"@type":"WebSite","@id":"https:\/\/www.outdoors.ee\/#website","url":"https:\/\/www.outdoors.ee\/","name":"Outdoors","description":"Genuine military surplus and not only!","potentialAction":[{"@type":"SearchAction","target":{"@type":"EntryPoint","urlTemplate":"https:\/\/www.outdoors.ee\/?s={search_term_string}"},"query-input":{"@type":"PropertyValueSpecification","valueRequired":true,"valueName":"search_term_string"}}],"inLanguage":"et"}]}},"_links":{"self":[{"href":"https:\/\/www.outdoors.ee\/et\/wp-json\/wp\/v2\/product\/88399","targetHints":{"allow":["GET"]}}],"collection":[{"href":"https:\/\/www.outdoors.ee\/et\/wp-json\/wp\/v2\/product"}],"about":[{"href":"https:\/\/www.outdoors.ee\/et\/wp-json\/wp\/v2\/types\/product"}],"wp:featuredmedia":[{"embeddable":true,"href":"https:\/\/www.outdoors.ee\/et\/wp-json\/wp\/v2\/media\/88970"}],"wp:attachment":[{"href":"https:\/\/www.outdoors.ee\/et\/wp-json\/wp\/v2\/media?parent=88399"}],"wp:term":[{"taxonomy":"product_brand","embeddable":true,"href":"https:\/\/www.outdoors.ee\/et\/wp-json\/wp\/v2\/product_brand?post=88399"},{"taxonomy":"product_cat","embeddable":true,"href":"https:\/\/www.outdoors.ee\/et\/wp-json\/wp\/v2\/product_cat?post=88399"},{"taxonomy":"product_tag","embeddable":true,"href":"https:\/\/www.outdoors.ee\/et\/wp-json\/wp\/v2\/product_tag?post=88399"}],"curies":[{"name":"wp","href":"https:\/\/api.w.org\/{rel}","templated":true}]}}