{"id":87471,"date":"2023-09-22T11:12:14","date_gmt":"2023-09-22T08:12:55","guid":{"rendered":"https:\/\/www.outdoors.ee\/?post_type=product&#038;p=87471"},"modified":"2024-12-01T22:38:11","modified_gmt":"2024-12-01T20:38:11","slug":"hollandi-armee-villane-alussark","status":"publish","type":"product","link":"https:\/\/www.outdoors.ee\/et\/toode\/hollandi-armee-villane-alussark\/","title":{"rendered":"Hollandi Armee villane aluss\u00e4rk"},"content":{"rendered":"<p><strong>Omadused:<\/strong><\/p>\n<ul>\n<li>Hollandi s\u00f5jav\u00e4e originaal<\/li>\n<li>mugavalt veniv, kehasse disain<\/li>\n<li>pikk, t\u00f5mblukuga kaelus<\/li>\n<li>venivad mansetid<\/li>\n<li>materjal: 80% Merino vill 20% pol\u00fcamiid<\/li>\n<li>kiri sildil: Thick Wool Shirt<\/li>\n<\/ul>\n<p><strong>Seisukord:\u00a0<\/strong><\/p>\n<ul>\n<li>uus (ilma j\u00e4em\u00fc\u00fcgipakendita, v\u00f5ib sisaldada hulgiladustamise j\u00e4lgi v\u00f5i kirjasid sildil)<\/li>\n<li>uuev\u00e4\u00e4rne (sisaldab minimaalseid kulumisj\u00e4lgi)<\/li>\n<li>kasutatud, Grade 1 (sisaldab m\u00f5\u00f5dukaid kulumisj\u00e4lgi, v\u00f5ib olla kergelt m\u00e4\u00e4rdunud)<\/li>\n<\/ul>\n","protected":false},"excerpt":{"rendered":"<p>Hollandi Armee villane aluss\u00e4rk, oliivroheline<\/p>\n","protected":false},"featured_media":87468,"template":"","meta":[],"product_brand":[],"product_cat":[129],"product_tag":[],"class_list":{"0":"post-87471","1":"product","2":"type-product","3":"status-publish","4":"has-post-thumbnail","6":"product_cat-soe-pesu-aluskiht","7":"pa_brand-dutch-military-surplus","8":"pa_condition-uuevaarne","9":"pa_condition-uus","10":"pa_size-l-2","11":"pa_size-m-2","12":"pa_size-s-2","13":"pa_size-xl-2","14":"pa_size-xxl-2","16":"first","17":"outofstock","18":"taxable","19":"shipping-taxable","20":"purchasable","21":"product-type-variable"},"yoast_head":"<!-- This site is optimized with the Yoast SEO plugin v27.2 - https:\/\/yoast.com\/product\/yoast-seo-wordpress\/ -->\n<title>Hollandi Armee villane aluss\u00e4rk - Outdoors<\/title>\n<meta name=\"robots\" content=\"index, follow, max-snippet:-1, max-image-preview:large, max-video-preview:-1\" \/>\n<link rel=\"canonical\" href=\"https:\/\/www.outdoors.ee\/et\/toode\/hollandi-armee-villane-alussark\/\" \/>\n<meta property=\"og:locale\" content=\"et_EE\" \/>\n<meta property=\"og:type\" content=\"article\" \/>\n<meta property=\"og:title\" content=\"Hollandi Armee villane aluss\u00e4rk - Outdoors\" \/>\n<meta property=\"og:description\" content=\"Hollandi Armee villane aluss\u00e4rk, oliivroheline\" \/>\n<meta property=\"og:url\" content=\"https:\/\/www.outdoors.ee\/et\/toode\/hollandi-armee-villane-alussark\/\" \/>\n<meta property=\"og:site_name\" content=\"Outdoors\" \/>\n<meta property=\"article:modified_time\" content=\"2024-12-01T20:38:11+00:00\" \/>\n<meta property=\"og:image\" content=\"https:\/\/www.outdoors.ee\/wp-content\/uploads\/2023\/09\/2515-Dutch-Army-Wool-Thermal-Undershirt-1.jpg\" \/>\n\t<meta property=\"og:image:width\" content=\"800\" \/>\n\t<meta property=\"og:image:height\" content=\"850\" \/>\n\t<meta property=\"og:image:type\" content=\"image\/jpeg\" \/>\n<meta name=\"twitter:card\" content=\"summary_large_image\" \/>\n<script type=\"application\/ld+json\" class=\"yoast-schema-graph\">{\"@context\":\"https:\/\/schema.org\",\"@graph\":[{\"@type\":\"WebPage\",\"@id\":\"https:\/\/www.outdoors.ee\/et\/toode\/hollandi-armee-villane-alussark\/\",\"url\":\"https:\/\/www.outdoors.ee\/et\/toode\/hollandi-armee-villane-alussark\/\",\"name\":\"Hollandi Armee villane aluss\u00e4rk - Outdoors\",\"isPartOf\":{\"@id\":\"https:\/\/www.outdoors.ee\/#website\"},\"primaryImageOfPage\":{\"@id\":\"https:\/\/www.outdoors.ee\/et\/toode\/hollandi-armee-villane-alussark\/#primaryimage\"},\"image\":{\"@id\":\"https:\/\/www.outdoors.ee\/et\/toode\/hollandi-armee-villane-alussark\/#primaryimage\"},\"thumbnailUrl\":\"https:\/\/www.outdoors.ee\/wp-content\/uploads\/2023\/09\/2515-Dutch-Army-Wool-Thermal-Undershirt-1.jpg\",\"datePublished\":\"2023-09-22T08:12:55+00:00\",\"dateModified\":\"2024-12-01T20:38:11+00:00\",\"breadcrumb\":{\"@id\":\"https:\/\/www.outdoors.ee\/et\/toode\/hollandi-armee-villane-alussark\/#breadcrumb\"},\"inLanguage\":\"et\",\"potentialAction\":[{\"@type\":\"ReadAction\",\"target\":[\"https:\/\/www.outdoors.ee\/et\/toode\/hollandi-armee-villane-alussark\/\"]}]},{\"@type\":\"ImageObject\",\"inLanguage\":\"et\",\"@id\":\"https:\/\/www.outdoors.ee\/et\/toode\/hollandi-armee-villane-alussark\/#primaryimage\",\"url\":\"https:\/\/www.outdoors.ee\/wp-content\/uploads\/2023\/09\/2515-Dutch-Army-Wool-Thermal-Undershirt-1.jpg\",\"contentUrl\":\"https:\/\/www.outdoors.ee\/wp-content\/uploads\/2023\/09\/2515-Dutch-Army-Wool-Thermal-Undershirt-1.jpg\",\"width\":800,\"height\":850},{\"@type\":\"BreadcrumbList\",\"@id\":\"https:\/\/www.outdoors.ee\/et\/toode\/hollandi-armee-villane-alussark\/#breadcrumb\",\"itemListElement\":[{\"@type\":\"ListItem\",\"position\":1,\"name\":\"Home\",\"item\":\"https:\/\/www.outdoors.ee\/et\/\"},{\"@type\":\"ListItem\",\"position\":2,\"name\":\"Tooted\",\"item\":\"https:\/\/www.outdoors.ee\/products\/\"},{\"@type\":\"ListItem\",\"position\":3,\"name\":\"Hollandi Armee villane aluss\u00e4rk\"}]},{\"@type\":\"WebSite\",\"@id\":\"https:\/\/www.outdoors.ee\/#website\",\"url\":\"https:\/\/www.outdoors.ee\/\",\"name\":\"Outdoors\",\"description\":\"Genuine military surplus and not only!\",\"potentialAction\":[{\"@type\":\"SearchAction\",\"target\":{\"@type\":\"EntryPoint\",\"urlTemplate\":\"https:\/\/www.outdoors.ee\/?s={search_term_string}\"},\"query-input\":{\"@type\":\"PropertyValueSpecification\",\"valueRequired\":true,\"valueName\":\"search_term_string\"}}],\"inLanguage\":\"et\"}]}<\/script>\n<!-- \/ Yoast SEO plugin. -->","yoast_head_json":{"title":"Hollandi Armee villane aluss\u00e4rk - Outdoors","robots":{"index":"index","follow":"follow","max-snippet":"max-snippet:-1","max-image-preview":"max-image-preview:large","max-video-preview":"max-video-preview:-1"},"canonical":"https:\/\/www.outdoors.ee\/et\/toode\/hollandi-armee-villane-alussark\/","og_locale":"et_EE","og_type":"article","og_title":"Hollandi Armee villane aluss\u00e4rk - Outdoors","og_description":"Hollandi Armee villane aluss\u00e4rk, oliivroheline","og_url":"https:\/\/www.outdoors.ee\/et\/toode\/hollandi-armee-villane-alussark\/","og_site_name":"Outdoors","article_modified_time":"2024-12-01T20:38:11+00:00","og_image":[{"width":800,"height":850,"url":"https:\/\/www.outdoors.ee\/wp-content\/uploads\/2023\/09\/2515-Dutch-Army-Wool-Thermal-Undershirt-1.jpg","type":"image\/jpeg"}],"twitter_card":"summary_large_image","schema":{"@context":"https:\/\/schema.org","@graph":[{"@type":"WebPage","@id":"https:\/\/www.outdoors.ee\/et\/toode\/hollandi-armee-villane-alussark\/","url":"https:\/\/www.outdoors.ee\/et\/toode\/hollandi-armee-villane-alussark\/","name":"Hollandi Armee villane aluss\u00e4rk - Outdoors","isPartOf":{"@id":"https:\/\/www.outdoors.ee\/#website"},"primaryImageOfPage":{"@id":"https:\/\/www.outdoors.ee\/et\/toode\/hollandi-armee-villane-alussark\/#primaryimage"},"image":{"@id":"https:\/\/www.outdoors.ee\/et\/toode\/hollandi-armee-villane-alussark\/#primaryimage"},"thumbnailUrl":"https:\/\/www.outdoors.ee\/wp-content\/uploads\/2023\/09\/2515-Dutch-Army-Wool-Thermal-Undershirt-1.jpg","datePublished":"2023-09-22T08:12:55+00:00","dateModified":"2024-12-01T20:38:11+00:00","breadcrumb":{"@id":"https:\/\/www.outdoors.ee\/et\/toode\/hollandi-armee-villane-alussark\/#breadcrumb"},"inLanguage":"et","potentialAction":[{"@type":"ReadAction","target":["https:\/\/www.outdoors.ee\/et\/toode\/hollandi-armee-villane-alussark\/"]}]},{"@type":"ImageObject","inLanguage":"et","@id":"https:\/\/www.outdoors.ee\/et\/toode\/hollandi-armee-villane-alussark\/#primaryimage","url":"https:\/\/www.outdoors.ee\/wp-content\/uploads\/2023\/09\/2515-Dutch-Army-Wool-Thermal-Undershirt-1.jpg","contentUrl":"https:\/\/www.outdoors.ee\/wp-content\/uploads\/2023\/09\/2515-Dutch-Army-Wool-Thermal-Undershirt-1.jpg","width":800,"height":850},{"@type":"BreadcrumbList","@id":"https:\/\/www.outdoors.ee\/et\/toode\/hollandi-armee-villane-alussark\/#breadcrumb","itemListElement":[{"@type":"ListItem","position":1,"name":"Home","item":"https:\/\/www.outdoors.ee\/et\/"},{"@type":"ListItem","position":2,"name":"Tooted","item":"https:\/\/www.outdoors.ee\/products\/"},{"@type":"ListItem","position":3,"name":"Hollandi Armee villane aluss\u00e4rk"}]},{"@type":"WebSite","@id":"https:\/\/www.outdoors.ee\/#website","url":"https:\/\/www.outdoors.ee\/","name":"Outdoors","description":"Genuine military surplus and not only!","potentialAction":[{"@type":"SearchAction","target":{"@type":"EntryPoint","urlTemplate":"https:\/\/www.outdoors.ee\/?s={search_term_string}"},"query-input":{"@type":"PropertyValueSpecification","valueRequired":true,"valueName":"search_term_string"}}],"inLanguage":"et"}]}},"_links":{"self":[{"href":"https:\/\/www.outdoors.ee\/et\/wp-json\/wp\/v2\/product\/87471","targetHints":{"allow":["GET"]}}],"collection":[{"href":"https:\/\/www.outdoors.ee\/et\/wp-json\/wp\/v2\/product"}],"about":[{"href":"https:\/\/www.outdoors.ee\/et\/wp-json\/wp\/v2\/types\/product"}],"wp:featuredmedia":[{"embeddable":true,"href":"https:\/\/www.outdoors.ee\/et\/wp-json\/wp\/v2\/media\/87468"}],"wp:attachment":[{"href":"https:\/\/www.outdoors.ee\/et\/wp-json\/wp\/v2\/media?parent=87471"}],"wp:term":[{"taxonomy":"product_brand","embeddable":true,"href":"https:\/\/www.outdoors.ee\/et\/wp-json\/wp\/v2\/product_brand?post=87471"},{"taxonomy":"product_cat","embeddable":true,"href":"https:\/\/www.outdoors.ee\/et\/wp-json\/wp\/v2\/product_cat?post=87471"},{"taxonomy":"product_tag","embeddable":true,"href":"https:\/\/www.outdoors.ee\/et\/wp-json\/wp\/v2\/product_tag?post=87471"}],"curies":[{"name":"wp","href":"https:\/\/api.w.org\/{rel}","templated":true}]}}