{"id":87022,"date":"2023-09-07T09:52:59","date_gmt":"2023-09-07T06:52:59","guid":{"rendered":"https:\/\/www.outdoors.ee\/?post_type=product&#038;p=87022"},"modified":"2026-03-20T19:17:11","modified_gmt":"2026-03-20T17:17:11","slug":"haix-scout-gtx-female-bw-saapad","status":"publish","type":"product","link":"https:\/\/www.outdoors.ee\/et\/toode\/haix-scout-gtx-female-bw-saapad\/","title":{"rendered":"Haix\u00ae Scout GTX Female BW saapad"},"content":{"rendered":"<p style=\"text-align: justify;\">Saksa Armee (Bundeswehr) nn &#8220;kerge&#8221; lahingsaabas (Kampfstiefel Leicht) Gore-Tex\u00ae voodriga. See on \u00fcks kahest Saksa s\u00f5jav\u00e4e kombineeritud lahingsaapa mudelist, mis sisaldab kahe s\u00f5jav\u00e4e saapat\u00fc\u00fcbi omadusi (Boot Combat High Liability ja Boot Cold Wet Weather).<\/p>\n<p><strong>Omadused:<\/strong><\/p>\n<ul style=\"text-align: justify;\">\n<li>vetth\u00fclgava t\u00f6\u00f6tluse l\u00e4binud, hingav nubuknahk paksusega 1,9-2,1mm<\/li>\n<li>tugev kummirant varba- ning kannapiirkonnas<\/li>\n<li>kulumiskindla Gore-Tex veekindla ja hingava laminaadiga vooder<\/li>\n<li>kummi ja pol\u00fcuretaani segu, \u00f5li-, k\u00fctuse-, ja kuumusekindel (EN ISO 20347:2012), libisemiskindel, p\u00f5rutustneelav, VIBRAM patenteeritud mustriga v\u00e4listald<\/li>\n<li>anatoomilise kujuga, niiskustimav, pestav ja kiiresti kuivav sisetald<\/li>\n<li>Haix 2-tsooniline kiiret sidumist v\u00f5imaldav paelas\u00fcsteem<\/li>\n<li>pealatasku<\/li>\n<li>sertifikaat<b>:<\/b> CE EN ISO 20347:2012 O2 HRO HI CI WR FO SRC<\/li>\n<\/ul>\n<p><strong>Seisukord:<\/strong><\/p>\n<ul>\n<li>uued (ilma originaalkarbita, v\u00f5ivad sisaldada hulgiladustamise j\u00e4lgi)<\/li>\n<li>uuev\u00e4\u00e4rsed (sisaldavad kergeid kulumisj\u00e4lgi)<\/li>\n<li>kasutatud, Grade 1 (sisaldavad m\u00f5\u00f5dukaid kulumisj\u00e4lgi, v\u00f5ivad sisaldada v\u00e4ikseid vigastusi, sisetallad v\u00f5ivad olla eemaldatud)<\/li>\n<\/ul>\n<p>NB! Pildid 2-3 on tehtud saabastest seisukorras &#8220;uuev\u00e4\u00e4rsed&#8221;<\/p>\n","protected":false},"excerpt":{"rendered":"<p>Saksa Armee Haix\u00ae Scout GTX naiste kerged lahingsaapad, pruun<\/p>\n","protected":false},"featured_media":17883,"template":"","meta":[],"product_brand":[],"product_cat":[70],"product_tag":[],"class_list":{"0":"post-87022","1":"product","2":"type-product","3":"status-publish","4":"has-post-thumbnail","6":"product_cat-jalanoud","7":"pa_brand-german-military-surplus","8":"pa_brand-haix-2","9":"pa_condition-kasutatud-grade-1","10":"pa_condition-uuevaarne","11":"pa_condition-uus","12":"pa_size-uk35-us45-eu36-3","13":"pa_size-uk45-us55-eu37-2","14":"pa_size-uk4-us5-eu37-2","15":"pa_size-uk55-us65-eu39-2","16":"pa_size-uk5-us6-eu38-2","17":"pa_size-uk65-us75-eu40-2-2","18":"pa_size-uk6-us7-eu39-2","19":"pa_size-uk75-us85-eu41-3","20":"pa_size-uk7-us8-eu41-2","21":"pa_size-uk8-us9-eu42-3","23":"first","24":"instock","25":"taxable","26":"shipping-taxable","27":"purchasable","28":"product-type-variable"},"yoast_head":"<!-- This site is optimized with the Yoast SEO plugin v27.2 - https:\/\/yoast.com\/product\/yoast-seo-wordpress\/ -->\n<title>HAIX Scout Bundeswehr Gore-Tex\u00ae saapad - outdoors.ee<\/title>\n<meta name=\"description\" content=\"Originaalsed, kaasaaegsed Saksa Armee (Bundeswehr) nn &quot;kerged&quot; lahingsaapad (Kampfstiefel Leicht) Gore-Tex\u00ae voodriga. See on \u00fcks kahest t\u00e4nap\u00e4eva Saksa s\u00f5jav\u00e4e kombineeritud lahingsaapa mudelist, mis sisaldab kahe s\u00f5jav\u00e4e saapat\u00fc\u00fcbi omadusi (Boot Combat High Liability ja Boot Cold Wet Weather). Omadused: vetth\u00fclgava t\u00f6\u00f6tluse l\u00e4binud, hingav nubuknahk paksusega 1,9-2,1mm tugev kummirant varba- ning kannapiirkonnas kulumiskindla Gore-Tex veekindla ja hingava laminaadiga vooder kummi ja pol\u00fcuretaani segu, \u00f5li-, k\u00fctuse-, ja kuumusekindel (EN ISO 20347:2012), libisemiskindel, p\u00f5rutustneelav, VIBRAM patenteeritud mustriga v\u00e4listald anatoomilise kujuga, niiskustimav, pestav ja kiiresti kuivav sisetald Haix 2-tsooniline kiiret sidumist v\u00f5imaldav paelas\u00fcsteem pealatasku Sertifikaat:\u00a0CE EN ISO 20347:2012 O2 HRO HI CI WR FO SRC Kaal: 1600g\/paar (suurus EU44) Seisukord: uued (kasutamata, v\u00f5ivad sisaldada hulgiladustamise j\u00e4lgi) uuev\u00e4\u00e4rsed (sisaldavad vaid minimaalseid kulumisj\u00e4lgi) kasutatud, Grade 1 (sisaldavad m\u00f5\u00f5dukaid kulumisj\u00e4lgi, kuid on s\u00e4ilitanud kasutusk\u00f5lblikkuse, ei sisalda m\u00e4rkimisv\u00e4\u00e4rseid vigastusi) NB! Pildid 2-4 on tehtud saabastest seisukorras &quot;uuev\u00e4\u00e4rsed&quot;\" \/>\n<meta name=\"robots\" content=\"index, follow, max-snippet:-1, max-image-preview:large, max-video-preview:-1\" \/>\n<link rel=\"canonical\" href=\"https:\/\/www.outdoors.ee\/et\/toode\/haix-scout-gtx-female-bw-saapad\/\" \/>\n<meta property=\"og:locale\" content=\"et_EE\" \/>\n<meta property=\"og:type\" content=\"article\" \/>\n<meta property=\"og:title\" content=\"HAIX Scout Bundeswehr Gore-Tex\u00ae saapad\" \/>\n<meta property=\"og:description\" content=\"Originaalsed, kaasaaegsed Saksa Armee (Bundeswehr) nn &quot;kerged&quot; lahingsaapad (Kampfstiefel Leicht) Gore-Tex\u00ae voodriga. See on \u00fcks kahest t\u00e4nap\u00e4eva Saksa s\u00f5jav\u00e4e kombineeritud lahingsaapa mudelist, mis sisaldab kahe s\u00f5jav\u00e4e saapat\u00fc\u00fcbi omadusi (Boot Combat High Liability ja Boot Cold Wet Weather). Omadused: vetth\u00fclgava t\u00f6\u00f6tluse l\u00e4binud, hingav nubuknahk paksusega 1,9-2,1mm tugev kummirant varba- ning kannapiirkonnas kulumiskindla Gore-Tex veekindla ja hingava laminaadiga vooder kummi ja pol\u00fcuretaani segu, \u00f5li-, k\u00fctuse-, ja kuumusekindel (EN ISO 20347:2012), libisemiskindel, p\u00f5rutustneelav, VIBRAM patenteeritud mustriga v\u00e4listald anatoomilise kujuga, niiskustimav, pestav ja kiiresti kuivav sisetald Haix 2-tsooniline kiiret sidumist v\u00f5imaldav paelas\u00fcsteem pealatasku Sertifikaat:\u00a0CE EN ISO 20347:2012 O2 HRO HI CI WR FO SRC Kaal: 1600g\/paar (suurus EU44) Seisukord: uued (kasutamata, v\u00f5ivad sisaldada hulgiladustamise j\u00e4lgi) uuev\u00e4\u00e4rsed (sisaldavad vaid minimaalseid kulumisj\u00e4lgi) kasutatud, Grade 1 (sisaldavad m\u00f5\u00f5dukaid kulumisj\u00e4lgi, kuid on s\u00e4ilitanud kasutusk\u00f5lblikkuse, ei sisalda m\u00e4rkimisv\u00e4\u00e4rseid vigastusi) NB! Pildid 2-4 on tehtud saabastest seisukorras &quot;uuev\u00e4\u00e4rsed&quot;\" \/>\n<meta property=\"og:url\" content=\"https:\/\/www.outdoors.ee\/et\/toode\/haix-scout-gtx-female-bw-saapad\/\" \/>\n<meta property=\"og:site_name\" content=\"Outdoors\" \/>\n<meta property=\"article:modified_time\" content=\"2026-03-20T17:17:11+00:00\" \/>\n<meta property=\"og:image\" content=\"https:\/\/www.outdoors.ee\/wp-content\/uploads\/2021\/09\/0859-German-Army-Haix-Scout-Brown-boots-1.jpg\" \/>\n\t<meta property=\"og:image:width\" content=\"1180\" \/>\n\t<meta property=\"og:image:height\" content=\"1200\" \/>\n\t<meta property=\"og:image:type\" content=\"image\/jpeg\" \/>\n<meta name=\"twitter:card\" content=\"summary_large_image\" \/>\n<meta name=\"twitter:title\" content=\"HAIX Scout Bundeswehr Gore-Tex\u00ae saapad\" \/>\n<meta name=\"twitter:label1\" content=\"Est. reading time\" \/>\n\t<meta name=\"twitter:data1\" content=\"1 minut\" \/>\n<script type=\"application\/ld+json\" class=\"yoast-schema-graph\">{\"@context\":\"https:\/\/schema.org\",\"@graph\":[{\"@type\":\"WebPage\",\"@id\":\"https:\/\/www.outdoors.ee\/et\/toode\/haix-scout-gtx-female-bw-saapad\/\",\"url\":\"https:\/\/www.outdoors.ee\/et\/toode\/haix-scout-gtx-female-bw-saapad\/\",\"name\":\"HAIX Scout Bundeswehr Gore-Tex\u00ae saapad - outdoors.ee\",\"isPartOf\":{\"@id\":\"https:\/\/www.outdoors.ee\/#website\"},\"primaryImageOfPage\":{\"@id\":\"https:\/\/www.outdoors.ee\/et\/toode\/haix-scout-gtx-female-bw-saapad\/#primaryimage\"},\"image\":{\"@id\":\"https:\/\/www.outdoors.ee\/et\/toode\/haix-scout-gtx-female-bw-saapad\/#primaryimage\"},\"thumbnailUrl\":\"https:\/\/www.outdoors.ee\/wp-content\/uploads\/2021\/09\/0859-German-Army-Haix-Scout-Brown-boots-1.jpg\",\"datePublished\":\"2023-09-07T06:52:59+00:00\",\"dateModified\":\"2026-03-20T17:17:11+00:00\",\"description\":\"Originaalsed, kaasaaegsed Saksa Armee (Bundeswehr) nn \\\"kerged\\\" lahingsaapad (Kampfstiefel Leicht) Gore-Tex\u00ae voodriga. See on \u00fcks kahest t\u00e4nap\u00e4eva Saksa s\u00f5jav\u00e4e kombineeritud lahingsaapa mudelist, mis sisaldab kahe s\u00f5jav\u00e4e saapat\u00fc\u00fcbi omadusi (Boot Combat High Liability ja Boot Cold Wet Weather). Omadused: vetth\u00fclgava t\u00f6\u00f6tluse l\u00e4binud, hingav nubuknahk paksusega 1,9-2,1mm tugev kummirant varba- ning kannapiirkonnas kulumiskindla Gore-Tex veekindla ja hingava laminaadiga vooder kummi ja pol\u00fcuretaani segu, \u00f5li-, k\u00fctuse-, ja kuumusekindel (EN ISO 20347:2012), libisemiskindel, p\u00f5rutustneelav, VIBRAM patenteeritud mustriga v\u00e4listald anatoomilise kujuga, niiskustimav, pestav ja kiiresti kuivav sisetald Haix 2-tsooniline kiiret sidumist v\u00f5imaldav paelas\u00fcsteem pealatasku Sertifikaat:\u00a0CE EN ISO 20347:2012 O2 HRO HI CI WR FO SRC Kaal: 1600g\/paar (suurus EU44) Seisukord: uued (kasutamata, v\u00f5ivad sisaldada hulgiladustamise j\u00e4lgi) uuev\u00e4\u00e4rsed (sisaldavad vaid minimaalseid kulumisj\u00e4lgi) kasutatud, Grade 1 (sisaldavad m\u00f5\u00f5dukaid kulumisj\u00e4lgi, kuid on s\u00e4ilitanud kasutusk\u00f5lblikkuse, ei sisalda m\u00e4rkimisv\u00e4\u00e4rseid vigastusi) NB! Pildid 2-4 on tehtud saabastest seisukorras \\\"uuev\u00e4\u00e4rsed\\\"\",\"breadcrumb\":{\"@id\":\"https:\/\/www.outdoors.ee\/et\/toode\/haix-scout-gtx-female-bw-saapad\/#breadcrumb\"},\"inLanguage\":\"et\",\"potentialAction\":[{\"@type\":\"ReadAction\",\"target\":[\"https:\/\/www.outdoors.ee\/et\/toode\/haix-scout-gtx-female-bw-saapad\/\"]}]},{\"@type\":\"ImageObject\",\"inLanguage\":\"et\",\"@id\":\"https:\/\/www.outdoors.ee\/et\/toode\/haix-scout-gtx-female-bw-saapad\/#primaryimage\",\"url\":\"https:\/\/www.outdoors.ee\/wp-content\/uploads\/2021\/09\/0859-German-Army-Haix-Scout-Brown-boots-1.jpg\",\"contentUrl\":\"https:\/\/www.outdoors.ee\/wp-content\/uploads\/2021\/09\/0859-German-Army-Haix-Scout-Brown-boots-1.jpg\",\"width\":1180,\"height\":1200},{\"@type\":\"BreadcrumbList\",\"@id\":\"https:\/\/www.outdoors.ee\/et\/toode\/haix-scout-gtx-female-bw-saapad\/#breadcrumb\",\"itemListElement\":[{\"@type\":\"ListItem\",\"position\":1,\"name\":\"Home\",\"item\":\"https:\/\/www.outdoors.ee\/et\/\"},{\"@type\":\"ListItem\",\"position\":2,\"name\":\"Tooted\",\"item\":\"https:\/\/www.outdoors.ee\/products\/\"},{\"@type\":\"ListItem\",\"position\":3,\"name\":\"Haix\u00ae Scout GTX Female BW saapad\"}]},{\"@type\":\"WebSite\",\"@id\":\"https:\/\/www.outdoors.ee\/#website\",\"url\":\"https:\/\/www.outdoors.ee\/\",\"name\":\"Outdoors\",\"description\":\"Genuine military surplus and not only!\",\"potentialAction\":[{\"@type\":\"SearchAction\",\"target\":{\"@type\":\"EntryPoint\",\"urlTemplate\":\"https:\/\/www.outdoors.ee\/?s={search_term_string}\"},\"query-input\":{\"@type\":\"PropertyValueSpecification\",\"valueRequired\":true,\"valueName\":\"search_term_string\"}}],\"inLanguage\":\"et\"}]}<\/script>\n<!-- \/ Yoast SEO plugin. -->","yoast_head_json":{"title":"HAIX Scout Bundeswehr Gore-Tex\u00ae saapad - outdoors.ee","description":"Originaalsed, kaasaaegsed Saksa Armee (Bundeswehr) nn \"kerged\" lahingsaapad (Kampfstiefel Leicht) Gore-Tex\u00ae voodriga. See on \u00fcks kahest t\u00e4nap\u00e4eva Saksa s\u00f5jav\u00e4e kombineeritud lahingsaapa mudelist, mis sisaldab kahe s\u00f5jav\u00e4e saapat\u00fc\u00fcbi omadusi (Boot Combat High Liability ja Boot Cold Wet Weather). Omadused: vetth\u00fclgava t\u00f6\u00f6tluse l\u00e4binud, hingav nubuknahk paksusega 1,9-2,1mm tugev kummirant varba- ning kannapiirkonnas kulumiskindla Gore-Tex veekindla ja hingava laminaadiga vooder kummi ja pol\u00fcuretaani segu, \u00f5li-, k\u00fctuse-, ja kuumusekindel (EN ISO 20347:2012), libisemiskindel, p\u00f5rutustneelav, VIBRAM patenteeritud mustriga v\u00e4listald anatoomilise kujuga, niiskustimav, pestav ja kiiresti kuivav sisetald Haix 2-tsooniline kiiret sidumist v\u00f5imaldav paelas\u00fcsteem pealatasku Sertifikaat:\u00a0CE EN ISO 20347:2012 O2 HRO HI CI WR FO SRC Kaal: 1600g\/paar (suurus EU44) Seisukord: uued (kasutamata, v\u00f5ivad sisaldada hulgiladustamise j\u00e4lgi) uuev\u00e4\u00e4rsed (sisaldavad vaid minimaalseid kulumisj\u00e4lgi) kasutatud, Grade 1 (sisaldavad m\u00f5\u00f5dukaid kulumisj\u00e4lgi, kuid on s\u00e4ilitanud kasutusk\u00f5lblikkuse, ei sisalda m\u00e4rkimisv\u00e4\u00e4rseid vigastusi) NB! Pildid 2-4 on tehtud saabastest seisukorras \"uuev\u00e4\u00e4rsed\"","robots":{"index":"index","follow":"follow","max-snippet":"max-snippet:-1","max-image-preview":"max-image-preview:large","max-video-preview":"max-video-preview:-1"},"canonical":"https:\/\/www.outdoors.ee\/et\/toode\/haix-scout-gtx-female-bw-saapad\/","og_locale":"et_EE","og_type":"article","og_title":"HAIX Scout Bundeswehr Gore-Tex\u00ae saapad","og_description":"Originaalsed, kaasaaegsed Saksa Armee (Bundeswehr) nn \"kerged\" lahingsaapad (Kampfstiefel Leicht) Gore-Tex\u00ae voodriga. See on \u00fcks kahest t\u00e4nap\u00e4eva Saksa s\u00f5jav\u00e4e kombineeritud lahingsaapa mudelist, mis sisaldab kahe s\u00f5jav\u00e4e saapat\u00fc\u00fcbi omadusi (Boot Combat High Liability ja Boot Cold Wet Weather). Omadused: vetth\u00fclgava t\u00f6\u00f6tluse l\u00e4binud, hingav nubuknahk paksusega 1,9-2,1mm tugev kummirant varba- ning kannapiirkonnas kulumiskindla Gore-Tex veekindla ja hingava laminaadiga vooder kummi ja pol\u00fcuretaani segu, \u00f5li-, k\u00fctuse-, ja kuumusekindel (EN ISO 20347:2012), libisemiskindel, p\u00f5rutustneelav, VIBRAM patenteeritud mustriga v\u00e4listald anatoomilise kujuga, niiskustimav, pestav ja kiiresti kuivav sisetald Haix 2-tsooniline kiiret sidumist v\u00f5imaldav paelas\u00fcsteem pealatasku Sertifikaat:\u00a0CE EN ISO 20347:2012 O2 HRO HI CI WR FO SRC Kaal: 1600g\/paar (suurus EU44) Seisukord: uued (kasutamata, v\u00f5ivad sisaldada hulgiladustamise j\u00e4lgi) uuev\u00e4\u00e4rsed (sisaldavad vaid minimaalseid kulumisj\u00e4lgi) kasutatud, Grade 1 (sisaldavad m\u00f5\u00f5dukaid kulumisj\u00e4lgi, kuid on s\u00e4ilitanud kasutusk\u00f5lblikkuse, ei sisalda m\u00e4rkimisv\u00e4\u00e4rseid vigastusi) NB! Pildid 2-4 on tehtud saabastest seisukorras \"uuev\u00e4\u00e4rsed\"","og_url":"https:\/\/www.outdoors.ee\/et\/toode\/haix-scout-gtx-female-bw-saapad\/","og_site_name":"Outdoors","article_modified_time":"2026-03-20T17:17:11+00:00","og_image":[{"width":1180,"height":1200,"url":"https:\/\/www.outdoors.ee\/wp-content\/uploads\/2021\/09\/0859-German-Army-Haix-Scout-Brown-boots-1.jpg","type":"image\/jpeg"}],"twitter_card":"summary_large_image","twitter_title":"HAIX Scout Bundeswehr Gore-Tex\u00ae saapad","twitter_misc":{"Est. reading time":"1 minut"},"schema":{"@context":"https:\/\/schema.org","@graph":[{"@type":"WebPage","@id":"https:\/\/www.outdoors.ee\/et\/toode\/haix-scout-gtx-female-bw-saapad\/","url":"https:\/\/www.outdoors.ee\/et\/toode\/haix-scout-gtx-female-bw-saapad\/","name":"HAIX Scout Bundeswehr Gore-Tex\u00ae saapad - outdoors.ee","isPartOf":{"@id":"https:\/\/www.outdoors.ee\/#website"},"primaryImageOfPage":{"@id":"https:\/\/www.outdoors.ee\/et\/toode\/haix-scout-gtx-female-bw-saapad\/#primaryimage"},"image":{"@id":"https:\/\/www.outdoors.ee\/et\/toode\/haix-scout-gtx-female-bw-saapad\/#primaryimage"},"thumbnailUrl":"https:\/\/www.outdoors.ee\/wp-content\/uploads\/2021\/09\/0859-German-Army-Haix-Scout-Brown-boots-1.jpg","datePublished":"2023-09-07T06:52:59+00:00","dateModified":"2026-03-20T17:17:11+00:00","description":"Originaalsed, kaasaaegsed Saksa Armee (Bundeswehr) nn \"kerged\" lahingsaapad (Kampfstiefel Leicht) Gore-Tex\u00ae voodriga. See on \u00fcks kahest t\u00e4nap\u00e4eva Saksa s\u00f5jav\u00e4e kombineeritud lahingsaapa mudelist, mis sisaldab kahe s\u00f5jav\u00e4e saapat\u00fc\u00fcbi omadusi (Boot Combat High Liability ja Boot Cold Wet Weather). Omadused: vetth\u00fclgava t\u00f6\u00f6tluse l\u00e4binud, hingav nubuknahk paksusega 1,9-2,1mm tugev kummirant varba- ning kannapiirkonnas kulumiskindla Gore-Tex veekindla ja hingava laminaadiga vooder kummi ja pol\u00fcuretaani segu, \u00f5li-, k\u00fctuse-, ja kuumusekindel (EN ISO 20347:2012), libisemiskindel, p\u00f5rutustneelav, VIBRAM patenteeritud mustriga v\u00e4listald anatoomilise kujuga, niiskustimav, pestav ja kiiresti kuivav sisetald Haix 2-tsooniline kiiret sidumist v\u00f5imaldav paelas\u00fcsteem pealatasku Sertifikaat:\u00a0CE EN ISO 20347:2012 O2 HRO HI CI WR FO SRC Kaal: 1600g\/paar (suurus EU44) Seisukord: uued (kasutamata, v\u00f5ivad sisaldada hulgiladustamise j\u00e4lgi) uuev\u00e4\u00e4rsed (sisaldavad vaid minimaalseid kulumisj\u00e4lgi) kasutatud, Grade 1 (sisaldavad m\u00f5\u00f5dukaid kulumisj\u00e4lgi, kuid on s\u00e4ilitanud kasutusk\u00f5lblikkuse, ei sisalda m\u00e4rkimisv\u00e4\u00e4rseid vigastusi) NB! Pildid 2-4 on tehtud saabastest seisukorras \"uuev\u00e4\u00e4rsed\"","breadcrumb":{"@id":"https:\/\/www.outdoors.ee\/et\/toode\/haix-scout-gtx-female-bw-saapad\/#breadcrumb"},"inLanguage":"et","potentialAction":[{"@type":"ReadAction","target":["https:\/\/www.outdoors.ee\/et\/toode\/haix-scout-gtx-female-bw-saapad\/"]}]},{"@type":"ImageObject","inLanguage":"et","@id":"https:\/\/www.outdoors.ee\/et\/toode\/haix-scout-gtx-female-bw-saapad\/#primaryimage","url":"https:\/\/www.outdoors.ee\/wp-content\/uploads\/2021\/09\/0859-German-Army-Haix-Scout-Brown-boots-1.jpg","contentUrl":"https:\/\/www.outdoors.ee\/wp-content\/uploads\/2021\/09\/0859-German-Army-Haix-Scout-Brown-boots-1.jpg","width":1180,"height":1200},{"@type":"BreadcrumbList","@id":"https:\/\/www.outdoors.ee\/et\/toode\/haix-scout-gtx-female-bw-saapad\/#breadcrumb","itemListElement":[{"@type":"ListItem","position":1,"name":"Home","item":"https:\/\/www.outdoors.ee\/et\/"},{"@type":"ListItem","position":2,"name":"Tooted","item":"https:\/\/www.outdoors.ee\/products\/"},{"@type":"ListItem","position":3,"name":"Haix\u00ae Scout GTX Female BW saapad"}]},{"@type":"WebSite","@id":"https:\/\/www.outdoors.ee\/#website","url":"https:\/\/www.outdoors.ee\/","name":"Outdoors","description":"Genuine military surplus and not only!","potentialAction":[{"@type":"SearchAction","target":{"@type":"EntryPoint","urlTemplate":"https:\/\/www.outdoors.ee\/?s={search_term_string}"},"query-input":{"@type":"PropertyValueSpecification","valueRequired":true,"valueName":"search_term_string"}}],"inLanguage":"et"}]}},"_links":{"self":[{"href":"https:\/\/www.outdoors.ee\/et\/wp-json\/wp\/v2\/product\/87022","targetHints":{"allow":["GET"]}}],"collection":[{"href":"https:\/\/www.outdoors.ee\/et\/wp-json\/wp\/v2\/product"}],"about":[{"href":"https:\/\/www.outdoors.ee\/et\/wp-json\/wp\/v2\/types\/product"}],"wp:featuredmedia":[{"embeddable":true,"href":"https:\/\/www.outdoors.ee\/et\/wp-json\/wp\/v2\/media\/17883"}],"wp:attachment":[{"href":"https:\/\/www.outdoors.ee\/et\/wp-json\/wp\/v2\/media?parent=87022"}],"wp:term":[{"taxonomy":"product_brand","embeddable":true,"href":"https:\/\/www.outdoors.ee\/et\/wp-json\/wp\/v2\/product_brand?post=87022"},{"taxonomy":"product_cat","embeddable":true,"href":"https:\/\/www.outdoors.ee\/et\/wp-json\/wp\/v2\/product_cat?post=87022"},{"taxonomy":"product_tag","embeddable":true,"href":"https:\/\/www.outdoors.ee\/et\/wp-json\/wp\/v2\/product_tag?post=87022"}],"curies":[{"name":"wp","href":"https:\/\/api.w.org\/{rel}","templated":true}]}}