{"id":86631,"date":"2023-08-23T11:44:10","date_gmt":"2023-08-23T08:44:10","guid":{"rendered":"https:\/\/www.outdoors.ee\/?post_type=product&#038;p=86631"},"modified":"2025-12-15T16:09:30","modified_gmt":"2025-12-15T14:09:30","slug":"briti-armee-esmaabi-tasku-osprey-mk-iv-first-aid-pouch-blue","status":"publish","type":"product","link":"https:\/\/www.outdoors.ee\/et\/toode\/briti-armee-esmaabi-tasku-osprey-mk-iv-first-aid-pouch-blue\/","title":{"rendered":"Briti Armee esmaabi tasku Osprey MK IV First Aid Pouch Blue"},"content":{"rendered":"<p><strong>Omadused:<\/strong><\/p>\n<ul>\n<li>Briti s\u00f5jav\u00e4e originaal<\/li>\n<li>MOLLE kinnitus<\/li>\n<li>peidetav kandesang<\/li>\n<li>t\u00f5mblukuga avatav<\/li>\n<li>erinevad sahtlid ning kinnitused v\u00e4iksematele esemetele sees ja v\u00e4ljas<\/li>\n<li>\u00e4ravoolu ava p\u00f5hjas<\/li>\n<li>m\u00f5\u00f5tmed: ca 22 x 20 x 5cm<\/li>\n<li>kaal 260g<\/li>\n<\/ul>\n<p><strong>Seisukord:<\/strong> uus<\/p>\n","protected":false},"excerpt":{"rendered":"<p>Omadused: Briti s\u00f5jav\u00e4e originaal MOLLE kinnitus peidetav kandesang t\u00f5mblukuga avatav erinevad sahtlid ning kinnitused v\u00e4iksematele esemetele sees ja v\u00e4ljas \u00e4ravoolu<\/p>\n","protected":false},"featured_media":86628,"template":"","meta":[],"product_brand":[],"product_cat":[3541,149],"product_tag":[],"class_list":{"0":"post-86631","1":"product","2":"type-product","3":"status-publish","4":"has-post-thumbnail","6":"product_cat-kotid-taskud","7":"product_cat-taktikaline-varustus","9":"first","10":"instock","11":"taxable","12":"shipping-taxable","13":"purchasable","14":"product-type-simple"},"yoast_head":"<!-- This site is optimized with the Yoast SEO plugin v27.2 - https:\/\/yoast.com\/product\/yoast-seo-wordpress\/ -->\n<title>Briti Armee esmaabi tasku Osprey MK IV First Aid Pouch Blue - Outdoors<\/title>\n<meta name=\"robots\" content=\"index, follow, max-snippet:-1, max-image-preview:large, max-video-preview:-1\" \/>\n<link rel=\"canonical\" href=\"https:\/\/www.outdoors.ee\/et\/toode\/briti-armee-esmaabi-tasku-osprey-mk-iv-first-aid-pouch-blue\/\" \/>\n<meta property=\"og:locale\" content=\"et_EE\" \/>\n<meta property=\"og:type\" content=\"article\" \/>\n<meta property=\"og:title\" content=\"Briti Armee esmaabi tasku Osprey MK IV First Aid Pouch Blue - Outdoors\" \/>\n<meta property=\"og:description\" content=\"Omadused: Briti s\u00f5jav\u00e4e originaal MOLLE kinnitus peidetav kandesang t\u00f5mblukuga avatav erinevad sahtlid ning kinnitused v\u00e4iksematele esemetele sees ja v\u00e4ljas \u00e4ravoolu\" \/>\n<meta property=\"og:url\" content=\"https:\/\/www.outdoors.ee\/et\/toode\/briti-armee-esmaabi-tasku-osprey-mk-iv-first-aid-pouch-blue\/\" \/>\n<meta property=\"og:site_name\" content=\"Outdoors\" \/>\n<meta property=\"article:modified_time\" content=\"2025-12-15T14:09:30+00:00\" \/>\n<meta property=\"og:image\" content=\"https:\/\/www.outdoors.ee\/wp-content\/uploads\/2023\/08\/1345-British-Army-Osprey-MK-IV-First-Aid-Pouch-Blue-1.jpeg\" \/>\n\t<meta property=\"og:image:width\" content=\"550\" \/>\n\t<meta property=\"og:image:height\" content=\"564\" \/>\n\t<meta property=\"og:image:type\" content=\"image\/jpeg\" \/>\n<meta name=\"twitter:card\" content=\"summary_large_image\" \/>\n<meta name=\"twitter:label1\" content=\"Est. reading time\" \/>\n\t<meta name=\"twitter:data1\" content=\"1 minut\" \/>\n<script type=\"application\/ld+json\" class=\"yoast-schema-graph\">{\"@context\":\"https:\/\/schema.org\",\"@graph\":[{\"@type\":\"WebPage\",\"@id\":\"https:\/\/www.outdoors.ee\/et\/toode\/briti-armee-esmaabi-tasku-osprey-mk-iv-first-aid-pouch-blue\/\",\"url\":\"https:\/\/www.outdoors.ee\/et\/toode\/briti-armee-esmaabi-tasku-osprey-mk-iv-first-aid-pouch-blue\/\",\"name\":\"Briti Armee esmaabi tasku Osprey MK IV First Aid Pouch Blue - Outdoors\",\"isPartOf\":{\"@id\":\"https:\/\/www.outdoors.ee\/#website\"},\"primaryImageOfPage\":{\"@id\":\"https:\/\/www.outdoors.ee\/et\/toode\/briti-armee-esmaabi-tasku-osprey-mk-iv-first-aid-pouch-blue\/#primaryimage\"},\"image\":{\"@id\":\"https:\/\/www.outdoors.ee\/et\/toode\/briti-armee-esmaabi-tasku-osprey-mk-iv-first-aid-pouch-blue\/#primaryimage\"},\"thumbnailUrl\":\"https:\/\/www.outdoors.ee\/wp-content\/uploads\/2023\/08\/1345-British-Army-Osprey-MK-IV-First-Aid-Pouch-Blue-1.jpeg\",\"datePublished\":\"2023-08-23T08:44:10+00:00\",\"dateModified\":\"2025-12-15T14:09:30+00:00\",\"breadcrumb\":{\"@id\":\"https:\/\/www.outdoors.ee\/et\/toode\/briti-armee-esmaabi-tasku-osprey-mk-iv-first-aid-pouch-blue\/#breadcrumb\"},\"inLanguage\":\"et\",\"potentialAction\":[{\"@type\":\"ReadAction\",\"target\":[\"https:\/\/www.outdoors.ee\/et\/toode\/briti-armee-esmaabi-tasku-osprey-mk-iv-first-aid-pouch-blue\/\"]}]},{\"@type\":\"ImageObject\",\"inLanguage\":\"et\",\"@id\":\"https:\/\/www.outdoors.ee\/et\/toode\/briti-armee-esmaabi-tasku-osprey-mk-iv-first-aid-pouch-blue\/#primaryimage\",\"url\":\"https:\/\/www.outdoors.ee\/wp-content\/uploads\/2023\/08\/1345-British-Army-Osprey-MK-IV-First-Aid-Pouch-Blue-1.jpeg\",\"contentUrl\":\"https:\/\/www.outdoors.ee\/wp-content\/uploads\/2023\/08\/1345-British-Army-Osprey-MK-IV-First-Aid-Pouch-Blue-1.jpeg\",\"width\":550,\"height\":564},{\"@type\":\"BreadcrumbList\",\"@id\":\"https:\/\/www.outdoors.ee\/et\/toode\/briti-armee-esmaabi-tasku-osprey-mk-iv-first-aid-pouch-blue\/#breadcrumb\",\"itemListElement\":[{\"@type\":\"ListItem\",\"position\":1,\"name\":\"Home\",\"item\":\"https:\/\/www.outdoors.ee\/et\/\"},{\"@type\":\"ListItem\",\"position\":2,\"name\":\"Tooted\",\"item\":\"https:\/\/www.outdoors.ee\/products\/\"},{\"@type\":\"ListItem\",\"position\":3,\"name\":\"Briti Armee esmaabi tasku Osprey MK IV First Aid Pouch Blue\"}]},{\"@type\":\"WebSite\",\"@id\":\"https:\/\/www.outdoors.ee\/#website\",\"url\":\"https:\/\/www.outdoors.ee\/\",\"name\":\"Outdoors\",\"description\":\"Genuine military surplus and not only!\",\"potentialAction\":[{\"@type\":\"SearchAction\",\"target\":{\"@type\":\"EntryPoint\",\"urlTemplate\":\"https:\/\/www.outdoors.ee\/?s={search_term_string}\"},\"query-input\":{\"@type\":\"PropertyValueSpecification\",\"valueRequired\":true,\"valueName\":\"search_term_string\"}}],\"inLanguage\":\"et\"}]}<\/script>\n<!-- \/ Yoast SEO plugin. -->","yoast_head_json":{"title":"Briti Armee esmaabi tasku Osprey MK IV First Aid Pouch Blue - Outdoors","robots":{"index":"index","follow":"follow","max-snippet":"max-snippet:-1","max-image-preview":"max-image-preview:large","max-video-preview":"max-video-preview:-1"},"canonical":"https:\/\/www.outdoors.ee\/et\/toode\/briti-armee-esmaabi-tasku-osprey-mk-iv-first-aid-pouch-blue\/","og_locale":"et_EE","og_type":"article","og_title":"Briti Armee esmaabi tasku Osprey MK IV First Aid Pouch Blue - Outdoors","og_description":"Omadused: Briti s\u00f5jav\u00e4e originaal MOLLE kinnitus peidetav kandesang t\u00f5mblukuga avatav erinevad sahtlid ning kinnitused v\u00e4iksematele esemetele sees ja v\u00e4ljas \u00e4ravoolu","og_url":"https:\/\/www.outdoors.ee\/et\/toode\/briti-armee-esmaabi-tasku-osprey-mk-iv-first-aid-pouch-blue\/","og_site_name":"Outdoors","article_modified_time":"2025-12-15T14:09:30+00:00","og_image":[{"width":550,"height":564,"url":"https:\/\/www.outdoors.ee\/wp-content\/uploads\/2023\/08\/1345-British-Army-Osprey-MK-IV-First-Aid-Pouch-Blue-1.jpeg","type":"image\/jpeg"}],"twitter_card":"summary_large_image","twitter_misc":{"Est. reading time":"1 minut"},"schema":{"@context":"https:\/\/schema.org","@graph":[{"@type":"WebPage","@id":"https:\/\/www.outdoors.ee\/et\/toode\/briti-armee-esmaabi-tasku-osprey-mk-iv-first-aid-pouch-blue\/","url":"https:\/\/www.outdoors.ee\/et\/toode\/briti-armee-esmaabi-tasku-osprey-mk-iv-first-aid-pouch-blue\/","name":"Briti Armee esmaabi tasku Osprey MK IV First Aid Pouch Blue - Outdoors","isPartOf":{"@id":"https:\/\/www.outdoors.ee\/#website"},"primaryImageOfPage":{"@id":"https:\/\/www.outdoors.ee\/et\/toode\/briti-armee-esmaabi-tasku-osprey-mk-iv-first-aid-pouch-blue\/#primaryimage"},"image":{"@id":"https:\/\/www.outdoors.ee\/et\/toode\/briti-armee-esmaabi-tasku-osprey-mk-iv-first-aid-pouch-blue\/#primaryimage"},"thumbnailUrl":"https:\/\/www.outdoors.ee\/wp-content\/uploads\/2023\/08\/1345-British-Army-Osprey-MK-IV-First-Aid-Pouch-Blue-1.jpeg","datePublished":"2023-08-23T08:44:10+00:00","dateModified":"2025-12-15T14:09:30+00:00","breadcrumb":{"@id":"https:\/\/www.outdoors.ee\/et\/toode\/briti-armee-esmaabi-tasku-osprey-mk-iv-first-aid-pouch-blue\/#breadcrumb"},"inLanguage":"et","potentialAction":[{"@type":"ReadAction","target":["https:\/\/www.outdoors.ee\/et\/toode\/briti-armee-esmaabi-tasku-osprey-mk-iv-first-aid-pouch-blue\/"]}]},{"@type":"ImageObject","inLanguage":"et","@id":"https:\/\/www.outdoors.ee\/et\/toode\/briti-armee-esmaabi-tasku-osprey-mk-iv-first-aid-pouch-blue\/#primaryimage","url":"https:\/\/www.outdoors.ee\/wp-content\/uploads\/2023\/08\/1345-British-Army-Osprey-MK-IV-First-Aid-Pouch-Blue-1.jpeg","contentUrl":"https:\/\/www.outdoors.ee\/wp-content\/uploads\/2023\/08\/1345-British-Army-Osprey-MK-IV-First-Aid-Pouch-Blue-1.jpeg","width":550,"height":564},{"@type":"BreadcrumbList","@id":"https:\/\/www.outdoors.ee\/et\/toode\/briti-armee-esmaabi-tasku-osprey-mk-iv-first-aid-pouch-blue\/#breadcrumb","itemListElement":[{"@type":"ListItem","position":1,"name":"Home","item":"https:\/\/www.outdoors.ee\/et\/"},{"@type":"ListItem","position":2,"name":"Tooted","item":"https:\/\/www.outdoors.ee\/products\/"},{"@type":"ListItem","position":3,"name":"Briti Armee esmaabi tasku Osprey MK IV First Aid Pouch Blue"}]},{"@type":"WebSite","@id":"https:\/\/www.outdoors.ee\/#website","url":"https:\/\/www.outdoors.ee\/","name":"Outdoors","description":"Genuine military surplus and not only!","potentialAction":[{"@type":"SearchAction","target":{"@type":"EntryPoint","urlTemplate":"https:\/\/www.outdoors.ee\/?s={search_term_string}"},"query-input":{"@type":"PropertyValueSpecification","valueRequired":true,"valueName":"search_term_string"}}],"inLanguage":"et"}]}},"_links":{"self":[{"href":"https:\/\/www.outdoors.ee\/et\/wp-json\/wp\/v2\/product\/86631","targetHints":{"allow":["GET"]}}],"collection":[{"href":"https:\/\/www.outdoors.ee\/et\/wp-json\/wp\/v2\/product"}],"about":[{"href":"https:\/\/www.outdoors.ee\/et\/wp-json\/wp\/v2\/types\/product"}],"wp:featuredmedia":[{"embeddable":true,"href":"https:\/\/www.outdoors.ee\/et\/wp-json\/wp\/v2\/media\/86628"}],"wp:attachment":[{"href":"https:\/\/www.outdoors.ee\/et\/wp-json\/wp\/v2\/media?parent=86631"}],"wp:term":[{"taxonomy":"product_brand","embeddable":true,"href":"https:\/\/www.outdoors.ee\/et\/wp-json\/wp\/v2\/product_brand?post=86631"},{"taxonomy":"product_cat","embeddable":true,"href":"https:\/\/www.outdoors.ee\/et\/wp-json\/wp\/v2\/product_cat?post=86631"},{"taxonomy":"product_tag","embeddable":true,"href":"https:\/\/www.outdoors.ee\/et\/wp-json\/wp\/v2\/product_tag?post=86631"}],"curies":[{"name":"wp","href":"https:\/\/api.w.org\/{rel}","templated":true}]}}