{"id":85984,"date":"2023-08-17T10:39:09","date_gmt":"2023-08-17T07:39:09","guid":{"rendered":"https:\/\/www.outdoors.ee\/?post_type=product&#038;p=85984"},"modified":"2026-03-18T09:22:29","modified_gmt":"2026-03-18T07:22:29","slug":"prantsuse-armee-vihmapuksid-mvp-cce","status":"publish","type":"product","link":"https:\/\/www.outdoors.ee\/et\/toode\/prantsuse-armee-vihmapuksid-mvp-cce\/","title":{"rendered":"Prantsuse Armee vihmap\u00fcksid MVP CCE"},"content":{"rendered":"<p style=\"text-align: justify;\">Kvaliteetne Prantsuse s\u00f5jav\u00e4e 3-kihilise (Gore-Tex\u00ae\u00a0 t\u00fc\u00fcpi) membraaniga vihmap\u00fcksid CCE &#8220;Kesk-Euroopa&#8221; kamuflaa\u017eis.\u00a0 Laia l\u00f5ikega vihma- ja tuule kindel, hingav ja kerge pealiskiht, mis v\u00f5imaldab mitme sooja alus- ning vahekihi kandmist ning ei takista liikumist.<\/p>\n<p style=\"text-align: justify;\"><strong>Omadused:<\/strong><\/p>\n<ul style=\"text-align: justify;\">\n<li>3-kihiline MVP (moisture vapour permeable) laminaat, Gore-Tex\u00ae ekvivalent<\/li>\n<li>spetsiaalsesse taskusse paidetavad traksid reguleeritava pikkusega ning kiirvabastusklambritega<\/li>\n<li>t\u00e4ispikkuses t\u00f5mblukud k\u00fclgedel, mida katab trukkidega klapp<\/li>\n<li>t\u00f5mbluku ning trukiga eest suletavad<\/li>\n<li>trukid k\u00fclgedel, p\u00fckse on v\u00f5imalik \u00e4ra v\u00f5tta ka saapad jalas<\/li>\n<li>veniva paela abil reguleeritav v\u00f6\u00f6koha laius<\/li>\n<li>takjapaela abil reguleeritavad alt<\/li>\n<li>YKK\u00ae t\u00f5mblukud<\/li>\n<li>teibitud \u00f5mblused<\/li>\n<li>kaal ca 880g<\/li>\n<\/ul>\n<p style=\"text-align: justify;\"><strong>Seisukord<\/strong>:<\/p>\n<ul>\n<li style=\"text-align: justify;\">uus (ilma originaalpakendita,\u00a0v\u00f5ib sisaldada hulgiladustamise j\u00e4lgi)<\/li>\n<li>uuev\u00e4\u00e4rne (sisaldab kergeid kulumisj\u00e4lgi)<\/li>\n<li>kasutatud, Grade 1 (sisaldab m\u00f5\u00f5dukaid kulumisj\u00e4lgi, v\u00f5ib sisaldada v\u00e4iksemaid vigastusi)<\/li>\n<li>kasutatud, Grade 2 (sisaldab m\u00f5\u00f5dukaid kulumisj\u00e4lgi ning v\u00e4iksemaid parandatavaid vigastusi, t\u00f5mblukud on toimivad, t\u00f5mblukutilad v\u00f5ivad puududa)<\/li>\n<\/ul>\n","protected":false},"excerpt":{"rendered":"<p>Kvaliteetne Prantsuse s\u00f5jav\u00e4e 3-kihilise (Gore-Tex\u00ae\u00a0 t\u00fc\u00fcpi) membraaniga vihmap\u00fcksid CCE &#8220;Kesk-Euroopa&#8221; kamuflaa\u017eis.\u00a0 Laia l\u00f5ikega vihma- ja tuule kindel, hingav ja kerge<\/p>\n","protected":false},"featured_media":85998,"template":"","meta":[],"product_brand":[],"product_cat":[111],"product_tag":[3143],"class_list":{"0":"post-85984","1":"product","2":"type-product","3":"status-publish","4":"has-post-thumbnail","6":"product_cat-puksid","7":"product_tag-vihmariided","8":"pa_brand-french-military-surplus","9":"pa_condition-kasutatud-grade-1","10":"pa_condition-kasutatud-grade-2","11":"pa_condition-uuevaarne","12":"pa_condition-uus","13":"pa_size-large-long-104l-2","14":"pa_size-large-short-104c-2","15":"pa_size-medium-long-96l","16":"pa_size-small-long-88l","17":"pa_size-small-short-88c","18":"pa_size-xlarge-long-112l-2","19":"pa_size-xlarge-short-112c-2","20":"pa_size-xsmall-long-80l","21":"pa_size-xsmall-short-80c","22":"pa_size-xxlarge-long-120l-2","23":"pa_size-xxlarge-short-120c-2","25":"first","26":"instock","27":"taxable","28":"shipping-taxable","29":"purchasable","30":"product-type-variable"},"yoast_head":"<!-- This site is optimized with the Yoast SEO plugin v27.2 - https:\/\/yoast.com\/product\/yoast-seo-wordpress\/ -->\n<title>Prantsuse Armee vihmajope MVP CCE - outdoors.ee<\/title>\n<meta name=\"description\" content=\"Kvaliteetne Prantsuse s\u00f5jav\u00e4e 3-kihilise (Gore-Tex\u00ae\u00a0 t\u00fc\u00fcpi) membraaniga vihmajope CCE\u00a0 kesk-euroopa kamuflaa\u017eis.\u00a0 Laia l\u00f5ikega vihma- ja tuule kindel, hingav ja kerge pealiskiht, mis v\u00f5imaldab mitme sooja alus- ning vahekihi kandmist ning ei takista liikumist. Kvaliteetne s\u00f5jav\u00e4e standarditele vastav koorikjope, mida enam juurde ei tule. Omadused: 3-kihiline MVP (moisture vapour permeable) laminaat, Gore-Tex\u00ae ekvivalent t\u00e4ispikkuses 2-suunaline vastupidav t\u00f5mblukk kahekihiline tormklapp trukkidega suur, kokkupandav kapuuts pingutusn\u00f6\u00f6riga k\u00f5rge p\u00fcstkrae pingutusn\u00f6\u00f6riga 2 alumist taskut t\u00f5mbluku ja klapiga 2 sisemist t\u00f5mblukuga taskut v\u00f6\u00f6koha ning alumise \u00e4\u00e4re pingutusn\u00f6\u00f6rid tugevdused k\u00fc\u00fcnarnukkide piirkondades takjapaela abil reguleeritav manseti laius teibitud \u00f5mblustega kaenlaalune ventilatsioon kahesuunalise t\u00f5mblukuga trukkidega auastme eraldusm\u00e4rgi klapid \u00f5lgadel Suuruste info: Soovitatav kandja R\u00dc:\u00a0Large - 116-122cm \/ 46-48\u00b4\u00b4; XLarge - 124-130cm \/ 49-51\u00b4\u00b4; XXLarge - 132-138cm \/ 52-54\u00b4\u00b4. ---------------------------------------------------------------------------------------------------------------------------------------------------------- NB! See tabel sisaldab ligikaudseid jope (mitte isiku) n\u00e4itajaid (cm). Seljaosa pikkus on m\u00f5\u00f5detud krae alt alumise \u00e4\u00e4reni. SUURUS Prantsuse Suurus Kaenlaalune laius Varruka sisepikkus Seljaosa pikkus Large Short 112 C 69 55 76 Large Long 112 L 69 58 81 XLarge Short 120 C 73 55 76 XLarge Long 120 L 73 58,5 81 XXLarge Short 128 C 77 55,5 76 XXLarge Long 128 L 77 59 81 Seisukord: uus (otse tootja tehase kastidest)\" \/>\n<meta name=\"robots\" content=\"index, follow, max-snippet:-1, max-image-preview:large, max-video-preview:-1\" \/>\n<link rel=\"canonical\" href=\"https:\/\/www.outdoors.ee\/et\/toode\/prantsuse-armee-vihmapuksid-mvp-cce\/\" \/>\n<meta property=\"og:locale\" content=\"et_EE\" \/>\n<meta property=\"og:type\" content=\"article\" \/>\n<meta property=\"og:title\" content=\"Prantsuse Armee vihmajope MVP CCE\" \/>\n<meta property=\"og:description\" content=\"Kvaliteetne Prantsuse s\u00f5jav\u00e4e 3-kihilise (Gore-Tex\u00ae\u00a0 t\u00fc\u00fcpi) membraaniga vihmajope CCE\u00a0 kesk-euroopa kamuflaa\u017eis.\u00a0 Laia l\u00f5ikega vihma- ja tuule kindel, hingav ja kerge pealiskiht, mis v\u00f5imaldab mitme sooja alus- ning vahekihi kandmist ning ei takista liikumist. Kvaliteetne s\u00f5jav\u00e4e standarditele vastav koorikjope, mida enam juurde ei tule. Omadused: 3-kihiline MVP (moisture vapour permeable) laminaat, Gore-Tex\u00ae ekvivalent t\u00e4ispikkuses 2-suunaline vastupidav t\u00f5mblukk kahekihiline tormklapp trukkidega suur, kokkupandav kapuuts pingutusn\u00f6\u00f6riga k\u00f5rge p\u00fcstkrae pingutusn\u00f6\u00f6riga 2 alumist taskut t\u00f5mbluku ja klapiga 2 sisemist t\u00f5mblukuga taskut v\u00f6\u00f6koha ning alumise \u00e4\u00e4re pingutusn\u00f6\u00f6rid tugevdused k\u00fc\u00fcnarnukkide piirkondades takjapaela abil reguleeritav manseti laius teibitud \u00f5mblustega kaenlaalune ventilatsioon kahesuunalise t\u00f5mblukuga trukkidega auastme eraldusm\u00e4rgi klapid \u00f5lgadel Suuruste info: Soovitatav kandja R\u00dc:\u00a0Large - 116-122cm \/ 46-48\u00b4\u00b4; XLarge - 124-130cm \/ 49-51\u00b4\u00b4; XXLarge - 132-138cm \/ 52-54\u00b4\u00b4. ---------------------------------------------------------------------------------------------------------------------------------------------------------- NB! See tabel sisaldab ligikaudseid jope (mitte isiku) n\u00e4itajaid (cm). Seljaosa pikkus on m\u00f5\u00f5detud krae alt alumise \u00e4\u00e4reni. SUURUS Prantsuse Suurus Kaenlaalune laius Varruka sisepikkus Seljaosa pikkus Large Short 112 C 69 55 76 Large Long 112 L 69 58 81 XLarge Short 120 C 73 55 76 XLarge Long 120 L 73 58,5 81 XXLarge Short 128 C 77 55,5 76 XXLarge Long 128 L 77 59 81 Seisukord: uus (otse tootja tehase kastidest)\" \/>\n<meta property=\"og:url\" content=\"https:\/\/www.outdoors.ee\/et\/toode\/prantsuse-armee-vihmapuksid-mvp-cce\/\" \/>\n<meta property=\"og:site_name\" content=\"Outdoors\" \/>\n<meta property=\"article:modified_time\" content=\"2026-03-18T07:22:29+00:00\" \/>\n<meta property=\"og:image\" content=\"https:\/\/www.outdoors.ee\/wp-content\/uploads\/2023\/08\/1838-French-Army-MVP-Rain-Trousers-CCE.jpg\" \/>\n\t<meta property=\"og:image:width\" content=\"1000\" \/>\n\t<meta property=\"og:image:height\" content=\"1150\" \/>\n\t<meta property=\"og:image:type\" content=\"image\/jpeg\" \/>\n<meta name=\"twitter:card\" content=\"summary_large_image\" \/>\n<meta name=\"twitter:title\" content=\"Prantsuse Armee vihmajope MVP CCE\" \/>\n<meta name=\"twitter:label1\" content=\"Est. reading time\" \/>\n\t<meta name=\"twitter:data1\" content=\"1 minut\" \/>\n<script type=\"application\/ld+json\" class=\"yoast-schema-graph\">{\"@context\":\"https:\/\/schema.org\",\"@graph\":[{\"@type\":\"WebPage\",\"@id\":\"https:\/\/www.outdoors.ee\/et\/toode\/prantsuse-armee-vihmapuksid-mvp-cce\/\",\"url\":\"https:\/\/www.outdoors.ee\/et\/toode\/prantsuse-armee-vihmapuksid-mvp-cce\/\",\"name\":\"Prantsuse Armee vihmajope MVP CCE - outdoors.ee\",\"isPartOf\":{\"@id\":\"https:\/\/www.outdoors.ee\/#website\"},\"primaryImageOfPage\":{\"@id\":\"https:\/\/www.outdoors.ee\/et\/toode\/prantsuse-armee-vihmapuksid-mvp-cce\/#primaryimage\"},\"image\":{\"@id\":\"https:\/\/www.outdoors.ee\/et\/toode\/prantsuse-armee-vihmapuksid-mvp-cce\/#primaryimage\"},\"thumbnailUrl\":\"https:\/\/www.outdoors.ee\/wp-content\/uploads\/2023\/08\/1838-French-Army-MVP-Rain-Trousers-CCE.jpg\",\"datePublished\":\"2023-08-17T07:39:09+00:00\",\"dateModified\":\"2026-03-18T07:22:29+00:00\",\"description\":\"Kvaliteetne Prantsuse s\u00f5jav\u00e4e 3-kihilise (Gore-Tex\u00ae\u00a0 t\u00fc\u00fcpi) membraaniga vihmajope CCE\u00a0 kesk-euroopa kamuflaa\u017eis.\u00a0 Laia l\u00f5ikega vihma- ja tuule kindel, hingav ja kerge pealiskiht, mis v\u00f5imaldab mitme sooja alus- ning vahekihi kandmist ning ei takista liikumist. Kvaliteetne s\u00f5jav\u00e4e standarditele vastav koorikjope, mida enam juurde ei tule. Omadused: 3-kihiline MVP (moisture vapour permeable) laminaat, Gore-Tex\u00ae ekvivalent t\u00e4ispikkuses 2-suunaline vastupidav t\u00f5mblukk kahekihiline tormklapp trukkidega suur, kokkupandav kapuuts pingutusn\u00f6\u00f6riga k\u00f5rge p\u00fcstkrae pingutusn\u00f6\u00f6riga 2 alumist taskut t\u00f5mbluku ja klapiga 2 sisemist t\u00f5mblukuga taskut v\u00f6\u00f6koha ning alumise \u00e4\u00e4re pingutusn\u00f6\u00f6rid tugevdused k\u00fc\u00fcnarnukkide piirkondades takjapaela abil reguleeritav manseti laius teibitud \u00f5mblustega kaenlaalune ventilatsioon kahesuunalise t\u00f5mblukuga trukkidega auastme eraldusm\u00e4rgi klapid \u00f5lgadel Suuruste info: Soovitatav kandja R\u00dc:\u00a0Large - 116-122cm \/ 46-48\u00b4\u00b4; XLarge - 124-130cm \/ 49-51\u00b4\u00b4; XXLarge - 132-138cm \/ 52-54\u00b4\u00b4. ---------------------------------------------------------------------------------------------------------------------------------------------------------- NB! See tabel sisaldab ligikaudseid jope (mitte isiku) n\u00e4itajaid (cm). Seljaosa pikkus on m\u00f5\u00f5detud krae alt alumise \u00e4\u00e4reni. SUURUS Prantsuse Suurus Kaenlaalune laius Varruka sisepikkus Seljaosa pikkus Large Short 112 C 69 55 76 Large Long 112 L 69 58 81 XLarge Short 120 C 73 55 76 XLarge Long 120 L 73 58,5 81 XXLarge Short 128 C 77 55,5 76 XXLarge Long 128 L 77 59 81 Seisukord: uus (otse tootja tehase kastidest)\",\"breadcrumb\":{\"@id\":\"https:\/\/www.outdoors.ee\/et\/toode\/prantsuse-armee-vihmapuksid-mvp-cce\/#breadcrumb\"},\"inLanguage\":\"et\",\"potentialAction\":[{\"@type\":\"ReadAction\",\"target\":[\"https:\/\/www.outdoors.ee\/et\/toode\/prantsuse-armee-vihmapuksid-mvp-cce\/\"]}]},{\"@type\":\"ImageObject\",\"inLanguage\":\"et\",\"@id\":\"https:\/\/www.outdoors.ee\/et\/toode\/prantsuse-armee-vihmapuksid-mvp-cce\/#primaryimage\",\"url\":\"https:\/\/www.outdoors.ee\/wp-content\/uploads\/2023\/08\/1838-French-Army-MVP-Rain-Trousers-CCE.jpg\",\"contentUrl\":\"https:\/\/www.outdoors.ee\/wp-content\/uploads\/2023\/08\/1838-French-Army-MVP-Rain-Trousers-CCE.jpg\",\"width\":1000,\"height\":1150},{\"@type\":\"BreadcrumbList\",\"@id\":\"https:\/\/www.outdoors.ee\/et\/toode\/prantsuse-armee-vihmapuksid-mvp-cce\/#breadcrumb\",\"itemListElement\":[{\"@type\":\"ListItem\",\"position\":1,\"name\":\"Home\",\"item\":\"https:\/\/www.outdoors.ee\/et\/\"},{\"@type\":\"ListItem\",\"position\":2,\"name\":\"Tooted\",\"item\":\"https:\/\/www.outdoors.ee\/products\/\"},{\"@type\":\"ListItem\",\"position\":3,\"name\":\"Prantsuse Armee vihmap\u00fcksid MVP CCE\"}]},{\"@type\":\"WebSite\",\"@id\":\"https:\/\/www.outdoors.ee\/#website\",\"url\":\"https:\/\/www.outdoors.ee\/\",\"name\":\"Outdoors\",\"description\":\"Genuine military surplus and not only!\",\"potentialAction\":[{\"@type\":\"SearchAction\",\"target\":{\"@type\":\"EntryPoint\",\"urlTemplate\":\"https:\/\/www.outdoors.ee\/?s={search_term_string}\"},\"query-input\":{\"@type\":\"PropertyValueSpecification\",\"valueRequired\":true,\"valueName\":\"search_term_string\"}}],\"inLanguage\":\"et\"}]}<\/script>\n<!-- \/ Yoast SEO plugin. -->","yoast_head_json":{"title":"Prantsuse Armee vihmajope MVP CCE - outdoors.ee","description":"Kvaliteetne Prantsuse s\u00f5jav\u00e4e 3-kihilise (Gore-Tex\u00ae\u00a0 t\u00fc\u00fcpi) membraaniga vihmajope CCE\u00a0 kesk-euroopa kamuflaa\u017eis.\u00a0 Laia l\u00f5ikega vihma- ja tuule kindel, hingav ja kerge pealiskiht, mis v\u00f5imaldab mitme sooja alus- ning vahekihi kandmist ning ei takista liikumist. Kvaliteetne s\u00f5jav\u00e4e standarditele vastav koorikjope, mida enam juurde ei tule. Omadused: 3-kihiline MVP (moisture vapour permeable) laminaat, Gore-Tex\u00ae ekvivalent t\u00e4ispikkuses 2-suunaline vastupidav t\u00f5mblukk kahekihiline tormklapp trukkidega suur, kokkupandav kapuuts pingutusn\u00f6\u00f6riga k\u00f5rge p\u00fcstkrae pingutusn\u00f6\u00f6riga 2 alumist taskut t\u00f5mbluku ja klapiga 2 sisemist t\u00f5mblukuga taskut v\u00f6\u00f6koha ning alumise \u00e4\u00e4re pingutusn\u00f6\u00f6rid tugevdused k\u00fc\u00fcnarnukkide piirkondades takjapaela abil reguleeritav manseti laius teibitud \u00f5mblustega kaenlaalune ventilatsioon kahesuunalise t\u00f5mblukuga trukkidega auastme eraldusm\u00e4rgi klapid \u00f5lgadel Suuruste info: Soovitatav kandja R\u00dc:\u00a0Large - 116-122cm \/ 46-48\u00b4\u00b4; XLarge - 124-130cm \/ 49-51\u00b4\u00b4; XXLarge - 132-138cm \/ 52-54\u00b4\u00b4. ---------------------------------------------------------------------------------------------------------------------------------------------------------- NB! See tabel sisaldab ligikaudseid jope (mitte isiku) n\u00e4itajaid (cm). Seljaosa pikkus on m\u00f5\u00f5detud krae alt alumise \u00e4\u00e4reni. SUURUS Prantsuse Suurus Kaenlaalune laius Varruka sisepikkus Seljaosa pikkus Large Short 112 C 69 55 76 Large Long 112 L 69 58 81 XLarge Short 120 C 73 55 76 XLarge Long 120 L 73 58,5 81 XXLarge Short 128 C 77 55,5 76 XXLarge Long 128 L 77 59 81 Seisukord: uus (otse tootja tehase kastidest)","robots":{"index":"index","follow":"follow","max-snippet":"max-snippet:-1","max-image-preview":"max-image-preview:large","max-video-preview":"max-video-preview:-1"},"canonical":"https:\/\/www.outdoors.ee\/et\/toode\/prantsuse-armee-vihmapuksid-mvp-cce\/","og_locale":"et_EE","og_type":"article","og_title":"Prantsuse Armee vihmajope MVP CCE","og_description":"Kvaliteetne Prantsuse s\u00f5jav\u00e4e 3-kihilise (Gore-Tex\u00ae\u00a0 t\u00fc\u00fcpi) membraaniga vihmajope CCE\u00a0 kesk-euroopa kamuflaa\u017eis.\u00a0 Laia l\u00f5ikega vihma- ja tuule kindel, hingav ja kerge pealiskiht, mis v\u00f5imaldab mitme sooja alus- ning vahekihi kandmist ning ei takista liikumist. Kvaliteetne s\u00f5jav\u00e4e standarditele vastav koorikjope, mida enam juurde ei tule. Omadused: 3-kihiline MVP (moisture vapour permeable) laminaat, Gore-Tex\u00ae ekvivalent t\u00e4ispikkuses 2-suunaline vastupidav t\u00f5mblukk kahekihiline tormklapp trukkidega suur, kokkupandav kapuuts pingutusn\u00f6\u00f6riga k\u00f5rge p\u00fcstkrae pingutusn\u00f6\u00f6riga 2 alumist taskut t\u00f5mbluku ja klapiga 2 sisemist t\u00f5mblukuga taskut v\u00f6\u00f6koha ning alumise \u00e4\u00e4re pingutusn\u00f6\u00f6rid tugevdused k\u00fc\u00fcnarnukkide piirkondades takjapaela abil reguleeritav manseti laius teibitud \u00f5mblustega kaenlaalune ventilatsioon kahesuunalise t\u00f5mblukuga trukkidega auastme eraldusm\u00e4rgi klapid \u00f5lgadel Suuruste info: Soovitatav kandja R\u00dc:\u00a0Large - 116-122cm \/ 46-48\u00b4\u00b4; XLarge - 124-130cm \/ 49-51\u00b4\u00b4; XXLarge - 132-138cm \/ 52-54\u00b4\u00b4. ---------------------------------------------------------------------------------------------------------------------------------------------------------- NB! See tabel sisaldab ligikaudseid jope (mitte isiku) n\u00e4itajaid (cm). Seljaosa pikkus on m\u00f5\u00f5detud krae alt alumise \u00e4\u00e4reni. SUURUS Prantsuse Suurus Kaenlaalune laius Varruka sisepikkus Seljaosa pikkus Large Short 112 C 69 55 76 Large Long 112 L 69 58 81 XLarge Short 120 C 73 55 76 XLarge Long 120 L 73 58,5 81 XXLarge Short 128 C 77 55,5 76 XXLarge Long 128 L 77 59 81 Seisukord: uus (otse tootja tehase kastidest)","og_url":"https:\/\/www.outdoors.ee\/et\/toode\/prantsuse-armee-vihmapuksid-mvp-cce\/","og_site_name":"Outdoors","article_modified_time":"2026-03-18T07:22:29+00:00","og_image":[{"width":1000,"height":1150,"url":"https:\/\/www.outdoors.ee\/wp-content\/uploads\/2023\/08\/1838-French-Army-MVP-Rain-Trousers-CCE.jpg","type":"image\/jpeg"}],"twitter_card":"summary_large_image","twitter_title":"Prantsuse Armee vihmajope MVP CCE","twitter_misc":{"Est. reading time":"1 minut"},"schema":{"@context":"https:\/\/schema.org","@graph":[{"@type":"WebPage","@id":"https:\/\/www.outdoors.ee\/et\/toode\/prantsuse-armee-vihmapuksid-mvp-cce\/","url":"https:\/\/www.outdoors.ee\/et\/toode\/prantsuse-armee-vihmapuksid-mvp-cce\/","name":"Prantsuse Armee vihmajope MVP CCE - outdoors.ee","isPartOf":{"@id":"https:\/\/www.outdoors.ee\/#website"},"primaryImageOfPage":{"@id":"https:\/\/www.outdoors.ee\/et\/toode\/prantsuse-armee-vihmapuksid-mvp-cce\/#primaryimage"},"image":{"@id":"https:\/\/www.outdoors.ee\/et\/toode\/prantsuse-armee-vihmapuksid-mvp-cce\/#primaryimage"},"thumbnailUrl":"https:\/\/www.outdoors.ee\/wp-content\/uploads\/2023\/08\/1838-French-Army-MVP-Rain-Trousers-CCE.jpg","datePublished":"2023-08-17T07:39:09+00:00","dateModified":"2026-03-18T07:22:29+00:00","description":"Kvaliteetne Prantsuse s\u00f5jav\u00e4e 3-kihilise (Gore-Tex\u00ae\u00a0 t\u00fc\u00fcpi) membraaniga vihmajope CCE\u00a0 kesk-euroopa kamuflaa\u017eis.\u00a0 Laia l\u00f5ikega vihma- ja tuule kindel, hingav ja kerge pealiskiht, mis v\u00f5imaldab mitme sooja alus- ning vahekihi kandmist ning ei takista liikumist. Kvaliteetne s\u00f5jav\u00e4e standarditele vastav koorikjope, mida enam juurde ei tule. Omadused: 3-kihiline MVP (moisture vapour permeable) laminaat, Gore-Tex\u00ae ekvivalent t\u00e4ispikkuses 2-suunaline vastupidav t\u00f5mblukk kahekihiline tormklapp trukkidega suur, kokkupandav kapuuts pingutusn\u00f6\u00f6riga k\u00f5rge p\u00fcstkrae pingutusn\u00f6\u00f6riga 2 alumist taskut t\u00f5mbluku ja klapiga 2 sisemist t\u00f5mblukuga taskut v\u00f6\u00f6koha ning alumise \u00e4\u00e4re pingutusn\u00f6\u00f6rid tugevdused k\u00fc\u00fcnarnukkide piirkondades takjapaela abil reguleeritav manseti laius teibitud \u00f5mblustega kaenlaalune ventilatsioon kahesuunalise t\u00f5mblukuga trukkidega auastme eraldusm\u00e4rgi klapid \u00f5lgadel Suuruste info: Soovitatav kandja R\u00dc:\u00a0Large - 116-122cm \/ 46-48\u00b4\u00b4; XLarge - 124-130cm \/ 49-51\u00b4\u00b4; XXLarge - 132-138cm \/ 52-54\u00b4\u00b4. ---------------------------------------------------------------------------------------------------------------------------------------------------------- NB! See tabel sisaldab ligikaudseid jope (mitte isiku) n\u00e4itajaid (cm). Seljaosa pikkus on m\u00f5\u00f5detud krae alt alumise \u00e4\u00e4reni. SUURUS Prantsuse Suurus Kaenlaalune laius Varruka sisepikkus Seljaosa pikkus Large Short 112 C 69 55 76 Large Long 112 L 69 58 81 XLarge Short 120 C 73 55 76 XLarge Long 120 L 73 58,5 81 XXLarge Short 128 C 77 55,5 76 XXLarge Long 128 L 77 59 81 Seisukord: uus (otse tootja tehase kastidest)","breadcrumb":{"@id":"https:\/\/www.outdoors.ee\/et\/toode\/prantsuse-armee-vihmapuksid-mvp-cce\/#breadcrumb"},"inLanguage":"et","potentialAction":[{"@type":"ReadAction","target":["https:\/\/www.outdoors.ee\/et\/toode\/prantsuse-armee-vihmapuksid-mvp-cce\/"]}]},{"@type":"ImageObject","inLanguage":"et","@id":"https:\/\/www.outdoors.ee\/et\/toode\/prantsuse-armee-vihmapuksid-mvp-cce\/#primaryimage","url":"https:\/\/www.outdoors.ee\/wp-content\/uploads\/2023\/08\/1838-French-Army-MVP-Rain-Trousers-CCE.jpg","contentUrl":"https:\/\/www.outdoors.ee\/wp-content\/uploads\/2023\/08\/1838-French-Army-MVP-Rain-Trousers-CCE.jpg","width":1000,"height":1150},{"@type":"BreadcrumbList","@id":"https:\/\/www.outdoors.ee\/et\/toode\/prantsuse-armee-vihmapuksid-mvp-cce\/#breadcrumb","itemListElement":[{"@type":"ListItem","position":1,"name":"Home","item":"https:\/\/www.outdoors.ee\/et\/"},{"@type":"ListItem","position":2,"name":"Tooted","item":"https:\/\/www.outdoors.ee\/products\/"},{"@type":"ListItem","position":3,"name":"Prantsuse Armee vihmap\u00fcksid MVP CCE"}]},{"@type":"WebSite","@id":"https:\/\/www.outdoors.ee\/#website","url":"https:\/\/www.outdoors.ee\/","name":"Outdoors","description":"Genuine military surplus and not only!","potentialAction":[{"@type":"SearchAction","target":{"@type":"EntryPoint","urlTemplate":"https:\/\/www.outdoors.ee\/?s={search_term_string}"},"query-input":{"@type":"PropertyValueSpecification","valueRequired":true,"valueName":"search_term_string"}}],"inLanguage":"et"}]}},"_links":{"self":[{"href":"https:\/\/www.outdoors.ee\/et\/wp-json\/wp\/v2\/product\/85984","targetHints":{"allow":["GET"]}}],"collection":[{"href":"https:\/\/www.outdoors.ee\/et\/wp-json\/wp\/v2\/product"}],"about":[{"href":"https:\/\/www.outdoors.ee\/et\/wp-json\/wp\/v2\/types\/product"}],"wp:featuredmedia":[{"embeddable":true,"href":"https:\/\/www.outdoors.ee\/et\/wp-json\/wp\/v2\/media\/85998"}],"wp:attachment":[{"href":"https:\/\/www.outdoors.ee\/et\/wp-json\/wp\/v2\/media?parent=85984"}],"wp:term":[{"taxonomy":"product_brand","embeddable":true,"href":"https:\/\/www.outdoors.ee\/et\/wp-json\/wp\/v2\/product_brand?post=85984"},{"taxonomy":"product_cat","embeddable":true,"href":"https:\/\/www.outdoors.ee\/et\/wp-json\/wp\/v2\/product_cat?post=85984"},{"taxonomy":"product_tag","embeddable":true,"href":"https:\/\/www.outdoors.ee\/et\/wp-json\/wp\/v2\/product_tag?post=85984"}],"curies":[{"name":"wp","href":"https:\/\/api.w.org\/{rel}","templated":true}]}}