{"id":85795,"date":"2024-08-09T19:47:54","date_gmt":"2024-08-09T16:47:54","guid":{"rendered":"https:\/\/www.outdoors.ee\/?post_type=product&#038;p=85795"},"modified":"2026-02-06T18:25:13","modified_gmt":"2026-02-06T16:25:13","slug":"lowa-zephyr-mk2-gtx-hi","status":"publish","type":"product","link":"https:\/\/www.outdoors.ee\/et\/toode\/lowa-zephyr-mk2-gtx-hi\/","title":{"rendered":"Lowa\u00ae Zephyr Mk2 GTX Hi"},"content":{"rendered":"<p>ZEPHYR MK2 GTX HI on saavutanud ideaalse tasakaalu liikuvuse, kerguse ning stabiilsuse vahel. HI-CUT (k\u00f5rgem) pealmine osa tagab vajaliku toe langevarjuh\u00fcpete ja k\u00f6iega laskumise ajal. Pealne on valmistatud veekindlast, rebimiskindlast seemisnahast ja kulumiskindlast, hingavast CORDURA\u00ae materjalist. Innovatiivne lukustuva r\u00f5ngaga paelas\u00fcsteem v\u00f5imaldab kahetsoonilist sidumist. Veekindel ja v\u00e4ga hingav Gore-Tex Extended Comfort laminaat on ideaalne kasutamiseks m\u00f5\u00f5dukalt niisketes tingimustes. Kahekordse kihiga PU-vahetald MONOWRAP\u00ae raamiga \u00fcmbritseb ja toetab jalga.<\/p>\n<p><strong>Omadused:<\/strong><\/p>\n<ul>\n<li>V\u00c4LISTALD: LOWA\u00ae X-TRAC MILITARY. Pakub optimaalset libisemiskaitset libedatel, m\u00e4rgadel ja \u00f5lised pindadel ning hea haarduvuse maastikul<\/li>\n<li>VAHETALD. 100% Pol\u00fcuretaan (PU), pehme plastik, millel on v\u00e4ga head p\u00f5rutustneelavad omadused ning mida tavaliselt kasutatakse vahetalla materjalina. PU kasutamise abil muutuvad tallad kergemaks ja funktsionaalselt painduvaks<\/li>\n<li>SISETALD. Vahetatav, pestav. Ca 90% pol\u00fc\u00aduretaan ja 9% pol\u00fcamiid<\/li>\n<li>PEALNE. Ca 65% seemisnahk (1,4-1,6mm) ja 35% kangas<\/li>\n<li>SISEVOODER. 100% Gore-Tex Extended Comfort Footwear Membraan<\/li>\n<li>LOWA MONOWRAP\u00ae frame. Spetsiaalse disainiga raam \u00fcmbritseb ning toetab jalga<\/li>\n<li>2-TSOONILINE PAELAS\u00dcSTEEM. Jalalaba piirkonda ja \u00fclemist osa on v\u00f5imalik siduda erinevas pingutusastmes<\/li>\n<li>KINNINE AAS. Suletud paelar\u00f5ngad minimiseerivad jalatsi kinnij\u00e4\u00e4mise riski<\/li>\n<li>K\u00d5RGUS. V\u00e4limine: 210 mm, sisemine: 175 mm<\/li>\n<li>KAAL. 1250 g\/paar (UK8\/EU42)<\/li>\n<li>Sertifitseeritud turvajalats vastavalt DIN EN ISO 20347:2012. Kood: <span class=\"code\" tabindex=\"0\" data-tooltip=\"\" data-target=\"b956a02b-8fb6-0010-bca3-3a78d88b74f2\">O2\u00a0<\/span><span class=\"code\" tabindex=\"0\" data-tooltip=\"\" data-target=\"a4aee2d6-c751-b0a7-a5d6-6da56ca20f6c\">HI\u00a0<\/span><span class=\"code\" tabindex=\"0\" data-tooltip=\"\" data-target=\"5085d395-02ac-a370-75bc-bf6ca8463ca6\">CI\u00a0<\/span><span class=\"code\" tabindex=\"0\" data-tooltip=\"\" data-target=\"ec073169-14b0-58df-2cf1-26a1b9807a66\">WR\u00a0<\/span><span class=\"code\" tabindex=\"0\" data-tooltip=\"\" data-target=\"e47713aa-6a00-90c0-4059-07e9e85b9dfa\">HRO\u00a0<\/span><span class=\"code\" tabindex=\"0\" data-tooltip=\"\" data-target=\"e82e4be7-539e-8d68-2ba5-94feb1d09860\">FO\u00a0<\/span><span class=\"code\" tabindex=\"0\" data-tooltip=\"\" data-target=\"cb74552e-6523-90f0-1eab-8a1cb1cf054d\">SRC<\/span><\/li>\n<\/ul>\n<p><strong>Seisukord:<\/strong> Uus, originaalkarbis<\/p>\n","protected":false},"excerpt":{"rendered":"<p>Task Force: Close-Quarters Combat Boot<\/p>\n","protected":false},"featured_media":85871,"template":"","meta":[],"product_brand":[],"product_cat":[70],"product_tag":[],"class_list":{"0":"post-85795","1":"product","2":"type-product","3":"status-publish","4":"has-post-thumbnail","6":"product_cat-jalanoud","7":"pa_brand-lowa-2","8":"pa_color-black-2","9":"pa_color-coyote-op-2","10":"pa_color-dark-brown-2","11":"pa_color-ranger-green-2","12":"pa_size-uk105-us115-eu45-2","13":"pa_size-uk10-us11-eu445-2","14":"pa_size-uk11-us12-eu46-2","15":"pa_size-uk85-us95-eu425-3","16":"pa_size-uk8-us9-eu42-3","17":"pa_size-uk95-us105-eu44-2","18":"pa_size-uk9-us10-eu435-2","20":"first","21":"instock","22":"taxable","23":"shipping-taxable","24":"purchasable","25":"product-type-variable"},"yoast_head":"<!-- This site is optimized with the Yoast SEO plugin v27.2 - https:\/\/yoast.com\/product\/yoast-seo-wordpress\/ -->\n<title>Lowa\u00ae Zephyr Mk2 GTX Hi - Outdoors<\/title>\n<meta name=\"robots\" content=\"index, follow, max-snippet:-1, max-image-preview:large, max-video-preview:-1\" \/>\n<link rel=\"canonical\" href=\"https:\/\/www.outdoors.ee\/et\/toode\/lowa-zephyr-mk2-gtx-hi\/\" \/>\n<meta property=\"og:locale\" content=\"et_EE\" \/>\n<meta property=\"og:type\" content=\"article\" \/>\n<meta property=\"og:title\" content=\"Lowa\u00ae Zephyr Mk2 GTX Hi - Outdoors\" \/>\n<meta property=\"og:description\" content=\"Task Force: Close-Quarters Combat Boot\" \/>\n<meta property=\"og:url\" content=\"https:\/\/www.outdoors.ee\/et\/toode\/lowa-zephyr-mk2-gtx-hi\/\" \/>\n<meta property=\"og:site_name\" content=\"Outdoors\" \/>\n<meta property=\"article:modified_time\" content=\"2026-02-06T16:25:13+00:00\" \/>\n<meta property=\"og:image\" content=\"https:\/\/www.outdoors.ee\/wp-content\/uploads\/2023\/08\/310850-c30-0731_zephyr-mk2-gtx-hi_coyote_op.jpg\" \/>\n\t<meta property=\"og:image:width\" content=\"700\" \/>\n\t<meta property=\"og:image:height\" content=\"588\" \/>\n\t<meta property=\"og:image:type\" content=\"image\/jpeg\" \/>\n<meta name=\"twitter:card\" content=\"summary_large_image\" \/>\n<meta name=\"twitter:label1\" content=\"Est. reading time\" \/>\n\t<meta name=\"twitter:data1\" content=\"2 minutit\" \/>\n<script type=\"application\/ld+json\" class=\"yoast-schema-graph\">{\"@context\":\"https:\/\/schema.org\",\"@graph\":[{\"@type\":\"WebPage\",\"@id\":\"https:\/\/www.outdoors.ee\/et\/toode\/lowa-zephyr-mk2-gtx-hi\/\",\"url\":\"https:\/\/www.outdoors.ee\/et\/toode\/lowa-zephyr-mk2-gtx-hi\/\",\"name\":\"Lowa\u00ae Zephyr Mk2 GTX Hi - Outdoors\",\"isPartOf\":{\"@id\":\"https:\/\/www.outdoors.ee\/#website\"},\"primaryImageOfPage\":{\"@id\":\"https:\/\/www.outdoors.ee\/et\/toode\/lowa-zephyr-mk2-gtx-hi\/#primaryimage\"},\"image\":{\"@id\":\"https:\/\/www.outdoors.ee\/et\/toode\/lowa-zephyr-mk2-gtx-hi\/#primaryimage\"},\"thumbnailUrl\":\"https:\/\/www.outdoors.ee\/wp-content\/uploads\/2023\/08\/310850-c30-0731_zephyr-mk2-gtx-hi_coyote_op.jpg\",\"datePublished\":\"2024-08-09T16:47:54+00:00\",\"dateModified\":\"2026-02-06T16:25:13+00:00\",\"breadcrumb\":{\"@id\":\"https:\/\/www.outdoors.ee\/et\/toode\/lowa-zephyr-mk2-gtx-hi\/#breadcrumb\"},\"inLanguage\":\"et\",\"potentialAction\":[{\"@type\":\"ReadAction\",\"target\":[\"https:\/\/www.outdoors.ee\/et\/toode\/lowa-zephyr-mk2-gtx-hi\/\"]}]},{\"@type\":\"ImageObject\",\"inLanguage\":\"et\",\"@id\":\"https:\/\/www.outdoors.ee\/et\/toode\/lowa-zephyr-mk2-gtx-hi\/#primaryimage\",\"url\":\"https:\/\/www.outdoors.ee\/wp-content\/uploads\/2023\/08\/310850-c30-0731_zephyr-mk2-gtx-hi_coyote_op.jpg\",\"contentUrl\":\"https:\/\/www.outdoors.ee\/wp-content\/uploads\/2023\/08\/310850-c30-0731_zephyr-mk2-gtx-hi_coyote_op.jpg\",\"width\":700,\"height\":588},{\"@type\":\"BreadcrumbList\",\"@id\":\"https:\/\/www.outdoors.ee\/et\/toode\/lowa-zephyr-mk2-gtx-hi\/#breadcrumb\",\"itemListElement\":[{\"@type\":\"ListItem\",\"position\":1,\"name\":\"Home\",\"item\":\"https:\/\/www.outdoors.ee\/et\/\"},{\"@type\":\"ListItem\",\"position\":2,\"name\":\"Tooted\",\"item\":\"https:\/\/www.outdoors.ee\/products\/\"},{\"@type\":\"ListItem\",\"position\":3,\"name\":\"Lowa\u00ae Zephyr Mk2 GTX Hi\"}]},{\"@type\":\"WebSite\",\"@id\":\"https:\/\/www.outdoors.ee\/#website\",\"url\":\"https:\/\/www.outdoors.ee\/\",\"name\":\"Outdoors\",\"description\":\"Genuine military surplus and not only!\",\"potentialAction\":[{\"@type\":\"SearchAction\",\"target\":{\"@type\":\"EntryPoint\",\"urlTemplate\":\"https:\/\/www.outdoors.ee\/?s={search_term_string}\"},\"query-input\":{\"@type\":\"PropertyValueSpecification\",\"valueRequired\":true,\"valueName\":\"search_term_string\"}}],\"inLanguage\":\"et\"}]}<\/script>\n<!-- \/ Yoast SEO plugin. -->","yoast_head_json":{"title":"Lowa\u00ae Zephyr Mk2 GTX Hi - Outdoors","robots":{"index":"index","follow":"follow","max-snippet":"max-snippet:-1","max-image-preview":"max-image-preview:large","max-video-preview":"max-video-preview:-1"},"canonical":"https:\/\/www.outdoors.ee\/et\/toode\/lowa-zephyr-mk2-gtx-hi\/","og_locale":"et_EE","og_type":"article","og_title":"Lowa\u00ae Zephyr Mk2 GTX Hi - Outdoors","og_description":"Task Force: Close-Quarters Combat Boot","og_url":"https:\/\/www.outdoors.ee\/et\/toode\/lowa-zephyr-mk2-gtx-hi\/","og_site_name":"Outdoors","article_modified_time":"2026-02-06T16:25:13+00:00","og_image":[{"width":700,"height":588,"url":"https:\/\/www.outdoors.ee\/wp-content\/uploads\/2023\/08\/310850-c30-0731_zephyr-mk2-gtx-hi_coyote_op.jpg","type":"image\/jpeg"}],"twitter_card":"summary_large_image","twitter_misc":{"Est. reading time":"2 minutit"},"schema":{"@context":"https:\/\/schema.org","@graph":[{"@type":"WebPage","@id":"https:\/\/www.outdoors.ee\/et\/toode\/lowa-zephyr-mk2-gtx-hi\/","url":"https:\/\/www.outdoors.ee\/et\/toode\/lowa-zephyr-mk2-gtx-hi\/","name":"Lowa\u00ae Zephyr Mk2 GTX Hi - Outdoors","isPartOf":{"@id":"https:\/\/www.outdoors.ee\/#website"},"primaryImageOfPage":{"@id":"https:\/\/www.outdoors.ee\/et\/toode\/lowa-zephyr-mk2-gtx-hi\/#primaryimage"},"image":{"@id":"https:\/\/www.outdoors.ee\/et\/toode\/lowa-zephyr-mk2-gtx-hi\/#primaryimage"},"thumbnailUrl":"https:\/\/www.outdoors.ee\/wp-content\/uploads\/2023\/08\/310850-c30-0731_zephyr-mk2-gtx-hi_coyote_op.jpg","datePublished":"2024-08-09T16:47:54+00:00","dateModified":"2026-02-06T16:25:13+00:00","breadcrumb":{"@id":"https:\/\/www.outdoors.ee\/et\/toode\/lowa-zephyr-mk2-gtx-hi\/#breadcrumb"},"inLanguage":"et","potentialAction":[{"@type":"ReadAction","target":["https:\/\/www.outdoors.ee\/et\/toode\/lowa-zephyr-mk2-gtx-hi\/"]}]},{"@type":"ImageObject","inLanguage":"et","@id":"https:\/\/www.outdoors.ee\/et\/toode\/lowa-zephyr-mk2-gtx-hi\/#primaryimage","url":"https:\/\/www.outdoors.ee\/wp-content\/uploads\/2023\/08\/310850-c30-0731_zephyr-mk2-gtx-hi_coyote_op.jpg","contentUrl":"https:\/\/www.outdoors.ee\/wp-content\/uploads\/2023\/08\/310850-c30-0731_zephyr-mk2-gtx-hi_coyote_op.jpg","width":700,"height":588},{"@type":"BreadcrumbList","@id":"https:\/\/www.outdoors.ee\/et\/toode\/lowa-zephyr-mk2-gtx-hi\/#breadcrumb","itemListElement":[{"@type":"ListItem","position":1,"name":"Home","item":"https:\/\/www.outdoors.ee\/et\/"},{"@type":"ListItem","position":2,"name":"Tooted","item":"https:\/\/www.outdoors.ee\/products\/"},{"@type":"ListItem","position":3,"name":"Lowa\u00ae Zephyr Mk2 GTX Hi"}]},{"@type":"WebSite","@id":"https:\/\/www.outdoors.ee\/#website","url":"https:\/\/www.outdoors.ee\/","name":"Outdoors","description":"Genuine military surplus and not only!","potentialAction":[{"@type":"SearchAction","target":{"@type":"EntryPoint","urlTemplate":"https:\/\/www.outdoors.ee\/?s={search_term_string}"},"query-input":{"@type":"PropertyValueSpecification","valueRequired":true,"valueName":"search_term_string"}}],"inLanguage":"et"}]}},"_links":{"self":[{"href":"https:\/\/www.outdoors.ee\/et\/wp-json\/wp\/v2\/product\/85795","targetHints":{"allow":["GET"]}}],"collection":[{"href":"https:\/\/www.outdoors.ee\/et\/wp-json\/wp\/v2\/product"}],"about":[{"href":"https:\/\/www.outdoors.ee\/et\/wp-json\/wp\/v2\/types\/product"}],"wp:featuredmedia":[{"embeddable":true,"href":"https:\/\/www.outdoors.ee\/et\/wp-json\/wp\/v2\/media\/85871"}],"wp:attachment":[{"href":"https:\/\/www.outdoors.ee\/et\/wp-json\/wp\/v2\/media?parent=85795"}],"wp:term":[{"taxonomy":"product_brand","embeddable":true,"href":"https:\/\/www.outdoors.ee\/et\/wp-json\/wp\/v2\/product_brand?post=85795"},{"taxonomy":"product_cat","embeddable":true,"href":"https:\/\/www.outdoors.ee\/et\/wp-json\/wp\/v2\/product_cat?post=85795"},{"taxonomy":"product_tag","embeddable":true,"href":"https:\/\/www.outdoors.ee\/et\/wp-json\/wp\/v2\/product_tag?post=85795"}],"curies":[{"name":"wp","href":"https:\/\/api.w.org\/{rel}","templated":true}]}}