{"id":85478,"date":"2023-08-03T15:52:58","date_gmt":"2023-08-03T12:52:58","guid":{"rendered":"https:\/\/www.outdoors.ee\/?post_type=product&#038;p=85478"},"modified":"2025-08-16T16:50:25","modified_gmt":"2025-08-16T13:50:25","slug":"seljakott-halifax-medium-backpack","status":"publish","type":"product","link":"https:\/\/www.outdoors.ee\/et\/toode\/seljakott-halifax-medium-backpack\/","title":{"rendered":"Direct Action\u00ae seljakott HALIFAX MEDIUM Backpack\u00ae"},"content":{"rendered":"<p>HALIFAX\u00ae on mitmek\u00fclgselt konfigureeritav seljakott. Peasahtel on suletav YKK\u00ae #10 t\u00f5mblukkudega. Peasahtel on seest vooderdatud veluurkangaga, mis v\u00f5imaldab lisataskute kinnitamist. Sisepaneeli tagak\u00fclg on kaetud laserl\u00f5igatud MOLLE\/PALS paneelidega, et seda kotti saaks vajadusel kohandada meditsiinikotiks, patrull\/r\u00fcndekotiks v\u00f5i isegi raadiokotiks koos sisemiste ankrutega raadiojaama kinnitamiseks. Klapi \u00fclaosas on kaks lisataskut, millest \u00fcks on veluuriga vooderdatud. Seljakott on v\u00e4ljast kaetud laserl\u00f5igatud MOLLE\/PALS paneelidega. Vastupidavad \u00f5larihmad v\u00f5imaldavad head raskuse jaotust. Lisakinnitused koti k\u00fclgedel ja p\u00f5hjas koos terve seljakoti tugevdatud struktuuriga v\u00f5imaldavad selle kasutamist \u00f5huoperatsioonidel.<\/p>\n<p><strong>Omadused:<\/strong><\/p>\n<ul>\n<li>toodetud 500D Cordura\u00ae kangast<\/li>\n<li>maht: 40L<\/li>\n<li>kaal: 2000g \/ 4,4 lb<\/li>\n<li>materjal: 100% nailon<\/li>\n<li>m\u00f5\u00f5tmed: 63 x 31 x 20cm\/24,8 x 12,2 x 7,9in<\/li>\n<\/ul>\n<p><strong>Seisukord:<\/strong> uus<\/p>\n","protected":false},"excerpt":{"rendered":"<p>HALIFAX\u00ae on mitmek\u00fclgselt konfigureeritav seljakott. Peasahtel on suletav YKK\u00ae #10 t\u00f5mblukkudega. Peasahtel on seest vooderdatud veluurkangaga, mis v\u00f5imaldab lisataskute kinnitamist.<\/p>\n","protected":false},"featured_media":85466,"template":"","meta":[],"product_brand":[],"product_cat":[3539],"product_tag":[],"class_list":{"0":"post-85478","1":"product","2":"type-product","3":"status-publish","4":"has-post-thumbnail","6":"product_cat-seljakotid","7":"pa_brand-direct-action-2","8":"pa_color-adaptive-green-2","9":"pa_color-black-2","10":"pa_color-shadow-grey-2","12":"first","13":"instock","14":"taxable","15":"shipping-taxable","16":"purchasable","17":"product-type-variable"},"yoast_head":"<!-- This site is optimized with the Yoast SEO plugin v27.2 - https:\/\/yoast.com\/product\/yoast-seo-wordpress\/ -->\n<title>Direct Action\u00ae seljakott HALIFAX MEDIUM Backpack\u00ae - Outdoors<\/title>\n<meta name=\"robots\" content=\"index, follow, max-snippet:-1, max-image-preview:large, max-video-preview:-1\" \/>\n<link rel=\"canonical\" href=\"https:\/\/www.outdoors.ee\/et\/toode\/seljakott-halifax-medium-backpack\/\" \/>\n<meta property=\"og:locale\" content=\"et_EE\" \/>\n<meta property=\"og:type\" content=\"article\" \/>\n<meta property=\"og:title\" content=\"Direct Action\u00ae seljakott HALIFAX MEDIUM Backpack\u00ae - Outdoors\" \/>\n<meta property=\"og:description\" content=\"HALIFAX\u00ae on mitmek\u00fclgselt konfigureeritav seljakott. Peasahtel on suletav YKK\u00ae #10 t\u00f5mblukkudega. Peasahtel on seest vooderdatud veluurkangaga, mis v\u00f5imaldab lisataskute kinnitamist.\" \/>\n<meta property=\"og:url\" content=\"https:\/\/www.outdoors.ee\/et\/toode\/seljakott-halifax-medium-backpack\/\" \/>\n<meta property=\"og:site_name\" content=\"Outdoors\" \/>\n<meta property=\"article:modified_time\" content=\"2025-08-16T13:50:25+00:00\" \/>\n<meta property=\"og:image\" content=\"https:\/\/www.outdoors.ee\/wp-content\/uploads\/2023\/08\/Direct-Action\u00ae-Halifax-Medium-Backpack\u00ae-Adaptive-Green.jpg\" \/>\n\t<meta property=\"og:image:width\" content=\"1500\" \/>\n\t<meta property=\"og:image:height\" content=\"1500\" \/>\n\t<meta property=\"og:image:type\" content=\"image\/jpeg\" \/>\n<meta name=\"twitter:card\" content=\"summary_large_image\" \/>\n<meta name=\"twitter:label1\" content=\"Est. reading time\" \/>\n\t<meta name=\"twitter:data1\" content=\"1 minut\" \/>\n<script type=\"application\/ld+json\" class=\"yoast-schema-graph\">{\"@context\":\"https:\/\/schema.org\",\"@graph\":[{\"@type\":\"WebPage\",\"@id\":\"https:\/\/www.outdoors.ee\/et\/toode\/seljakott-halifax-medium-backpack\/\",\"url\":\"https:\/\/www.outdoors.ee\/et\/toode\/seljakott-halifax-medium-backpack\/\",\"name\":\"Direct Action\u00ae seljakott HALIFAX MEDIUM Backpack\u00ae - Outdoors\",\"isPartOf\":{\"@id\":\"https:\/\/www.outdoors.ee\/#website\"},\"primaryImageOfPage\":{\"@id\":\"https:\/\/www.outdoors.ee\/et\/toode\/seljakott-halifax-medium-backpack\/#primaryimage\"},\"image\":{\"@id\":\"https:\/\/www.outdoors.ee\/et\/toode\/seljakott-halifax-medium-backpack\/#primaryimage\"},\"thumbnailUrl\":\"https:\/\/www.outdoors.ee\/wp-content\/uploads\/2023\/08\/Direct-Action\u00ae-Halifax-Medium-Backpack\u00ae-Adaptive-Green.jpg\",\"datePublished\":\"2023-08-03T12:52:58+00:00\",\"dateModified\":\"2025-08-16T13:50:25+00:00\",\"breadcrumb\":{\"@id\":\"https:\/\/www.outdoors.ee\/et\/toode\/seljakott-halifax-medium-backpack\/#breadcrumb\"},\"inLanguage\":\"et\",\"potentialAction\":[{\"@type\":\"ReadAction\",\"target\":[\"https:\/\/www.outdoors.ee\/et\/toode\/seljakott-halifax-medium-backpack\/\"]}]},{\"@type\":\"ImageObject\",\"inLanguage\":\"et\",\"@id\":\"https:\/\/www.outdoors.ee\/et\/toode\/seljakott-halifax-medium-backpack\/#primaryimage\",\"url\":\"https:\/\/www.outdoors.ee\/wp-content\/uploads\/2023\/08\/Direct-Action\u00ae-Halifax-Medium-Backpack\u00ae-Adaptive-Green.jpg\",\"contentUrl\":\"https:\/\/www.outdoors.ee\/wp-content\/uploads\/2023\/08\/Direct-Action\u00ae-Halifax-Medium-Backpack\u00ae-Adaptive-Green.jpg\",\"width\":1500,\"height\":1500},{\"@type\":\"BreadcrumbList\",\"@id\":\"https:\/\/www.outdoors.ee\/et\/toode\/seljakott-halifax-medium-backpack\/#breadcrumb\",\"itemListElement\":[{\"@type\":\"ListItem\",\"position\":1,\"name\":\"Home\",\"item\":\"https:\/\/www.outdoors.ee\/et\/\"},{\"@type\":\"ListItem\",\"position\":2,\"name\":\"Tooted\",\"item\":\"https:\/\/www.outdoors.ee\/products\/\"},{\"@type\":\"ListItem\",\"position\":3,\"name\":\"Direct Action\u00ae seljakott HALIFAX MEDIUM Backpack\u00ae\"}]},{\"@type\":\"WebSite\",\"@id\":\"https:\/\/www.outdoors.ee\/#website\",\"url\":\"https:\/\/www.outdoors.ee\/\",\"name\":\"Outdoors\",\"description\":\"Genuine military surplus and not only!\",\"potentialAction\":[{\"@type\":\"SearchAction\",\"target\":{\"@type\":\"EntryPoint\",\"urlTemplate\":\"https:\/\/www.outdoors.ee\/?s={search_term_string}\"},\"query-input\":{\"@type\":\"PropertyValueSpecification\",\"valueRequired\":true,\"valueName\":\"search_term_string\"}}],\"inLanguage\":\"et\"}]}<\/script>\n<!-- \/ Yoast SEO plugin. -->","yoast_head_json":{"title":"Direct Action\u00ae seljakott HALIFAX MEDIUM Backpack\u00ae - Outdoors","robots":{"index":"index","follow":"follow","max-snippet":"max-snippet:-1","max-image-preview":"max-image-preview:large","max-video-preview":"max-video-preview:-1"},"canonical":"https:\/\/www.outdoors.ee\/et\/toode\/seljakott-halifax-medium-backpack\/","og_locale":"et_EE","og_type":"article","og_title":"Direct Action\u00ae seljakott HALIFAX MEDIUM Backpack\u00ae - Outdoors","og_description":"HALIFAX\u00ae on mitmek\u00fclgselt konfigureeritav seljakott. Peasahtel on suletav YKK\u00ae #10 t\u00f5mblukkudega. Peasahtel on seest vooderdatud veluurkangaga, mis v\u00f5imaldab lisataskute kinnitamist.","og_url":"https:\/\/www.outdoors.ee\/et\/toode\/seljakott-halifax-medium-backpack\/","og_site_name":"Outdoors","article_modified_time":"2025-08-16T13:50:25+00:00","og_image":[{"width":1500,"height":1500,"url":"https:\/\/www.outdoors.ee\/wp-content\/uploads\/2023\/08\/Direct-Action\u00ae-Halifax-Medium-Backpack\u00ae-Adaptive-Green.jpg","type":"image\/jpeg"}],"twitter_card":"summary_large_image","twitter_misc":{"Est. reading time":"1 minut"},"schema":{"@context":"https:\/\/schema.org","@graph":[{"@type":"WebPage","@id":"https:\/\/www.outdoors.ee\/et\/toode\/seljakott-halifax-medium-backpack\/","url":"https:\/\/www.outdoors.ee\/et\/toode\/seljakott-halifax-medium-backpack\/","name":"Direct Action\u00ae seljakott HALIFAX MEDIUM Backpack\u00ae - Outdoors","isPartOf":{"@id":"https:\/\/www.outdoors.ee\/#website"},"primaryImageOfPage":{"@id":"https:\/\/www.outdoors.ee\/et\/toode\/seljakott-halifax-medium-backpack\/#primaryimage"},"image":{"@id":"https:\/\/www.outdoors.ee\/et\/toode\/seljakott-halifax-medium-backpack\/#primaryimage"},"thumbnailUrl":"https:\/\/www.outdoors.ee\/wp-content\/uploads\/2023\/08\/Direct-Action\u00ae-Halifax-Medium-Backpack\u00ae-Adaptive-Green.jpg","datePublished":"2023-08-03T12:52:58+00:00","dateModified":"2025-08-16T13:50:25+00:00","breadcrumb":{"@id":"https:\/\/www.outdoors.ee\/et\/toode\/seljakott-halifax-medium-backpack\/#breadcrumb"},"inLanguage":"et","potentialAction":[{"@type":"ReadAction","target":["https:\/\/www.outdoors.ee\/et\/toode\/seljakott-halifax-medium-backpack\/"]}]},{"@type":"ImageObject","inLanguage":"et","@id":"https:\/\/www.outdoors.ee\/et\/toode\/seljakott-halifax-medium-backpack\/#primaryimage","url":"https:\/\/www.outdoors.ee\/wp-content\/uploads\/2023\/08\/Direct-Action\u00ae-Halifax-Medium-Backpack\u00ae-Adaptive-Green.jpg","contentUrl":"https:\/\/www.outdoors.ee\/wp-content\/uploads\/2023\/08\/Direct-Action\u00ae-Halifax-Medium-Backpack\u00ae-Adaptive-Green.jpg","width":1500,"height":1500},{"@type":"BreadcrumbList","@id":"https:\/\/www.outdoors.ee\/et\/toode\/seljakott-halifax-medium-backpack\/#breadcrumb","itemListElement":[{"@type":"ListItem","position":1,"name":"Home","item":"https:\/\/www.outdoors.ee\/et\/"},{"@type":"ListItem","position":2,"name":"Tooted","item":"https:\/\/www.outdoors.ee\/products\/"},{"@type":"ListItem","position":3,"name":"Direct Action\u00ae seljakott HALIFAX MEDIUM Backpack\u00ae"}]},{"@type":"WebSite","@id":"https:\/\/www.outdoors.ee\/#website","url":"https:\/\/www.outdoors.ee\/","name":"Outdoors","description":"Genuine military surplus and not only!","potentialAction":[{"@type":"SearchAction","target":{"@type":"EntryPoint","urlTemplate":"https:\/\/www.outdoors.ee\/?s={search_term_string}"},"query-input":{"@type":"PropertyValueSpecification","valueRequired":true,"valueName":"search_term_string"}}],"inLanguage":"et"}]}},"_links":{"self":[{"href":"https:\/\/www.outdoors.ee\/et\/wp-json\/wp\/v2\/product\/85478","targetHints":{"allow":["GET"]}}],"collection":[{"href":"https:\/\/www.outdoors.ee\/et\/wp-json\/wp\/v2\/product"}],"about":[{"href":"https:\/\/www.outdoors.ee\/et\/wp-json\/wp\/v2\/types\/product"}],"wp:featuredmedia":[{"embeddable":true,"href":"https:\/\/www.outdoors.ee\/et\/wp-json\/wp\/v2\/media\/85466"}],"wp:attachment":[{"href":"https:\/\/www.outdoors.ee\/et\/wp-json\/wp\/v2\/media?parent=85478"}],"wp:term":[{"taxonomy":"product_brand","embeddable":true,"href":"https:\/\/www.outdoors.ee\/et\/wp-json\/wp\/v2\/product_brand?post=85478"},{"taxonomy":"product_cat","embeddable":true,"href":"https:\/\/www.outdoors.ee\/et\/wp-json\/wp\/v2\/product_cat?post=85478"},{"taxonomy":"product_tag","embeddable":true,"href":"https:\/\/www.outdoors.ee\/et\/wp-json\/wp\/v2\/product_tag?post=85478"}],"curies":[{"name":"wp","href":"https:\/\/api.w.org\/{rel}","templated":true}]}}