{"id":84962,"date":"2023-10-12T07:09:11","date_gmt":"2023-10-12T04:09:45","guid":{"rendered":"https:\/\/www.outdoors.ee\/?post_type=product&#038;p=84962"},"modified":"2023-10-12T07:09:45","modified_gmt":"2023-10-12T04:09:45","slug":"lalo-shadow-amphibian-8-taktikalised-saapad","status":"publish","type":"product","link":"https:\/\/www.outdoors.ee\/et\/toode\/lalo-shadow-amphibian-8-taktikalised-saapad\/","title":{"rendered":"LALO Shadow Amphibian 8&#8243; taktikalised saapad"},"content":{"rendered":"<p>Eri\u00fcksuste taktikaline jalan\u00f5ud, loodud koost\u00f6\u00f6s USA merej\u00e4lav\u00e4elastega. Passiivne drenaa\u017eis\u00fcsteem on loodud vee sisselaskmiseks ning h\u00f5lpsa \u00e4ravoolu v\u00f5imaldamiseks.<\/p>\n<p><strong>Omadused:<\/strong><\/p>\n<ul>\n<li>Hollandi s\u00f5jav\u00e4e laovarudest<\/li>\n<li>peidetud paelatasku<\/li>\n<li>KPU Grill takistab prahi sattumist jalatsi sisse ning tagab hingavuse<\/li>\n<li>t\u00e4ishanast pealne<\/li>\n<li>tugevdatud nina ning kand pikema eluea tagamiseks<\/li>\n<li>kahesuunalised \u00e4ravoolu avad<\/li>\n<li>libisemiskindel, kummist v\u00e4listald<\/li>\n<li>p\u00f5rutustneelav EVA vahetald<\/li>\n<li>lesta kinnituskoht<\/li>\n<li>niiskust imav, antimikroobne vooder<\/li>\n<li>torkekindel komposiitplaat<\/li>\n<li>metallist v\u00e4listalla kaartugi k\u00f6iega laskumise v\u00f5imaldamiseks<\/li>\n<li>kergekaaluline, vaikset l\u00e4henemist v\u00f5imaldav mudel<\/li>\n<\/ul>\n<p><strong>Seisukord:<\/strong> uus (originaalkarbis)<\/p>\n","protected":false},"excerpt":{"rendered":"<p>Hollandi Armee taktikalised saapad LALO Shadow Amphibian 8&#8243;, Black Ops<\/p>\n","protected":false},"featured_media":84953,"template":"","meta":[],"product_brand":[],"product_cat":[70],"product_tag":[],"class_list":{"0":"post-84962","1":"product","2":"type-product","3":"status-publish","4":"has-post-thumbnail","6":"product_cat-jalanoud","7":"pa_brand-dutch-military-surplus","8":"pa_brand-lalo-2","9":"pa_size-uk75-us85-eu42-2","10":"pa_size-uk85-us95-eu43-2","12":"first","13":"outofstock","14":"taxable","15":"shipping-taxable","16":"purchasable","17":"product-type-variable"},"yoast_head":"<!-- This site is optimized with the Yoast SEO plugin v27.2 - https:\/\/yoast.com\/product\/yoast-seo-wordpress\/ -->\n<title>LALO Shadow Amphibian 8&quot; taktikalised saapad - Outdoors<\/title>\n<meta name=\"robots\" content=\"index, follow, max-snippet:-1, max-image-preview:large, max-video-preview:-1\" \/>\n<link rel=\"canonical\" href=\"https:\/\/www.outdoors.ee\/et\/toode\/lalo-shadow-amphibian-8-taktikalised-saapad\/\" \/>\n<meta property=\"og:locale\" content=\"et_EE\" \/>\n<meta property=\"og:type\" content=\"article\" \/>\n<meta property=\"og:title\" content=\"LALO Shadow Amphibian 8&quot; taktikalised saapad - Outdoors\" \/>\n<meta property=\"og:description\" content=\"Hollandi Armee taktikalised saapad LALO Shadow Amphibian 8&quot;, Black Ops\" \/>\n<meta property=\"og:url\" content=\"https:\/\/www.outdoors.ee\/et\/toode\/lalo-shadow-amphibian-8-taktikalised-saapad\/\" \/>\n<meta property=\"og:site_name\" content=\"Outdoors\" \/>\n<meta property=\"og:image\" content=\"https:\/\/www.outdoors.ee\/wp-content\/uploads\/2023\/07\/0942-Dutch-Army-LALO-Shadow-Amphibian-8-Tactical-Boot-Black-Ops-1.jpg\" \/>\n\t<meta property=\"og:image:width\" content=\"1800\" \/>\n\t<meta property=\"og:image:height\" content=\"1200\" \/>\n\t<meta property=\"og:image:type\" content=\"image\/jpeg\" \/>\n<meta name=\"twitter:card\" content=\"summary_large_image\" \/>\n<meta name=\"twitter:label1\" content=\"Est. reading time\" \/>\n\t<meta name=\"twitter:data1\" content=\"1 minut\" \/>\n<script type=\"application\/ld+json\" class=\"yoast-schema-graph\">{\"@context\":\"https:\/\/schema.org\",\"@graph\":[{\"@type\":\"WebPage\",\"@id\":\"https:\/\/www.outdoors.ee\/et\/toode\/lalo-shadow-amphibian-8-taktikalised-saapad\/\",\"url\":\"https:\/\/www.outdoors.ee\/et\/toode\/lalo-shadow-amphibian-8-taktikalised-saapad\/\",\"name\":\"LALO Shadow Amphibian 8\\\" taktikalised saapad - Outdoors\",\"isPartOf\":{\"@id\":\"https:\/\/www.outdoors.ee\/#website\"},\"primaryImageOfPage\":{\"@id\":\"https:\/\/www.outdoors.ee\/et\/toode\/lalo-shadow-amphibian-8-taktikalised-saapad\/#primaryimage\"},\"image\":{\"@id\":\"https:\/\/www.outdoors.ee\/et\/toode\/lalo-shadow-amphibian-8-taktikalised-saapad\/#primaryimage\"},\"thumbnailUrl\":\"https:\/\/www.outdoors.ee\/wp-content\/uploads\/2023\/07\/0942-Dutch-Army-LALO-Shadow-Amphibian-8-Tactical-Boot-Black-Ops-1.jpg\",\"datePublished\":\"2023-10-12T04:09:45+00:00\",\"breadcrumb\":{\"@id\":\"https:\/\/www.outdoors.ee\/et\/toode\/lalo-shadow-amphibian-8-taktikalised-saapad\/#breadcrumb\"},\"inLanguage\":\"et\",\"potentialAction\":[{\"@type\":\"ReadAction\",\"target\":[\"https:\/\/www.outdoors.ee\/et\/toode\/lalo-shadow-amphibian-8-taktikalised-saapad\/\"]}]},{\"@type\":\"ImageObject\",\"inLanguage\":\"et\",\"@id\":\"https:\/\/www.outdoors.ee\/et\/toode\/lalo-shadow-amphibian-8-taktikalised-saapad\/#primaryimage\",\"url\":\"https:\/\/www.outdoors.ee\/wp-content\/uploads\/2023\/07\/0942-Dutch-Army-LALO-Shadow-Amphibian-8-Tactical-Boot-Black-Ops-1.jpg\",\"contentUrl\":\"https:\/\/www.outdoors.ee\/wp-content\/uploads\/2023\/07\/0942-Dutch-Army-LALO-Shadow-Amphibian-8-Tactical-Boot-Black-Ops-1.jpg\",\"width\":1800,\"height\":1200},{\"@type\":\"BreadcrumbList\",\"@id\":\"https:\/\/www.outdoors.ee\/et\/toode\/lalo-shadow-amphibian-8-taktikalised-saapad\/#breadcrumb\",\"itemListElement\":[{\"@type\":\"ListItem\",\"position\":1,\"name\":\"Home\",\"item\":\"https:\/\/www.outdoors.ee\/et\/\"},{\"@type\":\"ListItem\",\"position\":2,\"name\":\"Tooted\",\"item\":\"https:\/\/www.outdoors.ee\/products\/\"},{\"@type\":\"ListItem\",\"position\":3,\"name\":\"LALO Shadow Amphibian 8&#8243; taktikalised saapad\"}]},{\"@type\":\"WebSite\",\"@id\":\"https:\/\/www.outdoors.ee\/#website\",\"url\":\"https:\/\/www.outdoors.ee\/\",\"name\":\"Outdoors\",\"description\":\"Genuine military surplus and not only!\",\"potentialAction\":[{\"@type\":\"SearchAction\",\"target\":{\"@type\":\"EntryPoint\",\"urlTemplate\":\"https:\/\/www.outdoors.ee\/?s={search_term_string}\"},\"query-input\":{\"@type\":\"PropertyValueSpecification\",\"valueRequired\":true,\"valueName\":\"search_term_string\"}}],\"inLanguage\":\"et\"}]}<\/script>\n<!-- \/ Yoast SEO plugin. -->","yoast_head_json":{"title":"LALO Shadow Amphibian 8\" taktikalised saapad - Outdoors","robots":{"index":"index","follow":"follow","max-snippet":"max-snippet:-1","max-image-preview":"max-image-preview:large","max-video-preview":"max-video-preview:-1"},"canonical":"https:\/\/www.outdoors.ee\/et\/toode\/lalo-shadow-amphibian-8-taktikalised-saapad\/","og_locale":"et_EE","og_type":"article","og_title":"LALO Shadow Amphibian 8\" taktikalised saapad - Outdoors","og_description":"Hollandi Armee taktikalised saapad LALO Shadow Amphibian 8\", Black Ops","og_url":"https:\/\/www.outdoors.ee\/et\/toode\/lalo-shadow-amphibian-8-taktikalised-saapad\/","og_site_name":"Outdoors","og_image":[{"width":1800,"height":1200,"url":"https:\/\/www.outdoors.ee\/wp-content\/uploads\/2023\/07\/0942-Dutch-Army-LALO-Shadow-Amphibian-8-Tactical-Boot-Black-Ops-1.jpg","type":"image\/jpeg"}],"twitter_card":"summary_large_image","twitter_misc":{"Est. reading time":"1 minut"},"schema":{"@context":"https:\/\/schema.org","@graph":[{"@type":"WebPage","@id":"https:\/\/www.outdoors.ee\/et\/toode\/lalo-shadow-amphibian-8-taktikalised-saapad\/","url":"https:\/\/www.outdoors.ee\/et\/toode\/lalo-shadow-amphibian-8-taktikalised-saapad\/","name":"LALO Shadow Amphibian 8\" taktikalised saapad - Outdoors","isPartOf":{"@id":"https:\/\/www.outdoors.ee\/#website"},"primaryImageOfPage":{"@id":"https:\/\/www.outdoors.ee\/et\/toode\/lalo-shadow-amphibian-8-taktikalised-saapad\/#primaryimage"},"image":{"@id":"https:\/\/www.outdoors.ee\/et\/toode\/lalo-shadow-amphibian-8-taktikalised-saapad\/#primaryimage"},"thumbnailUrl":"https:\/\/www.outdoors.ee\/wp-content\/uploads\/2023\/07\/0942-Dutch-Army-LALO-Shadow-Amphibian-8-Tactical-Boot-Black-Ops-1.jpg","datePublished":"2023-10-12T04:09:45+00:00","breadcrumb":{"@id":"https:\/\/www.outdoors.ee\/et\/toode\/lalo-shadow-amphibian-8-taktikalised-saapad\/#breadcrumb"},"inLanguage":"et","potentialAction":[{"@type":"ReadAction","target":["https:\/\/www.outdoors.ee\/et\/toode\/lalo-shadow-amphibian-8-taktikalised-saapad\/"]}]},{"@type":"ImageObject","inLanguage":"et","@id":"https:\/\/www.outdoors.ee\/et\/toode\/lalo-shadow-amphibian-8-taktikalised-saapad\/#primaryimage","url":"https:\/\/www.outdoors.ee\/wp-content\/uploads\/2023\/07\/0942-Dutch-Army-LALO-Shadow-Amphibian-8-Tactical-Boot-Black-Ops-1.jpg","contentUrl":"https:\/\/www.outdoors.ee\/wp-content\/uploads\/2023\/07\/0942-Dutch-Army-LALO-Shadow-Amphibian-8-Tactical-Boot-Black-Ops-1.jpg","width":1800,"height":1200},{"@type":"BreadcrumbList","@id":"https:\/\/www.outdoors.ee\/et\/toode\/lalo-shadow-amphibian-8-taktikalised-saapad\/#breadcrumb","itemListElement":[{"@type":"ListItem","position":1,"name":"Home","item":"https:\/\/www.outdoors.ee\/et\/"},{"@type":"ListItem","position":2,"name":"Tooted","item":"https:\/\/www.outdoors.ee\/products\/"},{"@type":"ListItem","position":3,"name":"LALO Shadow Amphibian 8&#8243; taktikalised saapad"}]},{"@type":"WebSite","@id":"https:\/\/www.outdoors.ee\/#website","url":"https:\/\/www.outdoors.ee\/","name":"Outdoors","description":"Genuine military surplus and not only!","potentialAction":[{"@type":"SearchAction","target":{"@type":"EntryPoint","urlTemplate":"https:\/\/www.outdoors.ee\/?s={search_term_string}"},"query-input":{"@type":"PropertyValueSpecification","valueRequired":true,"valueName":"search_term_string"}}],"inLanguage":"et"}]}},"_links":{"self":[{"href":"https:\/\/www.outdoors.ee\/et\/wp-json\/wp\/v2\/product\/84962","targetHints":{"allow":["GET"]}}],"collection":[{"href":"https:\/\/www.outdoors.ee\/et\/wp-json\/wp\/v2\/product"}],"about":[{"href":"https:\/\/www.outdoors.ee\/et\/wp-json\/wp\/v2\/types\/product"}],"wp:featuredmedia":[{"embeddable":true,"href":"https:\/\/www.outdoors.ee\/et\/wp-json\/wp\/v2\/media\/84953"}],"wp:attachment":[{"href":"https:\/\/www.outdoors.ee\/et\/wp-json\/wp\/v2\/media?parent=84962"}],"wp:term":[{"taxonomy":"product_brand","embeddable":true,"href":"https:\/\/www.outdoors.ee\/et\/wp-json\/wp\/v2\/product_brand?post=84962"},{"taxonomy":"product_cat","embeddable":true,"href":"https:\/\/www.outdoors.ee\/et\/wp-json\/wp\/v2\/product_cat?post=84962"},{"taxonomy":"product_tag","embeddable":true,"href":"https:\/\/www.outdoors.ee\/et\/wp-json\/wp\/v2\/product_tag?post=84962"}],"curies":[{"name":"wp","href":"https:\/\/api.w.org\/{rel}","templated":true}]}}