{"id":84901,"date":"2023-07-26T14:32:41","date_gmt":"2023-07-26T11:32:41","guid":{"rendered":"https:\/\/www.outdoors.ee\/?post_type=product&#038;p=84901"},"modified":"2026-03-12T19:07:59","modified_gmt":"2026-03-12T17:07:59","slug":"haix-perfectfit-light-sisetallad","status":"publish","type":"product","link":"https:\/\/www.outdoors.ee\/et\/toode\/haix-perfectfit-light-sisetallad\/","title":{"rendered":"Haix\u00ae PerfectFit Light sisetallad"},"content":{"rendered":"<p><strong>Omadused:<\/strong><\/p>\n<ul>\n<li>Saksa s\u00f5jav\u00e4e laovarudest<\/li>\n<li>100% pol\u00fcestrist kangas<\/li>\n<li>pehmed ning p\u00f5rutust neelavad<\/li>\n<li>kiiresti kuivavad<\/li>\n<li>masinpestavad 30\u00b0C juures<\/li>\n<li>laius &#8211; Standard (Medium)<\/li>\n<\/ul>\n<p><strong>Seisukord:<\/strong> uus<\/p>\n","protected":false},"excerpt":{"rendered":"<p>Omadused: Saksa s\u00f5jav\u00e4e laovarudest 100% pol\u00fcestrist kangas pehmed ning p\u00f5rutust neelavad kiiresti kuivavad masinpestavad 30\u00b0C juures laius &#8211; Standard (Medium)<\/p>\n","protected":false},"featured_media":84916,"template":"","meta":[],"product_brand":[],"product_cat":[70],"product_tag":[],"class_list":{"0":"post-84901","1":"product","2":"type-product","3":"status-publish","4":"has-post-thumbnail","6":"product_cat-jalanoud","7":"pa_brand-german-military-surplus","8":"pa_brand-haix-2","9":"pa_size-uk105-us115-eu45-2","10":"pa_size-uk10-us11-eu45-2-2","11":"pa_size-uk115-us125-eu47-2","12":"pa_size-uk11-us12-eu46-2","13":"pa_size-uk125-us135-eu48-2","14":"pa_size-uk65-us75-eu40-2-2","15":"pa_size-uk75-us85-eu41-3","16":"pa_size-uk7-us8-eu41-2","17":"pa_size-uk85-us95-eu43-2","18":"pa_size-uk8-us9-eu42-3","19":"pa_size-uk95-us105-eu44-2","20":"pa_size-uk9-us10-eu43-2","22":"first","23":"instock","24":"taxable","25":"shipping-taxable","26":"purchasable","27":"product-type-variable"},"yoast_head":"<!-- This site is optimized with the Yoast SEO plugin v27.2 - https:\/\/yoast.com\/product\/yoast-seo-wordpress\/ -->\n<title>Haix\u00ae PerfectFit Light sisetallad - Outdoors<\/title>\n<meta name=\"robots\" content=\"index, follow, max-snippet:-1, max-image-preview:large, max-video-preview:-1\" \/>\n<link rel=\"canonical\" href=\"https:\/\/www.outdoors.ee\/et\/toode\/haix-perfectfit-light-sisetallad\/\" \/>\n<meta property=\"og:locale\" content=\"et_EE\" \/>\n<meta property=\"og:type\" content=\"article\" \/>\n<meta property=\"og:title\" content=\"Haix\u00ae PerfectFit Light sisetallad - Outdoors\" \/>\n<meta property=\"og:description\" content=\"Omadused: Saksa s\u00f5jav\u00e4e laovarudest 100% pol\u00fcestrist kangas pehmed ning p\u00f5rutust neelavad kiiresti kuivavad masinpestavad 30\u00b0C juures laius &#8211; Standard (Medium)\" \/>\n<meta property=\"og:url\" content=\"https:\/\/www.outdoors.ee\/et\/toode\/haix-perfectfit-light-sisetallad\/\" \/>\n<meta property=\"og:site_name\" content=\"Outdoors\" \/>\n<meta property=\"article:modified_time\" content=\"2026-03-12T17:07:59+00:00\" \/>\n<meta property=\"og:image\" content=\"https:\/\/www.outdoors.ee\/wp-content\/uploads\/2023\/07\/1324-Haix-PerfectFit-Light-Insole.png\" \/>\n\t<meta property=\"og:image:width\" content=\"1000\" \/>\n\t<meta property=\"og:image:height\" content=\"900\" \/>\n\t<meta property=\"og:image:type\" content=\"image\/png\" \/>\n<meta name=\"twitter:card\" content=\"summary_large_image\" \/>\n<meta name=\"twitter:label1\" content=\"Est. reading time\" \/>\n\t<meta name=\"twitter:data1\" content=\"1 minut\" \/>\n<script type=\"application\/ld+json\" class=\"yoast-schema-graph\">{\"@context\":\"https:\/\/schema.org\",\"@graph\":[{\"@type\":\"WebPage\",\"@id\":\"https:\/\/www.outdoors.ee\/et\/toode\/haix-perfectfit-light-sisetallad\/\",\"url\":\"https:\/\/www.outdoors.ee\/et\/toode\/haix-perfectfit-light-sisetallad\/\",\"name\":\"Haix\u00ae PerfectFit Light sisetallad - Outdoors\",\"isPartOf\":{\"@id\":\"https:\/\/www.outdoors.ee\/#website\"},\"primaryImageOfPage\":{\"@id\":\"https:\/\/www.outdoors.ee\/et\/toode\/haix-perfectfit-light-sisetallad\/#primaryimage\"},\"image\":{\"@id\":\"https:\/\/www.outdoors.ee\/et\/toode\/haix-perfectfit-light-sisetallad\/#primaryimage\"},\"thumbnailUrl\":\"https:\/\/www.outdoors.ee\/wp-content\/uploads\/2023\/07\/1324-Haix-PerfectFit-Light-Insole.png\",\"datePublished\":\"2023-07-26T11:32:41+00:00\",\"dateModified\":\"2026-03-12T17:07:59+00:00\",\"breadcrumb\":{\"@id\":\"https:\/\/www.outdoors.ee\/et\/toode\/haix-perfectfit-light-sisetallad\/#breadcrumb\"},\"inLanguage\":\"et\",\"potentialAction\":[{\"@type\":\"ReadAction\",\"target\":[\"https:\/\/www.outdoors.ee\/et\/toode\/haix-perfectfit-light-sisetallad\/\"]}]},{\"@type\":\"ImageObject\",\"inLanguage\":\"et\",\"@id\":\"https:\/\/www.outdoors.ee\/et\/toode\/haix-perfectfit-light-sisetallad\/#primaryimage\",\"url\":\"https:\/\/www.outdoors.ee\/wp-content\/uploads\/2023\/07\/1324-Haix-PerfectFit-Light-Insole.png\",\"contentUrl\":\"https:\/\/www.outdoors.ee\/wp-content\/uploads\/2023\/07\/1324-Haix-PerfectFit-Light-Insole.png\",\"width\":1000,\"height\":900},{\"@type\":\"BreadcrumbList\",\"@id\":\"https:\/\/www.outdoors.ee\/et\/toode\/haix-perfectfit-light-sisetallad\/#breadcrumb\",\"itemListElement\":[{\"@type\":\"ListItem\",\"position\":1,\"name\":\"Home\",\"item\":\"https:\/\/www.outdoors.ee\/et\/\"},{\"@type\":\"ListItem\",\"position\":2,\"name\":\"Tooted\",\"item\":\"https:\/\/www.outdoors.ee\/products\/\"},{\"@type\":\"ListItem\",\"position\":3,\"name\":\"Haix\u00ae PerfectFit Light sisetallad\"}]},{\"@type\":\"WebSite\",\"@id\":\"https:\/\/www.outdoors.ee\/#website\",\"url\":\"https:\/\/www.outdoors.ee\/\",\"name\":\"Outdoors\",\"description\":\"Genuine military surplus and not only!\",\"potentialAction\":[{\"@type\":\"SearchAction\",\"target\":{\"@type\":\"EntryPoint\",\"urlTemplate\":\"https:\/\/www.outdoors.ee\/?s={search_term_string}\"},\"query-input\":{\"@type\":\"PropertyValueSpecification\",\"valueRequired\":true,\"valueName\":\"search_term_string\"}}],\"inLanguage\":\"et\"}]}<\/script>\n<!-- \/ Yoast SEO plugin. -->","yoast_head_json":{"title":"Haix\u00ae PerfectFit Light sisetallad - Outdoors","robots":{"index":"index","follow":"follow","max-snippet":"max-snippet:-1","max-image-preview":"max-image-preview:large","max-video-preview":"max-video-preview:-1"},"canonical":"https:\/\/www.outdoors.ee\/et\/toode\/haix-perfectfit-light-sisetallad\/","og_locale":"et_EE","og_type":"article","og_title":"Haix\u00ae PerfectFit Light sisetallad - Outdoors","og_description":"Omadused: Saksa s\u00f5jav\u00e4e laovarudest 100% pol\u00fcestrist kangas pehmed ning p\u00f5rutust neelavad kiiresti kuivavad masinpestavad 30\u00b0C juures laius &#8211; Standard (Medium)","og_url":"https:\/\/www.outdoors.ee\/et\/toode\/haix-perfectfit-light-sisetallad\/","og_site_name":"Outdoors","article_modified_time":"2026-03-12T17:07:59+00:00","og_image":[{"width":1000,"height":900,"url":"https:\/\/www.outdoors.ee\/wp-content\/uploads\/2023\/07\/1324-Haix-PerfectFit-Light-Insole.png","type":"image\/png"}],"twitter_card":"summary_large_image","twitter_misc":{"Est. reading time":"1 minut"},"schema":{"@context":"https:\/\/schema.org","@graph":[{"@type":"WebPage","@id":"https:\/\/www.outdoors.ee\/et\/toode\/haix-perfectfit-light-sisetallad\/","url":"https:\/\/www.outdoors.ee\/et\/toode\/haix-perfectfit-light-sisetallad\/","name":"Haix\u00ae PerfectFit Light sisetallad - Outdoors","isPartOf":{"@id":"https:\/\/www.outdoors.ee\/#website"},"primaryImageOfPage":{"@id":"https:\/\/www.outdoors.ee\/et\/toode\/haix-perfectfit-light-sisetallad\/#primaryimage"},"image":{"@id":"https:\/\/www.outdoors.ee\/et\/toode\/haix-perfectfit-light-sisetallad\/#primaryimage"},"thumbnailUrl":"https:\/\/www.outdoors.ee\/wp-content\/uploads\/2023\/07\/1324-Haix-PerfectFit-Light-Insole.png","datePublished":"2023-07-26T11:32:41+00:00","dateModified":"2026-03-12T17:07:59+00:00","breadcrumb":{"@id":"https:\/\/www.outdoors.ee\/et\/toode\/haix-perfectfit-light-sisetallad\/#breadcrumb"},"inLanguage":"et","potentialAction":[{"@type":"ReadAction","target":["https:\/\/www.outdoors.ee\/et\/toode\/haix-perfectfit-light-sisetallad\/"]}]},{"@type":"ImageObject","inLanguage":"et","@id":"https:\/\/www.outdoors.ee\/et\/toode\/haix-perfectfit-light-sisetallad\/#primaryimage","url":"https:\/\/www.outdoors.ee\/wp-content\/uploads\/2023\/07\/1324-Haix-PerfectFit-Light-Insole.png","contentUrl":"https:\/\/www.outdoors.ee\/wp-content\/uploads\/2023\/07\/1324-Haix-PerfectFit-Light-Insole.png","width":1000,"height":900},{"@type":"BreadcrumbList","@id":"https:\/\/www.outdoors.ee\/et\/toode\/haix-perfectfit-light-sisetallad\/#breadcrumb","itemListElement":[{"@type":"ListItem","position":1,"name":"Home","item":"https:\/\/www.outdoors.ee\/et\/"},{"@type":"ListItem","position":2,"name":"Tooted","item":"https:\/\/www.outdoors.ee\/products\/"},{"@type":"ListItem","position":3,"name":"Haix\u00ae PerfectFit Light sisetallad"}]},{"@type":"WebSite","@id":"https:\/\/www.outdoors.ee\/#website","url":"https:\/\/www.outdoors.ee\/","name":"Outdoors","description":"Genuine military surplus and not only!","potentialAction":[{"@type":"SearchAction","target":{"@type":"EntryPoint","urlTemplate":"https:\/\/www.outdoors.ee\/?s={search_term_string}"},"query-input":{"@type":"PropertyValueSpecification","valueRequired":true,"valueName":"search_term_string"}}],"inLanguage":"et"}]}},"_links":{"self":[{"href":"https:\/\/www.outdoors.ee\/et\/wp-json\/wp\/v2\/product\/84901","targetHints":{"allow":["GET"]}}],"collection":[{"href":"https:\/\/www.outdoors.ee\/et\/wp-json\/wp\/v2\/product"}],"about":[{"href":"https:\/\/www.outdoors.ee\/et\/wp-json\/wp\/v2\/types\/product"}],"wp:featuredmedia":[{"embeddable":true,"href":"https:\/\/www.outdoors.ee\/et\/wp-json\/wp\/v2\/media\/84916"}],"wp:attachment":[{"href":"https:\/\/www.outdoors.ee\/et\/wp-json\/wp\/v2\/media?parent=84901"}],"wp:term":[{"taxonomy":"product_brand","embeddable":true,"href":"https:\/\/www.outdoors.ee\/et\/wp-json\/wp\/v2\/product_brand?post=84901"},{"taxonomy":"product_cat","embeddable":true,"href":"https:\/\/www.outdoors.ee\/et\/wp-json\/wp\/v2\/product_cat?post=84901"},{"taxonomy":"product_tag","embeddable":true,"href":"https:\/\/www.outdoors.ee\/et\/wp-json\/wp\/v2\/product_tag?post=84901"}],"curies":[{"name":"wp","href":"https:\/\/api.w.org\/{rel}","templated":true}]}}