{"id":84885,"date":"2023-07-28T16:21:47","date_gmt":"2023-07-28T13:21:47","guid":{"rendered":"https:\/\/www.outdoors.ee\/?post_type=product&#038;p=84885"},"modified":"2026-01-04T22:02:30","modified_gmt":"2026-01-04T20:02:30","slug":"lumberjack-iii-by-epm","status":"publish","type":"product","link":"https:\/\/www.outdoors.ee\/et\/toode\/lumberjack-iii-by-epm\/","title":{"rendered":"Turvakummikud metsat\u00f6\u00f6deks Lumberjack III by EPM"},"content":{"rendered":"<p><strong>Omadused:<\/strong><\/p>\n<ul>\n<li>Saksa s\u00f5jav\u00e4e laovarudest<\/li>\n<li>l\u00f5ikekaitse<\/li>\n<li>lai liist<\/li>\n<li>pehme, pingutusn\u00f6\u00f6riga kaelus<\/li>\n<li>100% kummist pealne<\/li>\n<li>tugevdatud kannaosa<\/li>\n<li>laiem varbaosa<\/li>\n<li>100% puuvillast sisevooder<\/li>\n<li>metallist varbakaitse<\/li>\n<li>\u00f5likindel, nitriilkummist v\u00e4listald<\/li>\n<li>k\u00f5rgus ca 36 cm<\/li>\n<li>v\u00e4rv: roheline\/oran\u017e<\/li>\n<\/ul>\n<p>NB! Tootja on kasutanud EU suuruste s\u00fcsteemi<\/p>\n<p><strong>Seisukord:<\/strong><\/p>\n<ul>\n<li>uued (ilma originaalkarbita, v\u00f5ivad sisaldada hulgiladustamise j\u00e4lgi)<\/li>\n<li>uuev\u00e4\u00e4rsed (sisaldavad minimaalseid kulumisj\u00e4lgi)<\/li>\n<\/ul>\n","protected":false},"excerpt":{"rendered":"<p>Bundeswehr\u00b4i turvakummikud metsat\u00f6\u00f6deks Lumberjack III by EPM<\/p>\n","protected":false},"featured_media":84884,"template":"","meta":[],"product_brand":[],"product_cat":[70,92],"product_tag":[],"class_list":{"0":"post-84885","1":"product","2":"type-product","3":"status-publish","4":"has-post-thumbnail","6":"product_cat-jalanoud","7":"product_cat-turvajalatsid","8":"pa_brand-german-military-surplus","9":"pa_condition-uuevaarne","10":"pa_condition-uus","11":"pa_size-uk105-us115-eu45-2","12":"pa_size-uk11-us12-eu46-2","13":"pa_size-uk12-us13-eu47-3","14":"pa_size-uk65-us75-eu40-2-2","15":"pa_size-uk7-us8-eu41-2","16":"pa_size-uk8-us9-eu42-3","17":"pa_size-uk95-us105-eu44-2","18":"pa_size-uk9-us10-eu43-2","20":"first","21":"instock","22":"taxable","23":"shipping-taxable","24":"purchasable","25":"product-type-variable"},"yoast_head":"<!-- This site is optimized with the Yoast SEO plugin v27.2 - https:\/\/yoast.com\/product\/yoast-seo-wordpress\/ -->\n<title>Turvakummikud metsat\u00f6\u00f6deks Lumberjack III by EPM - Outdoors<\/title>\n<meta name=\"robots\" content=\"index, follow, max-snippet:-1, max-image-preview:large, max-video-preview:-1\" \/>\n<link rel=\"canonical\" href=\"https:\/\/www.outdoors.ee\/et\/toode\/lumberjack-iii-by-epm\/\" \/>\n<meta property=\"og:locale\" content=\"et_EE\" \/>\n<meta property=\"og:type\" content=\"article\" \/>\n<meta property=\"og:title\" content=\"Turvakummikud metsat\u00f6\u00f6deks Lumberjack III by EPM - Outdoors\" \/>\n<meta property=\"og:description\" content=\"Bundeswehr\u00b4i turvakummikud metsat\u00f6\u00f6deks Lumberjack III by EPM\" \/>\n<meta property=\"og:url\" content=\"https:\/\/www.outdoors.ee\/et\/toode\/lumberjack-iii-by-epm\/\" \/>\n<meta property=\"og:site_name\" content=\"Outdoors\" \/>\n<meta property=\"article:modified_time\" content=\"2026-01-04T20:02:30+00:00\" \/>\n<meta property=\"og:image\" content=\"https:\/\/www.outdoors.ee\/wp-content\/uploads\/2023\/07\/0933-Lumberjack-III-by-EPM.jpg\" \/>\n\t<meta property=\"og:image:width\" content=\"900\" \/>\n\t<meta property=\"og:image:height\" content=\"1000\" \/>\n\t<meta property=\"og:image:type\" content=\"image\/jpeg\" \/>\n<meta name=\"twitter:card\" content=\"summary_large_image\" \/>\n<meta name=\"twitter:label1\" content=\"Est. reading time\" \/>\n\t<meta name=\"twitter:data1\" content=\"1 minut\" \/>\n<script type=\"application\/ld+json\" class=\"yoast-schema-graph\">{\"@context\":\"https:\/\/schema.org\",\"@graph\":[{\"@type\":\"WebPage\",\"@id\":\"https:\/\/www.outdoors.ee\/et\/toode\/lumberjack-iii-by-epm\/\",\"url\":\"https:\/\/www.outdoors.ee\/et\/toode\/lumberjack-iii-by-epm\/\",\"name\":\"Turvakummikud metsat\u00f6\u00f6deks Lumberjack III by EPM - Outdoors\",\"isPartOf\":{\"@id\":\"https:\/\/www.outdoors.ee\/#website\"},\"primaryImageOfPage\":{\"@id\":\"https:\/\/www.outdoors.ee\/et\/toode\/lumberjack-iii-by-epm\/#primaryimage\"},\"image\":{\"@id\":\"https:\/\/www.outdoors.ee\/et\/toode\/lumberjack-iii-by-epm\/#primaryimage\"},\"thumbnailUrl\":\"https:\/\/www.outdoors.ee\/wp-content\/uploads\/2023\/07\/0933-Lumberjack-III-by-EPM.jpg\",\"datePublished\":\"2023-07-28T13:21:47+00:00\",\"dateModified\":\"2026-01-04T20:02:30+00:00\",\"breadcrumb\":{\"@id\":\"https:\/\/www.outdoors.ee\/et\/toode\/lumberjack-iii-by-epm\/#breadcrumb\"},\"inLanguage\":\"et\",\"potentialAction\":[{\"@type\":\"ReadAction\",\"target\":[\"https:\/\/www.outdoors.ee\/et\/toode\/lumberjack-iii-by-epm\/\"]}]},{\"@type\":\"ImageObject\",\"inLanguage\":\"et\",\"@id\":\"https:\/\/www.outdoors.ee\/et\/toode\/lumberjack-iii-by-epm\/#primaryimage\",\"url\":\"https:\/\/www.outdoors.ee\/wp-content\/uploads\/2023\/07\/0933-Lumberjack-III-by-EPM.jpg\",\"contentUrl\":\"https:\/\/www.outdoors.ee\/wp-content\/uploads\/2023\/07\/0933-Lumberjack-III-by-EPM.jpg\",\"width\":900,\"height\":1000},{\"@type\":\"BreadcrumbList\",\"@id\":\"https:\/\/www.outdoors.ee\/et\/toode\/lumberjack-iii-by-epm\/#breadcrumb\",\"itemListElement\":[{\"@type\":\"ListItem\",\"position\":1,\"name\":\"Home\",\"item\":\"https:\/\/www.outdoors.ee\/et\/\"},{\"@type\":\"ListItem\",\"position\":2,\"name\":\"Tooted\",\"item\":\"https:\/\/www.outdoors.ee\/products\/\"},{\"@type\":\"ListItem\",\"position\":3,\"name\":\"Turvakummikud metsat\u00f6\u00f6deks Lumberjack III by EPM\"}]},{\"@type\":\"WebSite\",\"@id\":\"https:\/\/www.outdoors.ee\/#website\",\"url\":\"https:\/\/www.outdoors.ee\/\",\"name\":\"Outdoors\",\"description\":\"Genuine military surplus and not only!\",\"potentialAction\":[{\"@type\":\"SearchAction\",\"target\":{\"@type\":\"EntryPoint\",\"urlTemplate\":\"https:\/\/www.outdoors.ee\/?s={search_term_string}\"},\"query-input\":{\"@type\":\"PropertyValueSpecification\",\"valueRequired\":true,\"valueName\":\"search_term_string\"}}],\"inLanguage\":\"et\"}]}<\/script>\n<!-- \/ Yoast SEO plugin. -->","yoast_head_json":{"title":"Turvakummikud metsat\u00f6\u00f6deks Lumberjack III by EPM - Outdoors","robots":{"index":"index","follow":"follow","max-snippet":"max-snippet:-1","max-image-preview":"max-image-preview:large","max-video-preview":"max-video-preview:-1"},"canonical":"https:\/\/www.outdoors.ee\/et\/toode\/lumberjack-iii-by-epm\/","og_locale":"et_EE","og_type":"article","og_title":"Turvakummikud metsat\u00f6\u00f6deks Lumberjack III by EPM - Outdoors","og_description":"Bundeswehr\u00b4i turvakummikud metsat\u00f6\u00f6deks Lumberjack III by EPM","og_url":"https:\/\/www.outdoors.ee\/et\/toode\/lumberjack-iii-by-epm\/","og_site_name":"Outdoors","article_modified_time":"2026-01-04T20:02:30+00:00","og_image":[{"width":900,"height":1000,"url":"https:\/\/www.outdoors.ee\/wp-content\/uploads\/2023\/07\/0933-Lumberjack-III-by-EPM.jpg","type":"image\/jpeg"}],"twitter_card":"summary_large_image","twitter_misc":{"Est. reading time":"1 minut"},"schema":{"@context":"https:\/\/schema.org","@graph":[{"@type":"WebPage","@id":"https:\/\/www.outdoors.ee\/et\/toode\/lumberjack-iii-by-epm\/","url":"https:\/\/www.outdoors.ee\/et\/toode\/lumberjack-iii-by-epm\/","name":"Turvakummikud metsat\u00f6\u00f6deks Lumberjack III by EPM - Outdoors","isPartOf":{"@id":"https:\/\/www.outdoors.ee\/#website"},"primaryImageOfPage":{"@id":"https:\/\/www.outdoors.ee\/et\/toode\/lumberjack-iii-by-epm\/#primaryimage"},"image":{"@id":"https:\/\/www.outdoors.ee\/et\/toode\/lumberjack-iii-by-epm\/#primaryimage"},"thumbnailUrl":"https:\/\/www.outdoors.ee\/wp-content\/uploads\/2023\/07\/0933-Lumberjack-III-by-EPM.jpg","datePublished":"2023-07-28T13:21:47+00:00","dateModified":"2026-01-04T20:02:30+00:00","breadcrumb":{"@id":"https:\/\/www.outdoors.ee\/et\/toode\/lumberjack-iii-by-epm\/#breadcrumb"},"inLanguage":"et","potentialAction":[{"@type":"ReadAction","target":["https:\/\/www.outdoors.ee\/et\/toode\/lumberjack-iii-by-epm\/"]}]},{"@type":"ImageObject","inLanguage":"et","@id":"https:\/\/www.outdoors.ee\/et\/toode\/lumberjack-iii-by-epm\/#primaryimage","url":"https:\/\/www.outdoors.ee\/wp-content\/uploads\/2023\/07\/0933-Lumberjack-III-by-EPM.jpg","contentUrl":"https:\/\/www.outdoors.ee\/wp-content\/uploads\/2023\/07\/0933-Lumberjack-III-by-EPM.jpg","width":900,"height":1000},{"@type":"BreadcrumbList","@id":"https:\/\/www.outdoors.ee\/et\/toode\/lumberjack-iii-by-epm\/#breadcrumb","itemListElement":[{"@type":"ListItem","position":1,"name":"Home","item":"https:\/\/www.outdoors.ee\/et\/"},{"@type":"ListItem","position":2,"name":"Tooted","item":"https:\/\/www.outdoors.ee\/products\/"},{"@type":"ListItem","position":3,"name":"Turvakummikud metsat\u00f6\u00f6deks Lumberjack III by EPM"}]},{"@type":"WebSite","@id":"https:\/\/www.outdoors.ee\/#website","url":"https:\/\/www.outdoors.ee\/","name":"Outdoors","description":"Genuine military surplus and not only!","potentialAction":[{"@type":"SearchAction","target":{"@type":"EntryPoint","urlTemplate":"https:\/\/www.outdoors.ee\/?s={search_term_string}"},"query-input":{"@type":"PropertyValueSpecification","valueRequired":true,"valueName":"search_term_string"}}],"inLanguage":"et"}]}},"_links":{"self":[{"href":"https:\/\/www.outdoors.ee\/et\/wp-json\/wp\/v2\/product\/84885","targetHints":{"allow":["GET"]}}],"collection":[{"href":"https:\/\/www.outdoors.ee\/et\/wp-json\/wp\/v2\/product"}],"about":[{"href":"https:\/\/www.outdoors.ee\/et\/wp-json\/wp\/v2\/types\/product"}],"wp:featuredmedia":[{"embeddable":true,"href":"https:\/\/www.outdoors.ee\/et\/wp-json\/wp\/v2\/media\/84884"}],"wp:attachment":[{"href":"https:\/\/www.outdoors.ee\/et\/wp-json\/wp\/v2\/media?parent=84885"}],"wp:term":[{"taxonomy":"product_brand","embeddable":true,"href":"https:\/\/www.outdoors.ee\/et\/wp-json\/wp\/v2\/product_brand?post=84885"},{"taxonomy":"product_cat","embeddable":true,"href":"https:\/\/www.outdoors.ee\/et\/wp-json\/wp\/v2\/product_cat?post=84885"},{"taxonomy":"product_tag","embeddable":true,"href":"https:\/\/www.outdoors.ee\/et\/wp-json\/wp\/v2\/product_tag?post=84885"}],"curies":[{"name":"wp","href":"https:\/\/api.w.org\/{rel}","templated":true}]}}