{"id":84826,"date":"2023-07-24T15:28:37","date_gmt":"2023-07-24T12:28:37","guid":{"rendered":"https:\/\/www.outdoors.ee\/?post_type=product&#038;p=84826"},"modified":"2026-02-04T00:20:17","modified_gmt":"2026-02-03T22:20:17","slug":"austrian-army-talvepuksid-carinthia-arctic-thermal-trousers-olive","status":"publish","type":"product","link":"https:\/\/www.outdoors.ee\/et\/toode\/austrian-army-talvepuksid-carinthia-arctic-thermal-trousers-olive\/","title":{"rendered":"Austria Armee Carinthia\u00ae talvep\u00fcksid Arctic Thermal Trousers Olive"},"content":{"rendered":"<p>Disainitud ning toodetud Carinthia\u00ae poolt Austria s\u00f5jav\u00e4e tellimusel.<\/p>\n<p>P\u00fcksid pakuvad kaitset temperatuuridel kuni -30\u00b0C. Gore Windstopper\u00ae v\u00e4lismaterjal, k\u00f5rgem seljaosa ning takjapaela abil sulgemine alt ei lase k\u00fclmal ligi p\u00e4\u00e4seda ka tuulise ilmaga. Anatoomiline l\u00f5ige tagab mugavuse ja liikumisvabaduse.<\/p>\n<p><strong>Omadused:<\/strong><\/p>\n<ul>\n<li>Austria s\u00f5jav\u00e4e originaal, kiri sildil: Thermohose Arctic<\/li>\n<li>k\u00f5rgem seljaosa<\/li>\n<li>veniv v\u00f6\u00f6koht<\/li>\n<li>trukkidega ning t\u00f5mblukuga eest suletavad<\/li>\n<li>venivad traksid reguleeritava pikkusega<\/li>\n<li>kaetud t\u00e4ispikkuses t\u00f5mblukud k\u00fclgedel, sisemise klapiga soojakao v\u00e4hendamiseks<\/li>\n<li>takjapaela abil alt sulgemine<\/li>\n<li>t\u00f5mblukuga tasku seljapaneelis<\/li>\n<li>YKK\u00ae t\u00f5mblukud<\/li>\n<li>kompressioonkott komplektis<\/li>\n<li>komfort temp. kuni -30\u00b0C<\/li>\n<li>soojustus: G-LOFT\u00ae 220g\/m2, 100% pol\u00fcester<\/li>\n<li>v\u00e4lismaterjal: Gore Windstopper\u00ae, 100% pol\u00fcamiid, tuulekindel<\/li>\n<li>sisevooder: 100% pol\u00fcamiid<\/li>\n<li>m\u00f5\u00f5tmed pakituna (cm): 28 x 20<\/li>\n<li>kaal (g): 1100 (suurus M)<\/li>\n<\/ul>\n<p><strong>Seisukord:<\/strong><\/p>\n<ul>\n<li>uus (v\u00f5ib sisaldada ladustamise j\u00e4lgi)<\/li>\n<li>uuev\u00e4\u00e4rne (sisaldab minimaalseid kulumisj\u00e4lgi)<\/li>\n<\/ul>\n","protected":false},"excerpt":{"rendered":"<p>Extreme Cold Insulation Garment<\/p>\n","protected":false},"featured_media":90499,"template":"","meta":[],"product_brand":[],"product_cat":[111],"product_tag":[],"class_list":{"0":"post-84826","1":"product","2":"type-product","3":"status-publish","4":"has-post-thumbnail","6":"product_cat-puksid","7":"pa_brand-austrian-military-surplus","8":"pa_brand-carinthia-2","9":"pa_condition-uuevaarne","10":"pa_condition-uus","11":"pa_size-l-2","12":"pa_size-m-2","13":"pa_size-xl-2","14":"pa_size-xxl-2","16":"first","17":"instock","18":"taxable","19":"shipping-taxable","20":"purchasable","21":"product-type-variable"},"yoast_head":"<!-- This site is optimized with the Yoast SEO plugin v27.2 - https:\/\/yoast.com\/product\/yoast-seo-wordpress\/ -->\n<title>Austria Armee Carinthia\u00ae talvep\u00fcksid Arctic Thermal Trousers Olive - Outdoors<\/title>\n<meta name=\"robots\" content=\"index, follow, max-snippet:-1, max-image-preview:large, max-video-preview:-1\" \/>\n<link rel=\"canonical\" href=\"https:\/\/www.outdoors.ee\/et\/toode\/austrian-army-talvepuksid-carinthia-arctic-thermal-trousers-olive\/\" \/>\n<meta property=\"og:locale\" content=\"et_EE\" \/>\n<meta property=\"og:type\" content=\"article\" \/>\n<meta property=\"og:title\" content=\"Austria Armee Carinthia\u00ae talvep\u00fcksid Arctic Thermal Trousers Olive - Outdoors\" \/>\n<meta property=\"og:description\" content=\"Extreme Cold Insulation Garment\" \/>\n<meta property=\"og:url\" content=\"https:\/\/www.outdoors.ee\/et\/toode\/austrian-army-talvepuksid-carinthia-arctic-thermal-trousers-olive\/\" \/>\n<meta property=\"og:site_name\" content=\"Outdoors\" \/>\n<meta property=\"article:modified_time\" content=\"2026-02-03T22:20:17+00:00\" \/>\n<meta property=\"og:image\" content=\"https:\/\/www.outdoors.ee\/wp-content\/uploads\/2023\/07\/1416-Austrian-Army-Carinthia-Arctic-Thermal-Trousers-Olive-1-PhotoRoom.png-PhotoRoom.png\" \/>\n\t<meta property=\"og:image:width\" content=\"950\" \/>\n\t<meta property=\"og:image:height\" content=\"1280\" \/>\n\t<meta property=\"og:image:type\" content=\"image\/png\" \/>\n<meta name=\"twitter:card\" content=\"summary_large_image\" \/>\n<meta name=\"twitter:label1\" content=\"Est. reading time\" \/>\n\t<meta name=\"twitter:data1\" content=\"1 minut\" \/>\n<script type=\"application\/ld+json\" class=\"yoast-schema-graph\">{\"@context\":\"https:\/\/schema.org\",\"@graph\":[{\"@type\":\"WebPage\",\"@id\":\"https:\/\/www.outdoors.ee\/et\/toode\/austrian-army-talvepuksid-carinthia-arctic-thermal-trousers-olive\/\",\"url\":\"https:\/\/www.outdoors.ee\/et\/toode\/austrian-army-talvepuksid-carinthia-arctic-thermal-trousers-olive\/\",\"name\":\"Austria Armee Carinthia\u00ae talvep\u00fcksid Arctic Thermal Trousers Olive - Outdoors\",\"isPartOf\":{\"@id\":\"https:\/\/www.outdoors.ee\/#website\"},\"primaryImageOfPage\":{\"@id\":\"https:\/\/www.outdoors.ee\/et\/toode\/austrian-army-talvepuksid-carinthia-arctic-thermal-trousers-olive\/#primaryimage\"},\"image\":{\"@id\":\"https:\/\/www.outdoors.ee\/et\/toode\/austrian-army-talvepuksid-carinthia-arctic-thermal-trousers-olive\/#primaryimage\"},\"thumbnailUrl\":\"https:\/\/www.outdoors.ee\/wp-content\/uploads\/2023\/07\/1416-Austrian-Army-Carinthia-Arctic-Thermal-Trousers-Olive-1-PhotoRoom.png-PhotoRoom.png\",\"datePublished\":\"2023-07-24T12:28:37+00:00\",\"dateModified\":\"2026-02-03T22:20:17+00:00\",\"breadcrumb\":{\"@id\":\"https:\/\/www.outdoors.ee\/et\/toode\/austrian-army-talvepuksid-carinthia-arctic-thermal-trousers-olive\/#breadcrumb\"},\"inLanguage\":\"et\",\"potentialAction\":[{\"@type\":\"ReadAction\",\"target\":[\"https:\/\/www.outdoors.ee\/et\/toode\/austrian-army-talvepuksid-carinthia-arctic-thermal-trousers-olive\/\"]}]},{\"@type\":\"ImageObject\",\"inLanguage\":\"et\",\"@id\":\"https:\/\/www.outdoors.ee\/et\/toode\/austrian-army-talvepuksid-carinthia-arctic-thermal-trousers-olive\/#primaryimage\",\"url\":\"https:\/\/www.outdoors.ee\/wp-content\/uploads\/2023\/07\/1416-Austrian-Army-Carinthia-Arctic-Thermal-Trousers-Olive-1-PhotoRoom.png-PhotoRoom.png\",\"contentUrl\":\"https:\/\/www.outdoors.ee\/wp-content\/uploads\/2023\/07\/1416-Austrian-Army-Carinthia-Arctic-Thermal-Trousers-Olive-1-PhotoRoom.png-PhotoRoom.png\",\"width\":950,\"height\":1280},{\"@type\":\"BreadcrumbList\",\"@id\":\"https:\/\/www.outdoors.ee\/et\/toode\/austrian-army-talvepuksid-carinthia-arctic-thermal-trousers-olive\/#breadcrumb\",\"itemListElement\":[{\"@type\":\"ListItem\",\"position\":1,\"name\":\"Home\",\"item\":\"https:\/\/www.outdoors.ee\/et\/\"},{\"@type\":\"ListItem\",\"position\":2,\"name\":\"Tooted\",\"item\":\"https:\/\/www.outdoors.ee\/products\/\"},{\"@type\":\"ListItem\",\"position\":3,\"name\":\"Austria Armee Carinthia\u00ae talvep\u00fcksid Arctic Thermal Trousers Olive\"}]},{\"@type\":\"WebSite\",\"@id\":\"https:\/\/www.outdoors.ee\/#website\",\"url\":\"https:\/\/www.outdoors.ee\/\",\"name\":\"Outdoors\",\"description\":\"Genuine military surplus and not only!\",\"potentialAction\":[{\"@type\":\"SearchAction\",\"target\":{\"@type\":\"EntryPoint\",\"urlTemplate\":\"https:\/\/www.outdoors.ee\/?s={search_term_string}\"},\"query-input\":{\"@type\":\"PropertyValueSpecification\",\"valueRequired\":true,\"valueName\":\"search_term_string\"}}],\"inLanguage\":\"et\"}]}<\/script>\n<!-- \/ Yoast SEO plugin. -->","yoast_head_json":{"title":"Austria Armee Carinthia\u00ae talvep\u00fcksid Arctic Thermal Trousers Olive - Outdoors","robots":{"index":"index","follow":"follow","max-snippet":"max-snippet:-1","max-image-preview":"max-image-preview:large","max-video-preview":"max-video-preview:-1"},"canonical":"https:\/\/www.outdoors.ee\/et\/toode\/austrian-army-talvepuksid-carinthia-arctic-thermal-trousers-olive\/","og_locale":"et_EE","og_type":"article","og_title":"Austria Armee Carinthia\u00ae talvep\u00fcksid Arctic Thermal Trousers Olive - Outdoors","og_description":"Extreme Cold Insulation Garment","og_url":"https:\/\/www.outdoors.ee\/et\/toode\/austrian-army-talvepuksid-carinthia-arctic-thermal-trousers-olive\/","og_site_name":"Outdoors","article_modified_time":"2026-02-03T22:20:17+00:00","og_image":[{"width":950,"height":1280,"url":"https:\/\/www.outdoors.ee\/wp-content\/uploads\/2023\/07\/1416-Austrian-Army-Carinthia-Arctic-Thermal-Trousers-Olive-1-PhotoRoom.png-PhotoRoom.png","type":"image\/png"}],"twitter_card":"summary_large_image","twitter_misc":{"Est. reading time":"1 minut"},"schema":{"@context":"https:\/\/schema.org","@graph":[{"@type":"WebPage","@id":"https:\/\/www.outdoors.ee\/et\/toode\/austrian-army-talvepuksid-carinthia-arctic-thermal-trousers-olive\/","url":"https:\/\/www.outdoors.ee\/et\/toode\/austrian-army-talvepuksid-carinthia-arctic-thermal-trousers-olive\/","name":"Austria Armee Carinthia\u00ae talvep\u00fcksid Arctic Thermal Trousers Olive - Outdoors","isPartOf":{"@id":"https:\/\/www.outdoors.ee\/#website"},"primaryImageOfPage":{"@id":"https:\/\/www.outdoors.ee\/et\/toode\/austrian-army-talvepuksid-carinthia-arctic-thermal-trousers-olive\/#primaryimage"},"image":{"@id":"https:\/\/www.outdoors.ee\/et\/toode\/austrian-army-talvepuksid-carinthia-arctic-thermal-trousers-olive\/#primaryimage"},"thumbnailUrl":"https:\/\/www.outdoors.ee\/wp-content\/uploads\/2023\/07\/1416-Austrian-Army-Carinthia-Arctic-Thermal-Trousers-Olive-1-PhotoRoom.png-PhotoRoom.png","datePublished":"2023-07-24T12:28:37+00:00","dateModified":"2026-02-03T22:20:17+00:00","breadcrumb":{"@id":"https:\/\/www.outdoors.ee\/et\/toode\/austrian-army-talvepuksid-carinthia-arctic-thermal-trousers-olive\/#breadcrumb"},"inLanguage":"et","potentialAction":[{"@type":"ReadAction","target":["https:\/\/www.outdoors.ee\/et\/toode\/austrian-army-talvepuksid-carinthia-arctic-thermal-trousers-olive\/"]}]},{"@type":"ImageObject","inLanguage":"et","@id":"https:\/\/www.outdoors.ee\/et\/toode\/austrian-army-talvepuksid-carinthia-arctic-thermal-trousers-olive\/#primaryimage","url":"https:\/\/www.outdoors.ee\/wp-content\/uploads\/2023\/07\/1416-Austrian-Army-Carinthia-Arctic-Thermal-Trousers-Olive-1-PhotoRoom.png-PhotoRoom.png","contentUrl":"https:\/\/www.outdoors.ee\/wp-content\/uploads\/2023\/07\/1416-Austrian-Army-Carinthia-Arctic-Thermal-Trousers-Olive-1-PhotoRoom.png-PhotoRoom.png","width":950,"height":1280},{"@type":"BreadcrumbList","@id":"https:\/\/www.outdoors.ee\/et\/toode\/austrian-army-talvepuksid-carinthia-arctic-thermal-trousers-olive\/#breadcrumb","itemListElement":[{"@type":"ListItem","position":1,"name":"Home","item":"https:\/\/www.outdoors.ee\/et\/"},{"@type":"ListItem","position":2,"name":"Tooted","item":"https:\/\/www.outdoors.ee\/products\/"},{"@type":"ListItem","position":3,"name":"Austria Armee Carinthia\u00ae talvep\u00fcksid Arctic Thermal Trousers Olive"}]},{"@type":"WebSite","@id":"https:\/\/www.outdoors.ee\/#website","url":"https:\/\/www.outdoors.ee\/","name":"Outdoors","description":"Genuine military surplus and not only!","potentialAction":[{"@type":"SearchAction","target":{"@type":"EntryPoint","urlTemplate":"https:\/\/www.outdoors.ee\/?s={search_term_string}"},"query-input":{"@type":"PropertyValueSpecification","valueRequired":true,"valueName":"search_term_string"}}],"inLanguage":"et"}]}},"_links":{"self":[{"href":"https:\/\/www.outdoors.ee\/et\/wp-json\/wp\/v2\/product\/84826","targetHints":{"allow":["GET"]}}],"collection":[{"href":"https:\/\/www.outdoors.ee\/et\/wp-json\/wp\/v2\/product"}],"about":[{"href":"https:\/\/www.outdoors.ee\/et\/wp-json\/wp\/v2\/types\/product"}],"wp:featuredmedia":[{"embeddable":true,"href":"https:\/\/www.outdoors.ee\/et\/wp-json\/wp\/v2\/media\/90499"}],"wp:attachment":[{"href":"https:\/\/www.outdoors.ee\/et\/wp-json\/wp\/v2\/media?parent=84826"}],"wp:term":[{"taxonomy":"product_brand","embeddable":true,"href":"https:\/\/www.outdoors.ee\/et\/wp-json\/wp\/v2\/product_brand?post=84826"},{"taxonomy":"product_cat","embeddable":true,"href":"https:\/\/www.outdoors.ee\/et\/wp-json\/wp\/v2\/product_cat?post=84826"},{"taxonomy":"product_tag","embeddable":true,"href":"https:\/\/www.outdoors.ee\/et\/wp-json\/wp\/v2\/product_tag?post=84826"}],"curies":[{"name":"wp","href":"https:\/\/api.w.org\/{rel}","templated":true}]}}