{"id":84796,"date":"2023-07-23T16:19:41","date_gmt":"2023-07-23T13:19:41","guid":{"rendered":"https:\/\/www.outdoors.ee\/?post_type=product&#038;p=84796"},"modified":"2026-04-10T09:26:11","modified_gmt":"2026-04-10T06:26:11","slug":"joogikott-camelbak-thermobak-omega-3l-hydration-pack","status":"publish","type":"product","link":"https:\/\/www.outdoors.ee\/et\/toode\/joogikott-camelbak-thermobak-omega-3l-hydration-pack\/","title":{"rendered":"Joogikott CamelBak\u00ae ThermoBak Omega 3L Hydration Pack"},"content":{"rendered":"<p><strong>Omadused<\/strong>:<\/p>\n<ul>\n<li>Austria s\u00f5jav\u00e4e originaal, militaarn\u00f5uetele vastav joogikott<\/li>\n<li>vastupidavast Cordura\u00ae 1000D materjalist seljakott soojusisolatsiooniga<\/li>\n<li>Omega<sup>TM<\/sup> 3L Reservoir<\/li>\n<li>\u00fche k\u00e4ega opereeritav HydroLink outlet port and hydration port with HydroLock one-hand flow control<\/li>\n<li>kandesang \u00fcleval<\/li>\n<li>ligip\u00e4\u00e4s veekotile pealt kahe t\u00f5mblukuga suletava klapi abil<\/li>\n<li>keeratav kork l\u00e4bim\u00f5\u00f5duga ca 5cm<\/li>\n<li>reguleeritava pikkusega \u00f5larihmad, D-r\u00f5ngaste ning kiirvabastusklambritega<\/li>\n<li>reguleeritava k\u00f5rgusega rinnarihm<\/li>\n<li>6 D-r\u00f5ngast joogikoti kinnitamiseks seljakoti, vest v\u00f5i rakmete k\u00fclge<\/li>\n<li>t\u00fchi kaal ca 0,61kg<\/li>\n<\/ul>\n<p><strong>Seisukord<\/strong>: uus<\/p>\n","protected":false},"excerpt":{"rendered":"<p>Austria Armee joogikott CamelBak\u00ae ThermoBak Omega 3L Hydration Pack, foliage<\/p>\n","protected":false},"featured_media":84810,"template":"","meta":[],"product_brand":[],"product_cat":[149],"product_tag":[],"class_list":{"0":"post-84796","1":"product","2":"type-product","3":"status-publish","4":"has-post-thumbnail","6":"product_cat-taktikaline-varustus","7":"pa_brand-austrian-military-surplus","8":"pa_brand-camelbak-2","10":"first","11":"instock","12":"taxable","13":"shipping-taxable","14":"purchasable","15":"product-type-simple"},"yoast_head":"<!-- This site is optimized with the Yoast SEO plugin v27.2 - https:\/\/yoast.com\/product\/yoast-seo-wordpress\/ -->\n<title>Joogikott CamelBak\u00ae ThermoBak Omega 3L Hydration Pack - Outdoors<\/title>\n<meta name=\"robots\" content=\"index, follow, max-snippet:-1, max-image-preview:large, max-video-preview:-1\" \/>\n<link rel=\"canonical\" href=\"https:\/\/www.outdoors.ee\/et\/toode\/joogikott-camelbak-thermobak-omega-3l-hydration-pack\/\" \/>\n<meta property=\"og:locale\" content=\"et_EE\" \/>\n<meta property=\"og:type\" content=\"article\" \/>\n<meta property=\"og:title\" content=\"CamelBak ThermoBak AB Coyote joogiseljakott\" \/>\n<meta property=\"og:description\" content=\"Austria Armee joogikott CamelBak\u00ae ThermoBak Omega 3L Hydration Pack, foliage\" \/>\n<meta property=\"og:url\" content=\"https:\/\/www.outdoors.ee\/et\/toode\/joogikott-camelbak-thermobak-omega-3l-hydration-pack\/\" \/>\n<meta property=\"og:site_name\" content=\"Outdoors\" \/>\n<meta property=\"article:modified_time\" content=\"2026-04-10T06:26:11+00:00\" \/>\n<meta property=\"og:image\" content=\"https:\/\/www.outdoors.ee\/wp-content\/uploads\/2023\/07\/0433-CamelBak-ThermoBak-Omega-3L-Hydration-Pack-2.jpg.png\" \/>\n\t<meta property=\"og:image:width\" content=\"400\" \/>\n\t<meta property=\"og:image:height\" content=\"572\" \/>\n\t<meta property=\"og:image:type\" content=\"image\/png\" \/>\n<meta name=\"twitter:card\" content=\"summary_large_image\" \/>\n<meta name=\"twitter:label1\" content=\"Est. reading time\" \/>\n\t<meta name=\"twitter:data1\" content=\"1 minut\" \/>\n<script type=\"application\/ld+json\" class=\"yoast-schema-graph\">{\"@context\":\"https:\/\/schema.org\",\"@graph\":[{\"@type\":\"WebPage\",\"@id\":\"https:\/\/www.outdoors.ee\/et\/toode\/joogikott-camelbak-thermobak-omega-3l-hydration-pack\/\",\"url\":\"https:\/\/www.outdoors.ee\/et\/toode\/joogikott-camelbak-thermobak-omega-3l-hydration-pack\/\",\"name\":\"Joogikott CamelBak\u00ae ThermoBak Omega 3L Hydration Pack - Outdoors\",\"isPartOf\":{\"@id\":\"https:\/\/www.outdoors.ee\/#website\"},\"primaryImageOfPage\":{\"@id\":\"https:\/\/www.outdoors.ee\/et\/toode\/joogikott-camelbak-thermobak-omega-3l-hydration-pack\/#primaryimage\"},\"image\":{\"@id\":\"https:\/\/www.outdoors.ee\/et\/toode\/joogikott-camelbak-thermobak-omega-3l-hydration-pack\/#primaryimage\"},\"thumbnailUrl\":\"https:\/\/www.outdoors.ee\/wp-content\/uploads\/2023\/07\/0433-CamelBak-ThermoBak-Omega-3L-Hydration-Pack-2.jpg.png\",\"datePublished\":\"2023-07-23T13:19:41+00:00\",\"dateModified\":\"2026-04-10T06:26:11+00:00\",\"breadcrumb\":{\"@id\":\"https:\/\/www.outdoors.ee\/et\/toode\/joogikott-camelbak-thermobak-omega-3l-hydration-pack\/#breadcrumb\"},\"inLanguage\":\"et\",\"potentialAction\":[{\"@type\":\"ReadAction\",\"target\":[\"https:\/\/www.outdoors.ee\/et\/toode\/joogikott-camelbak-thermobak-omega-3l-hydration-pack\/\"]}]},{\"@type\":\"ImageObject\",\"inLanguage\":\"et\",\"@id\":\"https:\/\/www.outdoors.ee\/et\/toode\/joogikott-camelbak-thermobak-omega-3l-hydration-pack\/#primaryimage\",\"url\":\"https:\/\/www.outdoors.ee\/wp-content\/uploads\/2023\/07\/0433-CamelBak-ThermoBak-Omega-3L-Hydration-Pack-2.jpg.png\",\"contentUrl\":\"https:\/\/www.outdoors.ee\/wp-content\/uploads\/2023\/07\/0433-CamelBak-ThermoBak-Omega-3L-Hydration-Pack-2.jpg.png\",\"width\":400,\"height\":572},{\"@type\":\"BreadcrumbList\",\"@id\":\"https:\/\/www.outdoors.ee\/et\/toode\/joogikott-camelbak-thermobak-omega-3l-hydration-pack\/#breadcrumb\",\"itemListElement\":[{\"@type\":\"ListItem\",\"position\":1,\"name\":\"Home\",\"item\":\"https:\/\/www.outdoors.ee\/et\/\"},{\"@type\":\"ListItem\",\"position\":2,\"name\":\"Tooted\",\"item\":\"https:\/\/www.outdoors.ee\/products\/\"},{\"@type\":\"ListItem\",\"position\":3,\"name\":\"Joogikott CamelBak\u00ae ThermoBak Omega 3L Hydration Pack\"}]},{\"@type\":\"WebSite\",\"@id\":\"https:\/\/www.outdoors.ee\/#website\",\"url\":\"https:\/\/www.outdoors.ee\/\",\"name\":\"Outdoors\",\"description\":\"Genuine military surplus and not only!\",\"potentialAction\":[{\"@type\":\"SearchAction\",\"target\":{\"@type\":\"EntryPoint\",\"urlTemplate\":\"https:\/\/www.outdoors.ee\/?s={search_term_string}\"},\"query-input\":{\"@type\":\"PropertyValueSpecification\",\"valueRequired\":true,\"valueName\":\"search_term_string\"}}],\"inLanguage\":\"et\"}]}<\/script>\n<!-- \/ Yoast SEO plugin. -->","yoast_head_json":{"title":"Joogikott CamelBak\u00ae ThermoBak Omega 3L Hydration Pack - Outdoors","robots":{"index":"index","follow":"follow","max-snippet":"max-snippet:-1","max-image-preview":"max-image-preview:large","max-video-preview":"max-video-preview:-1"},"canonical":"https:\/\/www.outdoors.ee\/et\/toode\/joogikott-camelbak-thermobak-omega-3l-hydration-pack\/","og_locale":"et_EE","og_type":"article","og_title":"CamelBak ThermoBak AB Coyote joogiseljakott","og_description":"Austria Armee joogikott CamelBak\u00ae ThermoBak Omega 3L Hydration Pack, foliage","og_url":"https:\/\/www.outdoors.ee\/et\/toode\/joogikott-camelbak-thermobak-omega-3l-hydration-pack\/","og_site_name":"Outdoors","article_modified_time":"2026-04-10T06:26:11+00:00","og_image":[{"width":400,"height":572,"url":"https:\/\/www.outdoors.ee\/wp-content\/uploads\/2023\/07\/0433-CamelBak-ThermoBak-Omega-3L-Hydration-Pack-2.jpg.png","type":"image\/png"}],"twitter_card":"summary_large_image","twitter_misc":{"Est. reading time":"1 minut"},"schema":{"@context":"https:\/\/schema.org","@graph":[{"@type":"WebPage","@id":"https:\/\/www.outdoors.ee\/et\/toode\/joogikott-camelbak-thermobak-omega-3l-hydration-pack\/","url":"https:\/\/www.outdoors.ee\/et\/toode\/joogikott-camelbak-thermobak-omega-3l-hydration-pack\/","name":"Joogikott CamelBak\u00ae ThermoBak Omega 3L Hydration Pack - Outdoors","isPartOf":{"@id":"https:\/\/www.outdoors.ee\/#website"},"primaryImageOfPage":{"@id":"https:\/\/www.outdoors.ee\/et\/toode\/joogikott-camelbak-thermobak-omega-3l-hydration-pack\/#primaryimage"},"image":{"@id":"https:\/\/www.outdoors.ee\/et\/toode\/joogikott-camelbak-thermobak-omega-3l-hydration-pack\/#primaryimage"},"thumbnailUrl":"https:\/\/www.outdoors.ee\/wp-content\/uploads\/2023\/07\/0433-CamelBak-ThermoBak-Omega-3L-Hydration-Pack-2.jpg.png","datePublished":"2023-07-23T13:19:41+00:00","dateModified":"2026-04-10T06:26:11+00:00","breadcrumb":{"@id":"https:\/\/www.outdoors.ee\/et\/toode\/joogikott-camelbak-thermobak-omega-3l-hydration-pack\/#breadcrumb"},"inLanguage":"et","potentialAction":[{"@type":"ReadAction","target":["https:\/\/www.outdoors.ee\/et\/toode\/joogikott-camelbak-thermobak-omega-3l-hydration-pack\/"]}]},{"@type":"ImageObject","inLanguage":"et","@id":"https:\/\/www.outdoors.ee\/et\/toode\/joogikott-camelbak-thermobak-omega-3l-hydration-pack\/#primaryimage","url":"https:\/\/www.outdoors.ee\/wp-content\/uploads\/2023\/07\/0433-CamelBak-ThermoBak-Omega-3L-Hydration-Pack-2.jpg.png","contentUrl":"https:\/\/www.outdoors.ee\/wp-content\/uploads\/2023\/07\/0433-CamelBak-ThermoBak-Omega-3L-Hydration-Pack-2.jpg.png","width":400,"height":572},{"@type":"BreadcrumbList","@id":"https:\/\/www.outdoors.ee\/et\/toode\/joogikott-camelbak-thermobak-omega-3l-hydration-pack\/#breadcrumb","itemListElement":[{"@type":"ListItem","position":1,"name":"Home","item":"https:\/\/www.outdoors.ee\/et\/"},{"@type":"ListItem","position":2,"name":"Tooted","item":"https:\/\/www.outdoors.ee\/products\/"},{"@type":"ListItem","position":3,"name":"Joogikott CamelBak\u00ae ThermoBak Omega 3L Hydration Pack"}]},{"@type":"WebSite","@id":"https:\/\/www.outdoors.ee\/#website","url":"https:\/\/www.outdoors.ee\/","name":"Outdoors","description":"Genuine military surplus and not only!","potentialAction":[{"@type":"SearchAction","target":{"@type":"EntryPoint","urlTemplate":"https:\/\/www.outdoors.ee\/?s={search_term_string}"},"query-input":{"@type":"PropertyValueSpecification","valueRequired":true,"valueName":"search_term_string"}}],"inLanguage":"et"}]}},"_links":{"self":[{"href":"https:\/\/www.outdoors.ee\/et\/wp-json\/wp\/v2\/product\/84796","targetHints":{"allow":["GET"]}}],"collection":[{"href":"https:\/\/www.outdoors.ee\/et\/wp-json\/wp\/v2\/product"}],"about":[{"href":"https:\/\/www.outdoors.ee\/et\/wp-json\/wp\/v2\/types\/product"}],"wp:featuredmedia":[{"embeddable":true,"href":"https:\/\/www.outdoors.ee\/et\/wp-json\/wp\/v2\/media\/84810"}],"wp:attachment":[{"href":"https:\/\/www.outdoors.ee\/et\/wp-json\/wp\/v2\/media?parent=84796"}],"wp:term":[{"taxonomy":"product_brand","embeddable":true,"href":"https:\/\/www.outdoors.ee\/et\/wp-json\/wp\/v2\/product_brand?post=84796"},{"taxonomy":"product_cat","embeddable":true,"href":"https:\/\/www.outdoors.ee\/et\/wp-json\/wp\/v2\/product_cat?post=84796"},{"taxonomy":"product_tag","embeddable":true,"href":"https:\/\/www.outdoors.ee\/et\/wp-json\/wp\/v2\/product_tag?post=84796"}],"curies":[{"name":"wp","href":"https:\/\/api.w.org\/{rel}","templated":true}]}}